{"id":9974,"date":"2018-02-26T10:46:47","date_gmt":"2018-02-26T09:46:47","guid":{"rendered":"https:\/\/dadade.eu\/?post_type=product&#038;p=9974"},"modified":"2023-02-27T18:21:33","modified_gmt":"2023-02-27T17:21:33","slug":"geschenk-verpackung-frau-huhn-herr-hahn-g402","status":"publish","type":"product","link":"https:\/\/dadade.eu\/?product=geschenk-verpackung-frau-huhn-herr-hahn-g402","title":{"rendered":"Geschenk-Verpackung, Frau Huhn &#038; Herr Hahn (G402)"},"content":{"rendered":"<p>5 Tier-Paare\u00a0 = 10 Tage Kalender = 10 Tage \u00dcberraschung<\/p>\n<p><img decoding=\"async\" class=\"alignnone wp-image-9993\" src=\"https:\/\/dadade.eu\/wp-content\/uploads\/2023\/02\/x10-Oster-Kalender-10-Tiere1b-300x225.jpg\" alt=\"\" width=\"232\" height=\"174\" srcset=\"https:\/\/dadade.eu\/wp-content\/uploads\/2023\/02\/x10-Oster-Kalender-10-Tiere1b-300x225.jpg 300w, https:\/\/dadade.eu\/wp-content\/uploads\/2023\/02\/x10-Oster-Kalender-10-Tiere1b-600x450.jpg 600w, https:\/\/dadade.eu\/wp-content\/uploads\/2023\/02\/x10-Oster-Kalender-10-Tiere1b-64x48.jpg 64w, https:\/\/dadade.eu\/wp-content\/uploads\/2023\/02\/x10-Oster-Kalender-10-Tiere1b-1024x768.jpg 1024w, https:\/\/dadade.eu\/wp-content\/uploads\/2023\/02\/x10-Oster-Kalender-10-Tiere1b-768x576.jpg 768w, https:\/\/dadade.eu\/wp-content\/uploads\/2023\/02\/x10-Oster-Kalender-10-Tiere1b.jpg 1500w\" sizes=\"(max-width: 232px) 100vw, 232px\" \/>10 Tierchen die das Warten auf Ostern leichter machen, in jedes Tierchen geht ein \u00dcberraschungs-Ei, oder einfach mit sonstigen Kleinigkeiten f\u00fcllen. Alle zusammen ergeben einen einzigartigen Oster-Kalender, oder ein Tier-Paar 5x h\u00e4keln.<\/p>\n<p>Wie w\u00e4re es die Tierchen mal mit Chenillewolle zu h\u00e4keln? Sie werden dann mit Nadelst\u00e4rke 4, ungef\u00e4hr, bis zur M\u00fctzenspitze 38cm, und schon passt ein gr\u00f6\u00dferes Geschenk hinein.<\/p>\n<p>Die Anleitung ist ausf\u00fchrlich mit vielen Bildern hinterlegt und wird auf je 20 Seiten Schritt-f\u00fcr-Schritt beschrieben!<\/p>\n<p>&nbsp;<\/p>\n<p>MEHR VARIANTEN UND IDEEN FINDET IHR HIER<\/p>\n<p><a href=\"https:\/\/dadade.eu\/?p=9994\"><strong>VIELE TOLLE BILDER<\/strong> von flei\u00dfigen Helfer und H\u00e4nden<\/a><\/p>\n<p>&nbsp;<\/p>\n<p>&nbsp;<\/p>\n<p>&nbsp;<\/p>\n","protected":false},"excerpt":{"rendered":"<div id=\"cc-m-13954443088\">\n<p>Hier kauft man die H\u00e4kelanleitung f\u00fcr Frau Huhn und Herr Hahn.<\/p>\n<p>Die beiden sind nicht nur eine sch\u00f6ne Dekoration, z.B. f\u00fcr den Ostertisch, sie haben auch noch f\u00fcr ein kleines Geschenk Platz im Bauch!<\/p>\n<p>Oder die Idee um Geld oder eine Kleinigkeit zu verschenken.<\/p>\n<p>Warum gibt es immer nur einen Adventskalender? Hier gibt es einen tierisch, sch\u00f6nen Osterkalender zum Selber Zusammenstellen.<\/p>\n<p>Frau Huhn hat sich mit der Schleife feingemacht f\u00fcr das Osterfest und Herr Hahn hat sich extra einen Schlips umgebunden.<\/p>\n<p>Hier hast du viele M\u00f6glichkeiten, es gibt es noch viele andere Geschenk-, bzw. Kalender-Figuren in meinem Shop, sodass du dir deinen Kalender individuell zusammenstellen kannst. Der Bauch ist so gro\u00df, dass ein \u00dcberraschungs-Ei Platz findet.<\/p>\n<p>Du suchst eine originelle Geschenkverpackung, Frau Huhn, sowie Herr Hahn sind die Geschenk-Verpackung, nicht nur f\u00fcr Ostern.<\/p>\n<p>Den Osterkalender kannst du dann auch f\u00fcr Weihnachten ausweiten, denn nat\u00fcrlich sind auch die Weihnachts-M\u00fctzen mit dabei.<\/p>\n<p>Deiner Kreativit\u00e4t sind keine Grenzen gesetzt<\/p>\n<p>Mit Wolle der Nadelst\u00e4rke 2 werden die Figuren ungef\u00e4hr; 11-15cm hoch<\/p>\n<\/div>\n<div id=\"cc-m-13954443188\" class=\"j-module n j-text \">\n<p>Beim Kauf ab 3 Geschenkverpackungen, im Warenkorb einfach den Gutschein-Code <span style=\"color: #ff0000;\"><strong>Geschenk <\/strong><\/span>eingeben und schon bekommt ihr 20% Mengenrabatt auf die Geschenkverpackungen.<\/p>\n<\/div>\n","protected":false},"featured_media":9981,"template":"","meta":[],"product_brand":[],"product_cat":[56,35,501,41],"product_tag":[684,685,90,89,233,242,260,399,87,688,686,298,687,595,94,93,578,593,680,92,245,180,243,244,280,689,114,392,162,682,681,683,95,96],"class_list":{"0":"post-9974","1":"product","2":"type-product","3":"status-publish","4":"has-post-thumbnail","6":"product_cat-2einfach","7":"product_cat-amigurumi","8":"product_cat-ostern-amigurumi","9":"product_cat-geschenkverpackungen","10":"product_tag-advent","11":"product_tag-adventskalender","12":"product_tag-amigurumi","13":"product_tag-baby","14":"product_tag-dekoration","15":"product_tag-dekoration-haekeln","16":"product_tag-fruehling","17":"product_tag-fruehlingsbote","18":"product_tag-geschenk","19":"product_tag-geschenk-saeckchen","20":"product_tag-geschenk-tasche","21":"product_tag-geschenkverpackung","22":"product_tag-geschenkverpackung-haekeln","23":"product_tag-hahn","24":"product_tag-haekelanleitung","25":"product_tag-haekeln","26":"product_tag-henne","27":"product_tag-huhn","28":"product_tag-kalender","29":"product_tag-kinder","30":"product_tag-kuschelige-haekeltiere","31":"product_tag-kuscheltier","32":"product_tag-kuschelwolle","33":"product_tag-kuschelwolle-haekeln","34":"product_tag-muttertag","35":"product_tag-osterkalender","36":"product_tag-ostern","37":"product_tag-plueschtier-haekeln","38":"product_tag-sternchen","39":"product_tag-tier","40":"product_tag-ueberraschung","41":"product_tag-weihnachten","42":"product_tag-wolle","43":"product_tag-wollreste","45":"first","46":"instock","47":"downloadable","48":"shipping-taxable","49":"purchasable","50":"product-type-simple"},"_links":{"self":[{"href":"https:\/\/dadade.eu\/index.php?rest_route=\/wp\/v2\/product\/9974","targetHints":{"allow":["GET"]}}],"collection":[{"href":"https:\/\/dadade.eu\/index.php?rest_route=\/wp\/v2\/product"}],"about":[{"href":"https:\/\/dadade.eu\/index.php?rest_route=\/wp\/v2\/types\/product"}],"wp:featuredmedia":[{"embeddable":true,"href":"https:\/\/dadade.eu\/index.php?rest_route=\/wp\/v2\/media\/9981"}],"wp:attachment":[{"href":"https:\/\/dadade.eu\/index.php?rest_route=%2Fwp%2Fv2%2Fmedia&parent=9974"}],"wp:term":[{"taxonomy":"product_brand","embeddable":true,"href":"https:\/\/dadade.eu\/index.php?rest_route=%2Fwp%2Fv2%2Fproduct_brand&post=9974"},{"taxonomy":"product_cat","embeddable":true,"href":"https:\/\/dadade.eu\/index.php?rest_route=%2Fwp%2Fv2%2Fproduct_cat&post=9974"},{"taxonomy":"product_tag","embeddable":true,"href":"https:\/\/dadade.eu\/index.php?rest_route=%2Fwp%2Fv2%2Fproduct_tag&post=9974"}],"curies":[{"name":"wp","href":"https:\/\/api.w.org\/{rel}","templated":true}]}}