{"id":9917,"date":"2019-10-25T20:40:51","date_gmt":"2019-10-25T18:40:51","guid":{"rendered":"https:\/\/dadade.eu\/?post_type=product&#038;p=9917"},"modified":"2024-04-30T18:01:11","modified_gmt":"2024-04-30T16:01:11","slug":"miss-koala-koco-mit-schlafanzug-tasche-a140","status":"publish","type":"product","link":"https:\/\/dadade.eu\/?product=miss-koala-koco-mit-schlafanzug-tasche-a140","title":{"rendered":"Miss Koala Koco, mit Schlafanzug-Tasche  (A140)"},"content":{"rendered":"<p>Koala Koco gibt es in mehreren Varianten.<\/p>\n<p><img decoding=\"async\" class=\"alignnone wp-image-9919\" src=\"https:\/\/dadade.eu\/wp-content\/uploads\/2023\/02\/xKoala-Koco-2-300x225.jpg\" alt=\"\" width=\"221\" height=\"166\" srcset=\"https:\/\/dadade.eu\/wp-content\/uploads\/2023\/02\/xKoala-Koco-2-300x225.jpg 300w, https:\/\/dadade.eu\/wp-content\/uploads\/2023\/02\/xKoala-Koco-2-600x450.jpg 600w, https:\/\/dadade.eu\/wp-content\/uploads\/2023\/02\/xKoala-Koco-2-64x48.jpg 64w, https:\/\/dadade.eu\/wp-content\/uploads\/2023\/02\/xKoala-Koco-2-1024x768.jpg 1024w, https:\/\/dadade.eu\/wp-content\/uploads\/2023\/02\/xKoala-Koco-2-768x576.jpg 768w, https:\/\/dadade.eu\/wp-content\/uploads\/2023\/02\/xKoala-Koco-2.jpg 1400w\" sizes=\"(max-width: 221px) 100vw, 221px\" \/> Koala Koco hat ein kleines Versteck, l\u00e4sst allen Kindern das Herz h\u00f6her schlagen, sie werden Sie lieben und nicht mehr hergeben.<\/p>\n<p><img decoding=\"async\" class=\"alignnone wp-image-9934\" src=\"https:\/\/dadade.eu\/wp-content\/uploads\/2023\/02\/xMiss-Koala-Koco1-300x225.jpg\" alt=\"\" width=\"220\" height=\"165\" srcset=\"https:\/\/dadade.eu\/wp-content\/uploads\/2023\/02\/xMiss-Koala-Koco1-300x225.jpg 300w, https:\/\/dadade.eu\/wp-content\/uploads\/2023\/02\/xMiss-Koala-Koco1-600x450.jpg 600w, https:\/\/dadade.eu\/wp-content\/uploads\/2023\/02\/xMiss-Koala-Koco1-64x48.jpg 64w, https:\/\/dadade.eu\/wp-content\/uploads\/2023\/02\/xMiss-Koala-Koco1-1024x768.jpg 1024w, https:\/\/dadade.eu\/wp-content\/uploads\/2023\/02\/xMiss-Koala-Koco1-768x576.jpg 768w, https:\/\/dadade.eu\/wp-content\/uploads\/2023\/02\/xMiss-Koala-Koco1.jpg 1400w\" sizes=\"(max-width: 220px) 100vw, 220px\" \/>Miss Koala Koco mit Badem\u00fctze und Badelatschen.<\/p>\n<p><img decoding=\"async\" class=\"alignnone wp-image-9931\" src=\"https:\/\/dadade.eu\/wp-content\/uploads\/2023\/02\/xMiss-Koala-Koco-mit-Kiki-22-300x225.jpg\" alt=\"\" width=\"217\" height=\"163\" srcset=\"https:\/\/dadade.eu\/wp-content\/uploads\/2023\/02\/xMiss-Koala-Koco-mit-Kiki-22-300x225.jpg 300w, https:\/\/dadade.eu\/wp-content\/uploads\/2023\/02\/xMiss-Koala-Koco-mit-Kiki-22-600x450.jpg 600w, https:\/\/dadade.eu\/wp-content\/uploads\/2023\/02\/xMiss-Koala-Koco-mit-Kiki-22-64x48.jpg 64w, https:\/\/dadade.eu\/wp-content\/uploads\/2023\/02\/xMiss-Koala-Koco-mit-Kiki-22-1024x768.jpg 1024w, https:\/\/dadade.eu\/wp-content\/uploads\/2023\/02\/xMiss-Koala-Koco-mit-Kiki-22-768x576.jpg 768w, https:\/\/dadade.eu\/wp-content\/uploads\/2023\/02\/xMiss-Koala-Koco-mit-Kiki-22.jpg 1400w\" sizes=\"(max-width: 217px) 100vw, 217px\" \/>Miss Koala Koco mit Badem\u00fctze und Badelatschen und dem Schnuffeltuch Koala-Kiki.<\/p>\n<p><strong><a href=\"https:\/\/dadade.eu\/?product=schnuffeltuch-koala-kiki-b320\">Schnuffeltuch Kiki gibt es auch hier<\/a><\/strong><\/p>\n<p>Die Anleitung ist ausf\u00fchrlich mit vielen Bildern hinterlegt und wird auf 17 Seiten (Koco),\u00a0 8 Seiten (Zubeh\u00f6r) und 12 Seiten (Kiki) Schritt-f\u00fcr-Schritt beschrieben!<\/p>\n<p>Sie ist auch schon f\u00fcr Anf\u00e4nger geeignet.<\/p>\n<p>&nbsp;<\/p>\n<p>MEHR VARIANTEN UND IDEEN von flei\u00dfigen Helfer und H\u00e4nden?<\/p>\n<p><a href=\"https:\/\/dadade.eu\/?p=9515\"><b>Klicke hier<\/b><\/a><\/p>\n<p>&nbsp;<\/p>\n<p>&nbsp;<\/p>\n<p>&nbsp;<\/p>\n","protected":false},"excerpt":{"rendered":"<div id=\"cc-m-13954443088\">\n<p>Hier kauft man die H\u00e4kelanleitung f\u00fcr dieses australische Kuscheltier, wer liebt nicht den Koala.<\/p>\n<p>Koco hat in ihrem Beutel ganz viel Platz, z.B. f\u00fcr einen Schlafanzug, eine kleine \u00dcberraschung oder auch ein kleines Kuscheltier.<\/p>\n<p>Koco ist das weiche Kuscheltier, das jedes Kind liebt. Sie ist ein spa\u00dfiger Begleiter, in den man sich richtig reinkuscheln kann.<\/p>\n<p>Koco hat eine Badem\u00fctze und Badeschlappen, oder auch eine Nachthaube und Hausschuhe, je nach Wunsch.<\/p>\n<div id=\"cc-m-13954443088\">\n<p>und auf Wunsch; gibt es das sch\u00f6ne, kuschelige <strong><a href=\"https:\/\/dadade.eu\/?product=schnuffeltuch-koala-kiki-b320\">Schnuffeltuch Koala Kiki<\/a><\/strong> dazu. Ein Vergn\u00fcgen f\u00fcr\u00a0 jeden kleinen Erdenb\u00fcrger, es animiert zum Spielen, Kuscheln und Greifen.<\/p>\n<p>Mit dem Kauf erh\u00e4lt man eine leicht verst\u00e4ndliche H\u00e4kelanleitung im praktischen PDF-Format.<\/p>\n<p>Die Anleitung ist auch schon f\u00fcr Anf\u00e4nger geeignet.<\/p>\n<\/div>\n<div id=\"cc-m-13954443188\" class=\"j-module n j-text \">\n<p>&nbsp;<\/p>\n<\/div>\n<p>Mit Wolle der Nadelst\u00e4rke 4 wird Miss Koco ungef\u00e4hr; 47cm hoch<\/p>\n<p>Mit der Nadelst\u00e4rke 4 geh\u00e4kelt wird das Schnuffeltuch Koala Kiki ungef\u00e4hr; 32cm hoch<\/p>\n<\/div>\n","protected":false},"featured_media":9937,"template":"","meta":[],"product_brand":[],"product_cat":[56,35,39,70],"product_tag":[90,89,671,242,247,87,94,93,92,638,640,245,180,88,243,244,91,392,506,676,95,96],"class_list":{"0":"post-9917","1":"product","2":"type-product","3":"status-publish","4":"has-post-thumbnail","6":"product_cat-2einfach","7":"product_cat-amigurumi","8":"product_cat-amigurumis-zum-kuscheln","9":"product_cat-maxi","10":"product_tag-amigurumi","11":"product_tag-baby","12":"product_tag-beutel","13":"product_tag-dekoration-haekeln","14":"product_tag-fussball","15":"product_tag-geschenk","16":"product_tag-haekelanleitung","17":"product_tag-haekeln","18":"product_tag-kinder","19":"product_tag-koala","20":"product_tag-koala-haekeln","21":"product_tag-kuschelige-haekeltiere","22":"product_tag-kuscheltier","23":"product_tag-kuscheltier-haekeln","24":"product_tag-kuschelwolle","25":"product_tag-kuschelwolle-haekeln","26":"product_tag-plueschtier","27":"product_tag-plueschtier-haekeln","28":"product_tag-regenbogen","29":"product_tag-schnuffeltuch","30":"product_tag-wolle","31":"product_tag-wollreste","33":"first","34":"instock","35":"shipping-taxable","36":"purchasable","37":"product-type-variable"},"_links":{"self":[{"href":"https:\/\/dadade.eu\/index.php?rest_route=\/wp\/v2\/product\/9917","targetHints":{"allow":["GET"]}}],"collection":[{"href":"https:\/\/dadade.eu\/index.php?rest_route=\/wp\/v2\/product"}],"about":[{"href":"https:\/\/dadade.eu\/index.php?rest_route=\/wp\/v2\/types\/product"}],"wp:featuredmedia":[{"embeddable":true,"href":"https:\/\/dadade.eu\/index.php?rest_route=\/wp\/v2\/media\/9937"}],"wp:attachment":[{"href":"https:\/\/dadade.eu\/index.php?rest_route=%2Fwp%2Fv2%2Fmedia&parent=9917"}],"wp:term":[{"taxonomy":"product_brand","embeddable":true,"href":"https:\/\/dadade.eu\/index.php?rest_route=%2Fwp%2Fv2%2Fproduct_brand&post=9917"},{"taxonomy":"product_cat","embeddable":true,"href":"https:\/\/dadade.eu\/index.php?rest_route=%2Fwp%2Fv2%2Fproduct_cat&post=9917"},{"taxonomy":"product_tag","embeddable":true,"href":"https:\/\/dadade.eu\/index.php?rest_route=%2Fwp%2Fv2%2Fproduct_tag&post=9917"}],"curies":[{"name":"wp","href":"https:\/\/api.w.org\/{rel}","templated":true}]}}