{"id":9882,"date":"2019-12-25T18:47:30","date_gmt":"2019-12-25T17:47:30","guid":{"rendered":"https:\/\/dadade.eu\/?post_type=product&#038;p=9882"},"modified":"2024-04-01T13:39:07","modified_gmt":"2024-04-01T11:39:07","slug":"hummel-biene-sumsebrumm-mit-schlafanzug-tasche-a143","status":"publish","type":"product","link":"https:\/\/dadade.eu\/?product=hummel-biene-sumsebrumm-mit-schlafanzug-tasche-a143","title":{"rendered":"Hummel Biene SumseBrumm, mit Schlafanzug-Tasche  (A143)"},"content":{"rendered":"<p><img decoding=\"async\" class=\"alignnone wp-image-9892\" src=\"https:\/\/dadade.eu\/wp-content\/uploads\/2023\/02\/xHummelBiene-Sumsebrumm-9-300x225.jpg\" alt=\"\" width=\"219\" height=\"164\" srcset=\"https:\/\/dadade.eu\/wp-content\/uploads\/2023\/02\/xHummelBiene-Sumsebrumm-9-300x225.jpg 300w, https:\/\/dadade.eu\/wp-content\/uploads\/2023\/02\/xHummelBiene-Sumsebrumm-9-600x450.jpg 600w, https:\/\/dadade.eu\/wp-content\/uploads\/2023\/02\/xHummelBiene-Sumsebrumm-9-64x48.jpg 64w, https:\/\/dadade.eu\/wp-content\/uploads\/2023\/02\/xHummelBiene-Sumsebrumm-9-1024x768.jpg 1024w, https:\/\/dadade.eu\/wp-content\/uploads\/2023\/02\/xHummelBiene-Sumsebrumm-9-768x576.jpg 768w, https:\/\/dadade.eu\/wp-content\/uploads\/2023\/02\/xHummelBiene-Sumsebrumm-9.jpg 1400w\" sizes=\"(max-width: 219px) 100vw, 219px\" \/> HummelBiene SumseBrumm hat ein kleines Versteck, l\u00e4sst allen Kindern das Herz h\u00f6her schlagen, sie werden Sie lieben und nicht mehr hergeben.<\/p>\n<p>Mit dem Kauf erh\u00e4lt man eine leicht verst\u00e4ndliche H\u00e4kelanleitung im praktischen PDF-Format.<\/p>\n<p>Die Anleitung ist auch schon f\u00fcr Anf\u00e4nger geeignet.<\/p>\n<p>Die Anleitung ist ausf\u00fchrlich mit vielen Bildern hinterlegt und wird auf 20 Seiten Schritt-f\u00fcr-Schritt beschrieben!<\/p>\n<p>&nbsp;<\/p>\n<p>&nbsp;<\/p>\n<p>MEHR VARIANTEN UND IDEEN von flei\u00dfigen Helfer und H\u00e4nden?<\/p>\n<p><a href=\"https:\/\/dadade.eu\/?p=9515\"><b>Klicke hier<\/b><\/a><\/p>\n<p>&nbsp;<\/p>\n<p>&nbsp;<\/p>\n<p>&nbsp;<\/p>\n","protected":false},"excerpt":{"rendered":"<div id=\"cc-m-13954443088\">\n<p>Hier kauft man die H\u00e4kelanleitung\u00a0f\u00fcr diese putzige Biene oder Hummel.<\/p>\n<p>Die HummelBiene\u00a0ist wie Koala Koco, Drache Darius und Faultier Frodo ein Schlafanzug-H\u00fcter.<\/p>\n<p>Sie hat in ihrem Beutel ganz viel Platz, z.B. f\u00fcr einen Schlafanzug, ein Schnuffeltuch, eine kleine \u00dcberraschung, ein Kuscheltier, oder andere kleine Kostbarkeiten.<\/p>\n<p>Nachts ist sie ein Kuscheltier und Tags\u00fcber kann man den Schlafanzug in den Beutel stecken.<\/p>\n<p>Sie\u00a0 sitzt auf dem Bett und so ist Abends der Schlafanzug ruck-zuck gefunden.<\/p>\n<p>SumseBrumm ist ein weiches Kuscheltier, in den man sich richtig reinkuscheln kann.<\/p>\n<p>Mit diesem Geschenk wird man mit Sicherheit punkten.<\/p>\n<p>SumseBrumm\u00a0ist eine s\u00fc\u00dfe Biene, die jedes M\u00e4dchen\u00a0haben m\u00f6chte,\u00a0sowie die Junge Fu\u00dfball-Fans erfreut<\/p>\n<div id=\"cc-m-13954443088\">\n<p>Mit der Nadelst\u00e4rke 4 geh\u00e4kelt wird die Biene, im Sitzen ohne F\u00fchler; 50cm hoch<\/p>\n<\/div>\n<\/div>\n","protected":false},"featured_media":9896,"template":"","meta":[],"product_brand":[],"product_cat":[57,35,39,501,70],"product_tag":[90,89,671,248,242,247,87,94,93,249,92,245,180,88,243,244,91,392,506,95,96],"class_list":{"0":"post-9882","1":"product","2":"type-product","3":"status-publish","4":"has-post-thumbnail","6":"product_cat-3mittel","7":"product_cat-amigurumi","8":"product_cat-amigurumis-zum-kuscheln","9":"product_cat-ostern-amigurumi","10":"product_cat-maxi","11":"product_tag-amigurumi","12":"product_tag-baby","13":"product_tag-beutel","14":"product_tag-biene","15":"product_tag-dekoration-haekeln","16":"product_tag-fussball","17":"product_tag-geschenk","18":"product_tag-haekelanleitung","19":"product_tag-haekeln","20":"product_tag-hummel","21":"product_tag-kinder","22":"product_tag-kuschelige-haekeltiere","23":"product_tag-kuscheltier","24":"product_tag-kuscheltier-haekeln","25":"product_tag-kuschelwolle","26":"product_tag-kuschelwolle-haekeln","27":"product_tag-plueschtier","28":"product_tag-plueschtier-haekeln","29":"product_tag-regenbogen","30":"product_tag-wolle","31":"product_tag-wollreste","33":"first","34":"instock","35":"downloadable","36":"shipping-taxable","37":"purchasable","38":"product-type-simple"},"_links":{"self":[{"href":"https:\/\/dadade.eu\/index.php?rest_route=\/wp\/v2\/product\/9882","targetHints":{"allow":["GET"]}}],"collection":[{"href":"https:\/\/dadade.eu\/index.php?rest_route=\/wp\/v2\/product"}],"about":[{"href":"https:\/\/dadade.eu\/index.php?rest_route=\/wp\/v2\/types\/product"}],"wp:featuredmedia":[{"embeddable":true,"href":"https:\/\/dadade.eu\/index.php?rest_route=\/wp\/v2\/media\/9896"}],"wp:attachment":[{"href":"https:\/\/dadade.eu\/index.php?rest_route=%2Fwp%2Fv2%2Fmedia&parent=9882"}],"wp:term":[{"taxonomy":"product_brand","embeddable":true,"href":"https:\/\/dadade.eu\/index.php?rest_route=%2Fwp%2Fv2%2Fproduct_brand&post=9882"},{"taxonomy":"product_cat","embeddable":true,"href":"https:\/\/dadade.eu\/index.php?rest_route=%2Fwp%2Fv2%2Fproduct_cat&post=9882"},{"taxonomy":"product_tag","embeddable":true,"href":"https:\/\/dadade.eu\/index.php?rest_route=%2Fwp%2Fv2%2Fproduct_tag&post=9882"}],"curies":[{"name":"wp","href":"https:\/\/api.w.org\/{rel}","templated":true}]}}