{"id":9868,"date":"2020-07-21T22:28:39","date_gmt":"2020-07-21T20:28:39","guid":{"rendered":"https:\/\/dadade.eu\/?post_type=product&#038;p=9868"},"modified":"2023-02-21T23:06:15","modified_gmt":"2023-02-21T22:06:15","slug":"tuerstopper-panda-der-klemmschutz-h608","status":"publish","type":"product","link":"https:\/\/dadade.eu\/?product=tuerstopper-panda-der-klemmschutz-h608","title":{"rendered":"T\u00fcrstopper Panda, der Klemmschutz (H608)"},"content":{"rendered":"<p>Mit dem Kauf erh\u00e4lt man eine leicht verst\u00e4ndliche H\u00e4kelanleitung im praktischen PDF-Format.<\/p>\n<p>Die Anleitung ist jedoch ausf\u00fchrlich mit vielen Bildern hinterlegt und wird auf ca 12 Seiten Schritt-f\u00fcr-Schritt beschrieben!<\/p>\n<p>Nat\u00fcrlich kann man auch einen braunen oder wei\u00dfen B\u00e4ren h\u00e4keln.<\/p>\n<p>Die T\u00fcrstopper-Tiere kann man auch in meine Kr\u00e4nze h\u00e4ngen<\/p>\n<p>mehr Bilder von Haus und Deko<\/p>\n<p><a href=\"https:\/\/dadade.eu\/?p=6620\"><strong>KLICKE HIER<\/strong><\/a><\/p>\n<p>&nbsp;<\/p>\n<p>&nbsp;<\/p>\n<p>&nbsp;<\/p>\n","protected":false},"excerpt":{"rendered":"<div id=\"cc-m-13954443088\" class=\"j-module n j-text \">\n<p>Hier kauft man nur die H\u00e4kelanleitung f\u00fcr diesen tierischen T\u00fcrstopper.<\/p>\n<p>Der Panda h\u00e4ngt als Fingerklemmschutz einfach so rum, sieht s\u00fc\u00df aus und erf\u00fcllt l\u00e4ssig seine Aufgabe.<\/p>\n<p>H\u00e4ngt er an der T\u00fcr bedeutet das eine Sorge weniger, denn es sch\u00fctzt die Kleinen vor Verletzungen.<\/p>\n<p>Er ist ein Unikat, ein absolutes Muss f\u00fcr alle Handarbeits-Freunde,<\/p>\n<p>Ein besonderes Geschenk, ob f\u00fcr Muttertag, einen Geburtstag, oder einfach als Mitbringsel.<\/p>\n<p>Diese praktischen, tierischen Freunde sind \u00fcberall herzlich Willkommen,<\/p>\n<p>Dieser T\u00fcrstopper ist mit der Nadelst\u00e4rke 3 geh\u00e4kelt, aber auch mit weicher Chenille-Wolle ist er der absolute Hit.<\/p>\n<p>Beim Kauf ab 3 Praktischen Helfer, im Warenkorb einfach den Gutschein-Code\u00a0<strong><span style=\"color: #ff0000;\">Praktische Helfer<\/span>\u00a0<\/strong>eingeben und schon bekommt ihr 20% Mengenrabatt auf die Praktischen Helfer.<\/p>\n<\/div>\n","protected":false},"featured_media":9879,"template":"","meta":[],"product_brand":[],"product_cat":[55,48,385],"product_tag":[90,120,121,242,322,87,94,93,194,92,201,321,181,662,641,643,661,195,663,664,320,95,96],"class_list":{"0":"post-9868","1":"product","2":"type-product","3":"status-publish","4":"has-post-thumbnail","6":"product_cat-1sehr-einfach","7":"product_cat-haus-deko","8":"product_cat-praktische-helfer","9":"product_tag-amigurumi","10":"product_tag-baer","11":"product_tag-baer-haekeln","12":"product_tag-dekoration-haekeln","13":"product_tag-fingerklemmschutz","14":"product_tag-geschenk","15":"product_tag-haekelanleitung","16":"product_tag-haekeln","17":"product_tag-kind","18":"product_tag-kinder","19":"product_tag-kinderwagenanhaenger","20":"product_tag-klemmschutz","21":"product_tag-lustig","22":"product_tag-pada-haekeln","23":"product_tag-panda","24":"product_tag-panda-haekeln","25":"product_tag-pandabaer","26":"product_tag-praesent","27":"product_tag-teddy","28":"product_tag-teddy-haekeln","29":"product_tag-tuerstopper","30":"product_tag-wolle","31":"product_tag-wollreste","33":"first","34":"instock","35":"downloadable","36":"shipping-taxable","37":"purchasable","38":"product-type-simple"},"_links":{"self":[{"href":"https:\/\/dadade.eu\/index.php?rest_route=\/wp\/v2\/product\/9868","targetHints":{"allow":["GET"]}}],"collection":[{"href":"https:\/\/dadade.eu\/index.php?rest_route=\/wp\/v2\/product"}],"about":[{"href":"https:\/\/dadade.eu\/index.php?rest_route=\/wp\/v2\/types\/product"}],"wp:featuredmedia":[{"embeddable":true,"href":"https:\/\/dadade.eu\/index.php?rest_route=\/wp\/v2\/media\/9879"}],"wp:attachment":[{"href":"https:\/\/dadade.eu\/index.php?rest_route=%2Fwp%2Fv2%2Fmedia&parent=9868"}],"wp:term":[{"taxonomy":"product_brand","embeddable":true,"href":"https:\/\/dadade.eu\/index.php?rest_route=%2Fwp%2Fv2%2Fproduct_brand&post=9868"},{"taxonomy":"product_cat","embeddable":true,"href":"https:\/\/dadade.eu\/index.php?rest_route=%2Fwp%2Fv2%2Fproduct_cat&post=9868"},{"taxonomy":"product_tag","embeddable":true,"href":"https:\/\/dadade.eu\/index.php?rest_route=%2Fwp%2Fv2%2Fproduct_tag&post=9868"}],"curies":[{"name":"wp","href":"https:\/\/api.w.org\/{rel}","templated":true}]}}