{"id":9809,"date":"2023-01-19T18:55:04","date_gmt":"2023-01-19T17:55:04","guid":{"rendered":"https:\/\/dadade.eu\/?post_type=product&#038;p=9809"},"modified":"2024-01-11T15:05:43","modified_gmt":"2024-01-11T14:05:43","slug":"h620-34-massband-und-nadelkissen","status":"publish","type":"product","link":"https:\/\/dadade.eu\/?product=h620-34-massband-und-nadelkissen","title":{"rendered":"H620 &#8211; H634 Ma\u00dfband und Nadelkissen"},"content":{"rendered":"<p><strong>ganz viele tolle Ma\u00dfb\u00e4nder, <\/strong><b>mit oder ohne Nadelkissen,\u00a0<\/b><\/p>\n<p><strong>findet ihr hier, bei <a href=\"https:\/\/dadade.eu\/?product_cat=praktische-helfer\">Haus &amp; Deko-Praktische Helfer<\/a><\/strong><\/p>\n<p><a href=\"https:\/\/dadade.eu\/?product=rollmassband-flamingo-der-klemmschutz-h620\"><strong><u>H620 Flamingo<\/u><\/strong><\/a><\/p>\n<p><a href=\"https:\/\/dadade.eu\/?product=rollmassband-sonnenblume-h621\"><strong><u>H621 Sonnenblume<\/u><\/strong><\/a><\/p>\n<p><a href=\"https:\/\/dadade.eu\/?product=rollmassband-panda-mit-nadelkissen-h622\"><strong><u>H622 Panda<\/u><\/strong><\/a><\/p>\n<p><a href=\"https:\/\/dadade.eu\/?product=rollmassband-schildkroete-mit-nadelkissen-h623\"><strong><u>H623 Schildkr\u00f6te<\/u><\/strong><\/a><\/p>\n<p><a href=\"https:\/\/dadade.eu\/?product=rollmassband-wal-mit-nadelkissen-h624\"><strong><u>H624 Wal<\/u><\/strong><\/a><\/p>\n<p><a href=\"https:\/\/dadade.eu\/?product=rollmassband-panda-mit-nadelkissen-h622-2\"><strong><u>H625 Fisch<\/u><\/strong><\/a><\/p>\n<p><a href=\"https:\/\/dadade.eu\/?product=rollmassband-pinguin-mit-nadelkissen-h626\"><strong><u>H626 Pinguin<\/u><\/strong><\/a><\/p>\n<p><a href=\"https:\/\/dadade.eu\/?product=rollmassband-schwein-mit-nadelkissen-h627\"><strong><u>H627 Schwein<\/u><\/strong><\/a><\/p>\n<p><u><\/u><strong><u><a href=\"https:\/\/dadade.eu\/?product=rollmassband-maus-mit-nadelkissen-h628\">H628 Maus<\/a><\/u><\/strong><\/p>\n<p><a href=\"https:\/\/dadade.eu\/?product=rollmassband-paradies-vogel-mit-nadelkissen-h629\"><strong><u>H629 Vogel<\/u><\/strong><\/a><\/p>\n<p><strong><u><a href=\"https:\/\/dadade.eu\/?product=rollmassband-krabbe-mit-nadelkissen-h630\">H630 Krabbe<\/a><\/u><\/strong><\/p>\n<p><a href=\"https:\/\/dadade.eu\/?product=rollmassband-koala-mit-nadelkissen-h631\"><strong><u>H631 Koala<\/u><\/strong><\/a><\/p>\n<p><a href=\"https:\/\/dadade.eu\/?product=rollmassband-katze-mit-nadelkissen-h632\"><strong><u>H632 Katze<\/u><\/strong><\/a><\/p>\n<p><strong><u><a href=\"https:\/\/dadade.eu\/?product=rollmassband-elefant-mit-nadelkissen-h623\">H633 Elefant<\/a><\/u><\/strong><\/p>\n<p><a href=\"https:\/\/dadade.eu\/?product=rollmassband-frosch-mit-nadelkissen-h634\"><strong><u>H634 Frosch<\/u><\/strong><\/a><\/p>\n<p><a href=\"https:\/\/dadade.eu\/?product=rollmassband-hexe-mit-nadelkissen-h640\"><strong><u>H640 Hexe<\/u><\/strong><\/a><\/p>\n<p>&nbsp;<\/p>\n<p>mehr Bilder, von flei\u00dfigen Helfer und H\u00e4nde<\/p>\n<p><strong><a href=\"https:\/\/dadade.eu\/?p=6620\">KLICKE HIER<\/a><\/strong><\/p>\n<p>&nbsp;<\/p>\n<p>&nbsp;<\/p>\n","protected":false},"excerpt":{"rendered":"<div id=\"cc-m-13954443088\" class=\"j-module n j-text \">\n<p>Hier gibt es viele lustige Nadelkissen, mit zus\u00e4tzlichem Ma\u00dfband.<\/p>\n<p>Dieses Geschenk ist ein absolutes Muss f\u00fcr alle Handarbeits-Freunde,<\/p>\n<p>ob zum N\u00e4hen, Stricken oder H\u00e4keln,<\/p>\n<p>ob f\u00fcr Muttertag, einen Geburtstag, oder einfach als Mitbringsel.<\/p>\n<p>So eine Kombination braucht jeder, der Spa\u00df an Handarbeiten hat.<\/p>\n<p>Sie sind alle schnell geh\u00e4kelt und eignet sich hervorragend f\u00fcr Wollreste.<\/p>\n<p>&nbsp;<\/p>\n<\/div>\n<div id=\"cc-m-13954443088\" class=\"j-module n j-text \">\n<p>&nbsp;<\/p>\n<p>&nbsp;<\/p>\n<\/div>\n","protected":false},"featured_media":14157,"template":"","meta":[],"product_brand":[],"product_cat":[16,49,387],"product_tag":[90,242,260,87,651,93,243,244,181,328,280,652,542,114,195,653,296,276,302,95,96],"class_list":{"0":"post-9809","1":"product","2":"type-product","3":"status-publish","4":"has-post-thumbnail","6":"product_cat-alle","7":"product_cat-dekoration-mit-herz","8":"product_cat-muttertag","9":"product_tag-amigurumi","10":"product_tag-dekoration-haekeln","11":"product_tag-fruehling","12":"product_tag-geschenk","13":"product_tag-geschenk-idee","14":"product_tag-haekeln","15":"product_tag-kuschelwolle","16":"product_tag-kuschelwolle-haekeln","17":"product_tag-lustig","18":"product_tag-massband","19":"product_tag-muttertag","20":"product_tag-nadelkissen","21":"product_tag-osterdekoration","22":"product_tag-ostern","23":"product_tag-praesent","24":"product_tag-rollband","25":"product_tag-sommer","26":"product_tag-valentin","27":"product_tag-winter","28":"product_tag-wolle","29":"product_tag-wollreste","31":"first","32":"instock","33":"shipping-taxable","34":"product-type-simple"},"_links":{"self":[{"href":"https:\/\/dadade.eu\/index.php?rest_route=\/wp\/v2\/product\/9809","targetHints":{"allow":["GET"]}}],"collection":[{"href":"https:\/\/dadade.eu\/index.php?rest_route=\/wp\/v2\/product"}],"about":[{"href":"https:\/\/dadade.eu\/index.php?rest_route=\/wp\/v2\/types\/product"}],"wp:featuredmedia":[{"embeddable":true,"href":"https:\/\/dadade.eu\/index.php?rest_route=\/wp\/v2\/media\/14157"}],"wp:attachment":[{"href":"https:\/\/dadade.eu\/index.php?rest_route=%2Fwp%2Fv2%2Fmedia&parent=9809"}],"wp:term":[{"taxonomy":"product_brand","embeddable":true,"href":"https:\/\/dadade.eu\/index.php?rest_route=%2Fwp%2Fv2%2Fproduct_brand&post=9809"},{"taxonomy":"product_cat","embeddable":true,"href":"https:\/\/dadade.eu\/index.php?rest_route=%2Fwp%2Fv2%2Fproduct_cat&post=9809"},{"taxonomy":"product_tag","embeddable":true,"href":"https:\/\/dadade.eu\/index.php?rest_route=%2Fwp%2Fv2%2Fproduct_tag&post=9809"}],"curies":[{"name":"wp","href":"https:\/\/api.w.org\/{rel}","templated":true}]}}