{"id":9677,"date":"2019-04-18T21:15:28","date_gmt":"2019-04-18T19:15:28","guid":{"rendered":"https:\/\/dadade.eu\/?post_type=product&#038;p=9677"},"modified":"2023-02-19T13:38:59","modified_gmt":"2023-02-19T12:38:59","slug":"rollmassband-schildkroete-mit-nadelkissen-h623","status":"publish","type":"product","link":"https:\/\/dadade.eu\/?product=rollmassband-schildkroete-mit-nadelkissen-h623","title":{"rendered":"Rollma\u00dfband Schildkr\u00f6te, mit Nadelkissen (H623)"},"content":{"rendered":"<p><img fetchpriority=\"high\" decoding=\"async\" class=\"alignnone wp-image-9680\" src=\"https:\/\/dadade.eu\/wp-content\/uploads\/2023\/02\/xMassband-Schildkroete-Kopie3-300x225.jpg\" alt=\"\" width=\"260\" height=\"195\" srcset=\"https:\/\/dadade.eu\/wp-content\/uploads\/2023\/02\/xMassband-Schildkroete-Kopie3-300x225.jpg 300w, https:\/\/dadade.eu\/wp-content\/uploads\/2023\/02\/xMassband-Schildkroete-Kopie3-600x450.jpg 600w, https:\/\/dadade.eu\/wp-content\/uploads\/2023\/02\/xMassband-Schildkroete-Kopie3-64x48.jpg 64w, https:\/\/dadade.eu\/wp-content\/uploads\/2023\/02\/xMassband-Schildkroete-Kopie3-1024x768.jpg 1024w, https:\/\/dadade.eu\/wp-content\/uploads\/2023\/02\/xMassband-Schildkroete-Kopie3-768x576.jpg 768w, https:\/\/dadade.eu\/wp-content\/uploads\/2023\/02\/xMassband-Schildkroete-Kopie3.jpg 1400w\" sizes=\"(max-width: 260px) 100vw, 260px\" \/>Die Geschenk-Idee f\u00fcr Muttertag<\/p>\n<p>Die Anleitung ist f\u00fcr Anf\u00e4nger geeignet.<\/p>\n<p>Die Anleitung ist ausf\u00fchrlich mit vielen Bildern hinterlegt<\/p>\n<p>und wird auf 9 Seiten Schritt-f\u00fcr-Schritt beschrieben!<\/p>\n<p>mehr Bilder von Haus und Deko<\/p>\n<p><strong><a href=\"https:\/\/dadade.eu\/?p=6620\">KLICKE HIER<\/a><\/strong><\/p>\n<p>&nbsp;<\/p>\n<p>&nbsp;<\/p>\n<p>&nbsp;<\/p>\n","protected":false},"excerpt":{"rendered":"<div id=\"cc-m-13954443088\" class=\"j-module n j-text \">\n<p>Sie kaufen hier die H\u00e4kelanleitung f\u00fcr dieses lustige Nadelkissen,<\/p>\n<p>mit zus\u00e4tzlichem Ma\u00dfband.<\/p>\n<p>Dieses Geschenk ist ein absolutes Muss f\u00fcr alle Handarbeits-Freunde,<\/p>\n<p>ob zum N\u00e4hen, Stricken oder H\u00e4keln,<\/p>\n<p>ob f\u00fcr Muttertag, einen Geburtstag, oder einfach als Mitbringsel.<\/p>\n<p>So eine Kombination braucht jeder, der Spa\u00df an Handarbeiten hat.<\/p>\n<p>Die Schildkr\u00f6te ist schnell geh\u00e4kelt und eignet sich hervorragend f\u00fcr Wollreste.<\/p>\n<p>Mit ca 16gr Baumwolle 100gr\/560m, und mit der Nadelst\u00e4rke 2 geh\u00e4kelt, wird die Schildkr\u00f6te ungef\u00e4hr; 10 cm x 13 cm<\/p>\n<p>Beim Kauf ab 3 Praktischen Helfer, im Warenkorb einfach den Gutschein-Code <span style=\"color: #ff0000;\"><strong>Praktische Helfer <\/strong><span style=\"color: #000000;\">eingeben und schon bekommt ihr 20% Mengenrabatt auf die Praktischen Helfer.<\/span><\/span><\/p>\n<\/div>\n","protected":false},"featured_media":9685,"template":"","meta":[],"product_brand":[],"product_cat":[56,48,387,385],"product_tag":[90,242,334,87,335,94,93,333,181,328,280,332,331,195,327,627,628,326,330,95,96],"class_list":{"0":"post-9677","1":"product","2":"type-product","3":"status-publish","4":"has-post-thumbnail","6":"product_cat-2einfach","7":"product_cat-haus-deko","8":"product_cat-muttertag","9":"product_cat-praktische-helfer","10":"product_tag-amigurumi","11":"product_tag-dekoration-haekeln","12":"product_tag-geburtstag","13":"product_tag-geschenk","14":"product_tag-geschenkidee-haekeln","15":"product_tag-haekelanleitung","16":"product_tag-haekeln","17":"product_tag-handarbeitszubehoer","18":"product_tag-lustig","19":"product_tag-massband","20":"product_tag-muttertag","21":"product_tag-naehen","22":"product_tag-naehzubehoer","23":"product_tag-praesent","24":"product_tag-rollmassband","25":"product_tag-schidkroete","26":"product_tag-schildkroete-haekeln","27":"product_tag-schneidermassband","28":"product_tag-witziges-geschenk","29":"product_tag-wolle","30":"product_tag-wollreste","32":"first","33":"instock","34":"downloadable","35":"shipping-taxable","36":"purchasable","37":"product-type-simple"},"_links":{"self":[{"href":"https:\/\/dadade.eu\/index.php?rest_route=\/wp\/v2\/product\/9677","targetHints":{"allow":["GET"]}}],"collection":[{"href":"https:\/\/dadade.eu\/index.php?rest_route=\/wp\/v2\/product"}],"about":[{"href":"https:\/\/dadade.eu\/index.php?rest_route=\/wp\/v2\/types\/product"}],"wp:featuredmedia":[{"embeddable":true,"href":"https:\/\/dadade.eu\/index.php?rest_route=\/wp\/v2\/media\/9685"}],"wp:attachment":[{"href":"https:\/\/dadade.eu\/index.php?rest_route=%2Fwp%2Fv2%2Fmedia&parent=9677"}],"wp:term":[{"taxonomy":"product_brand","embeddable":true,"href":"https:\/\/dadade.eu\/index.php?rest_route=%2Fwp%2Fv2%2Fproduct_brand&post=9677"},{"taxonomy":"product_cat","embeddable":true,"href":"https:\/\/dadade.eu\/index.php?rest_route=%2Fwp%2Fv2%2Fproduct_cat&post=9677"},{"taxonomy":"product_tag","embeddable":true,"href":"https:\/\/dadade.eu\/index.php?rest_route=%2Fwp%2Fv2%2Fproduct_tag&post=9677"}],"curies":[{"name":"wp","href":"https:\/\/api.w.org\/{rel}","templated":true}]}}