{"id":9668,"date":"2019-04-18T20:44:06","date_gmt":"2019-04-18T18:44:06","guid":{"rendered":"https:\/\/dadade.eu\/?post_type=product&#038;p=9668"},"modified":"2023-02-19T13:43:25","modified_gmt":"2023-02-19T12:43:25","slug":"rollmassband-wal-mit-nadelkissen-h624","status":"publish","type":"product","link":"https:\/\/dadade.eu\/?product=rollmassband-wal-mit-nadelkissen-h624","title":{"rendered":"Rollma\u00dfband Wal, mit Nadelkissen (H624)"},"content":{"rendered":"<p><img decoding=\"async\" class=\"alignnone wp-image-9675\" src=\"https:\/\/dadade.eu\/wp-content\/uploads\/2023\/02\/xMassband-Wal-Kopie7-300x225.jpg\" alt=\"\" width=\"231\" height=\"173\" srcset=\"https:\/\/dadade.eu\/wp-content\/uploads\/2023\/02\/xMassband-Wal-Kopie7-300x225.jpg 300w, https:\/\/dadade.eu\/wp-content\/uploads\/2023\/02\/xMassband-Wal-Kopie7-600x450.jpg 600w, https:\/\/dadade.eu\/wp-content\/uploads\/2023\/02\/xMassband-Wal-Kopie7-64x48.jpg 64w, https:\/\/dadade.eu\/wp-content\/uploads\/2023\/02\/xMassband-Wal-Kopie7-1024x768.jpg 1024w, https:\/\/dadade.eu\/wp-content\/uploads\/2023\/02\/xMassband-Wal-Kopie7-768x576.jpg 768w, https:\/\/dadade.eu\/wp-content\/uploads\/2023\/02\/xMassband-Wal-Kopie7.jpg 1400w\" sizes=\"(max-width: 231px) 100vw, 231px\" \/>Die Geschenk-Idee f\u00fcr Muttertag<\/p>\n<p>Die Anleitung ist f\u00fcr Anf\u00e4nger geeignet.<\/p>\n<p>Die Anleitung ist ausf\u00fchrlich mit vielen Bildern hinterlegt<\/p>\n<p>und wird auf 10 Seiten Schritt-f\u00fcr-Schritt beschrieben!<\/p>\n<p>mehr Bilder von Haus und Deko<\/p>\n<p><a href=\"https:\/\/dadade.eu\/?p=6620\">KLICKE HIER<\/a><\/p>\n<p>&nbsp;<\/p>\n<p>&nbsp;<\/p>\n<p>&nbsp;<\/p>\n","protected":false},"excerpt":{"rendered":"<div id=\"cc-m-13954443088\" class=\"j-module n j-text \">\n<p>Sie kaufen hier die H\u00e4kelanleitung f\u00fcr dieses lustige Nadelkissen,<\/p>\n<p>mit zus\u00e4tzlichem Ma\u00dfband.<\/p>\n<p>Dieses Geschenk ist ein absolutes Muss f\u00fcr alle Handarbeits-Freunde,<\/p>\n<p>ob zum N\u00e4hen, Stricken oder H\u00e4keln,<\/p>\n<p>ob f\u00fcr Muttertag, einen Geburtstag, oder einfach als Mitbringsel.<\/p>\n<p>So eine Kombination braucht jeder, der Spa\u00df an Handarbeiten hat.<\/p>\n<p>Der Wal ist schnell geh\u00e4kelt und eignet sich hervorragend f\u00fcr Wollreste.<\/p>\n<p>Mit ca 15gr Baumwolle 100gr\/560m, und mit der Nadelst\u00e4rke 2 geh\u00e4kelt, wird der Wal ungef\u00e4hr; 9 cm x 9 cm<\/p>\n<p>Beim Kauf ab 3 Praktischen Helfer, im Warenkorb einfach den Gutschein-Code <span style=\"color: #ff0000;\"><strong>Praktische Helfer <\/strong><span style=\"color: #000000;\">eingeben und schon bekommt ihr 20% Mengenrabatt auf die Praktischen Helfer.<\/span><\/span><\/p>\n<\/div>\n","protected":false},"featured_media":9670,"template":"","meta":[],"product_brand":[],"product_cat":[56,48,387,385],"product_tag":[90,242,334,87,335,94,93,333,181,328,280,332,331,195,327,326,625,626,330,95,96],"class_list":{"0":"post-9668","1":"product","2":"type-product","3":"status-publish","4":"has-post-thumbnail","6":"product_cat-2einfach","7":"product_cat-haus-deko","8":"product_cat-muttertag","9":"product_cat-praktische-helfer","10":"product_tag-amigurumi","11":"product_tag-dekoration-haekeln","12":"product_tag-geburtstag","13":"product_tag-geschenk","14":"product_tag-geschenkidee-haekeln","15":"product_tag-haekelanleitung","16":"product_tag-haekeln","17":"product_tag-handarbeitszubehoer","18":"product_tag-lustig","19":"product_tag-massband","20":"product_tag-muttertag","21":"product_tag-naehen","22":"product_tag-naehzubehoer","23":"product_tag-praesent","24":"product_tag-rollmassband","25":"product_tag-schneidermassband","26":"product_tag-wal","27":"product_tag-wal-haekeln","28":"product_tag-witziges-geschenk","29":"product_tag-wolle","30":"product_tag-wollreste","32":"first","33":"instock","34":"downloadable","35":"shipping-taxable","36":"purchasable","37":"product-type-simple"},"_links":{"self":[{"href":"https:\/\/dadade.eu\/index.php?rest_route=\/wp\/v2\/product\/9668","targetHints":{"allow":["GET"]}}],"collection":[{"href":"https:\/\/dadade.eu\/index.php?rest_route=\/wp\/v2\/product"}],"about":[{"href":"https:\/\/dadade.eu\/index.php?rest_route=\/wp\/v2\/types\/product"}],"wp:featuredmedia":[{"embeddable":true,"href":"https:\/\/dadade.eu\/index.php?rest_route=\/wp\/v2\/media\/9670"}],"wp:attachment":[{"href":"https:\/\/dadade.eu\/index.php?rest_route=%2Fwp%2Fv2%2Fmedia&parent=9668"}],"wp:term":[{"taxonomy":"product_brand","embeddable":true,"href":"https:\/\/dadade.eu\/index.php?rest_route=%2Fwp%2Fv2%2Fproduct_brand&post=9668"},{"taxonomy":"product_cat","embeddable":true,"href":"https:\/\/dadade.eu\/index.php?rest_route=%2Fwp%2Fv2%2Fproduct_cat&post=9668"},{"taxonomy":"product_tag","embeddable":true,"href":"https:\/\/dadade.eu\/index.php?rest_route=%2Fwp%2Fv2%2Fproduct_tag&post=9668"}],"curies":[{"name":"wp","href":"https:\/\/api.w.org\/{rel}","templated":true}]}}