{"id":9619,"date":"2019-02-01T14:27:54","date_gmt":"2019-02-01T13:27:54","guid":{"rendered":"https:\/\/dadade.eu\/?post_type=product&#038;p=9619"},"modified":"2025-02-24T14:22:11","modified_gmt":"2025-02-24T13:22:11","slug":"hupsi-das-kuschel-hase-maedchen-a119","status":"publish","type":"product","link":"https:\/\/dadade.eu\/?product=hupsi-das-kuschel-hase-maedchen-a119","title":{"rendered":"Hupsi, das Kuschel &#8211; Hase &#8211; M\u00e4dchen  (A119)"},"content":{"rendered":"<p><img decoding=\"async\" class=\"alignnone wp-image-9641\" src=\"https:\/\/dadade.eu\/wp-content\/uploads\/2023\/02\/3-Hasen-2b-300x225.jpg\" alt=\"\" width=\"224\" height=\"168\" srcset=\"https:\/\/dadade.eu\/wp-content\/uploads\/2023\/02\/3-Hasen-2b-300x225.jpg 300w, https:\/\/dadade.eu\/wp-content\/uploads\/2023\/02\/3-Hasen-2b-600x450.jpg 600w, https:\/\/dadade.eu\/wp-content\/uploads\/2023\/02\/3-Hasen-2b-64x48.jpg 64w, https:\/\/dadade.eu\/wp-content\/uploads\/2023\/02\/3-Hasen-2b-1024x768.jpg 1024w, https:\/\/dadade.eu\/wp-content\/uploads\/2023\/02\/3-Hasen-2b-768x576.jpg 768w, https:\/\/dadade.eu\/wp-content\/uploads\/2023\/02\/3-Hasen-2b.jpg 1400w\" sizes=\"(max-width: 224px) 100vw, 224px\" \/>Hasen-M\u00e4dchen Hupsi ist eines meiner s\u00fc\u00dfen Osterh\u00e4schen in verschiedenen Gr\u00f6\u00dfen<\/p>\n<p><img decoding=\"async\" class=\"alignnone wp-image-9642\" src=\"https:\/\/dadade.eu\/wp-content\/uploads\/2022\/03\/x4-Hasen-Kopieb-300x225.jpg\" alt=\"\" width=\"221\" height=\"166\" srcset=\"https:\/\/dadade.eu\/wp-content\/uploads\/2022\/03\/x4-Hasen-Kopieb-300x225.jpg 300w, https:\/\/dadade.eu\/wp-content\/uploads\/2022\/03\/x4-Hasen-Kopieb-600x450.jpg 600w, https:\/\/dadade.eu\/wp-content\/uploads\/2022\/03\/x4-Hasen-Kopieb-64x48.jpg 64w, https:\/\/dadade.eu\/wp-content\/uploads\/2022\/03\/x4-Hasen-Kopieb-1024x768.jpg 1024w, https:\/\/dadade.eu\/wp-content\/uploads\/2022\/03\/x4-Hasen-Kopieb-768x576.jpg 768w, https:\/\/dadade.eu\/wp-content\/uploads\/2022\/03\/x4-Hasen-Kopieb.jpg 1400w\" sizes=\"(max-width: 221px) 100vw, 221px\" \/><\/p>\n<p>Die Anleitung mit Schmetterling, Ei und Kleidchen ist ausf\u00fchrlich mit vielen Bildern hinterlegt<\/p>\n<p>und wird auf \u00fcber 30 Seiten Schritt-f\u00fcr-Schritt beschrieben!<\/p>\n<p>Sie ist auch schon f\u00fcr Anf\u00e4nger geeignet.<\/p>\n<p>&nbsp;<\/p>\n<p>MEHR VARIANTEN UND IDEEN von flei\u00dfigen Helfer und H\u00e4nden?<\/p>\n<p><a href=\"https:\/\/dadade.eu\/?page_id=5389\"><b>Klicke hier<\/b><\/a><\/p>\n<p>&nbsp;<\/p>\n<p>&nbsp;<\/p>\n<p>&nbsp;<\/p>\n","protected":false},"excerpt":{"rendered":"<div id=\"cc-m-13954443088\">\n<p>Hier kauft man die H\u00e4kelanleitung f\u00fcr dieses s\u00fc\u00dfe Hasenm\u00e4dchen,<\/p>\n<p>Hupsi ist, f\u00fcr das Osterfest, angezogen mit einem h\u00fcbschen Kleid, auch der Schmetterling und das bunten Osterei sind als Anleitung mit dabei.<\/p>\n<p>Hupsi, mit kuschelig, weicher Watte ausgestopft, geh\u00f6rt in jedes Osternest, jedes Kinderherz wird h\u00f6her schlagen, bei dem Anblick von dem s\u00fc\u00dfen Hasenm\u00e4dchen.<\/p>\n<p>kleine Hupsi- die Augen sind aufgestickt, extra f\u00fcr die Kleinen. Mit Strumpfwolle-Nadelst\u00e4ke 2,5 wird sie ungef\u00e4hr 28cm gro\u00df.<\/p>\n<p>gro\u00dfe Hupsi- mit Chenille-Wolle und Sicherheitsaugen. Mit Himalaya Dolphin Baby-Nadelst\u00e4rke 4, wird sie ungef\u00e4hr 64cm gro\u00df.<\/p>\n<p>&nbsp;<\/p>\n<p>Mit dem Kauf erh\u00e4ltst du eine leicht verst\u00e4ndliche H\u00e4kelanleitung im praktischen PDF-Format.<\/p>\n<p>Die Anleitung ist auch schon f\u00fcr Anf\u00e4nger geeignet.<\/p>\n<\/div>\n","protected":false},"featured_media":9626,"template":"","meta":[],"product_brand":[],"product_cat":[56,35,39,501,70],"product_tag":[90,89,619,615,622,242,616,621,620,251,571,569,570,182,617,613,87,573,610,94,93,113,92,489,365,245,345,180,88,243,244,181,572,114,91,392,618,506,390,612,611,614,183,95,96],"class_list":{"0":"post-9619","1":"product","2":"type-product","3":"status-publish","4":"has-post-thumbnail","6":"product_cat-2einfach","7":"product_cat-amigurumi","8":"product_cat-amigurumis-zum-kuscheln","9":"product_cat-ostern-amigurumi","10":"product_cat-maxi","11":"product_tag-amigurumi","12":"product_tag-baby","13":"product_tag-butterfly","14":"product_tag-children","15":"product_tag-dadade","16":"product_tag-dekoration-haekeln","17":"product_tag-easter","18":"product_tag-egg","19":"product_tag-ei","20":"product_tag-einhorn","21":"product_tag-esel","22":"product_tag-esel-haekeln","23":"product_tag-eselchen-haekeln","24":"product_tag-fein","25":"product_tag-fest","26":"product_tag-funny","27":"product_tag-geschenk","28":"product_tag-geschichte","29":"product_tag-gift","30":"product_tag-haekelanleitung","31":"product_tag-haekeln","32":"product_tag-hase","33":"product_tag-kinder","34":"product_tag-kleid","35":"product_tag-kueken","36":"product_tag-kuschelige-haekeltiere","37":"product_tag-kuscheln","38":"product_tag-kuscheltier","39":"product_tag-kuscheltier-haekeln","40":"product_tag-kuschelwolle","41":"product_tag-kuschelwolle-haekeln","42":"product_tag-lustig","43":"product_tag-maerchen","44":"product_tag-ostern","45":"product_tag-plueschtier","46":"product_tag-plueschtier-haekeln","47":"product_tag-rabbit","48":"product_tag-regenbogen","49":"product_tag-schmetterling","50":"product_tag-soft-toy","51":"product_tag-stuffed-animal","52":"product_tag-witty","53":"product_tag-witzig","54":"product_tag-wolle","55":"product_tag-wollreste","57":"first","58":"instock","59":"sale","60":"downloadable","61":"shipping-taxable","62":"purchasable","63":"product-type-simple"},"_links":{"self":[{"href":"https:\/\/dadade.eu\/index.php?rest_route=\/wp\/v2\/product\/9619","targetHints":{"allow":["GET"]}}],"collection":[{"href":"https:\/\/dadade.eu\/index.php?rest_route=\/wp\/v2\/product"}],"about":[{"href":"https:\/\/dadade.eu\/index.php?rest_route=\/wp\/v2\/types\/product"}],"wp:featuredmedia":[{"embeddable":true,"href":"https:\/\/dadade.eu\/index.php?rest_route=\/wp\/v2\/media\/9626"}],"wp:attachment":[{"href":"https:\/\/dadade.eu\/index.php?rest_route=%2Fwp%2Fv2%2Fmedia&parent=9619"}],"wp:term":[{"taxonomy":"product_brand","embeddable":true,"href":"https:\/\/dadade.eu\/index.php?rest_route=%2Fwp%2Fv2%2Fproduct_brand&post=9619"},{"taxonomy":"product_cat","embeddable":true,"href":"https:\/\/dadade.eu\/index.php?rest_route=%2Fwp%2Fv2%2Fproduct_cat&post=9619"},{"taxonomy":"product_tag","embeddable":true,"href":"https:\/\/dadade.eu\/index.php?rest_route=%2Fwp%2Fv2%2Fproduct_tag&post=9619"}],"curies":[{"name":"wp","href":"https:\/\/api.w.org\/{rel}","templated":true}]}}