{"id":9571,"date":"2016-01-17T17:29:47","date_gmt":"2016-01-17T16:29:47","guid":{"rendered":"https:\/\/dadade.eu\/?post_type=product&#038;p=9571"},"modified":"2023-07-05T14:43:31","modified_gmt":"2023-07-05T12:43:31","slug":"mandelbluete-mit-kaefer-biene-schmetterling-raupe-h313","status":"publish","type":"product","link":"https:\/\/dadade.eu\/?product=mandelbluete-mit-kaefer-biene-schmetterling-raupe-h313","title":{"rendered":"Mandelbl\u00fcte, mit K\u00e4fer, Biene, Schmetterling &#038; Raupe (H313)"},"content":{"rendered":"<p><img decoding=\"async\" class=\"alignnone wp-image-9590\" src=\"https:\/\/dadade.eu\/wp-content\/uploads\/2023\/02\/image-300x280.jpg\" alt=\"\" width=\"190\" height=\"177\" srcset=\"https:\/\/dadade.eu\/wp-content\/uploads\/2023\/02\/image-300x280.jpg 300w, https:\/\/dadade.eu\/wp-content\/uploads\/2023\/02\/image-64x60.jpg 64w, https:\/\/dadade.eu\/wp-content\/uploads\/2023\/02\/image.jpg 341w\" sizes=\"(max-width: 190px) 100vw, 190px\" \/>Die Tiere mit dickerer Wolle geh\u00e4kelt passen sie super als Deko in meine Kr\u00e4nze<\/p>\n<p>&nbsp;<\/p>\n<p>Die Anleitung ist ausf\u00fchrlich mit vielen Bildern hinterlegt und wird auf insgesamt 26 Seiten Schritt-f\u00fcr-Schritt beschrieben!<\/p>\n<p>&nbsp;<\/p>\n<p><a href=\"https:\/\/dadade.eu\/?p=15640\"><strong>VIELE TOLLE BILDER<\/strong> von flei\u00dfigen Helfer und H\u00e4nden<\/a><\/p>\n<p>&nbsp;<\/p>\n<p>&nbsp;<\/p>\n<p>&nbsp;<\/p>\n<p>&nbsp;<\/p>\n","protected":false},"excerpt":{"rendered":"<div id=\"cc-m-13954443088\" class=\"j-module n j-text \">\n<p>Hier kauft man nur die H\u00e4kelanleitung f\u00fcr diese zauberhafte Tischdekoration<\/p>\n<p>die gro\u00dfe Mandelbl\u00fcte, mit K\u00e4fer, Biene, Schmetterling und Raupe<\/p>\n<p>Ob als Tischdekoration f\u00fcr eine Feier, oder einen besonderen Anlass, diese Tischdeko l\u00e4sst sich jeder Angelegenheit anpassen, oder einfach die Tiere auf Zweige, in einer Vase, stecken,<\/p>\n<p>Deiner Kreativit\u00e4t sind keine Grenzen gesetzt,<\/p>\n<p>Aber nicht nur als Dekoration, sondern auch als Geschenk f\u00fcr einen lieben Menschen<\/p>\n<p>ist sie geeignet, bald ist Ostern und auch Muttertag ist nicht mehr fern.<\/p>\n<p>&nbsp;<\/p>\n<p>Die Mandelbl\u00fcte hat ungef\u00e4hr einen Durchmesser von 12cm hoch, und wurden mit einer Nadelst\u00e4rke 3 geh\u00e4kelt.<\/p>\n<p>alle 4 Tiere mit einer Nadelst\u00e4rke 2,5 geh\u00e4kelt; wird der Schmetterling ca 6cm, der Tausendf\u00fc\u00dfer ca 10,5cm, K\u00e4fer ca 3,5cm, Biene ca 5,5cm<\/p>\n<p>&nbsp;<\/p>\n<p>&nbsp;<\/p>\n<p>&nbsp;<\/p>\n<\/div>\n","protected":false},"featured_media":9576,"template":"","meta":[],"product_brand":[],"product_cat":[56,740,51,48,66,383],"product_tag":[90,295,248,282,366,368,372,233,242,260,87,94,93,301,344,181,367,100,294,280,114,195,370,390,296,608,363,183,95,96,369,371],"class_list":{"0":"post-9571","1":"product","2":"type-product","3":"status-publish","4":"has-post-thumbnail","6":"product_cat-2einfach","7":"product_cat-blumen","8":"product_cat-fruehling-ostern","9":"product_cat-haus-deko","10":"product_cat-mini","11":"product_cat-tisch-dekoration","12":"product_tag-amigurumi","13":"product_tag-anleitung","14":"product_tag-biene","15":"product_tag-blume","16":"product_tag-blumen","17":"product_tag-bluete","18":"product_tag-bluetenzweig","19":"product_tag-dekoration","20":"product_tag-dekoration-haekeln","21":"product_tag-fruehling","22":"product_tag-geschenk","23":"product_tag-haekelanleitung","24":"product_tag-haekeln","25":"product_tag-kaefer","26":"product_tag-lieb","27":"product_tag-lustig","28":"product_tag-mandelbluete","29":"product_tag-marienkaefer","30":"product_tag-mitbringsel","31":"product_tag-muttertag","32":"product_tag-ostern","33":"product_tag-praesent","34":"product_tag-raupe","35":"product_tag-schmetterling","36":"product_tag-sommer","37":"product_tag-tausendfuesser","38":"product_tag-verliebt","39":"product_tag-witzig","40":"product_tag-wolle","41":"product_tag-wollreste","42":"product_tag-wurm","43":"product_tag-zweig","45":"first","46":"instock","47":"downloadable","48":"purchasable","49":"product-type-simple"},"_links":{"self":[{"href":"https:\/\/dadade.eu\/index.php?rest_route=\/wp\/v2\/product\/9571","targetHints":{"allow":["GET"]}}],"collection":[{"href":"https:\/\/dadade.eu\/index.php?rest_route=\/wp\/v2\/product"}],"about":[{"href":"https:\/\/dadade.eu\/index.php?rest_route=\/wp\/v2\/types\/product"}],"wp:featuredmedia":[{"embeddable":true,"href":"https:\/\/dadade.eu\/index.php?rest_route=\/wp\/v2\/media\/9576"}],"wp:attachment":[{"href":"https:\/\/dadade.eu\/index.php?rest_route=%2Fwp%2Fv2%2Fmedia&parent=9571"}],"wp:term":[{"taxonomy":"product_brand","embeddable":true,"href":"https:\/\/dadade.eu\/index.php?rest_route=%2Fwp%2Fv2%2Fproduct_brand&post=9571"},{"taxonomy":"product_cat","embeddable":true,"href":"https:\/\/dadade.eu\/index.php?rest_route=%2Fwp%2Fv2%2Fproduct_cat&post=9571"},{"taxonomy":"product_tag","embeddable":true,"href":"https:\/\/dadade.eu\/index.php?rest_route=%2Fwp%2Fv2%2Fproduct_tag&post=9571"}],"curies":[{"name":"wp","href":"https:\/\/api.w.org\/{rel}","templated":true}]}}