{"id":9499,"date":"2019-06-16T22:55:13","date_gmt":"2019-06-16T20:55:13","guid":{"rendered":"https:\/\/dadade.eu\/?post_type=product&#038;p=9499"},"modified":"2023-11-23T11:30:15","modified_gmt":"2023-11-23T10:30:15","slug":"darius-von-drachmania-der-kuschel-drache-a138","status":"publish","type":"product","link":"https:\/\/dadade.eu\/?product=darius-von-drachmania-der-kuschel-drache-a138","title":{"rendered":"Darius von Drachmania, der Kuschel &#8211; Drache  (A138)"},"content":{"rendered":"<p><img decoding=\"async\" class=\"alignnone wp-image-9511\" src=\"https:\/\/dadade.eu\/wp-content\/uploads\/2023\/02\/xDarius-von-Drachmania-22-300x225.jpg\" alt=\"\" width=\"199\" height=\"149\" srcset=\"https:\/\/dadade.eu\/wp-content\/uploads\/2023\/02\/xDarius-von-Drachmania-22-300x225.jpg 300w, https:\/\/dadade.eu\/wp-content\/uploads\/2023\/02\/xDarius-von-Drachmania-22-600x450.jpg 600w, https:\/\/dadade.eu\/wp-content\/uploads\/2023\/02\/xDarius-von-Drachmania-22-64x48.jpg 64w, https:\/\/dadade.eu\/wp-content\/uploads\/2023\/02\/xDarius-von-Drachmania-22-1024x768.jpg 1024w, https:\/\/dadade.eu\/wp-content\/uploads\/2023\/02\/xDarius-von-Drachmania-22-768x576.jpg 768w, https:\/\/dadade.eu\/wp-content\/uploads\/2023\/02\/xDarius-von-Drachmania-22.jpg 1400w\" sizes=\"(max-width: 199px) 100vw, 199px\" \/> Darius mit seinem kleinen Versteck, l\u00e4sst allen Kindern das Herz h\u00f6her schlagen, sie werden ihn lieben und nicht mehr hergeben.<\/p>\n<p>Die Anleitung ist ausf\u00fchrlich mit vielen Bildern hinterlegt<\/p>\n<p>und wird auf 30 Seiten Schritt-f\u00fcr-Schritt beschrieben!<\/p>\n<p>Sie ist\u00a0 f\u00fcr ge\u00fcbte Anf\u00e4nger und Fortgeschrittene geeignet.<\/p>\n<p>&nbsp;<\/p>\n<p>MEHR VARIANTEN UND IDEEN von flei\u00dfigen Helfer und H\u00e4nden?<\/p>\n<p><a href=\"https:\/\/dadade.eu\/?p=9515\"><b>Klicke hier<\/b><\/a><\/p>\n<p>&nbsp;<\/p>\n<p>&nbsp;<\/p>\n<p>&nbsp;<\/p>\n","protected":false},"excerpt":{"rendered":"<div id=\"cc-m-13954443088\">\n<p>Hier kauft man die H\u00e4kelanleitung\u00a0f\u00fcr diesen kuschelweichen Drache Darius von Drachmania,<\/p>\n<p>Der Drache ist nicht nur ein Kuscheltier, er ist auch eine Schlafanzug-H\u00fcter, er hat eine kleine Tasche, \u00fcber die sich jedes Kind freut.<\/p>\n<p>Tags\u00fcber liegt er auf dem Bett und passt auf den Schlafanzug auf, nachts ist er dann ein Schlaf-W\u00e4chter, weich und kuschelig.<\/p>\n<p>Man kann z.B. auch ein Schnuffeltuch drin verstecken, oder man versteckt in der Tasche eine kleine \u00dcberraschung, die dem Kind die \u00dcbernachtung ausw\u00e4rts etwas leichter macht.<\/p>\n<p>Deiner Fantasie sind keine Grenzen gesetzt.<\/p>\n<div id=\"cc-m-13954443088\">\n<p>&nbsp;<\/p>\n<p>Mit dem Kauf erh\u00e4lt man eine leicht verst\u00e4ndliche H\u00e4kelanleitung im praktischen PDF-Format.<\/p>\n<p>Die Anleitung\u00a0 ist\u00a0 f\u00fcr ge\u00fcbte Anf\u00e4nger und Fortgeschrittene geeignet.<\/p>\n<\/div>\n<div id=\"cc-m-13954443188\" class=\"j-module n j-text \">\n<p>&nbsp;<\/p>\n<\/div>\n<p>Mit Wolle der Nadelst\u00e4rke 4 wird der Kuschel-Drache ungef\u00e4hr; 80cm lang<\/p>\n<\/div>\n","protected":false},"featured_media":9500,"template":"","meta":[],"product_brand":[],"product_cat":[57,35,39,70],"product_tag":[90,89,242,667,668,669,670,665,666,251,87,94,93,92,245,180,88,243,244,572,91,392,95,96],"class_list":{"0":"post-9499","1":"product","2":"type-product","3":"status-publish","4":"has-post-thumbnail","6":"product_cat-3mittel","7":"product_cat-amigurumi","8":"product_cat-amigurumis-zum-kuscheln","9":"product_cat-maxi","10":"product_tag-amigurumi","11":"product_tag-baby","12":"product_tag-dekoration-haekeln","13":"product_tag-dino","14":"product_tag-dino-haekeln","15":"product_tag-dinosaurier","16":"product_tag-dinosaurier-haekeln","17":"product_tag-drache","18":"product_tag-drache-haekeln","19":"product_tag-einhorn","20":"product_tag-geschenk","21":"product_tag-haekelanleitung","22":"product_tag-haekeln","23":"product_tag-kinder","24":"product_tag-kuschelige-haekeltiere","25":"product_tag-kuscheltier","26":"product_tag-kuscheltier-haekeln","27":"product_tag-kuschelwolle","28":"product_tag-kuschelwolle-haekeln","29":"product_tag-maerchen","30":"product_tag-plueschtier","31":"product_tag-plueschtier-haekeln","32":"product_tag-wolle","33":"product_tag-wollreste","35":"first","36":"instock","37":"downloadable","38":"shipping-taxable","39":"purchasable","40":"product-type-simple"},"_links":{"self":[{"href":"https:\/\/dadade.eu\/index.php?rest_route=\/wp\/v2\/product\/9499","targetHints":{"allow":["GET"]}}],"collection":[{"href":"https:\/\/dadade.eu\/index.php?rest_route=\/wp\/v2\/product"}],"about":[{"href":"https:\/\/dadade.eu\/index.php?rest_route=\/wp\/v2\/types\/product"}],"wp:featuredmedia":[{"embeddable":true,"href":"https:\/\/dadade.eu\/index.php?rest_route=\/wp\/v2\/media\/9500"}],"wp:attachment":[{"href":"https:\/\/dadade.eu\/index.php?rest_route=%2Fwp%2Fv2%2Fmedia&parent=9499"}],"wp:term":[{"taxonomy":"product_brand","embeddable":true,"href":"https:\/\/dadade.eu\/index.php?rest_route=%2Fwp%2Fv2%2Fproduct_brand&post=9499"},{"taxonomy":"product_cat","embeddable":true,"href":"https:\/\/dadade.eu\/index.php?rest_route=%2Fwp%2Fv2%2Fproduct_cat&post=9499"},{"taxonomy":"product_tag","embeddable":true,"href":"https:\/\/dadade.eu\/index.php?rest_route=%2Fwp%2Fv2%2Fproduct_tag&post=9499"}],"curies":[{"name":"wp","href":"https:\/\/api.w.org\/{rel}","templated":true}]}}