{"id":9462,"date":"2017-04-16T17:12:08","date_gmt":"2017-04-16T15:12:08","guid":{"rendered":"https:\/\/dadade.eu\/?post_type=product&#038;p=9462"},"modified":"2023-06-09T14:24:40","modified_gmt":"2023-06-09T12:24:40","slug":"bestecktasche-und-eierwaermer-bier-h212","status":"publish","type":"product","link":"https:\/\/dadade.eu\/?product=bestecktasche-und-eierwaermer-bier-h212","title":{"rendered":"Bestecktasche und Eierw\u00e4rmer Bier (H212)"},"content":{"rendered":"<p><img decoding=\"async\" class=\"alignnone wp-image-9472\" src=\"https:\/\/dadade.eu\/wp-content\/uploads\/2023\/02\/Bestecktasche-Bierflasche-10-300x225.jpg\" alt=\"\" width=\"203\" height=\"152\" srcset=\"https:\/\/dadade.eu\/wp-content\/uploads\/2023\/02\/Bestecktasche-Bierflasche-10-300x225.jpg 300w, https:\/\/dadade.eu\/wp-content\/uploads\/2023\/02\/Bestecktasche-Bierflasche-10-600x450.jpg 600w, https:\/\/dadade.eu\/wp-content\/uploads\/2023\/02\/Bestecktasche-Bierflasche-10-64x48.jpg 64w, https:\/\/dadade.eu\/wp-content\/uploads\/2023\/02\/Bestecktasche-Bierflasche-10-1024x768.jpg 1024w, https:\/\/dadade.eu\/wp-content\/uploads\/2023\/02\/Bestecktasche-Bierflasche-10-768x576.jpg 768w, https:\/\/dadade.eu\/wp-content\/uploads\/2023\/02\/Bestecktasche-Bierflasche-10-1536x1152.jpg 1536w, https:\/\/dadade.eu\/wp-content\/uploads\/2023\/02\/Bestecktasche-Bierflasche-10-2048x1536.jpg 2048w\" sizes=\"(max-width: 203px) 100vw, 203px\" \/>Die Bierflasche ist eine ganz besondere <strong>Bestecktasche<\/strong>. Sie kann auch noch ein Geschenk, oder etwas S\u00fc\u00dfes festhalten, oder du steckst den Flaschen\u00f6ffner\u00a0 vorne in die Tasche.<\/p>\n<p><img decoding=\"async\" class=\"alignnone wp-image-9474\" src=\"https:\/\/dadade.eu\/wp-content\/uploads\/2023\/02\/Eierwaermer-Bierkrug-1-300x225.jpg\" alt=\"\" width=\"197\" height=\"148\" srcset=\"https:\/\/dadade.eu\/wp-content\/uploads\/2023\/02\/Eierwaermer-Bierkrug-1-300x225.jpg 300w, https:\/\/dadade.eu\/wp-content\/uploads\/2023\/02\/Eierwaermer-Bierkrug-1-600x450.jpg 600w, https:\/\/dadade.eu\/wp-content\/uploads\/2023\/02\/Eierwaermer-Bierkrug-1-64x48.jpg 64w, https:\/\/dadade.eu\/wp-content\/uploads\/2023\/02\/Eierwaermer-Bierkrug-1-1024x768.jpg 1024w, https:\/\/dadade.eu\/wp-content\/uploads\/2023\/02\/Eierwaermer-Bierkrug-1-768x576.jpg 768w, https:\/\/dadade.eu\/wp-content\/uploads\/2023\/02\/Eierwaermer-Bierkrug-1-1536x1152.jpg 1536w, https:\/\/dadade.eu\/wp-content\/uploads\/2023\/02\/Eierwaermer-Bierkrug-1-2048x1536.jpg 2048w\" sizes=\"(max-width: 197px) 100vw, 197px\" \/>Das Bierglas, ist ein witziger <strong>Eierw\u00e4rmer, <\/strong>nicht nur f\u00fcr gro\u00dfe Jungs.<\/p>\n<p>&nbsp;<\/p>\n<p>Die Anleitung ist jedoch ausf\u00fchrlich mit vielen Bildern hinterlegt und wird auf je 15 Seiten Schritt-f\u00fcr-Schritt beschrieben!<\/p>\n<p>&nbsp;<\/p>\n<p>mehr Bilder von Haus und Deko<\/p>\n<p><a href=\"https:\/\/dadade.eu\/?p=6620\"><strong>KLICKE HIER<\/strong><\/a><\/p>\n<p>&nbsp;<\/p>\n<p>&nbsp;<\/p>\n<p>&nbsp;<\/p>\n","protected":false},"excerpt":{"rendered":"<div id=\"cc-m-13954443088\" class=\"j-module n j-text \">\n<p>Hier kauft man nur die H\u00e4kelanleitung f\u00fcr dieses tolle Bier-Set es besteht aus Bestecktasche und Eierw\u00e4rmer, die \u00dcberraschung f\u00fcr Vatertag.<\/p>\n<p>Da macht das Fr\u00fchst\u00fcck doch noch viel mehr Spa\u00df, hier freut jeder Mann \u00fcber sein Fr\u00fchst\u00fccksei.<\/p>\n<p>Oder als Geschenkverpackung; die Bestecktasche kann auch ein kleines Geschenk, oder einen Gutschein verstecken.<\/p>\n<p>Sogar f\u00fcr etwas S\u00fc\u00dfes oder den Flaschen\u00f6ffner gibt es einen Platz.<\/p>\n<p>&nbsp;<\/p>\n<p>Das Bierglas wird mit Nadelst\u00e4rke 2; ungef\u00e4hr 9cm hoch, je nach Eierbecher<\/p>\n<p>&nbsp;<\/p>\n<\/div>\n","protected":false},"featured_media":9482,"template":"","meta":[],"product_brand":[],"product_cat":[56,48,383,388],"product_tag":[90,295,597,598,599,233,242,304,260,87,299,298,94,93,194,92,245,181,294,280,303,114,195,291,297,293,296,292,183,95,96],"class_list":{"0":"post-9462","1":"product","2":"type-product","3":"status-publish","4":"has-post-thumbnail","6":"product_cat-2einfach","7":"product_cat-haus-deko","8":"product_cat-tisch-dekoration","9":"product_cat-vatertag","10":"product_tag-amigurumi","11":"product_tag-anleitung","12":"product_tag-auto","13":"product_tag-auto-haekeln","14":"product_tag-auto-mit-anhaenger","15":"product_tag-dekoration","16":"product_tag-dekoration-haekeln","17":"product_tag-eierwaermer","18":"product_tag-fruehling","19":"product_tag-geschenk","20":"product_tag-geschenkidee","21":"product_tag-geschenkverpackung","22":"product_tag-haekelanleitung","23":"product_tag-haekeln","24":"product_tag-kind","25":"product_tag-kinder","26":"product_tag-kuschelige-haekeltiere","27":"product_tag-lustig","28":"product_tag-mitbringsel","29":"product_tag-muttertag","30":"product_tag-nest","31":"product_tag-ostern","32":"product_tag-praesent","33":"product_tag-servietten","34":"product_tag-serviettenhalter","35":"product_tag-serviettenring","36":"product_tag-sommer","37":"product_tag-tischdekoration","38":"product_tag-witzig","39":"product_tag-wolle","40":"product_tag-wollreste","42":"first","43":"instock","44":"downloadable","45":"shipping-taxable","46":"purchasable","47":"product-type-simple"},"_links":{"self":[{"href":"https:\/\/dadade.eu\/index.php?rest_route=\/wp\/v2\/product\/9462","targetHints":{"allow":["GET"]}}],"collection":[{"href":"https:\/\/dadade.eu\/index.php?rest_route=\/wp\/v2\/product"}],"about":[{"href":"https:\/\/dadade.eu\/index.php?rest_route=\/wp\/v2\/types\/product"}],"wp:featuredmedia":[{"embeddable":true,"href":"https:\/\/dadade.eu\/index.php?rest_route=\/wp\/v2\/media\/9482"}],"wp:attachment":[{"href":"https:\/\/dadade.eu\/index.php?rest_route=%2Fwp%2Fv2%2Fmedia&parent=9462"}],"wp:term":[{"taxonomy":"product_brand","embeddable":true,"href":"https:\/\/dadade.eu\/index.php?rest_route=%2Fwp%2Fv2%2Fproduct_brand&post=9462"},{"taxonomy":"product_cat","embeddable":true,"href":"https:\/\/dadade.eu\/index.php?rest_route=%2Fwp%2Fv2%2Fproduct_cat&post=9462"},{"taxonomy":"product_tag","embeddable":true,"href":"https:\/\/dadade.eu\/index.php?rest_route=%2Fwp%2Fv2%2Fproduct_tag&post=9462"}],"curies":[{"name":"wp","href":"https:\/\/api.w.org\/{rel}","templated":true}]}}