{"id":9446,"date":"2017-04-16T16:41:44","date_gmt":"2017-04-16T14:41:44","guid":{"rendered":"https:\/\/dadade.eu\/?post_type=product&#038;p=9446"},"modified":"2023-07-29T22:08:58","modified_gmt":"2023-07-29T20:08:58","slug":"eierwaermer-auto-h211e","status":"publish","type":"product","link":"https:\/\/dadade.eu\/?product=eierwaermer-auto-h211e","title":{"rendered":"Eierw\u00e4rmer Auto (H211E)"},"content":{"rendered":"<p><img fetchpriority=\"high\" decoding=\"async\" class=\"alignnone wp-image-9458\" src=\"https:\/\/dadade.eu\/wp-content\/uploads\/2023\/02\/Eierwaermer-Auto-12-300x225.jpg\" alt=\"\" width=\"263\" height=\"197\" srcset=\"https:\/\/dadade.eu\/wp-content\/uploads\/2023\/02\/Eierwaermer-Auto-12-300x225.jpg 300w, https:\/\/dadade.eu\/wp-content\/uploads\/2023\/02\/Eierwaermer-Auto-12-600x450.jpg 600w, https:\/\/dadade.eu\/wp-content\/uploads\/2023\/02\/Eierwaermer-Auto-12-64x48.jpg 64w, https:\/\/dadade.eu\/wp-content\/uploads\/2023\/02\/Eierwaermer-Auto-12-1024x768.jpg 1024w, https:\/\/dadade.eu\/wp-content\/uploads\/2023\/02\/Eierwaermer-Auto-12-768x576.jpg 768w, https:\/\/dadade.eu\/wp-content\/uploads\/2023\/02\/Eierwaermer-Auto-12.jpg 1400w\" sizes=\"(max-width: 263px) 100vw, 263px\" \/>Das Auto, ist ein witziger <strong>Eierw\u00e4rmer, <\/strong>nicht nur f\u00fcr gro\u00dfe und kleine Jungs.<\/p>\n<p>In seinem Anh\u00e4nger kann es auch das Salz oder, extra f\u00fcr uns Saarl\u00e4nder,\u00a0 das Maggi transportieren.<\/p>\n<p><img decoding=\"async\" class=\"alignnone wp-image-9460\" src=\"https:\/\/dadade.eu\/wp-content\/uploads\/2023\/02\/2022.05.22-Gina-Poser-x280657501_2226855774139702_4572608729158960492_n-191x300.jpg\" alt=\"\" width=\"161\" height=\"253\" srcset=\"https:\/\/dadade.eu\/wp-content\/uploads\/2023\/02\/2022.05.22-Gina-Poser-x280657501_2226855774139702_4572608729158960492_n-191x300.jpg 191w, https:\/\/dadade.eu\/wp-content\/uploads\/2023\/02\/2022.05.22-Gina-Poser-x280657501_2226855774139702_4572608729158960492_n-600x943.jpg 600w, https:\/\/dadade.eu\/wp-content\/uploads\/2023\/02\/2022.05.22-Gina-Poser-x280657501_2226855774139702_4572608729158960492_n-64x101.jpg 64w, https:\/\/dadade.eu\/wp-content\/uploads\/2023\/02\/2022.05.22-Gina-Poser-x280657501_2226855774139702_4572608729158960492_n-652x1024.jpg 652w, https:\/\/dadade.eu\/wp-content\/uploads\/2023\/02\/2022.05.22-Gina-Poser-x280657501_2226855774139702_4572608729158960492_n-768x1206.jpg 768w, https:\/\/dadade.eu\/wp-content\/uploads\/2023\/02\/2022.05.22-Gina-Poser-x280657501_2226855774139702_4572608729158960492_n.jpg 853w\" sizes=\"(max-width: 161px) 100vw, 161px\" \/> oder macht aus dem Auto einen Weinglas-Besch\u00fctzer, danke Gina f\u00fcr diese tolle Idee.<\/p>\n<p>Die Anleitung ist jedoch ausf\u00fchrlich mit vielen Bildern hinterlegt und wird auf je 15 Seiten Schritt-f\u00fcr-Schritt beschrieben!<\/p>\n<p>&nbsp;<\/p>\n<p>mehr Bilder von Haus und Deko<\/p>\n<p><a href=\"https:\/\/dadade.eu\/?p=6620\"><strong>KLICKE HIER<\/strong><\/a><\/p>\n<p>&nbsp;<\/p>\n<p>&nbsp;<\/p>\n<p>&nbsp;<\/p>\n","protected":false},"excerpt":{"rendered":"<div id=\"cc-m-13954443088\" class=\"j-module n j-text \">\n<p>Hier kauft man nur die H\u00e4kelanleitung f\u00fcr dieses tolle Auto, mit seinem coolen Anh\u00e4nger.<\/p>\n<p>Da macht das Fr\u00fchst\u00fcck doch noch viel mehr Spa\u00df, hier freut jeder ob Gro\u00df oder Klein, \u00fcber sein Fr\u00fchst\u00fccksei.<\/p>\n<p>Oder als Geschenkverpackung; das Auto kann auch ein kleines Geschenk mitnehmen.<\/p>\n<p>Das Auto kann man in verschiedenen Farben h\u00e4keln, und somit seine Wollreste verarbeiten.<\/p>\n<p>&nbsp;<\/p>\n<p>Das Auto wird mit Nadelst\u00e4rke 2; ungef\u00e4hr 9cm hoch, je nach Eierbecher<\/p>\n<p>&nbsp;<\/p>\n<\/div>\n","protected":false},"featured_media":9452,"template":"","meta":[],"product_brand":[],"product_cat":[56,48,383,388],"product_tag":[90,295,597,598,599,233,242,304,260,87,299,298,94,93,194,92,245,181,294,280,303,114,195,291,297,293,296,292,183,95,96],"class_list":{"0":"post-9446","1":"product","2":"type-product","3":"status-publish","4":"has-post-thumbnail","6":"product_cat-2einfach","7":"product_cat-haus-deko","8":"product_cat-tisch-dekoration","9":"product_cat-vatertag","10":"product_tag-amigurumi","11":"product_tag-anleitung","12":"product_tag-auto","13":"product_tag-auto-haekeln","14":"product_tag-auto-mit-anhaenger","15":"product_tag-dekoration","16":"product_tag-dekoration-haekeln","17":"product_tag-eierwaermer","18":"product_tag-fruehling","19":"product_tag-geschenk","20":"product_tag-geschenkidee","21":"product_tag-geschenkverpackung","22":"product_tag-haekelanleitung","23":"product_tag-haekeln","24":"product_tag-kind","25":"product_tag-kinder","26":"product_tag-kuschelige-haekeltiere","27":"product_tag-lustig","28":"product_tag-mitbringsel","29":"product_tag-muttertag","30":"product_tag-nest","31":"product_tag-ostern","32":"product_tag-praesent","33":"product_tag-servietten","34":"product_tag-serviettenhalter","35":"product_tag-serviettenring","36":"product_tag-sommer","37":"product_tag-tischdekoration","38":"product_tag-witzig","39":"product_tag-wolle","40":"product_tag-wollreste","42":"first","43":"instock","44":"downloadable","45":"shipping-taxable","46":"purchasable","47":"product-type-simple"},"_links":{"self":[{"href":"https:\/\/dadade.eu\/index.php?rest_route=\/wp\/v2\/product\/9446","targetHints":{"allow":["GET"]}}],"collection":[{"href":"https:\/\/dadade.eu\/index.php?rest_route=\/wp\/v2\/product"}],"about":[{"href":"https:\/\/dadade.eu\/index.php?rest_route=\/wp\/v2\/types\/product"}],"wp:featuredmedia":[{"embeddable":true,"href":"https:\/\/dadade.eu\/index.php?rest_route=\/wp\/v2\/media\/9452"}],"wp:attachment":[{"href":"https:\/\/dadade.eu\/index.php?rest_route=%2Fwp%2Fv2%2Fmedia&parent=9446"}],"wp:term":[{"taxonomy":"product_brand","embeddable":true,"href":"https:\/\/dadade.eu\/index.php?rest_route=%2Fwp%2Fv2%2Fproduct_brand&post=9446"},{"taxonomy":"product_cat","embeddable":true,"href":"https:\/\/dadade.eu\/index.php?rest_route=%2Fwp%2Fv2%2Fproduct_cat&post=9446"},{"taxonomy":"product_tag","embeddable":true,"href":"https:\/\/dadade.eu\/index.php?rest_route=%2Fwp%2Fv2%2Fproduct_tag&post=9446"}],"curies":[{"name":"wp","href":"https:\/\/api.w.org\/{rel}","templated":true}]}}