{"id":9416,"date":"2023-02-16T12:07:43","date_gmt":"2023-02-16T11:07:43","guid":{"rendered":"https:\/\/dadade.eu\/?post_type=product&#038;p=9416"},"modified":"2024-01-15T16:20:27","modified_gmt":"2024-01-15T15:20:27","slug":"bestecktasche-eierwaermer-oder-serviettenhalter-h200","status":"publish","type":"product","link":"https:\/\/dadade.eu\/?product=bestecktasche-eierwaermer-oder-serviettenhalter-h200","title":{"rendered":"H200 &#8211; H210 Bestecktasche, Eierw\u00e4rmer oder  Serviettenhalter"},"content":{"rendered":"<p>Mehr Artikel und Auswahl findet ihr in <strong><a href=\"https:\/\/dadade.eu\/?product_cat=tisch-dekoration\">Haus und Deko &#8211; Tischdekoration<\/a><\/strong><\/p>\n<p><img decoding=\"async\" class=\"alignnone wp-image-9422\" src=\"https:\/\/dadade.eu\/wp-content\/uploads\/2023\/02\/Bestecktasche-4-2-300x225.jpg\" alt=\"\" width=\"208\" height=\"156\" srcset=\"https:\/\/dadade.eu\/wp-content\/uploads\/2023\/02\/Bestecktasche-4-2-300x225.jpg 300w, https:\/\/dadade.eu\/wp-content\/uploads\/2023\/02\/Bestecktasche-4-2-600x450.jpg 600w, https:\/\/dadade.eu\/wp-content\/uploads\/2023\/02\/Bestecktasche-4-2-64x48.jpg 64w, https:\/\/dadade.eu\/wp-content\/uploads\/2023\/02\/Bestecktasche-4-2-1024x768.jpg 1024w, https:\/\/dadade.eu\/wp-content\/uploads\/2023\/02\/Bestecktasche-4-2-768x576.jpg 768w, https:\/\/dadade.eu\/wp-content\/uploads\/2023\/02\/Bestecktasche-4-2.jpg 1400w\" sizes=\"(max-width: 208px) 100vw, 208px\" \/><b> 4x Bestecktasche: <\/b>f\u00fcr das Besteck und auch noch f\u00fcr eine Serviette oder ein Geschenk,<\/p>\n<p><img decoding=\"async\" class=\"alignnone wp-image-9424\" src=\"https:\/\/dadade.eu\/wp-content\/uploads\/2023\/02\/Eierwaermer-4-1-300x225.jpg\" alt=\"\" width=\"210\" height=\"157\" srcset=\"https:\/\/dadade.eu\/wp-content\/uploads\/2023\/02\/Eierwaermer-4-1-300x225.jpg 300w, https:\/\/dadade.eu\/wp-content\/uploads\/2023\/02\/Eierwaermer-4-1-600x450.jpg 600w, https:\/\/dadade.eu\/wp-content\/uploads\/2023\/02\/Eierwaermer-4-1-64x48.jpg 64w, https:\/\/dadade.eu\/wp-content\/uploads\/2023\/02\/Eierwaermer-4-1-1024x768.jpg 1024w, https:\/\/dadade.eu\/wp-content\/uploads\/2023\/02\/Eierwaermer-4-1-768x576.jpg 768w, https:\/\/dadade.eu\/wp-content\/uploads\/2023\/02\/Eierwaermer-4-1.jpg 1400w\" sizes=\"(max-width: 210px) 100vw, 210px\" \/><strong>4x Eierw\u00e4rmer:<\/strong> sie halten das Fr\u00fchst\u00fccksei sch\u00f6n war und auch der L\u00f6ffel, oder eine Serviette hat Platz.<\/p>\n<p>\u00dcbrigens, die Eierw\u00e4rmer sind auch sch\u00f6ne Kantenhocker, oder man setzt sie auf einen meiner <strong><a href=\"https:\/\/dadade.eu\/?product_cat=kraenze\">Kr\u00e4nze<\/a><\/strong>.<\/p>\n<p><img decoding=\"async\" class=\"alignnone wp-image-9428\" src=\"https:\/\/dadade.eu\/wp-content\/uploads\/2023\/02\/Serviettenhalter-4-3-300x225.jpg\" alt=\"\" width=\"213\" height=\"160\" srcset=\"https:\/\/dadade.eu\/wp-content\/uploads\/2023\/02\/Serviettenhalter-4-3-300x225.jpg 300w, https:\/\/dadade.eu\/wp-content\/uploads\/2023\/02\/Serviettenhalter-4-3-600x450.jpg 600w, https:\/\/dadade.eu\/wp-content\/uploads\/2023\/02\/Serviettenhalter-4-3-64x48.jpg 64w, https:\/\/dadade.eu\/wp-content\/uploads\/2023\/02\/Serviettenhalter-4-3-1024x768.jpg 1024w, https:\/\/dadade.eu\/wp-content\/uploads\/2023\/02\/Serviettenhalter-4-3-768x576.jpg 768w, https:\/\/dadade.eu\/wp-content\/uploads\/2023\/02\/Serviettenhalter-4-3.jpg 1400w\" sizes=\"(max-width: 213px) 100vw, 213px\" \/><strong>4x Serviettenhalter; <\/strong>eigentlich gedacht f\u00fcr die Serviette sch\u00f6n zu dekorieren, aber auch als Geschenkverpackung der Hit.<\/p>\n<p>Diese Gesellen sind aber auch eine sch\u00f6ne Dekoration, an Ostern in einem K\u00f6rbchen in die Mitte als Tischdekoration stellen,<\/p>\n<p>oder an Muttertag<\/p>\n<p>Die Anleitungen sind ausf\u00fchrlich mit vielen Bildern hinterlegt und werden auf je 15 -20 Seiten Schritt-f\u00fcr-Schritt beschrieben!<\/p>\n<p>mehr Bilder von Haus und Deko<\/p>\n<p><a href=\"https:\/\/dadade.eu\/?p=6620\"><strong>KLICKE HIER<\/strong><\/a><\/p>\n<p>&nbsp;<\/p>\n<p>&nbsp;<\/p>\n<p>&nbsp;<\/p>\n","protected":false},"excerpt":{"rendered":"<div id=\"cc-m-13954443088\" class=\"j-module n j-text \">\n<p>Hier kauft man nur die H\u00e4kelanleitung f\u00fcr diese tolle Tischdekorationen.<\/p>\n<p>Bestecktasche, Eierw\u00e4rmer und Serviettenhalter.<\/p>\n<p>Diese Gesellen sind auch eine sch\u00f6ne Dekoration, an Ostern in einem K\u00f6rbchen in die Mitte als Tischdekoration stellen,<\/p>\n<p>oder auch an Muttertag h\u00fcbsch anzusehen. Sie k\u00f6nnen auch Geschenke oder Gutscheine festhalten.<\/p>\n<p>Mit dieser Dekoration gibt es kein langweiliges Essen mehr.<\/p>\n<p>Das Trio ist auch prima geeignet, um Wollreste zu verarbeiten!<\/p>\n<p>Mehr Artikel und Auswahl findet ihr in <strong><a href=\"https:\/\/dadade.eu\/?product_cat=tisch-dekoration\">Haus und Deko &#8211; Tischdekoration<\/a><\/strong><\/p>\n<p>mit der Nadelst\u00e4rke 2, und ohne Ohren sind die Bestecktaschen, ungef\u00e4hr 15cm hoch<\/p>\n<p>die Eierbecher, ca 14cm hoch, je nach Eierbecher<\/p>\n<p>die Serviettenhalter, ca 12cm hoch<\/p>\n<\/div>\n","protected":false},"featured_media":9430,"template":"","meta":[],"product_brand":[],"product_cat":[56,16,49,51,48,387,383],"product_tag":[90,295,300,233,242,304,254,260,87,299,298,595,94,93,578,593,194,92,245,181,100,294,280,592,303,114,195,390,291,297,293,296,292,539,398,302,183,95,96],"class_list":{"0":"post-9416","1":"product","2":"type-product","3":"status-publish","4":"has-post-thumbnail","6":"product_cat-2einfach","7":"product_cat-alle","8":"product_cat-dekoration-mit-herz","9":"product_cat-fruehling-ostern","10":"product_cat-haus-deko","11":"product_cat-muttertag","12":"product_cat-tisch-dekoration","13":"product_tag-amigurumi","14":"product_tag-anleitung","15":"product_tag-bestecktasche","16":"product_tag-dekoration","17":"product_tag-dekoration-haekeln","18":"product_tag-eierwaermer","19":"product_tag-ente","20":"product_tag-fruehling","21":"product_tag-geschenk","22":"product_tag-geschenkidee","23":"product_tag-geschenkverpackung","24":"product_tag-hahn","25":"product_tag-haekelanleitung","26":"product_tag-haekeln","27":"product_tag-henne","28":"product_tag-huhn","29":"product_tag-kind","30":"product_tag-kinder","31":"product_tag-kuschelige-haekeltiere","32":"product_tag-lustig","33":"product_tag-marienkaefer","34":"product_tag-mitbringsel","35":"product_tag-muttertag","36":"product_tag-muttertag-haekeln","37":"product_tag-nest","38":"product_tag-ostern","39":"product_tag-praesent","40":"product_tag-schmetterling","41":"product_tag-servietten","42":"product_tag-serviettenhalter","43":"product_tag-serviettenring","44":"product_tag-sommer","45":"product_tag-tischdekoration","46":"product_tag-wildente","47":"product_tag-wildente-haekeln","48":"product_tag-winter","49":"product_tag-witzig","50":"product_tag-wolle","51":"product_tag-wollreste","53":"first","54":"instock","55":"shipping-taxable","56":"purchasable","57":"product-type-variable"},"_links":{"self":[{"href":"https:\/\/dadade.eu\/index.php?rest_route=\/wp\/v2\/product\/9416","targetHints":{"allow":["GET"]}}],"collection":[{"href":"https:\/\/dadade.eu\/index.php?rest_route=\/wp\/v2\/product"}],"about":[{"href":"https:\/\/dadade.eu\/index.php?rest_route=\/wp\/v2\/types\/product"}],"wp:featuredmedia":[{"embeddable":true,"href":"https:\/\/dadade.eu\/index.php?rest_route=\/wp\/v2\/media\/9430"}],"wp:attachment":[{"href":"https:\/\/dadade.eu\/index.php?rest_route=%2Fwp%2Fv2%2Fmedia&parent=9416"}],"wp:term":[{"taxonomy":"product_brand","embeddable":true,"href":"https:\/\/dadade.eu\/index.php?rest_route=%2Fwp%2Fv2%2Fproduct_brand&post=9416"},{"taxonomy":"product_cat","embeddable":true,"href":"https:\/\/dadade.eu\/index.php?rest_route=%2Fwp%2Fv2%2Fproduct_cat&post=9416"},{"taxonomy":"product_tag","embeddable":true,"href":"https:\/\/dadade.eu\/index.php?rest_route=%2Fwp%2Fv2%2Fproduct_tag&post=9416"}],"curies":[{"name":"wp","href":"https:\/\/api.w.org\/{rel}","templated":true}]}}