{"id":9350,"date":"2017-02-15T19:35:25","date_gmt":"2017-02-15T18:35:25","guid":{"rendered":"https:\/\/dadade.eu\/?post_type=product&#038;p=9350"},"modified":"2024-01-09T21:02:24","modified_gmt":"2024-01-09T20:02:24","slug":"trio-tisch-set-huhn-bestecktasche-eierwaermer-serviettenhalter-h202","status":"publish","type":"product","link":"https:\/\/dadade.eu\/?product=trio-tisch-set-huhn-bestecktasche-eierwaermer-serviettenhalter-h202","title":{"rendered":"Trio Tisch-Set Huhn, Bestecktasche, Eierw\u00e4rmer, Serviettenhalter, (H202)"},"content":{"rendered":"<p><img decoding=\"async\" class=\"alignnone wp-image-9355\" src=\"https:\/\/dadade.eu\/wp-content\/uploads\/2023\/02\/Bestecktasche-Huhn-bunt-11-300x225.jpg\" alt=\"\" width=\"212\" height=\"159\" srcset=\"https:\/\/dadade.eu\/wp-content\/uploads\/2023\/02\/Bestecktasche-Huhn-bunt-11-300x225.jpg 300w, https:\/\/dadade.eu\/wp-content\/uploads\/2023\/02\/Bestecktasche-Huhn-bunt-11-600x450.jpg 600w, https:\/\/dadade.eu\/wp-content\/uploads\/2023\/02\/Bestecktasche-Huhn-bunt-11-64x48.jpg 64w, https:\/\/dadade.eu\/wp-content\/uploads\/2023\/02\/Bestecktasche-Huhn-bunt-11-1024x768.jpg 1024w, https:\/\/dadade.eu\/wp-content\/uploads\/2023\/02\/Bestecktasche-Huhn-bunt-11-768x576.jpg 768w, https:\/\/dadade.eu\/wp-content\/uploads\/2023\/02\/Bestecktasche-Huhn-bunt-11-1536x1152.jpg 1536w, https:\/\/dadade.eu\/wp-content\/uploads\/2023\/02\/Bestecktasche-Huhn-bunt-11-2048x1536.jpg 2048w\" sizes=\"(max-width: 212px) 100vw, 212px\" \/> Die bunte Huhn ist eine ganz besondere <strong>Bestecktasche<\/strong>. Das Huhn kann auch noch ein Geschenk, oder etwas S\u00fc\u00dfes festhalten, oder du steckst die Serviette vorne in die H\u00e4nde.<\/p>\n<p><img decoding=\"async\" class=\"alignnone wp-image-9356\" src=\"https:\/\/dadade.eu\/wp-content\/uploads\/2023\/02\/Eierwaermer-Huhn-bunt-9-300x225.jpg\" alt=\"\" width=\"214\" height=\"160\" srcset=\"https:\/\/dadade.eu\/wp-content\/uploads\/2023\/02\/Eierwaermer-Huhn-bunt-9-300x225.jpg 300w, https:\/\/dadade.eu\/wp-content\/uploads\/2023\/02\/Eierwaermer-Huhn-bunt-9-600x450.jpg 600w, https:\/\/dadade.eu\/wp-content\/uploads\/2023\/02\/Eierwaermer-Huhn-bunt-9-64x48.jpg 64w, https:\/\/dadade.eu\/wp-content\/uploads\/2023\/02\/Eierwaermer-Huhn-bunt-9-1024x768.jpg 1024w, https:\/\/dadade.eu\/wp-content\/uploads\/2023\/02\/Eierwaermer-Huhn-bunt-9-768x576.jpg 768w, https:\/\/dadade.eu\/wp-content\/uploads\/2023\/02\/Eierwaermer-Huhn-bunt-9-1536x1152.jpg 1536w, https:\/\/dadade.eu\/wp-content\/uploads\/2023\/02\/Eierwaermer-Huhn-bunt-9-2048x1536.jpg 2048w\" sizes=\"(max-width: 214px) 100vw, 214px\" \/>Das Huhn, der witziger <strong>Eierw\u00e4rmer<\/strong>. Das Huhn kann auch noch den Eierl\u00f6ffel halten, oder du steckst die Serviette vorne in die Fl\u00fcgel.<\/p>\n<p><img decoding=\"async\" class=\"alignnone wp-image-9357\" src=\"https:\/\/dadade.eu\/wp-content\/uploads\/2023\/02\/Serviettenhalter-Huhn-bunt-3-300x225.jpg\" alt=\"\" width=\"213\" height=\"160\" srcset=\"https:\/\/dadade.eu\/wp-content\/uploads\/2023\/02\/Serviettenhalter-Huhn-bunt-3-300x225.jpg 300w, https:\/\/dadade.eu\/wp-content\/uploads\/2023\/02\/Serviettenhalter-Huhn-bunt-3-600x450.jpg 600w, https:\/\/dadade.eu\/wp-content\/uploads\/2023\/02\/Serviettenhalter-Huhn-bunt-3-64x48.jpg 64w, https:\/\/dadade.eu\/wp-content\/uploads\/2023\/02\/Serviettenhalter-Huhn-bunt-3-1024x768.jpg 1024w, https:\/\/dadade.eu\/wp-content\/uploads\/2023\/02\/Serviettenhalter-Huhn-bunt-3-768x576.jpg 768w, https:\/\/dadade.eu\/wp-content\/uploads\/2023\/02\/Serviettenhalter-Huhn-bunt-3-1536x1152.jpg 1536w, https:\/\/dadade.eu\/wp-content\/uploads\/2023\/02\/Serviettenhalter-Huhn-bunt-3-2048x1536.jpg 2048w\" sizes=\"(max-width: 213px) 100vw, 213px\" \/>Der <strong>Serviettenhalter<\/strong> Huhn, als Geschenkverpackung; das Huhn kann auch ein kleines Geschenk festhalten oder als Kantensitzer verwendet werden, z.B. ein kleines P\u00e4ckchen f\u00fcr Muttertag.<\/p>\n<p>Oder man kann Ihn auch in ein Osterk\u00f6rbchen setzten und als Tischdekoration in die Mitte stellen.<\/p>\n<p>Die Anleitung ist jedoch ausf\u00fchrlich mit vielen Bildern hinterlegt und wird auf je 17 Seiten Schritt-f\u00fcr-Schritt beschrieben!<\/p>\n<p>mehr Bilder von Haus und Deko<\/p>\n<p><a href=\"https:\/\/dadade.eu\/?p=6620\"><strong>KLICKE HIER<\/strong><\/a><\/p>\n<p>&nbsp;<\/p>\n<p>&nbsp;<\/p>\n<p>&nbsp;<\/p>\n","protected":false},"excerpt":{"rendered":"<div id=\"cc-m-13954443088\" class=\"j-module n j-text \">\n<p>Hier kauft man nur die H\u00e4kelanleitung f\u00fcr diese tolle Trio, ob einzeln oder das ganze Set &#8211; man hat die Wahl.<\/p>\n<p>Jedes Fr\u00fchst\u00fcck, nicht nur an Ostern, wird mit den H\u00fchner bunt und lustig, vor allem auch wegen den bunten Pullis.<\/p>\n<p>Ob einzeln oder alle Drei zusammen, da wird das gemeinsame Essen zum richtigen Spa\u00df.<\/p>\n<p>Das Trio ist auch prima geeignet, um Wollreste zu verarbeiten!<\/p>\n<p>&nbsp;<\/p>\n<p>Das Huhn wird mit Nadelst\u00e4rke 2; ungef\u00e4hr 15cm hoch<\/p>\n<p>&nbsp;<\/p>\n<\/div>\n","protected":false},"featured_media":9370,"template":"","meta":[],"product_brand":[],"product_cat":[56,51,48,387,383],"product_tag":[90,295,300,233,242,304,260,87,299,298,595,94,93,578,594,593,577,194,92,245,181,294,280,592,303,114,195,291,297,293,296,292,302,183,95,96],"class_list":{"0":"post-9350","1":"product","2":"type-product","3":"status-publish","4":"has-post-thumbnail","6":"product_cat-2einfach","7":"product_cat-fruehling-ostern","8":"product_cat-haus-deko","9":"product_cat-muttertag","10":"product_cat-tisch-dekoration","11":"product_tag-amigurumi","12":"product_tag-anleitung","13":"product_tag-bestecktasche","14":"product_tag-dekoration","15":"product_tag-dekoration-haekeln","16":"product_tag-eierwaermer","17":"product_tag-fruehling","18":"product_tag-geschenk","19":"product_tag-geschenkidee","20":"product_tag-geschenkverpackung","21":"product_tag-hahn","22":"product_tag-haekelanleitung","23":"product_tag-haekeln","24":"product_tag-henne","25":"product_tag-henne-haekeln","26":"product_tag-huhn","27":"product_tag-huhn-haekeln","28":"product_tag-kind","29":"product_tag-kinder","30":"product_tag-kuschelige-haekeltiere","31":"product_tag-lustig","32":"product_tag-mitbringsel","33":"product_tag-muttertag","34":"product_tag-muttertag-haekeln","35":"product_tag-nest","36":"product_tag-ostern","37":"product_tag-praesent","38":"product_tag-servietten","39":"product_tag-serviettenhalter","40":"product_tag-serviettenring","41":"product_tag-sommer","42":"product_tag-tischdekoration","43":"product_tag-winter","44":"product_tag-witzig","45":"product_tag-wolle","46":"product_tag-wollreste","48":"first","49":"instock","50":"shipping-taxable","51":"purchasable","52":"product-type-variable"},"_links":{"self":[{"href":"https:\/\/dadade.eu\/index.php?rest_route=\/wp\/v2\/product\/9350","targetHints":{"allow":["GET"]}}],"collection":[{"href":"https:\/\/dadade.eu\/index.php?rest_route=\/wp\/v2\/product"}],"about":[{"href":"https:\/\/dadade.eu\/index.php?rest_route=\/wp\/v2\/types\/product"}],"wp:featuredmedia":[{"embeddable":true,"href":"https:\/\/dadade.eu\/index.php?rest_route=\/wp\/v2\/media\/9370"}],"wp:attachment":[{"href":"https:\/\/dadade.eu\/index.php?rest_route=%2Fwp%2Fv2%2Fmedia&parent=9350"}],"wp:term":[{"taxonomy":"product_brand","embeddable":true,"href":"https:\/\/dadade.eu\/index.php?rest_route=%2Fwp%2Fv2%2Fproduct_brand&post=9350"},{"taxonomy":"product_cat","embeddable":true,"href":"https:\/\/dadade.eu\/index.php?rest_route=%2Fwp%2Fv2%2Fproduct_cat&post=9350"},{"taxonomy":"product_tag","embeddable":true,"href":"https:\/\/dadade.eu\/index.php?rest_route=%2Fwp%2Fv2%2Fproduct_tag&post=9350"}],"curies":[{"name":"wp","href":"https:\/\/api.w.org\/{rel}","templated":true}]}}