{"id":9325,"date":"2017-03-15T15:50:58","date_gmt":"2017-03-15T14:50:58","guid":{"rendered":"https:\/\/dadade.eu\/?post_type=product&#038;p=9325"},"modified":"2023-06-09T15:05:59","modified_gmt":"2023-06-09T13:05:59","slug":"trio-tisch-set-wildente-bestecktasche-eierwaermer-serviettenhalter-h205","status":"publish","type":"product","link":"https:\/\/dadade.eu\/?product=trio-tisch-set-wildente-bestecktasche-eierwaermer-serviettenhalter-h205","title":{"rendered":"Trio Tisch-Set Wildente, Bestecktasche, Eierw\u00e4rmer, Serviettenhalter, (H205)"},"content":{"rendered":"<p><img decoding=\"async\" class=\"alignnone wp-image-9330\" src=\"https:\/\/dadade.eu\/wp-content\/uploads\/2023\/02\/Bestecktasche-Wild-Ente-10-300x225.jpg\" alt=\"\" width=\"211\" height=\"158\" srcset=\"https:\/\/dadade.eu\/wp-content\/uploads\/2023\/02\/Bestecktasche-Wild-Ente-10-300x225.jpg 300w, https:\/\/dadade.eu\/wp-content\/uploads\/2023\/02\/Bestecktasche-Wild-Ente-10-600x450.jpg 600w, https:\/\/dadade.eu\/wp-content\/uploads\/2023\/02\/Bestecktasche-Wild-Ente-10-64x48.jpg 64w, https:\/\/dadade.eu\/wp-content\/uploads\/2023\/02\/Bestecktasche-Wild-Ente-10-1024x768.jpg 1024w, https:\/\/dadade.eu\/wp-content\/uploads\/2023\/02\/Bestecktasche-Wild-Ente-10-768x576.jpg 768w, https:\/\/dadade.eu\/wp-content\/uploads\/2023\/02\/Bestecktasche-Wild-Ente-10.jpg 1400w\" sizes=\"(max-width: 211px) 100vw, 211px\" \/> Die Wildente ist eine ganz besondere <strong>Bestecktasche<\/strong>. Die Ente kann auch noch ein Geschenk, oder etwas S\u00fc\u00dfes festhalten, oder du steckst die Serviette vorne in die H\u00e4nde.<\/p>\n<p><img decoding=\"async\" class=\"alignnone wp-image-9331\" src=\"https:\/\/dadade.eu\/wp-content\/uploads\/2023\/02\/Eierwaermer-Wild-Ente-9-300x225.jpg\" alt=\"\" width=\"208\" height=\"156\" srcset=\"https:\/\/dadade.eu\/wp-content\/uploads\/2023\/02\/Eierwaermer-Wild-Ente-9-300x225.jpg 300w, https:\/\/dadade.eu\/wp-content\/uploads\/2023\/02\/Eierwaermer-Wild-Ente-9-600x450.jpg 600w, https:\/\/dadade.eu\/wp-content\/uploads\/2023\/02\/Eierwaermer-Wild-Ente-9-64x48.jpg 64w, https:\/\/dadade.eu\/wp-content\/uploads\/2023\/02\/Eierwaermer-Wild-Ente-9-1024x768.jpg 1024w, https:\/\/dadade.eu\/wp-content\/uploads\/2023\/02\/Eierwaermer-Wild-Ente-9-768x576.jpg 768w, https:\/\/dadade.eu\/wp-content\/uploads\/2023\/02\/Eierwaermer-Wild-Ente-9.jpg 1400w\" sizes=\"(max-width: 208px) 100vw, 208px\" \/>Die Wildente, der witziger <strong>Eierw\u00e4rmer<\/strong>. Die Ente kann auch noch den Eierl\u00f6ffel halten, oder du steckst die Serviette vorne in die Fl\u00fcgel. Am Muttertag kann die Ente auch ein kleines Herz tragen.<\/p>\n<p><img decoding=\"async\" class=\"alignnone wp-image-9332\" src=\"https:\/\/dadade.eu\/wp-content\/uploads\/2023\/02\/Serviettenhalter-Wild-Ente-1-300x225.jpg\" alt=\"\" width=\"203\" height=\"152\" srcset=\"https:\/\/dadade.eu\/wp-content\/uploads\/2023\/02\/Serviettenhalter-Wild-Ente-1-300x225.jpg 300w, https:\/\/dadade.eu\/wp-content\/uploads\/2023\/02\/Serviettenhalter-Wild-Ente-1-600x450.jpg 600w, https:\/\/dadade.eu\/wp-content\/uploads\/2023\/02\/Serviettenhalter-Wild-Ente-1-64x48.jpg 64w, https:\/\/dadade.eu\/wp-content\/uploads\/2023\/02\/Serviettenhalter-Wild-Ente-1-1024x768.jpg 1024w, https:\/\/dadade.eu\/wp-content\/uploads\/2023\/02\/Serviettenhalter-Wild-Ente-1-768x576.jpg 768w, https:\/\/dadade.eu\/wp-content\/uploads\/2023\/02\/Serviettenhalter-Wild-Ente-1.jpg 1400w\" sizes=\"(max-width: 203px) 100vw, 203px\" \/>Der <strong>Serviettenhalter<\/strong> Wildente, als Geschenkverpackung; die Ente kann auch ein kleines Geschenk festhalten oder als Kantensitzer verwendet werden<\/p>\n<p>Oder man kann Ihn auch in ein Osterk\u00f6rbchen setzten und als Tischdekoration in die Mitte stellen.<\/p>\n<p>Die Anleitung ist jedoch ausf\u00fchrlich mit vielen Bildern hinterlegt und wird auf je 17 Seiten Schritt-f\u00fcr-Schritt beschrieben!<\/p>\n<p>mehr Bilder von Haus und Deko<\/p>\n<p><a href=\"https:\/\/dadade.eu\/?p=6620\"><strong>KLICKE HIER<\/strong><\/a><\/p>\n<p>&nbsp;<\/p>\n<p>&nbsp;<\/p>\n<p>&nbsp;<\/p>\n","protected":false},"excerpt":{"rendered":"<div id=\"cc-m-13954443088\" class=\"j-module n j-text \">\n<p>Hier kauft man nur die H\u00e4kelanleitung f\u00fcr diese tolle Trio, ob einzeln oder das ganze Set &#8211; man hat die Wahl.<\/p>\n<p>Jedes Fr\u00fchst\u00fcck, nicht nur an Ostern, wird mit den Wildenten bunt und lustig.<\/p>\n<p>Ob einzeln oder alle Drei zusammen, da wird das gemeinsame Essen zum richtigen Spa\u00df.<\/p>\n<p>Das Trio ist auch prima geeignet, um Wollreste zu verarbeiten!<\/p>\n<p>H\u00e4kelt doch mal bunte K\u00e4fer.<\/p>\n<p>&nbsp;<\/p>\n<p>Die Wildente werden mit Nadelst\u00e4rke 2; ungef\u00e4hr 15cm hoch<\/p>\n<p>&nbsp;<\/p>\n<\/div>\n","protected":false},"featured_media":9343,"template":"","meta":[],"product_brand":[],"product_cat":[56,51,48,387,383],"product_tag":[90,295,300,233,242,304,254,260,87,299,298,94,93,194,92,245,181,294,280,592,303,114,195,291,297,293,296,292,539,398,302,183,95,96],"class_list":{"0":"post-9325","1":"product","2":"type-product","3":"status-publish","4":"has-post-thumbnail","6":"product_cat-2einfach","7":"product_cat-fruehling-ostern","8":"product_cat-haus-deko","9":"product_cat-muttertag","10":"product_cat-tisch-dekoration","11":"product_tag-amigurumi","12":"product_tag-anleitung","13":"product_tag-bestecktasche","14":"product_tag-dekoration","15":"product_tag-dekoration-haekeln","16":"product_tag-eierwaermer","17":"product_tag-ente","18":"product_tag-fruehling","19":"product_tag-geschenk","20":"product_tag-geschenkidee","21":"product_tag-geschenkverpackung","22":"product_tag-haekelanleitung","23":"product_tag-haekeln","24":"product_tag-kind","25":"product_tag-kinder","26":"product_tag-kuschelige-haekeltiere","27":"product_tag-lustig","28":"product_tag-mitbringsel","29":"product_tag-muttertag","30":"product_tag-muttertag-haekeln","31":"product_tag-nest","32":"product_tag-ostern","33":"product_tag-praesent","34":"product_tag-servietten","35":"product_tag-serviettenhalter","36":"product_tag-serviettenring","37":"product_tag-sommer","38":"product_tag-tischdekoration","39":"product_tag-wildente","40":"product_tag-wildente-haekeln","41":"product_tag-winter","42":"product_tag-witzig","43":"product_tag-wolle","44":"product_tag-wollreste","46":"first","47":"instock","48":"shipping-taxable","49":"purchasable","50":"product-type-variable"},"_links":{"self":[{"href":"https:\/\/dadade.eu\/index.php?rest_route=\/wp\/v2\/product\/9325","targetHints":{"allow":["GET"]}}],"collection":[{"href":"https:\/\/dadade.eu\/index.php?rest_route=\/wp\/v2\/product"}],"about":[{"href":"https:\/\/dadade.eu\/index.php?rest_route=\/wp\/v2\/types\/product"}],"wp:featuredmedia":[{"embeddable":true,"href":"https:\/\/dadade.eu\/index.php?rest_route=\/wp\/v2\/media\/9343"}],"wp:attachment":[{"href":"https:\/\/dadade.eu\/index.php?rest_route=%2Fwp%2Fv2%2Fmedia&parent=9325"}],"wp:term":[{"taxonomy":"product_brand","embeddable":true,"href":"https:\/\/dadade.eu\/index.php?rest_route=%2Fwp%2Fv2%2Fproduct_brand&post=9325"},{"taxonomy":"product_cat","embeddable":true,"href":"https:\/\/dadade.eu\/index.php?rest_route=%2Fwp%2Fv2%2Fproduct_cat&post=9325"},{"taxonomy":"product_tag","embeddable":true,"href":"https:\/\/dadade.eu\/index.php?rest_route=%2Fwp%2Fv2%2Fproduct_tag&post=9325"}],"curies":[{"name":"wp","href":"https:\/\/api.w.org\/{rel}","templated":true}]}}