{"id":9281,"date":"2020-02-14T19:24:09","date_gmt":"2020-02-14T18:24:09","guid":{"rendered":"https:\/\/dadade.eu\/?post_type=product&#038;p=9281"},"modified":"2024-01-12T18:39:01","modified_gmt":"2024-01-12T17:39:01","slug":"mrs-chicken-mr-nugget-die-verliebten-huehner-a144","status":"publish","type":"product","link":"https:\/\/dadade.eu\/?product=mrs-chicken-mr-nugget-die-verliebten-huehner-a144","title":{"rendered":"Glucke Mrs.Chicken &#038; Gockel Mr.Nugget, die Verliebten &#8211; Huhn &#038; Hahn (A144)"},"content":{"rendered":"<p>Das\u00a0verr\u00fcckteste Federvieh der H\u00e4kelwelt; Mrs. Chicken hat sich in Mr. Nugget verliebt.<\/p>\n<p>Ob das gut geht, mit den Beiden???<\/p>\n<p>&nbsp;<\/p>\n<p>Die Anleitung ist jedoch ausf\u00fchrlich mit vielen Bildern hinterlegt und wird auf je 30 Seiten Schritt-f\u00fcr-Schritt beschrieben!<\/p>\n<p>&nbsp;<\/p>\n<p>viele Bilder und Ideen von flei\u00dfigen Helfer und H\u00e4nden findet ihr hier<\/p>\n<p><strong><a href=\"https:\/\/dadade.eu\/?p=10298\" target=\"_blank\" rel=\"noopener\">VIELE TOLLE BILDER<\/a><\/strong><\/p>\n<p>&nbsp;<\/p>\n<p>&nbsp;<\/p>\n<p>&nbsp;<\/p>\n","protected":false},"excerpt":{"rendered":"<div id=\"cc-m-13954443088\" class=\"j-module n j-text \">\n<p>Hier kauft man die H\u00e4kelanleitung f\u00fcr diese witzigen H\u00fchner.<\/p>\n<p>Glucke Mrs. Chicken und Gockel Mr. Nugget geben sich hier die Ehre.<\/p>\n<p>Mrs. Chicken ist ein stolzes Huhn und total in ihren Gockel Mr. Nugget verknallt.<\/p>\n<p>Diese Beiden sind die perfekte Dekoration, oder einfach als Kuscheltier f\u00fcr Gro\u00df und Klein.<\/p>\n<p>Die H\u00fchner sind nicht nur f\u00fcr das Osterfest der Knaller.<\/p>\n<p>Mit dem Kauf erh\u00e4lt man eine leicht verst\u00e4ndliche H\u00e4kelanleitung im praktischen PDF-Format.<\/p>\n<p>Die Anleitung ist auch schon f\u00fcr Anf\u00e4nger geeignet.<\/p>\n<p>&nbsp;<\/p>\n<p>Die Beiden werden mit der Nadelst\u00e4rke 4; im Sitzen je ca 36cm hoch und mit F\u00fc\u00dfen 38cm lang<\/p>\n<\/div>\n<div id=\"cc-m-13954443188\" class=\"j-module n j-text \">\n<p>&nbsp;<\/p>\n<\/div>\n","protected":false},"featured_media":9294,"template":"","meta":[],"product_brand":[],"product_cat":[57,35,39,501,70],"product_tag":[90,89,242,87,575,574,576,94,93,113,110,578,577,579,580,92,245,180,88,243,244,114,91,392,95],"class_list":{"0":"post-9281","1":"product","2":"type-product","3":"status-publish","4":"has-post-thumbnail","6":"product_cat-3mittel","7":"product_cat-amigurumi","8":"product_cat-amigurumis-zum-kuscheln","9":"product_cat-ostern-amigurumi","10":"product_cat-maxi","11":"product_tag-amigurumi","12":"product_tag-baby","13":"product_tag-dekoration-haekeln","14":"product_tag-geschenk","15":"product_tag-glucke","16":"product_tag-gockel","17":"product_tag-hahn-haekeln","18":"product_tag-haekelanleitung","19":"product_tag-haekeln","20":"product_tag-hase","21":"product_tag-hase-haekeln","22":"product_tag-henne","23":"product_tag-huhn-haekeln","24":"product_tag-huehner","25":"product_tag-huehner-haekeln","26":"product_tag-kinder","27":"product_tag-kuschelige-haekeltiere","28":"product_tag-kuscheltier","29":"product_tag-kuscheltier-haekeln","30":"product_tag-kuschelwolle","31":"product_tag-kuschelwolle-haekeln","32":"product_tag-ostern","33":"product_tag-plueschtier","34":"product_tag-plueschtier-haekeln","35":"product_tag-wolle","37":"first","38":"instock","39":"purchasable","40":"product-type-variable"},"_links":{"self":[{"href":"https:\/\/dadade.eu\/index.php?rest_route=\/wp\/v2\/product\/9281","targetHints":{"allow":["GET"]}}],"collection":[{"href":"https:\/\/dadade.eu\/index.php?rest_route=\/wp\/v2\/product"}],"about":[{"href":"https:\/\/dadade.eu\/index.php?rest_route=\/wp\/v2\/types\/product"}],"wp:featuredmedia":[{"embeddable":true,"href":"https:\/\/dadade.eu\/index.php?rest_route=\/wp\/v2\/media\/9294"}],"wp:attachment":[{"href":"https:\/\/dadade.eu\/index.php?rest_route=%2Fwp%2Fv2%2Fmedia&parent=9281"}],"wp:term":[{"taxonomy":"product_brand","embeddable":true,"href":"https:\/\/dadade.eu\/index.php?rest_route=%2Fwp%2Fv2%2Fproduct_brand&post=9281"},{"taxonomy":"product_cat","embeddable":true,"href":"https:\/\/dadade.eu\/index.php?rest_route=%2Fwp%2Fv2%2Fproduct_cat&post=9281"},{"taxonomy":"product_tag","embeddable":true,"href":"https:\/\/dadade.eu\/index.php?rest_route=%2Fwp%2Fv2%2Fproduct_tag&post=9281"}],"curies":[{"name":"wp","href":"https:\/\/api.w.org\/{rel}","templated":true}]}}