{"id":9277,"date":"2023-02-14T18:27:26","date_gmt":"2023-02-14T17:27:26","guid":{"rendered":"https:\/\/dadade.eu\/?post_type=product&#038;p=9277"},"modified":"2023-04-11T14:11:40","modified_gmt":"2023-04-11T12:11:40","slug":"das-kleine-herz-00","status":"publish","type":"product","link":"https:\/\/dadade.eu\/?product=das-kleine-herz-00","title":{"rendered":"Das kleine Herz (00)"},"content":{"rendered":"<p>Das kleine Herz wird auf 5 Seiten Schritt-f\u00fcr-Schritt beschrieben!<\/p>\n<p>die Anleitung ist schon f\u00fcr ge\u00fcbte Anf\u00e4nger geeignet<\/p>\n<p>&nbsp;<\/p>\n<p>&nbsp;<\/p>\n<p>&nbsp;<\/p>\n<p>&nbsp;<\/p>\n<p>&nbsp;<\/p>\n","protected":false},"excerpt":{"rendered":"<div id=\"cc-m-13954443088\" class=\"j-module n j-text \">\n<p>Das kleine Herz wird auf 5 Seiten Schritt-f\u00fcr-Schritt beschrieben!<\/p>\n<p>Dieses Herz eignet sich hervorragend, um Wollreste zu verarbeiten.<\/p>\n<p>Es ist ein kleines Projekt mit viele M\u00f6glichkeiten, z.B. auch als Nadelkissen<\/p>\n<p>Man erh\u00e4lt eine leicht verst\u00e4ndliche H\u00e4kelanleitung im praktischen PDF-Format.<\/p>\n<p>Die Anleitung ist auch schon f\u00fcr Anf\u00e4nger geeignet.<\/p>\n<p>Mit Nadelst\u00e4rke 2,5 geh\u00e4kelt, wird das Herz ungef\u00e4hr; 7,5 cm hoch und 8,5 cm breit<\/p>\n<\/div>\n<div id=\"cc-m-13954443188\" class=\"j-module n j-text \">\n<p>&nbsp;<\/p>\n<\/div>\n","protected":false},"featured_media":9280,"template":"","meta":[],"product_brand":[],"product_cat":[55,49,66,389],"product_tag":[90,87,94,93,279,278,92,88,95,96],"class_list":{"0":"post-9277","1":"product","2":"type-product","3":"status-publish","4":"has-post-thumbnail","6":"product_cat-1sehr-einfach","7":"product_cat-dekoration-mit-herz","8":"product_cat-mini","9":"product_cat-valentinstag","10":"product_tag-amigurumi","11":"product_tag-geschenk","12":"product_tag-haekelanleitung","13":"product_tag-haekeln","14":"product_tag-herz","15":"product_tag-herz-haekeln","16":"product_tag-kinder","17":"product_tag-kuscheltier-haekeln","18":"product_tag-wolle","19":"product_tag-wollreste","21":"first","22":"instock","23":"downloadable","24":"sold-individually","25":"purchasable","26":"product-type-simple"},"_links":{"self":[{"href":"https:\/\/dadade.eu\/index.php?rest_route=\/wp\/v2\/product\/9277","targetHints":{"allow":["GET"]}}],"collection":[{"href":"https:\/\/dadade.eu\/index.php?rest_route=\/wp\/v2\/product"}],"about":[{"href":"https:\/\/dadade.eu\/index.php?rest_route=\/wp\/v2\/types\/product"}],"wp:featuredmedia":[{"embeddable":true,"href":"https:\/\/dadade.eu\/index.php?rest_route=\/wp\/v2\/media\/9280"}],"wp:attachment":[{"href":"https:\/\/dadade.eu\/index.php?rest_route=%2Fwp%2Fv2%2Fmedia&parent=9277"}],"wp:term":[{"taxonomy":"product_brand","embeddable":true,"href":"https:\/\/dadade.eu\/index.php?rest_route=%2Fwp%2Fv2%2Fproduct_brand&post=9277"},{"taxonomy":"product_cat","embeddable":true,"href":"https:\/\/dadade.eu\/index.php?rest_route=%2Fwp%2Fv2%2Fproduct_cat&post=9277"},{"taxonomy":"product_tag","embeddable":true,"href":"https:\/\/dadade.eu\/index.php?rest_route=%2Fwp%2Fv2%2Fproduct_tag&post=9277"}],"curies":[{"name":"wp","href":"https:\/\/api.w.org\/{rel}","templated":true}]}}