{"id":9152,"date":"2021-03-14T12:41:45","date_gmt":"2021-03-14T11:41:45","guid":{"rendered":"https:\/\/dadade.eu\/?post_type=product&#038;p=9152"},"modified":"2023-02-17T00:09:28","modified_gmt":"2023-02-16T23:09:28","slug":"familie-giraffimo-die-3-giraffen-a161","status":"publish","type":"product","link":"https:\/\/dadade.eu\/?product=familie-giraffimo-die-3-giraffen-a161","title":{"rendered":"Familie GIRAFFIMO, die 3 Giraffen (A161)"},"content":{"rendered":"<p>Die Anleitung ist ausf\u00fchrlich mit vielen Bildern hinterlegt<\/p>\n<p>und wird auf 16 (Gismo), 12 (Gisela) und 10 (Gigi) Seiten Schritt-f\u00fcr-Schritt beschrieben!<\/p>\n<p>Sie ist auch schon f\u00fcr Anf\u00e4nger geeignet.<\/p>\n<p>auf Wunsch kann man noch Rassel oder Gl\u00f6ckchen in die Giraffe einarbeiten, dann haben auch die J\u00fcngsten ihr Vergn\u00fcgen damit<\/p>\n<p>&nbsp;<\/p>\n<p>MEHR VARIANTEN UND IDEEN von flei\u00dfigen Helfer und H\u00e4nden?<\/p>\n<p><a href=\"https:\/\/dadade.eu\/?p=6303\"><b>Klicke hier<\/b><\/a><\/p>\n<p>&nbsp;<\/p>\n<p>&nbsp;<\/p>\n<p>&nbsp;<\/p>\n","protected":false},"excerpt":{"rendered":"<div id=\"cc-m-13954443088\">\n<p>Hier kauft man die H\u00e4kelanleitung f\u00fcr diese 3 Giraffen, in 3 verschiedenen Gr\u00f6\u00dfen.<\/p>\n<p>Die Familie Giraffimo; bestehend aus Gismo, Gisela und Gigi<\/p>\n<p>Diese Familie wird jedes Kind schnell in sein Herz schlie\u00dfen.<\/p>\n<p>Wer kann diesen treue Giraffenaugen widerstehen<\/p>\n<p>Mit Wolle der Nadelst\u00e4rke 3 geh\u00e4kelt, werden die Giraffen ungef\u00e4hr;<\/p>\n<p>Gismo; 18cm lang und 32cm hoch<\/p>\n<p>Gisela; 14cm lang und 27cm hoch<\/p>\n<p>Gigi; 8cm lang und 22cm hoch<\/p>\n<p>Mit dem Kauf erh\u00e4lt man eine leicht verst\u00e4ndliche H\u00e4kelanleitung im praktischen PDF-Format.<\/p>\n<p>Die Anleitung ist auch schon f\u00fcr Anf\u00e4nger geeignet.<\/p>\n<\/div>\n<div id=\"cc-m-13954443188\" class=\"j-module n j-text \">\n<p>&nbsp;<\/p>\n<p>&nbsp;<\/p>\n<p>&nbsp;<\/p>\n<\/div>\n","protected":false},"featured_media":9178,"template":"","meta":[],"product_brand":[],"product_cat":[56,35,39,66,504],"product_tag":[90,242,87,568,205,566,94,93,92,567,245,180,88,243,244,392,395,95,96],"class_list":{"0":"post-9152","1":"product","2":"type-product","3":"status-publish","4":"has-post-thumbnail","6":"product_cat-2einfach","7":"product_cat-amigurumi","8":"product_cat-amigurumis-zum-kuscheln","9":"product_cat-mini","10":"product_cat-winter-weihnachten-krippe","11":"product_tag-amigurumi","12":"product_tag-dekoration-haekeln","13":"product_tag-geschenk","14":"product_tag-girafe","15":"product_tag-giraffe","16":"product_tag-giraffe-haeklen","17":"product_tag-haekelanleitung","18":"product_tag-haekeln","19":"product_tag-kinder","20":"product_tag-kuschelgiraffe","21":"product_tag-kuschelige-haekeltiere","22":"product_tag-kuscheltier","23":"product_tag-kuscheltier-haekeln","24":"product_tag-kuschelwolle","25":"product_tag-kuschelwolle-haekeln","26":"product_tag-plueschtier-haekeln","27":"product_tag-trampeltier","28":"product_tag-wolle","29":"product_tag-wollreste","31":"first","32":"instock","33":"downloadable","34":"shipping-taxable","35":"purchasable","36":"product-type-simple"},"_links":{"self":[{"href":"https:\/\/dadade.eu\/index.php?rest_route=\/wp\/v2\/product\/9152","targetHints":{"allow":["GET"]}}],"collection":[{"href":"https:\/\/dadade.eu\/index.php?rest_route=\/wp\/v2\/product"}],"about":[{"href":"https:\/\/dadade.eu\/index.php?rest_route=\/wp\/v2\/types\/product"}],"wp:featuredmedia":[{"embeddable":true,"href":"https:\/\/dadade.eu\/index.php?rest_route=\/wp\/v2\/media\/9178"}],"wp:attachment":[{"href":"https:\/\/dadade.eu\/index.php?rest_route=%2Fwp%2Fv2%2Fmedia&parent=9152"}],"wp:term":[{"taxonomy":"product_brand","embeddable":true,"href":"https:\/\/dadade.eu\/index.php?rest_route=%2Fwp%2Fv2%2Fproduct_brand&post=9152"},{"taxonomy":"product_cat","embeddable":true,"href":"https:\/\/dadade.eu\/index.php?rest_route=%2Fwp%2Fv2%2Fproduct_cat&post=9152"},{"taxonomy":"product_tag","embeddable":true,"href":"https:\/\/dadade.eu\/index.php?rest_route=%2Fwp%2Fv2%2Fproduct_tag&post=9152"}],"curies":[{"name":"wp","href":"https:\/\/api.w.org\/{rel}","templated":true}]}}