{"id":9090,"date":"2021-07-13T16:11:04","date_gmt":"2021-07-13T14:11:04","guid":{"rendered":"https:\/\/dadade.eu\/?post_type=product&#038;p=9090"},"modified":"2023-11-23T19:06:49","modified_gmt":"2023-11-23T18:06:49","slug":"hund-julian-das-boden-kissen-h156","status":"publish","type":"product","link":"https:\/\/dadade.eu\/?product=hund-julian-das-boden-kissen-h156","title":{"rendered":"Hund Julian, das Boden-Kissen (H156)"},"content":{"rendered":"<p>Das Boden-Kissen Hund ist kuschelig weich und ist ein absolutes Muss f\u00fcr alle kleinen Kuschelfreunde.<\/p>\n<p>Die Anleitung ist ausf\u00fchrlich mit vielen Bildern hinterlegt<\/p>\n<p>und wird auf 30 Seiten Schritt-f\u00fcr-Schritt beschrieben<\/p>\n<p>&nbsp;<\/p>\n<p>viele Bilder und Ideen von flei\u00dfigen Helfer und H\u00e4nden findet ihr hier<\/p>\n<p><strong><a href=\"https:\/\/dadade.eu\/?p=13760\">KLICKE HIER<\/a><\/strong><\/p>\n<p>mehr Infos findet ihr hier unten in <strong>ZUS\u00c4TZLICHE INFORMATIONEN<\/strong><\/p>\n<p>&nbsp;<\/p>\n<p>&nbsp;<\/p>\n<p>&nbsp;<\/p>\n","protected":false},"excerpt":{"rendered":"<div id=\"cc-m-13954443088\" class=\"j-module n j-text \">\n<p>Hier kauft man nur die H\u00e4kelanleitung f\u00fcr dieses tolle Kissen.<\/p>\n<p>Dieses Kissen ist weich, kuschelig und gro\u00df, riesen gro\u00df.<\/p>\n<p>Ideal als Geschenk f\u00fcr das Kinder-Zimmer,\u00a0die Kleinen werden begeistert sein, das Kissen zum Drauf-rum-toben und Kuscheln.<\/p>\n<p>So einen Hund muss jeder haben.<\/p>\n<p>Das Kissen wird mit der Nadelst\u00e4rke 10; ca 1m lang, ca 70cm hoch.<\/p>\n<p>mehr \u00fcber die Gr\u00f6\u00dfe findet ihr hier unten in\u00a0 <strong>ZUS\u00c4TZLICHE INFORMATIONEN<\/strong><\/p>\n<p>&nbsp;<\/p>\n<\/div>\n","protected":false},"featured_media":9095,"template":"","meta":[],"product_brand":[],"product_cat":[56,35,48,53,70],"product_tag":[90,561,242,87,560,94,93,319,323,194,92,246,245,250,180,243,244,181,195,95,96],"class_list":{"0":"post-9090","1":"product","2":"type-product","3":"status-publish","4":"has-post-thumbnail","6":"product_cat-2einfach","7":"product_cat-amigurumi","8":"product_cat-haus-deko","9":"product_cat-kissen","10":"product_cat-maxi","11":"product_tag-amigurumi","12":"product_tag-bodenkissen-hund","13":"product_tag-dekoration-haekeln","14":"product_tag-geschenk","15":"product_tag-grosser-hund","16":"product_tag-haekelanleitung","17":"product_tag-haekeln","18":"product_tag-hund","19":"product_tag-hund-haekeln","20":"product_tag-kind","21":"product_tag-kinder","22":"product_tag-kissen-haekeln","23":"product_tag-kuschelige-haekeltiere","24":"product_tag-kuschelige-kissen","25":"product_tag-kuscheltier","26":"product_tag-kuschelwolle","27":"product_tag-kuschelwolle-haekeln","28":"product_tag-lustig","29":"product_tag-praesent","30":"product_tag-wolle","31":"product_tag-wollreste","33":"first","34":"instock","35":"downloadable","36":"shipping-taxable","37":"purchasable","38":"product-type-simple"},"_links":{"self":[{"href":"https:\/\/dadade.eu\/index.php?rest_route=\/wp\/v2\/product\/9090","targetHints":{"allow":["GET"]}}],"collection":[{"href":"https:\/\/dadade.eu\/index.php?rest_route=\/wp\/v2\/product"}],"about":[{"href":"https:\/\/dadade.eu\/index.php?rest_route=\/wp\/v2\/types\/product"}],"wp:featuredmedia":[{"embeddable":true,"href":"https:\/\/dadade.eu\/index.php?rest_route=\/wp\/v2\/media\/9095"}],"wp:attachment":[{"href":"https:\/\/dadade.eu\/index.php?rest_route=%2Fwp%2Fv2%2Fmedia&parent=9090"}],"wp:term":[{"taxonomy":"product_brand","embeddable":true,"href":"https:\/\/dadade.eu\/index.php?rest_route=%2Fwp%2Fv2%2Fproduct_brand&post=9090"},{"taxonomy":"product_cat","embeddable":true,"href":"https:\/\/dadade.eu\/index.php?rest_route=%2Fwp%2Fv2%2Fproduct_cat&post=9090"},{"taxonomy":"product_tag","embeddable":true,"href":"https:\/\/dadade.eu\/index.php?rest_route=%2Fwp%2Fv2%2Fproduct_tag&post=9090"}],"curies":[{"name":"wp","href":"https:\/\/api.w.org\/{rel}","templated":true}]}}