{"id":8944,"date":"2021-08-12T18:21:38","date_gmt":"2021-08-12T16:21:38","guid":{"rendered":"https:\/\/dadade.eu\/?post_type=product&#038;p=8944"},"modified":"2023-03-04T11:27:41","modified_gmt":"2023-03-04T10:27:41","slug":"maulwurf-mortimer-von-maul-wurf-zum-kuscheln-a158","status":"publish","type":"product","link":"https:\/\/dadade.eu\/?product=maulwurf-mortimer-von-maul-wurf-zum-kuscheln-a158","title":{"rendered":"Maulwurf Mortimer von Maul &#038; Wurf, zum Kuscheln (A158)"},"content":{"rendered":"<p>Die Anleitung ist ausf\u00fchrlich mit vielen Bildern hinterlegt und wird auf 16 Seiten Schritt-f\u00fcr-Schritt beschrieben!<\/p>\n<p>die Anleitung f\u00fcr das Sternchen ist auch dabei.<\/p>\n<p><img decoding=\"async\" class=\"alignnone wp-image-8930\" src=\"https:\/\/dadade.eu\/wp-content\/uploads\/2023\/02\/xMaulwurf-1-300x225.jpg\" alt=\"\" width=\"227\" height=\"170\" srcset=\"https:\/\/dadade.eu\/wp-content\/uploads\/2023\/02\/xMaulwurf-1-300x225.jpg 300w, https:\/\/dadade.eu\/wp-content\/uploads\/2023\/02\/xMaulwurf-1-600x450.jpg 600w, https:\/\/dadade.eu\/wp-content\/uploads\/2023\/02\/xMaulwurf-1-64x48.jpg 64w, https:\/\/dadade.eu\/wp-content\/uploads\/2023\/02\/xMaulwurf-1-1024x768.jpg 1024w, https:\/\/dadade.eu\/wp-content\/uploads\/2023\/02\/xMaulwurf-1-768x576.jpg 768w, https:\/\/dadade.eu\/wp-content\/uploads\/2023\/02\/xMaulwurf-1.jpg 1400w\" sizes=\"(max-width: 227px) 100vw, 227px\" \/>es gibt auch einen <strong><a href=\"https:\/\/dadade.eu\/?product=deko-maulwurf-kranz-h058\">einfachen Maulwurf<\/a> <\/strong>f\u00fcr einen Kranz, z.B. hier der <a href=\"https:\/\/dadade.eu\/?product=kranz-erdloch-h010\"><strong>Kranz Erdloch<\/strong><\/a><\/p>\n<p>der Kranz ist nur Deko- er ist nicht in der Anleitung enthalten<\/p>\n<p>mehr Bilder, der Rasselbande findet ihr hier<\/p>\n<p><strong><a href=\"https:\/\/dadade.eu\/?p=7268\">KLICKE HIER<\/a><\/strong><\/p>\n<p>MEHR VARIANTEN UND IDEEN FINDET IHR HIER<\/p>\n<p><a href=\"https:\/\/dadade.eu\/?p=7144\"><strong>VIELE TOLLE BILDER<\/strong> von flei\u00dfigen Helfer und H\u00e4nden<\/a><\/p>\n<p>&nbsp;<\/p>\n<p>&nbsp;<\/p>\n<p>&nbsp;<\/p>\n","protected":false},"excerpt":{"rendered":"<div id=\"cc-m-13954443088\">\n<p>Hier kauft man die H\u00e4kelanleitung f\u00fcr diesen schn\u00fcffelnden Maulwurf.<\/p>\n<p>Der Maulwurf ist mal ein etwas anderes Kuscheltier, oder mit den richtigen Deko-Elementen ist er das Geschenk f\u00fcr jeden G\u00e4rtner.<\/p>\n<p>Die Anleitung f\u00fcr die Sch\u00fcrze geh\u00f6rt nat\u00fcrlich auch dazu.<\/p>\n<p>Mit dem Kauf erh\u00e4lt man eine leicht verst\u00e4ndliche H\u00e4kelanleitung im praktischen PDF-Format.<\/p>\n<p>Die Anleitung ist auch schon f\u00fcr Anf\u00e4nger geeignet.<\/p>\n<p>&nbsp;<\/p>\n<p>Mit Nadelst\u00e4rke 4 geh\u00e4kelt, wird Mortimer ungef\u00e4hr; 35 cm hoch<\/p>\n<p>&nbsp;<\/p>\n<p>&nbsp;<\/p>\n<\/div>\n<div id=\"cc-m-13954443188\" class=\"j-module n j-text \">\n<p>&nbsp;<\/p>\n<p>&nbsp;<\/p>\n<p>&nbsp;<\/p>\n<\/div>\n","protected":false},"featured_media":8965,"template":"","meta":[],"product_brand":[],"product_cat":[56,35,39,505,69],"product_tag":[90,89,242,399,677,679,678,87,94,93,92,245,180,88,243,244,549,552,114,91,392,95,96],"class_list":{"0":"post-8944","1":"product","2":"type-product","3":"status-publish","4":"has-post-thumbnail","6":"product_cat-2einfach","7":"product_cat-amigurumi","8":"product_cat-amigurumis-zum-kuscheln","9":"product_cat-herbst","10":"product_cat-mittel","11":"product_tag-amigurumi","12":"product_tag-baby","13":"product_tag-dekoration-haekeln","14":"product_tag-fruehlingsbote","15":"product_tag-garten","16":"product_tag-garten-haekeln","17":"product_tag-gartentiere","18":"product_tag-geschenk","19":"product_tag-haekelanleitung","20":"product_tag-haekeln","21":"product_tag-kinder","22":"product_tag-kuschelige-haekeltiere","23":"product_tag-kuscheltier","24":"product_tag-kuscheltier-haekeln","25":"product_tag-kuschelwolle","26":"product_tag-kuschelwolle-haekeln","27":"product_tag-maulwurf","28":"product_tag-maulwurf-haekeln","29":"product_tag-ostern","30":"product_tag-plueschtier","31":"product_tag-plueschtier-haekeln","32":"product_tag-wolle","33":"product_tag-wollreste","35":"first","36":"instock","37":"downloadable","38":"shipping-taxable","39":"purchasable","40":"product-type-simple"},"_links":{"self":[{"href":"https:\/\/dadade.eu\/index.php?rest_route=\/wp\/v2\/product\/8944","targetHints":{"allow":["GET"]}}],"collection":[{"href":"https:\/\/dadade.eu\/index.php?rest_route=\/wp\/v2\/product"}],"about":[{"href":"https:\/\/dadade.eu\/index.php?rest_route=\/wp\/v2\/types\/product"}],"wp:featuredmedia":[{"embeddable":true,"href":"https:\/\/dadade.eu\/index.php?rest_route=\/wp\/v2\/media\/8965"}],"wp:attachment":[{"href":"https:\/\/dadade.eu\/index.php?rest_route=%2Fwp%2Fv2%2Fmedia&parent=8944"}],"wp:term":[{"taxonomy":"product_brand","embeddable":true,"href":"https:\/\/dadade.eu\/index.php?rest_route=%2Fwp%2Fv2%2Fproduct_brand&post=8944"},{"taxonomy":"product_cat","embeddable":true,"href":"https:\/\/dadade.eu\/index.php?rest_route=%2Fwp%2Fv2%2Fproduct_cat&post=8944"},{"taxonomy":"product_tag","embeddable":true,"href":"https:\/\/dadade.eu\/index.php?rest_route=%2Fwp%2Fv2%2Fproduct_tag&post=8944"}],"curies":[{"name":"wp","href":"https:\/\/api.w.org\/{rel}","templated":true}]}}