{"id":8890,"date":"2021-08-12T15:35:51","date_gmt":"2021-08-12T13:35:51","guid":{"rendered":"https:\/\/dadade.eu\/?post_type=product&#038;p=8890"},"modified":"2023-07-21T16:01:54","modified_gmt":"2023-07-21T14:01:54","slug":"kranz-erdloch-h010","status":"publish","type":"product","link":"https:\/\/dadade.eu\/?product=kranz-erdloch-h010","title":{"rendered":"Kranz &#8211; Erdloch (H010)"},"content":{"rendered":"<p>hier siehst du eine verr\u00fcckte Idee, ein Erdloch zur Dekoration,<\/p>\n<p><img decoding=\"async\" class=\"alignnone wp-image-8939\" src=\"https:\/\/dadade.eu\/wp-content\/uploads\/2023\/02\/xMaulwurf-9b-300x225.jpg\" alt=\"\" width=\"243\" height=\"182\" srcset=\"https:\/\/dadade.eu\/wp-content\/uploads\/2023\/02\/xMaulwurf-9b-300x225.jpg 300w, https:\/\/dadade.eu\/wp-content\/uploads\/2023\/02\/xMaulwurf-9b-600x450.jpg 600w, https:\/\/dadade.eu\/wp-content\/uploads\/2023\/02\/xMaulwurf-9b-64x48.jpg 64w, https:\/\/dadade.eu\/wp-content\/uploads\/2023\/02\/xMaulwurf-9b-1024x768.jpg 1024w, https:\/\/dadade.eu\/wp-content\/uploads\/2023\/02\/xMaulwurf-9b-768x576.jpg 768w, https:\/\/dadade.eu\/wp-content\/uploads\/2023\/02\/xMaulwurf-9b.jpg 1400w\" sizes=\"(max-width: 243px) 100vw, 243px\" \/>sei es im Herbst mit einem Maulwurf,\u00a0 oder sonst einem kleinen Erdbewohner oder lustiger Dekoration.<\/p>\n<p>Das Erdloch findet in jeder Deko-Ecke einen coolen Platz.<\/p>\n<p>Der kleine Wichtel f\u00fchlt sich auch wohl.<\/p>\n<p><img decoding=\"async\" class=\"alignnone wp-image-8906\" src=\"https:\/\/dadade.eu\/wp-content\/uploads\/2023\/02\/xKranz-Erdloch-Wichtel-4b-300x225.jpg\" alt=\"\" width=\"248\" height=\"186\" srcset=\"https:\/\/dadade.eu\/wp-content\/uploads\/2023\/02\/xKranz-Erdloch-Wichtel-4b-300x225.jpg 300w, https:\/\/dadade.eu\/wp-content\/uploads\/2023\/02\/xKranz-Erdloch-Wichtel-4b-600x450.jpg 600w, https:\/\/dadade.eu\/wp-content\/uploads\/2023\/02\/xKranz-Erdloch-Wichtel-4b-64x48.jpg 64w, https:\/\/dadade.eu\/wp-content\/uploads\/2023\/02\/xKranz-Erdloch-Wichtel-4b-1024x768.jpg 1024w, https:\/\/dadade.eu\/wp-content\/uploads\/2023\/02\/xKranz-Erdloch-Wichtel-4b-768x576.jpg 768w, https:\/\/dadade.eu\/wp-content\/uploads\/2023\/02\/xKranz-Erdloch-Wichtel-4b.jpg 1400w\" sizes=\"(max-width: 248px) 100vw, 248px\" \/><strong><a href=\"https:\/\/dadade.eu\/?p=17122\">den s\u00fc\u00dfen Deko-Wichtel bekommt man zu dem Herz dazu-hier gibt es noch mehr Bilder<\/a><\/strong><\/p>\n<p><strong><a href=\"https:\/\/dadade.eu\/?product=geschenk-verpackung-adventskalender-eichhoernchen-g104\"><img decoding=\"async\" class=\"alignnone wp-image-17182\" src=\"https:\/\/dadade.eu\/wp-content\/uploads\/2021\/08\/xKranz-Erdloch-Eichhoernchen-1-300x225.jpg\" alt=\"\" width=\"245\" height=\"184\" srcset=\"https:\/\/dadade.eu\/wp-content\/uploads\/2021\/08\/xKranz-Erdloch-Eichhoernchen-1-300x225.jpg 300w, https:\/\/dadade.eu\/wp-content\/uploads\/2021\/08\/xKranz-Erdloch-Eichhoernchen-1-600x450.jpg 600w, https:\/\/dadade.eu\/wp-content\/uploads\/2021\/08\/xKranz-Erdloch-Eichhoernchen-1-64x48.jpg 64w, https:\/\/dadade.eu\/wp-content\/uploads\/2021\/08\/xKranz-Erdloch-Eichhoernchen-1-1024x768.jpg 1024w, https:\/\/dadade.eu\/wp-content\/uploads\/2021\/08\/xKranz-Erdloch-Eichhoernchen-1-768x576.jpg 768w, https:\/\/dadade.eu\/wp-content\/uploads\/2021\/08\/xKranz-Erdloch-Eichhoernchen-1.jpg 1400w\" sizes=\"(max-width: 245px) 100vw, 245px\" \/>Das kleine Eichh\u00f6rnchen ist von meinen Geschenkverpackungen. das kann man Extra erwerben<\/a><\/strong><\/p>\n<p><strong><a href=\"https:\/\/dadade.eu\/?product=deko-maulwurf-kranz-h058\">Mehr \u00fcber den Maulwurf, auch mit anderen Kr\u00e4nzen, findet ihr hier.<\/a><\/strong><\/p>\n<p>Die Anleitung ist jedoch ausf\u00fchrlich mit vielen Bildern hinterlegt<\/p>\n<p>und wird auf 5 Seiten Schritt-f\u00fcr-Schritt beschrieben!<\/p>\n<p>Sie ist dadurch auch schon f\u00fcr Anf\u00e4nger geeignet.<\/p>\n<p>&nbsp;<\/p>\n<p>viele Bilder und Ideen von flei\u00dfigen Helfer und H\u00e4nden findet ihr hier<\/p>\n<p><strong><a href=\"https:\/\/dadade.eu\/?p=6679\">KLICKE HIER<\/a><\/strong><\/p>\n<p>&nbsp;<\/p>\n<p>&nbsp;<\/p>\n<p>&nbsp;<\/p>\n","protected":false},"excerpt":{"rendered":"<div id=\"cc-m-13954443088\" class=\"j-module n j-text \">\n<p>Hier kauft man nur die H\u00e4kelanleitung f\u00fcr dieses Erdloch, wahlweise mit Wichtel oder Maulwurf.<\/p>\n<p>Das Erdloch, oder auch H\u00fcgel, ist h\u00f6her wie der Kranz rund (H007) und ist f\u00fcr den Maulwurf gedacht.<\/p>\n<p>Er ist eher nicht als T\u00fcrkranz geeignet, sondern mehr zur Deko, und doch bietet auch dieser Kranz viele M\u00f6glichkeiten.<\/p>\n<p>Er l\u00e4sst sich wie alle meine Kr\u00e4nze waschen, und die Deko kann man einfach feststecken und dadurch individuell \u00e4ndern.<\/p>\n<ol>\n<li>die Deko-Idee f\u00fcr den Herbst,\u00a0 z.B. f\u00fcr den Maulwurf, der aus dem Loch spitzt.<\/li>\n<li>der Kranz mit einem meiner vielen anderen Kranztiere,<\/li>\n<li>oder wie hier z.B. mit den kleinen Eichh\u00f6rnchen,<\/li>\n<\/ol>\n<p>Die Tiere dienen nur zu Dekorationszwecken, die Anleitungen der verschiedenen Tiere kann man auch bei mir erwerben.<\/p>\n<p><strong><a href=\"https:\/\/dadade.eu\/?p=8021\">mehr Bilder findet ihr hier<\/a><\/strong>\u00a0mit noch vielen tolle Deko-Ideen<\/p>\n<p>Lass deiner Fantasie freien Lauf, und dekorier den Kranz nach Lust und Laune.<\/p>\n<p>Ich freue mich immer auf Bilder f\u00fcr meine Seite<\/p>\n<p>Mit Wolle der Nadelst\u00e4rke 4 hat der Kranz, ungef\u00e4hr einen Durchmesser von 29cm und 11cm hoch.<\/p>\n<\/div>\n","protected":false},"featured_media":8893,"template":"","meta":[],"product_brand":[],"product_cat":[55,48,52,382],"product_tag":[90,548,242,547,87,94,93,257,546,256,545,243,244,181,549,195,165,95,96],"class_list":{"0":"post-8890","1":"product","2":"type-product","3":"status-publish","4":"has-post-thumbnail","6":"product_cat-1sehr-einfach","7":"product_cat-haus-deko","8":"product_cat-herbst-halloween","9":"product_cat-kraenze","10":"product_tag-amigurumi","11":"product_tag-dekoration-fuer-den-herbst","12":"product_tag-dekoration-haekeln","13":"product_tag-erdhuegel","14":"product_tag-geschenk","15":"product_tag-haekelanleitung","16":"product_tag-haekeln","17":"product_tag-kranz","18":"product_tag-kranz-erdloch","19":"product_tag-kranz-haekeln","20":"product_tag-kranz-herbst","21":"product_tag-kuschelwolle","22":"product_tag-kuschelwolle-haekeln","23":"product_tag-lustig","24":"product_tag-maulwurf","25":"product_tag-praesent","26":"product_tag-wichtel","27":"product_tag-wolle","28":"product_tag-wollreste","30":"first","31":"instock","32":"shipping-taxable","33":"purchasable","34":"product-type-variable"},"_links":{"self":[{"href":"https:\/\/dadade.eu\/index.php?rest_route=\/wp\/v2\/product\/8890","targetHints":{"allow":["GET"]}}],"collection":[{"href":"https:\/\/dadade.eu\/index.php?rest_route=\/wp\/v2\/product"}],"about":[{"href":"https:\/\/dadade.eu\/index.php?rest_route=\/wp\/v2\/types\/product"}],"wp:featuredmedia":[{"embeddable":true,"href":"https:\/\/dadade.eu\/index.php?rest_route=\/wp\/v2\/media\/8893"}],"wp:attachment":[{"href":"https:\/\/dadade.eu\/index.php?rest_route=%2Fwp%2Fv2%2Fmedia&parent=8890"}],"wp:term":[{"taxonomy":"product_brand","embeddable":true,"href":"https:\/\/dadade.eu\/index.php?rest_route=%2Fwp%2Fv2%2Fproduct_brand&post=8890"},{"taxonomy":"product_cat","embeddable":true,"href":"https:\/\/dadade.eu\/index.php?rest_route=%2Fwp%2Fv2%2Fproduct_cat&post=8890"},{"taxonomy":"product_tag","embeddable":true,"href":"https:\/\/dadade.eu\/index.php?rest_route=%2Fwp%2Fv2%2Fproduct_tag&post=8890"}],"curies":[{"name":"wp","href":"https:\/\/api.w.org\/{rel}","templated":true}]}}