{"id":8621,"date":"2021-03-11T18:42:13","date_gmt":"2021-03-11T17:42:13","guid":{"rendered":"https:\/\/dadade.eu\/?post_type=product&#038;p=8621"},"modified":"2023-02-17T00:10:07","modified_gmt":"2023-02-16T23:10:07","slug":"deko-ente-kranz-h057","status":"publish","type":"product","link":"https:\/\/dadade.eu\/?product=deko-ente-kranz-h057","title":{"rendered":"Deko &#8211; Ente &#038; Kranz (H057)"},"content":{"rendered":"<p>einfach einen Kranz ausw\u00e4hlen und schon wandern Kranz und Deko-Tier Ente in den Warenkorb<\/p>\n<p><img decoding=\"async\" class=\"alignnone wp-image-8661\" src=\"https:\/\/dadade.eu\/wp-content\/uploads\/2023\/02\/x2xEnte-Kopie1-300x225.jpg\" alt=\"\" width=\"217\" height=\"163\" srcset=\"https:\/\/dadade.eu\/wp-content\/uploads\/2023\/02\/x2xEnte-Kopie1-300x225.jpg 300w, https:\/\/dadade.eu\/wp-content\/uploads\/2023\/02\/x2xEnte-Kopie1-600x450.jpg 600w, https:\/\/dadade.eu\/wp-content\/uploads\/2023\/02\/x2xEnte-Kopie1-64x48.jpg 64w, https:\/\/dadade.eu\/wp-content\/uploads\/2023\/02\/x2xEnte-Kopie1-1024x768.jpg 1024w, https:\/\/dadade.eu\/wp-content\/uploads\/2023\/02\/x2xEnte-Kopie1-768x576.jpg 768w, https:\/\/dadade.eu\/wp-content\/uploads\/2023\/02\/x2xEnte-Kopie1.jpg 1400w\" sizes=\"(max-width: 217px) 100vw, 217px\" \/>Die Deko-Tiere sind <span style=\"color: #ff0000;\"><strong>keine<\/strong><\/span> vollst\u00e4ndiges Kuscheltiere. Das vollst\u00e4ndige Kuscheltier <strong><a href=\"https:\/\/dadade.eu\/?product=erwin-und-elwira-erpel-die-wildenten-a157\">Elwira &amp; Erwin Erpel<\/a><\/strong><\/p>\n<p>findet ihr hier.<\/p>\n<p>Die Anleitung ist ausf\u00fchrlich mit vielen Bildern hinterlegt und wird auf 12 Seiten Schritt-f\u00fcr-Schritt beschrieben!<\/p>\n<p>Mit dem Kauf erh\u00e4lt man eine leicht verst\u00e4ndliche H\u00e4kelanleitung im praktischen PDF-Format.<\/p>\n<p>Die Anleitung ist auch schon f\u00fcr Anf\u00e4nger geeignet.<\/p>\n<p>&nbsp;<\/p>\n<p>MEHR VARIANTEN UND IDEEN FINDET IHR HIER<\/p>\n<p><strong>die Kr\u00e4nze findet ihr auch einzeln mit vielen Bildern bei <a href=\"https:\/\/dadade.eu\/?product_cat=kraenze\">Kr\u00e4nze<\/a><\/strong><\/p>\n<p>mehr Bilder von den Kr\u00e4nzen, von flei\u00dfigen Helfer und H\u00e4nde findet ihr hier<\/p>\n<p><strong><a href=\"https:\/\/dadade.eu\/?p=6679\">KLICKE HIER<\/a><\/strong><\/p>\n","protected":false},"excerpt":{"rendered":"<p>Hier kauft man <strong>2 H\u00e4kelanleitungen<\/strong> zusammen<\/p>\n<ol>\n<li>f\u00fcr diese s\u00fc\u00dfe Ente, diese Ente ist nur zur Dekoration meiner Kr\u00e4nze entworfen worden. Es ist <span style=\"color: #ff0000;\"><strong>kein<\/strong><\/span> vollst\u00e4ndiges Kuscheltier.<\/li>\n<li>eine Anleitung f\u00fcr einen meiner Kr\u00e4nzen, den man sich aus verschiedenen Kr\u00e4nzen, aussuchen kann.<\/li>\n<\/ol>\n<p>Die Ente im Kranz hei\u00dft, als T\u00fcrkranz, jeden Gast herzlich willkommen.<\/p>\n<p>Vor allem f\u00fcr Fr\u00fchling und Ostern, auch als Tischdeko ist die Ente der Hammer, es liegt auch ein Schnabel zum H\u00e4keln dabei.<\/p>\n<p>Die Ente f\u00fchlt sich auch das ganze Jahr \u00fcber im Kinderzimmer wohl \u2013 vielleicht sogar als T\u00fcrschild mit Namen.<\/p>\n<p>Lass deiner Fantasie freien Lauf, und dekorier den Kranz nach Lust und Laune.<\/p>\n<p><strong><a href=\"https:\/\/dadade.eu\/?p=8021\">mehr Bilder findet ihr hier<\/a><\/strong>\u00a0mit noch vielen tolle Deko-Ideen<\/p>\n<p>&nbsp;<\/p>\n<p>Mit der Nadelst\u00e4rke 4 wird die Ente ungef\u00e4hr; 30cm hoch<\/p>\n","protected":false},"featured_media":8643,"template":"","meta":[],"product_brand":[],"product_cat":[56,51,48,382,69],"product_tag":[282,233,242,254,397,538,260,87,529,257,256,531,180,243,271,114,506,519,526,284,258,530,527,273,525,528,539],"class_list":{"0":"post-8621","1":"product","2":"type-product","3":"status-publish","4":"has-post-thumbnail","6":"product_cat-2einfach","7":"product_cat-fruehling-ostern","8":"product_cat-haus-deko","9":"product_cat-kraenze","10":"product_cat-mittel","11":"product_tag-blume","12":"product_tag-dekoration","13":"product_tag-dekoration-haekeln","14":"product_tag-ente","15":"product_tag-ente-haekeln","16":"product_tag-erpel","17":"product_tag-fruehling","18":"product_tag-geschenk","19":"product_tag-kleeblatt","20":"product_tag-kranz","21":"product_tag-kranz-haekeln","22":"product_tag-kranz-regenbogen","23":"product_tag-kuscheltier","24":"product_tag-kuschelwolle","25":"product_tag-narzisse","26":"product_tag-ostern","27":"product_tag-regenbogen","28":"product_tag-tannenkranz","29":"product_tag-tuerkranz","30":"product_tag-tuerkranz-blume","31":"product_tag-tuerkranz-haekeln","32":"product_tag-tuerkranz-kleeblatt","33":"product_tag-tuerkranz-moehre","34":"product_tag-tuerkranz-narzisse","35":"product_tag-tuerkranz-schaf","36":"product_tag-tuerkranz-tanne","37":"product_tag-wildente","39":"first","40":"instock","41":"shipping-taxable","42":"purchasable","43":"product-type-variable"},"_links":{"self":[{"href":"https:\/\/dadade.eu\/index.php?rest_route=\/wp\/v2\/product\/8621","targetHints":{"allow":["GET"]}}],"collection":[{"href":"https:\/\/dadade.eu\/index.php?rest_route=\/wp\/v2\/product"}],"about":[{"href":"https:\/\/dadade.eu\/index.php?rest_route=\/wp\/v2\/types\/product"}],"wp:featuredmedia":[{"embeddable":true,"href":"https:\/\/dadade.eu\/index.php?rest_route=\/wp\/v2\/media\/8643"}],"wp:attachment":[{"href":"https:\/\/dadade.eu\/index.php?rest_route=%2Fwp%2Fv2%2Fmedia&parent=8621"}],"wp:term":[{"taxonomy":"product_brand","embeddable":true,"href":"https:\/\/dadade.eu\/index.php?rest_route=%2Fwp%2Fv2%2Fproduct_brand&post=8621"},{"taxonomy":"product_cat","embeddable":true,"href":"https:\/\/dadade.eu\/index.php?rest_route=%2Fwp%2Fv2%2Fproduct_cat&post=8621"},{"taxonomy":"product_tag","embeddable":true,"href":"https:\/\/dadade.eu\/index.php?rest_route=%2Fwp%2Fv2%2Fproduct_tag&post=8621"}],"curies":[{"name":"wp","href":"https:\/\/api.w.org\/{rel}","templated":true}]}}