{"id":8564,"date":"2021-02-11T16:39:51","date_gmt":"2021-02-11T15:39:51","guid":{"rendered":"https:\/\/dadade.eu\/?post_type=product&#038;p=8564"},"modified":"2023-02-17T00:11:11","modified_gmt":"2023-02-16T23:11:11","slug":"deko-biene-kranz-h054","status":"publish","type":"product","link":"https:\/\/dadade.eu\/?product=deko-biene-kranz-h054","title":{"rendered":"Deko &#8211; Biene &#038; Kranz (H054)"},"content":{"rendered":"<p>einfach einen Kranz ausw\u00e4hlen und schon wandern Kranz und Deko-Tier Biene in den Warenkorb<\/p>\n<p><img decoding=\"async\" class=\"alignnone wp-image-8593\" src=\"https:\/\/dadade.eu\/wp-content\/uploads\/2023\/02\/xKranz-Narzisse-2xTischdeko-2-300x225.jpg\" alt=\"\" width=\"196\" height=\"147\" srcset=\"https:\/\/dadade.eu\/wp-content\/uploads\/2023\/02\/xKranz-Narzisse-2xTischdeko-2-300x225.jpg 300w, https:\/\/dadade.eu\/wp-content\/uploads\/2023\/02\/xKranz-Narzisse-2xTischdeko-2-600x450.jpg 600w, https:\/\/dadade.eu\/wp-content\/uploads\/2023\/02\/xKranz-Narzisse-2xTischdeko-2-64x48.jpg 64w, https:\/\/dadade.eu\/wp-content\/uploads\/2023\/02\/xKranz-Narzisse-2xTischdeko-2-1024x768.jpg 1024w, https:\/\/dadade.eu\/wp-content\/uploads\/2023\/02\/xKranz-Narzisse-2xTischdeko-2-768x576.jpg 768w, https:\/\/dadade.eu\/wp-content\/uploads\/2023\/02\/xKranz-Narzisse-2xTischdeko-2.jpg 1400w\" sizes=\"(max-width: 196px) 100vw, 196px\" \/>Die Deko-Tiere sind <span style=\"color: #ff0000;\"><strong>keine<\/strong><\/span> vollst\u00e4ndiges Kuscheltiere. Das vollst\u00e4ndige Kuscheltier <strong><a href=\"https:\/\/dadade.eu\/?product=biene-opa-bruno-zum-kuscheln-a154\">Bienen (Opa) Bruno<\/a><\/strong> findet ihr hier.<\/p>\n<p>Die Anleitung ist ausf\u00fchrlich mit vielen Bildern hinterlegt und wird auf 12 Seiten Schritt-f\u00fcr-Schritt beschrieben!<\/p>\n<p>Mit dem Kauf erh\u00e4lt man eine leicht verst\u00e4ndliche H\u00e4kelanleitung im praktischen PDF-Format.<\/p>\n<p>Die Anleitung ist auch schon f\u00fcr Anf\u00e4nger geeignet.<\/p>\n<p>&nbsp;<\/p>\n<p>MEHR VARIANTEN UND IDEEN FINDET IHR HIER<\/p>\n<p><strong>die Kr\u00e4nze findet ihr auch einzeln mit vielen Bildern bei <a href=\"https:\/\/dadade.eu\/?product_cat=kraenze\">Kr\u00e4nze<\/a><\/strong><\/p>\n<p>mehr Bilder von den Kr\u00e4nzen, von flei\u00dfigen Helfer und H\u00e4nde findet ihr hier<\/p>\n<p><strong><a href=\"https:\/\/dadade.eu\/?p=6679\">KLICKE HIER<\/a><\/strong><\/p>\n","protected":false},"excerpt":{"rendered":"<p>Hier kauft man <strong>2 H\u00e4kelanleitungen<\/strong> zusammen<\/p>\n<ol>\n<li>f\u00fcr diese niedliche Biene, diese Biene ist nur zur Dekoration meiner Kr\u00e4nze entworfen worden. Es ist <span style=\"color: #ff0000;\"><strong>kein<\/strong><\/span> vollst\u00e4ndiges Kuscheltier.<\/li>\n<li>eine Anleitung f\u00fcr einen meiner Kr\u00e4nzen, den man sich aus verschiedenen Kr\u00e4nzen, aussuchen kann.<\/li>\n<\/ol>\n<p>Die Biene fliegt gerne in die Kr\u00e4nze und manchmal guckt nur noch der Popo raus. Sie hei\u00dft, als T\u00fcrkranz, jeden Gast herzlich willkommen.<\/p>\n<p>Gerade f\u00fcr Ostern und den Fr\u00fchling ist die Biene im Kranz ein absolutes Muss, auch als Tischdekoration kann sie sich sehen lassen.<\/p>\n<p>Die Biene f\u00fchlt sich auch das ganze Jahr \u00fcber im Kinderzimmer wohl \u2013 vielleicht sogar als T\u00fcrschild mit Namen.<\/p>\n<p>Lass deiner Fantasie freien Lauf, und dekorier den Kranz nach Lust und Laune.<\/p>\n<p><strong><a href=\"https:\/\/dadade.eu\/?p=8021\">mehr Bilder findet ihr hier<\/a><\/strong>\u00a0mit noch vielen tolle Deko-Ideen<\/p>\n<p>&nbsp;<\/p>\n<p>Mit der Nadelst\u00e4rke 4 wird der Biene ungef\u00e4hr; 30cm hoch<\/p>\n","protected":false},"featured_media":8584,"template":"","meta":[],"product_brand":[],"product_cat":[56,51,48,382,69],"product_tag":[248,415,282,233,242,260,87,249,418,511,529,257,256,531,180,243,271,114,506,135,534,519,526,284,258,530,527,273,528],"class_list":{"0":"post-8564","1":"product","2":"type-product","3":"status-publish","4":"has-post-thumbnail","6":"product_cat-2einfach","7":"product_cat-fruehling-ostern","8":"product_cat-haus-deko","9":"product_cat-kraenze","10":"product_cat-mittel","11":"product_tag-biene","12":"product_tag-biene-haekeln","13":"product_tag-blume","14":"product_tag-dekoration","15":"product_tag-dekoration-haekeln","16":"product_tag-fruehling","17":"product_tag-geschenk","18":"product_tag-hummel","19":"product_tag-hummel-haekeln","20":"product_tag-karotte","21":"product_tag-kleeblatt","22":"product_tag-kranz","23":"product_tag-kranz-haekeln","24":"product_tag-kranz-regenbogen","25":"product_tag-kuscheltier","26":"product_tag-kuschelwolle","27":"product_tag-narzisse","28":"product_tag-ostern","29":"product_tag-regenbogen","30":"product_tag-silvester","31":"product_tag-silvester-tischdekoration","32":"product_tag-tannenkranz","33":"product_tag-tuerkranz","34":"product_tag-tuerkranz-blume","35":"product_tag-tuerkranz-haekeln","36":"product_tag-tuerkranz-kleeblatt","37":"product_tag-tuerkranz-moehre","38":"product_tag-tuerkranz-narzisse","39":"product_tag-tuerkranz-tanne","41":"first","42":"instock","43":"shipping-taxable","44":"purchasable","45":"product-type-variable"},"_links":{"self":[{"href":"https:\/\/dadade.eu\/index.php?rest_route=\/wp\/v2\/product\/8564","targetHints":{"allow":["GET"]}}],"collection":[{"href":"https:\/\/dadade.eu\/index.php?rest_route=\/wp\/v2\/product"}],"about":[{"href":"https:\/\/dadade.eu\/index.php?rest_route=\/wp\/v2\/types\/product"}],"wp:featuredmedia":[{"embeddable":true,"href":"https:\/\/dadade.eu\/index.php?rest_route=\/wp\/v2\/media\/8584"}],"wp:attachment":[{"href":"https:\/\/dadade.eu\/index.php?rest_route=%2Fwp%2Fv2%2Fmedia&parent=8564"}],"wp:term":[{"taxonomy":"product_brand","embeddable":true,"href":"https:\/\/dadade.eu\/index.php?rest_route=%2Fwp%2Fv2%2Fproduct_brand&post=8564"},{"taxonomy":"product_cat","embeddable":true,"href":"https:\/\/dadade.eu\/index.php?rest_route=%2Fwp%2Fv2%2Fproduct_cat&post=8564"},{"taxonomy":"product_tag","embeddable":true,"href":"https:\/\/dadade.eu\/index.php?rest_route=%2Fwp%2Fv2%2Fproduct_tag&post=8564"}],"curies":[{"name":"wp","href":"https:\/\/api.w.org\/{rel}","templated":true}]}}