{"id":8534,"date":"2020-12-11T13:42:38","date_gmt":"2020-12-11T12:42:38","guid":{"rendered":"https:\/\/dadade.eu\/?post_type=product&#038;p=8534"},"modified":"2023-02-17T00:12:20","modified_gmt":"2023-02-16T23:12:20","slug":"deko-hase-kranz-h053","status":"publish","type":"product","link":"https:\/\/dadade.eu\/?product=deko-hase-kranz-h053","title":{"rendered":"Deko &#8211; Hase &#038; Kranz (H053)"},"content":{"rendered":"<p>einfach einen Kranz ausw\u00e4hlen und schon wandern Kranz und Deko-Tier Hase in den Warenkorb<\/p>\n<p><img decoding=\"async\" class=\"alignnone wp-image-8561\" src=\"https:\/\/dadade.eu\/wp-content\/uploads\/2020\/12\/xKranz-Blume-mit-Hase-Moerchen-300x225.jpg\" alt=\"\" width=\"219\" height=\"164\" srcset=\"https:\/\/dadade.eu\/wp-content\/uploads\/2020\/12\/xKranz-Blume-mit-Hase-Moerchen-300x225.jpg 300w, https:\/\/dadade.eu\/wp-content\/uploads\/2020\/12\/xKranz-Blume-mit-Hase-Moerchen-600x450.jpg 600w, https:\/\/dadade.eu\/wp-content\/uploads\/2020\/12\/xKranz-Blume-mit-Hase-Moerchen-64x48.jpg 64w, https:\/\/dadade.eu\/wp-content\/uploads\/2020\/12\/xKranz-Blume-mit-Hase-Moerchen-1024x768.jpg 1024w, https:\/\/dadade.eu\/wp-content\/uploads\/2020\/12\/xKranz-Blume-mit-Hase-Moerchen-768x576.jpg 768w, https:\/\/dadade.eu\/wp-content\/uploads\/2020\/12\/xKranz-Blume-mit-Hase-Moerchen.jpg 1400w\" sizes=\"(max-width: 219px) 100vw, 219px\" \/>Die Deko-Tiere sind <span style=\"color: #ff0000;\"><strong>keine<\/strong><\/span> vollst\u00e4ndiges Kuscheltiere. Das vollst\u00e4ndige Kuscheltier <strong><a href=\"https:\/\/dadade.eu\/?product=hase-hanni-moehrchen-zum-kuscheln-a153-2\">Hase Hanni M\u00f6hrchen<\/a><\/strong> findet ihr hier.<\/p>\n<p>Die Anleitung ist ausf\u00fchrlich mit vielen Bildern hinterlegt und wird auf 15 Seiten Schritt-f\u00fcr-Schritt beschrieben!<\/p>\n<p>Mit dem Kauf erh\u00e4lt man eine leicht verst\u00e4ndliche H\u00e4kelanleitung im praktischen PDF-Format.<\/p>\n<p>Die Anleitung ist auch schon f\u00fcr Anf\u00e4nger geeignet.<\/p>\n<p>&nbsp;<\/p>\n<p>MEHR VARIANTEN UND IDEEN FINDET IHR HIER<\/p>\n<p><strong>die Kr\u00e4nze findet ihr auch einzeln mit vielen Bildern bei <a href=\"https:\/\/dadade.eu\/?product_cat=kraenze\">Kr\u00e4nze<\/a><\/strong><\/p>\n<p>mehr Bilder von den Kr\u00e4nzen, von flei\u00dfigen Helfer und H\u00e4nde findet ihr hier<\/p>\n<p><strong><a href=\"https:\/\/dadade.eu\/?p=6679\">KLICKE HIER<\/a><\/strong><\/p>\n","protected":false},"excerpt":{"rendered":"<p>Hier kauft man <strong>2 H\u00e4kelanleitungen<\/strong> zusammen<\/p>\n<ol>\n<li>f\u00fcr diesen putzigen Hase, dieser Hase ist nur zur Dekoration meiner Kr\u00e4nze entworfen worden. Es ist <span style=\"color: #ff0000;\"><strong>kein<\/strong><\/span> vollst\u00e4ndiges Kuscheltier.<\/li>\n<li>eine Anleitung f\u00fcr einen meiner Kr\u00e4nzen, den man sich aus verschiedenen Kr\u00e4nzen, aussuchen kann.<\/li>\n<\/ol>\n<p>Der Hase h\u00fcpft gerne in die Kr\u00e4nze und h\u00e4ngt dann einfach so rum. Er hei\u00dft, als T\u00fcrkranz, jeden Gast herzlich willkommen.<\/p>\n<p>Gerade f\u00fcr Ostern ist der Hase im Kranz ein absolutes Muss, auch als Tischdekoration kann er sich sehen lassen.<\/p>\n<p>Der Hase f\u00fchlt sich auch das ganze Jahr \u00fcber im Kinderzimmer wohl \u2013 vielleicht sogar als T\u00fcrschild mit Namen.<\/p>\n<p>Lass deiner Fantasie freien Lauf, und dekorier den Kranz nach Lust und Laune.<\/p>\n<p><strong><a href=\"https:\/\/dadade.eu\/?p=8021\">mehr Bilder findet ihr hier<\/a><\/strong>\u00a0mit noch vielen tolle Deko-Ideen<\/p>\n<p>&nbsp;<\/p>\n<p>Mit der Nadelst\u00e4rke 4 wird der Hase ungef\u00e4hr; 30cm hoch<\/p>\n","protected":false},"featured_media":8552,"template":"","meta":[],"product_brand":[],"product_cat":[56,51,48,382,69],"product_tag":[282,233,242,251,252,535,260,87,511,529,257,256,531,180,243,271,114,506,422,533,135,534,519,526,284,258,530,527,273,528],"class_list":{"0":"post-8534","1":"product","2":"type-product","3":"status-publish","4":"has-post-thumbnail","6":"product_cat-2einfach","7":"product_cat-fruehling-ostern","8":"product_cat-haus-deko","9":"product_cat-kraenze","10":"product_cat-mittel","11":"product_tag-blume","12":"product_tag-dekoration","13":"product_tag-dekoration-haekeln","14":"product_tag-einhorn","15":"product_tag-einhorn-haekeln","16":"product_tag-einhorn-mit-regenbogen","17":"product_tag-fruehling","18":"product_tag-geschenk","19":"product_tag-karotte","20":"product_tag-kleeblatt","21":"product_tag-kranz","22":"product_tag-kranz-haekeln","23":"product_tag-kranz-regenbogen","24":"product_tag-kuscheltier","25":"product_tag-kuschelwolle","26":"product_tag-narzisse","27":"product_tag-ostern","28":"product_tag-regenbogen","29":"product_tag-schwein","30":"product_tag-schwein-haekeln","31":"product_tag-silvester","32":"product_tag-silvester-tischdekoration","33":"product_tag-tannenkranz","34":"product_tag-tuerkranz","35":"product_tag-tuerkranz-blume","36":"product_tag-tuerkranz-haekeln","37":"product_tag-tuerkranz-kleeblatt","38":"product_tag-tuerkranz-moehre","39":"product_tag-tuerkranz-narzisse","40":"product_tag-tuerkranz-tanne","42":"first","43":"instock","44":"shipping-taxable","45":"purchasable","46":"product-type-variable"},"_links":{"self":[{"href":"https:\/\/dadade.eu\/index.php?rest_route=\/wp\/v2\/product\/8534","targetHints":{"allow":["GET"]}}],"collection":[{"href":"https:\/\/dadade.eu\/index.php?rest_route=\/wp\/v2\/product"}],"about":[{"href":"https:\/\/dadade.eu\/index.php?rest_route=\/wp\/v2\/types\/product"}],"wp:featuredmedia":[{"embeddable":true,"href":"https:\/\/dadade.eu\/index.php?rest_route=\/wp\/v2\/media\/8552"}],"wp:attachment":[{"href":"https:\/\/dadade.eu\/index.php?rest_route=%2Fwp%2Fv2%2Fmedia&parent=8534"}],"wp:term":[{"taxonomy":"product_brand","embeddable":true,"href":"https:\/\/dadade.eu\/index.php?rest_route=%2Fwp%2Fv2%2Fproduct_brand&post=8534"},{"taxonomy":"product_cat","embeddable":true,"href":"https:\/\/dadade.eu\/index.php?rest_route=%2Fwp%2Fv2%2Fproduct_cat&post=8534"},{"taxonomy":"product_tag","embeddable":true,"href":"https:\/\/dadade.eu\/index.php?rest_route=%2Fwp%2Fv2%2Fproduct_tag&post=8534"}],"curies":[{"name":"wp","href":"https:\/\/api.w.org\/{rel}","templated":true}]}}