{"id":8505,"date":"2021-02-11T12:22:11","date_gmt":"2021-02-11T11:22:11","guid":{"rendered":"https:\/\/dadade.eu\/?post_type=product&#038;p=8505"},"modified":"2023-02-17T00:11:29","modified_gmt":"2023-02-16T23:11:29","slug":"deko-einhorn-kranz-h052","status":"publish","type":"product","link":"https:\/\/dadade.eu\/?product=deko-einhorn-kranz-h052","title":{"rendered":"Deko &#8211; Einhorn &#038; Kranz (H052)"},"content":{"rendered":"<p>einfach einen Kranz ausw\u00e4hlen und schon wandern Kranz und Deko-Tier Einhorn in den Warenkorb<\/p>\n<p><img decoding=\"async\" class=\"alignnone wp-image-8562\" src=\"https:\/\/dadade.eu\/wp-content\/uploads\/2023\/02\/grosser-Kranz-mit-2-Einhorn-1-300x225.jpg\" alt=\"\" width=\"215\" height=\"161\" srcset=\"https:\/\/dadade.eu\/wp-content\/uploads\/2023\/02\/grosser-Kranz-mit-2-Einhorn-1-300x225.jpg 300w, https:\/\/dadade.eu\/wp-content\/uploads\/2023\/02\/grosser-Kranz-mit-2-Einhorn-1-600x450.jpg 600w, https:\/\/dadade.eu\/wp-content\/uploads\/2023\/02\/grosser-Kranz-mit-2-Einhorn-1-64x48.jpg 64w, https:\/\/dadade.eu\/wp-content\/uploads\/2023\/02\/grosser-Kranz-mit-2-Einhorn-1-1024x768.jpg 1024w, https:\/\/dadade.eu\/wp-content\/uploads\/2023\/02\/grosser-Kranz-mit-2-Einhorn-1-768x576.jpg 768w, https:\/\/dadade.eu\/wp-content\/uploads\/2023\/02\/grosser-Kranz-mit-2-Einhorn-1.jpg 1400w\" sizes=\"(max-width: 215px) 100vw, 215px\" \/>Die Deko-Tiere sind <span style=\"color: #ff0000;\"><strong>keine<\/strong><\/span> vollst\u00e4ndiges Kuscheltiere. Das vollst\u00e4ndige Kuscheltier <strong><a href=\"https:\/\/dadade.eu\/?product=hase-hanni-moehrchen-zum-kuscheln-a153\">Einhorn Eilyn<\/a><\/strong> findet ihr hier.<\/p>\n<p>Die Anleitung ist ausf\u00fchrlich mit vielen Bildern hinterlegt und wird auf 12 Seiten Schritt-f\u00fcr-Schritt beschrieben!<\/p>\n<p>Mit dem Kauf erh\u00e4lt man eine leicht verst\u00e4ndliche H\u00e4kelanleitung im praktischen PDF-Format.<\/p>\n<p>Die Anleitung ist auch schon f\u00fcr Anf\u00e4nger geeignet.<\/p>\n<p>&nbsp;<\/p>\n<p>MEHR VARIANTEN UND IDEEN FINDET IHR HIER<\/p>\n<p><strong>die Kr\u00e4nze findet ihr auch einzeln mit vielen Bildern bei <a href=\"https:\/\/dadade.eu\/?product_cat=kraenze\">Kr\u00e4nze<\/a><\/strong><\/p>\n<p>mehr Bilder von den Kr\u00e4nzen, von flei\u00dfigen Helfer und H\u00e4nde findet ihr hier<\/p>\n<p><strong><a href=\"https:\/\/dadade.eu\/?p=6679\">KLICKE HIER<\/a><\/strong><\/p>\n","protected":false},"excerpt":{"rendered":"<p>Hier kauft man <strong>2 H\u00e4kelanleitungen<\/strong> zusammen<\/p>\n<ol>\n<li>f\u00fcr dieses s\u00fc\u00dfe Einhorn, dieses Einhorn ist nur zur Dekoration meiner Kr\u00e4nze entworfen worden. Es ist <span style=\"color: #ff0000;\"><strong>kein<\/strong><\/span> vollst\u00e4ndiges Kuscheltier.<\/li>\n<li>eine Anleitung f\u00fcr einen meiner Kr\u00e4nzen, den man sich aus verschiedenen Kr\u00e4nzen, aussuchen kann.<\/li>\n<\/ol>\n<p>Das Einhorn h\u00e4ngt gerne im Regenbogen rum und hei\u00dft, als T\u00fcrkranz, jeden Gast herzlich willkommen.<\/p>\n<p>Das Einhorn f\u00fchlt sich auch das ganze Jahr \u00fcber im Kinderzimmer wohl \u2013 vielleicht sogar als T\u00fcrschild mit Namen. Es erf\u00fcllt somit den Traum aller kleinen M\u00e4dchen. Den Regenbogen hat auch eine Spieluhr eingearbeitet.<\/p>\n<p>Lass deiner Fantasie freien Lauf, und dekorier den Kranz nach Lust und Laune.<\/p>\n<p><strong><a href=\"https:\/\/dadade.eu\/?p=8021\">mehr Bilder findet ihr hier<\/a><\/strong>\u00a0mit noch vielen tolle Deko-Ideen<\/p>\n<p>&nbsp;<\/p>\n<p>Mit der Nadelst\u00e4rke 4 wird das Einhorn ungef\u00e4hr; 30cm hoch<\/p>\n","protected":false},"featured_media":8522,"template":"","meta":[],"product_brand":[],"product_cat":[56,48,382,69],"product_tag":[282,233,242,251,252,535,260,87,511,529,257,256,531,180,243,271,114,506,422,533,135,534,519,526,284,258,530,527,273,528],"class_list":{"0":"post-8505","1":"product","2":"type-product","3":"status-publish","4":"has-post-thumbnail","6":"product_cat-2einfach","7":"product_cat-haus-deko","8":"product_cat-kraenze","9":"product_cat-mittel","10":"product_tag-blume","11":"product_tag-dekoration","12":"product_tag-dekoration-haekeln","13":"product_tag-einhorn","14":"product_tag-einhorn-haekeln","15":"product_tag-einhorn-mit-regenbogen","16":"product_tag-fruehling","17":"product_tag-geschenk","18":"product_tag-karotte","19":"product_tag-kleeblatt","20":"product_tag-kranz","21":"product_tag-kranz-haekeln","22":"product_tag-kranz-regenbogen","23":"product_tag-kuscheltier","24":"product_tag-kuschelwolle","25":"product_tag-narzisse","26":"product_tag-ostern","27":"product_tag-regenbogen","28":"product_tag-schwein","29":"product_tag-schwein-haekeln","30":"product_tag-silvester","31":"product_tag-silvester-tischdekoration","32":"product_tag-tannenkranz","33":"product_tag-tuerkranz","34":"product_tag-tuerkranz-blume","35":"product_tag-tuerkranz-haekeln","36":"product_tag-tuerkranz-kleeblatt","37":"product_tag-tuerkranz-moehre","38":"product_tag-tuerkranz-narzisse","39":"product_tag-tuerkranz-tanne","41":"first","42":"instock","43":"shipping-taxable","44":"purchasable","45":"product-type-variable"},"_links":{"self":[{"href":"https:\/\/dadade.eu\/index.php?rest_route=\/wp\/v2\/product\/8505","targetHints":{"allow":["GET"]}}],"collection":[{"href":"https:\/\/dadade.eu\/index.php?rest_route=\/wp\/v2\/product"}],"about":[{"href":"https:\/\/dadade.eu\/index.php?rest_route=\/wp\/v2\/types\/product"}],"wp:featuredmedia":[{"embeddable":true,"href":"https:\/\/dadade.eu\/index.php?rest_route=\/wp\/v2\/media\/8522"}],"wp:attachment":[{"href":"https:\/\/dadade.eu\/index.php?rest_route=%2Fwp%2Fv2%2Fmedia&parent=8505"}],"wp:term":[{"taxonomy":"product_brand","embeddable":true,"href":"https:\/\/dadade.eu\/index.php?rest_route=%2Fwp%2Fv2%2Fproduct_brand&post=8505"},{"taxonomy":"product_cat","embeddable":true,"href":"https:\/\/dadade.eu\/index.php?rest_route=%2Fwp%2Fv2%2Fproduct_cat&post=8505"},{"taxonomy":"product_tag","embeddable":true,"href":"https:\/\/dadade.eu\/index.php?rest_route=%2Fwp%2Fv2%2Fproduct_tag&post=8505"}],"curies":[{"name":"wp","href":"https:\/\/api.w.org\/{rel}","templated":true}]}}