{"id":8390,"date":"2021-12-18T19:58:01","date_gmt":"2021-12-18T18:58:01","guid":{"rendered":"https:\/\/dadade.eu\/?post_type=product&#038;p=8390"},"modified":"2025-02-24T14:34:49","modified_gmt":"2025-02-24T13:34:49","slug":"kranz-kleiner-stern-h011","status":"publish","type":"product","link":"https:\/\/dadade.eu\/?product=kranz-kleiner-stern-h011","title":{"rendered":"Kranz kleiner Stern (H011)"},"content":{"rendered":"<p><img decoding=\"async\" class=\"alignnone wp-image-8385\" src=\"https:\/\/dadade.eu\/wp-content\/uploads\/2023\/02\/0xKranz-kleiner-grosser-Stern-b-300x225.jpg\" alt=\"\" width=\"231\" height=\"173\" srcset=\"https:\/\/dadade.eu\/wp-content\/uploads\/2023\/02\/0xKranz-kleiner-grosser-Stern-b-300x225.jpg 300w, https:\/\/dadade.eu\/wp-content\/uploads\/2023\/02\/0xKranz-kleiner-grosser-Stern-b-600x450.jpg 600w, https:\/\/dadade.eu\/wp-content\/uploads\/2023\/02\/0xKranz-kleiner-grosser-Stern-b-64x48.jpg 64w, https:\/\/dadade.eu\/wp-content\/uploads\/2023\/02\/0xKranz-kleiner-grosser-Stern-b-1024x768.jpg 1024w, https:\/\/dadade.eu\/wp-content\/uploads\/2023\/02\/0xKranz-kleiner-grosser-Stern-b-768x576.jpg 768w, https:\/\/dadade.eu\/wp-content\/uploads\/2023\/02\/0xKranz-kleiner-grosser-Stern-b.jpg 1400w\" sizes=\"(max-width: 231px) 100vw, 231px\" \/> den Kranz gibt es in klein mit 6 Zacken (=48cm) und in gro\u00df mit 8 Zacken(=63cm) , <a href=\"https:\/\/dadade.eu\/?product=kranz-grosser-stern-h012\">den<strong> gro\u00dfe Stern<\/strong> findest du hier<\/a><\/p>\n<p>die verr\u00fcckte Idee ist, die Kr\u00e4nze mit den verschiedenen Tieren zu kombinieren.<\/p>\n<p>diese Tiere gibt es alle einzeln in meinem Shop, dort findest du auch noch viele tolle Deko-Ideen<\/p>\n<p><img fetchpriority=\"high\" decoding=\"async\" class=\"alignnone size-medium wp-image-8991\" src=\"https:\/\/dadade.eu\/wp-content\/uploads\/2023\/02\/61-62xKranz-kleiner-Stern-1b-300x225.jpg\" alt=\"\" width=\"300\" height=\"225\" srcset=\"https:\/\/dadade.eu\/wp-content\/uploads\/2023\/02\/61-62xKranz-kleiner-Stern-1b-300x225.jpg 300w, https:\/\/dadade.eu\/wp-content\/uploads\/2023\/02\/61-62xKranz-kleiner-Stern-1b-600x450.jpg 600w, https:\/\/dadade.eu\/wp-content\/uploads\/2023\/02\/61-62xKranz-kleiner-Stern-1b-64x48.jpg 64w, https:\/\/dadade.eu\/wp-content\/uploads\/2023\/02\/61-62xKranz-kleiner-Stern-1b-1024x768.jpg 1024w, https:\/\/dadade.eu\/wp-content\/uploads\/2023\/02\/61-62xKranz-kleiner-Stern-1b-768x576.jpg 768w, https:\/\/dadade.eu\/wp-content\/uploads\/2023\/02\/61-62xKranz-kleiner-Stern-1b.jpg 1400w\" sizes=\"(max-width: 300px) 100vw, 300px\" \/><strong><a href=\"https:\/\/dadade.eu\/?product=kranz-kleiner-stern-mit-engelchen-h011e\">den kleinen Stern gibt s auch mit Engelchen<\/a><\/strong><\/p>\n<p>Die Anleitung ist jedoch ausf\u00fchrlich mit vielen Bildern hinterlegt und wird auf 7 Seiten Schritt-f\u00fcr-Schritt beschrieben!<\/p>\n<p>Mit dem Kauf erh\u00e4lt man eine leicht verst\u00e4ndliche H\u00e4kelanleitung im praktischen PDF-Format.<\/p>\n<p>Die Anleitung ist auch schon f\u00fcr Anf\u00e4nger geeignet.<\/p>\n<p>&nbsp;<\/p>\n<p>viele Bilder und Ideen von flei\u00dfigen Helfer und H\u00e4nden findet ihr hier<\/p>\n<p><strong><a href=\"https:\/\/dadade.eu\/?p=9020\">KLICKE HIER<\/a><\/strong><\/p>\n<p>&nbsp;<\/p>\n<p>&nbsp;<\/p>\n<p>&nbsp;<\/p>\n","protected":false},"excerpt":{"rendered":"<div id=\"cc-m-13954443088\" class=\"j-module n j-text \">\n<p>Hier kauft man nur die H\u00e4kelanleitung f\u00fcr diesen tollen Sternen-Kranz in klein, mit 6 Zacken,<\/p>\n<p>Dieser Kranz bietet viele M\u00f6glichkeiten,<\/p>\n<ol>\n<li>als T\u00fcrkranz, sch\u00f6n geschm\u00fcckt, je nach Jahreszeit, hei\u00dft er jeden Gast herzlich willkommen.<\/li>\n<li>das Highlight auch als Tischdeko<\/li>\n<li>z.B. mit Namen f\u00fcr die Kinderzimmer-T\u00fcr,<\/li>\n<li>der Kranz mit einem meiner vielen Kranztiere,<\/li>\n<li>den Kranz nur mit 6 kleinen, oder nur mit 6 gro\u00dfen Zacken h\u00e4keln, schon hat man 2 Varianten<\/li>\n<li>der Kranz mit den Engelchen<\/li>\n<\/ol>\n<div dir=\"auto\"><strong>kennt ihr die Geschichte;<\/strong><\/div>\n<div dir=\"auto\">jedes Kind hat von Geburt an einen Stern und ein Engelchen, die auf das Kind aufpassen, und wenn dieses Kind l\u00fcgt oder b\u00f6se ist bekommt der Stern einen Fleck, diesen Fleck m\u00fcssen dann seine Engelchen putzen,<\/div>\n<div dir=\"auto\"><em>diese Geschichte, war meine Inspiration<\/em><\/div>\n<p>Die Tiere dienen nur zu Dekorationszwecken, die Anleitungen f\u00fcr die verschiedenen Tiere kann man auch bei mir erwerben.<\/p>\n<p><strong><a href=\"https:\/\/dadade.eu\/?p=8021\">mehr Bilder findet ihr hier<\/a><\/strong>\u00a0mit noch vielen tolle Deko-Ideen<\/p>\n<p>Lass deiner Fantasie freien Lauf, und dekorier den Kranz nach Lust und Laune.<\/p>\n<p>mit der Nadelst\u00e4rke 4 ist der Kranz von gro\u00dfer Spitze zu gro\u00dfer Spitze ungef\u00e4hr;\u00a0 48cm<\/p>\n<\/div>\n","protected":false},"featured_media":8398,"template":"","meta":[],"product_brand":[],"product_cat":[56,48,382,70,384],"product_tag":[522,90,242,87,94,93,257,256,243,244,181,195,161,157,523,258,532,95,96],"class_list":{"0":"post-8390","1":"product","2":"type-product","3":"status-publish","4":"has-post-thumbnail","6":"product_cat-2einfach","7":"product_cat-haus-deko","8":"product_cat-kraenze","9":"product_cat-maxi","10":"product_cat-winter-weihnachten","11":"product_tag-adventskranz","12":"product_tag-amigurumi","13":"product_tag-dekoration-haekeln","14":"product_tag-geschenk","15":"product_tag-haekelanleitung","16":"product_tag-haekeln","17":"product_tag-kranz","18":"product_tag-kranz-haekeln","19":"product_tag-kuschelwolle","20":"product_tag-kuschelwolle-haekeln","21":"product_tag-lustig","22":"product_tag-praesent","23":"product_tag-stern","24":"product_tag-stern-haekeln","25":"product_tag-tischdeko","26":"product_tag-tuerkranz-haekeln","27":"product_tag-tuerkranz-stern","28":"product_tag-wolle","29":"product_tag-wollreste","31":"first","32":"instock","33":"downloadable","34":"shipping-taxable","35":"purchasable","36":"product-type-simple"},"_links":{"self":[{"href":"https:\/\/dadade.eu\/index.php?rest_route=\/wp\/v2\/product\/8390","targetHints":{"allow":["GET"]}}],"collection":[{"href":"https:\/\/dadade.eu\/index.php?rest_route=\/wp\/v2\/product"}],"about":[{"href":"https:\/\/dadade.eu\/index.php?rest_route=\/wp\/v2\/types\/product"}],"wp:featuredmedia":[{"embeddable":true,"href":"https:\/\/dadade.eu\/index.php?rest_route=\/wp\/v2\/media\/8398"}],"wp:attachment":[{"href":"https:\/\/dadade.eu\/index.php?rest_route=%2Fwp%2Fv2%2Fmedia&parent=8390"}],"wp:term":[{"taxonomy":"product_brand","embeddable":true,"href":"https:\/\/dadade.eu\/index.php?rest_route=%2Fwp%2Fv2%2Fproduct_brand&post=8390"},{"taxonomy":"product_cat","embeddable":true,"href":"https:\/\/dadade.eu\/index.php?rest_route=%2Fwp%2Fv2%2Fproduct_cat&post=8390"},{"taxonomy":"product_tag","embeddable":true,"href":"https:\/\/dadade.eu\/index.php?rest_route=%2Fwp%2Fv2%2Fproduct_tag&post=8390"}],"curies":[{"name":"wp","href":"https:\/\/api.w.org\/{rel}","templated":true}]}}