{"id":8386,"date":"2021-12-18T19:12:17","date_gmt":"2021-12-18T18:12:17","guid":{"rendered":"https:\/\/dadade.eu\/?post_type=product&#038;p=8386"},"modified":"2025-11-24T02:39:50","modified_gmt":"2025-11-24T01:39:50","slug":"kranz-grosser-stern-mit-engelchen-h012e","status":"publish","type":"product","link":"https:\/\/dadade.eu\/?product=kranz-grosser-stern-mit-engelchen-h012e","title":{"rendered":"die Engelchen putzen den gro\u00dfen Stern (H012E)"},"content":{"rendered":"<p><strong><a href=\"https:\/\/dadade.eu\/?product=weihnachtstruppe-engelchen-weihnachtswichtel-h510\"><img fetchpriority=\"high\" decoding=\"async\" class=\"alignnone size-medium wp-image-17930\" src=\"https:\/\/dadade.eu\/wp-content\/uploads\/2023\/07\/xalle-4-Kopie-2-300x225.jpg\" alt=\"\" width=\"300\" height=\"225\" srcset=\"https:\/\/dadade.eu\/wp-content\/uploads\/2023\/07\/xalle-4-Kopie-2-300x225.jpg 300w, https:\/\/dadade.eu\/wp-content\/uploads\/2023\/07\/xalle-4-Kopie-2-600x450.jpg 600w, https:\/\/dadade.eu\/wp-content\/uploads\/2023\/07\/xalle-4-Kopie-2-64x48.jpg 64w, https:\/\/dadade.eu\/wp-content\/uploads\/2023\/07\/xalle-4-Kopie-2-1024x768.jpg 1024w, https:\/\/dadade.eu\/wp-content\/uploads\/2023\/07\/xalle-4-Kopie-2-768x576.jpg 768w, https:\/\/dadade.eu\/wp-content\/uploads\/2023\/07\/xalle-4-Kopie-2.jpg 1400w\" sizes=\"(max-width: 300px) 100vw, 300px\" \/>die ganze Truppe findet man hier<\/a><\/strong><\/p>\n<p>Die Anleitung f\u00fcr den Kranz ist jedoch ausf\u00fchrlich mit vielen Bildern hinterlegt und wird auf 8 Seiten Schritt-f\u00fcr-Schritt beschrieben!<\/p>\n<p>Die kleinen Engelchen Elsa und Elisa und der Engel Ella Sternensteiger auf je 14 Seiten.<\/p>\n<p>Mit dem Kauf erh\u00e4lt man eine leicht verst\u00e4ndliche H\u00e4kelanleitung im praktischen PDF-Format.<\/p>\n<p>Die Anleitung ist auch schon f\u00fcr Anf\u00e4nger geeignet.<\/p>\n<p>&nbsp;<\/p>\n<p>viele Bilder und Ideen von flei\u00dfigen Helfer und H\u00e4nden findet ihr hier<\/p>\n<p><strong><a href=\"https:\/\/dadade.eu\/?p=9020\">KLICKE HIER<\/a><\/strong><\/p>\n<p>den Kranz gibt es in gro\u00df (H012) mit 8 Zacken(=63cm) und in klein (H011) mit 6 Zacken (=48cm), <a href=\"https:\/\/dadade.eu\/?product=kranz-kleiner-stern-h011\">den<strong> kleine Stern<\/strong> findest du hier<\/a><\/p>\n<p>&nbsp;<\/p>\n<p>&nbsp;<\/p>\n","protected":false},"excerpt":{"rendered":"<div id=\"cc-m-13954443088\" class=\"j-module n j-text \">\n<p>Hier kauft man nur die H\u00e4kelanleitung f\u00fcr diesen tollen gro\u00dfen Sternen-Kranz (mit 8 Zacken) und den Engelchen.<\/p>\n<p>Der Kranz mit den Engelchen ist das Highlight f\u00fcr das Kinderzimmer<\/p>\n<ol>\n<li>der Stern, auch als T\u00fcrkranz, sch\u00f6n geschm\u00fcckt,<\/li>\n<li>den Kranz nur mit 8 kleinen, oder nur mit 8 gro\u00dfen Zacken h\u00e4keln, schon hat man 2 Varianten<\/li>\n<li>z.B. mit Namen f\u00fcr die Kinderzimmer-T\u00fcr,<\/li>\n<li>die Engelchen Elsa und Elisa, die kleinen Engelchen\u00a0 sind mit der Nadelst\u00e4rke 3; ca 18cm hoch und im Sitzen ca 12cm<\/li>\n<li>das gro\u00dfe Engelchen Ella Sternensteiger, der Engel wird mit der Nadelst\u00e4rke 3; ca 23cm hoch und im Sitzen ca 17cm<\/li>\n<\/ol>\n<div dir=\"auto\"><strong>kennt ihr die Geschichte von den Engelchen;<\/strong><\/div>\n<div dir=\"auto\">jedes Kind hat von Geburt an einen Stern und ein Engelchen, die auf das Kind aufpassen, und wenn dieses Kind l\u00fcgt oder b\u00f6se ist bekommt der Stern einen Fleck, diesen Fleck m\u00fcssen dann seine Engelchen putzen,<\/div>\n<div dir=\"auto\"><em>diese Geschichte, war meine Inspiration<\/em><\/div>\n<p>&nbsp;<\/p>\n<p><strong><a href=\"https:\/\/dadade.eu\/?product=kranz-grosser-stern-h012\">mehr Bilder von dem gro\u00dfen Stern findet ihr hier<\/a><\/strong><\/p>\n<p>Lass deiner Fantasie freien Lauf, und dekorier den Kranz nach Lust und Laune.<\/p>\n<p>Ich freue mich immer auf Bilder f\u00fcr meine Seite<\/p>\n<p>&nbsp;<\/p>\n<p>&nbsp;<\/p>\n<\/div>\n","protected":false},"featured_media":8970,"template":"","meta":[],"product_brand":[],"product_cat":[56,42,382,70,384],"product_tag":[522,90,242,554,556,555,87,94,93,257,256,243,244,181,195,161,157,523,258,532,95,96],"class_list":{"0":"post-8386","1":"product","2":"type-product","3":"status-publish","4":"has-post-thumbnail","6":"product_cat-2einfach","7":"product_cat-baby","8":"product_cat-kraenze","9":"product_cat-maxi","10":"product_cat-winter-weihnachten","11":"product_tag-adventskranz","12":"product_tag-amigurumi","13":"product_tag-dekoration-haekeln","14":"product_tag-engel","15":"product_tag-engel-haekeln","16":"product_tag-engelchen","17":"product_tag-geschenk","18":"product_tag-haekelanleitung","19":"product_tag-haekeln","20":"product_tag-kranz","21":"product_tag-kranz-haekeln","22":"product_tag-kuschelwolle","23":"product_tag-kuschelwolle-haekeln","24":"product_tag-lustig","25":"product_tag-praesent","26":"product_tag-stern","27":"product_tag-stern-haekeln","28":"product_tag-tischdeko","29":"product_tag-tuerkranz-haekeln","30":"product_tag-tuerkranz-stern","31":"product_tag-wolle","32":"product_tag-wollreste","34":"first","35":"instock","36":"shipping-taxable","37":"purchasable","38":"product-type-variable"},"_links":{"self":[{"href":"https:\/\/dadade.eu\/index.php?rest_route=\/wp\/v2\/product\/8386","targetHints":{"allow":["GET"]}}],"collection":[{"href":"https:\/\/dadade.eu\/index.php?rest_route=\/wp\/v2\/product"}],"about":[{"href":"https:\/\/dadade.eu\/index.php?rest_route=\/wp\/v2\/types\/product"}],"wp:featuredmedia":[{"embeddable":true,"href":"https:\/\/dadade.eu\/index.php?rest_route=\/wp\/v2\/media\/8970"}],"wp:attachment":[{"href":"https:\/\/dadade.eu\/index.php?rest_route=%2Fwp%2Fv2%2Fmedia&parent=8386"}],"wp:term":[{"taxonomy":"product_brand","embeddable":true,"href":"https:\/\/dadade.eu\/index.php?rest_route=%2Fwp%2Fv2%2Fproduct_brand&post=8386"},{"taxonomy":"product_cat","embeddable":true,"href":"https:\/\/dadade.eu\/index.php?rest_route=%2Fwp%2Fv2%2Fproduct_cat&post=8386"},{"taxonomy":"product_tag","embeddable":true,"href":"https:\/\/dadade.eu\/index.php?rest_route=%2Fwp%2Fv2%2Fproduct_tag&post=8386"}],"curies":[{"name":"wp","href":"https:\/\/api.w.org\/{rel}","templated":true}]}}