{"id":8328,"date":"2021-03-10T10:50:02","date_gmt":"2021-03-10T09:50:02","guid":{"rendered":"https:\/\/dadade.eu\/?post_type=product&#038;p=8328"},"modified":"2023-02-17T23:08:48","modified_gmt":"2023-02-17T22:08:48","slug":"kranz-rund-h007","status":"publish","type":"product","link":"https:\/\/dadade.eu\/?product=kranz-rund-h007","title":{"rendered":"Kranz &#8211; rund (H007)"},"content":{"rendered":"<p>hier siehst du eine verr\u00fcckte\u00a0Idee,<\/p>\n<p>diese Tiere gibt es alle einzeln in meinem Shop, dort findest du auch noch viele tolle Deko-Ideen<\/p>\n<p>die kleinen Tiere sind meine Eierw\u00e4rmer oder Serviettenhalter.<\/p>\n<p>Die Anleitung ist jedoch ausf\u00fchrlich mit vielen Bildern hinterlegt<\/p>\n<p>und wird auf 6 Seiten Schritt-f\u00fcr-Schritt beschrieben!<\/p>\n<p>Sie ist dadurch auch schon f\u00fcr Anf\u00e4nger geeignet.<\/p>\n<p>&nbsp;<\/p>\n<p>viele Bilder und Ideen von flei\u00dfigen Helfer und H\u00e4nden findet ihr hier<\/p>\n<p><strong><a href=\"https:\/\/dadade.eu\/?p=6679\">KLICKE HIER<\/a><\/strong><\/p>\n<p>&nbsp;<\/p>\n<p>&nbsp;<\/p>\n<p>&nbsp;<\/p>\n","protected":false},"excerpt":{"rendered":"<div id=\"cc-m-13954443088\" class=\"j-module n j-text \">\n<p>Hier kauft man nur die H\u00e4kelanleitung f\u00fcr diesen einfachen runden Kranz,<\/p>\n<p>Der Kranz bietet viele M\u00f6glichkeiten, er ist zwar einfach nur rund, l\u00e4sst sich aber auch waschen, und die Deko kann man einfach feststecken und individuell \u00e4ndern<\/p>\n<ol>\n<li>als T\u00fcrkranz, h\u00fcbsch dekoriert, hei\u00dft er jeden Gast herzlich willkommen.<\/li>\n<li>die Kranz-Idee z.B. f\u00fcr Ostern<\/li>\n<li>z.B. mit Namen f\u00fcr die Kinderzimmer-T\u00fcr<\/li>\n<li>der Kranz mit einem meiner vielen Kranztiere,<\/li>\n<\/ol>\n<p>Die Tiere dienen nur zu Dekorationszwecken, die Anleitungen f\u00fcr die verschiedenen Tiere kann man auch bei mir erwerben.<\/p>\n<p><strong><a href=\"https:\/\/dadade.eu\/?p=8021\">mehr Bilder findet ihr hier<\/a><\/strong>\u00a0mit noch vielen tolle Deko-Ideen<\/p>\n<p>Lass deiner Fantasie freien Lauf, und dekorier den Kranz nach Lust und Laune.<\/p>\n<p>Ich freue mich immer auf Bilder f\u00fcr meine Seite<\/p>\n<p>Mit Wolle der Nadelst\u00e4rke 4 hat der Kranz, ungef\u00e4hr einen Durchmesser von 29cm<\/p>\n<\/div>\n","protected":false},"featured_media":8329,"template":"","meta":[],"product_brand":[],"product_cat":[55,48,52,382],"product_tag":[90,242,260,87,94,93,257,256,243,244,181,195,258,259,524,95,96],"class_list":{"0":"post-8328","1":"product","2":"type-product","3":"status-publish","4":"has-post-thumbnail","6":"product_cat-1sehr-einfach","7":"product_cat-haus-deko","8":"product_cat-herbst-halloween","9":"product_cat-kraenze","10":"product_tag-amigurumi","11":"product_tag-dekoration-haekeln","12":"product_tag-fruehling","13":"product_tag-geschenk","14":"product_tag-haekelanleitung","15":"product_tag-haekeln","16":"product_tag-kranz","17":"product_tag-kranz-haekeln","18":"product_tag-kuschelwolle","19":"product_tag-kuschelwolle-haekeln","20":"product_tag-lustig","21":"product_tag-praesent","22":"product_tag-tuerkranz-haekeln","23":"product_tag-tuerkranz-ostern","24":"product_tag-tuerkranz-rund","25":"product_tag-wolle","26":"product_tag-wollreste","28":"first","29":"instock","30":"downloadable","31":"shipping-taxable","32":"purchasable","33":"product-type-simple"},"_links":{"self":[{"href":"https:\/\/dadade.eu\/index.php?rest_route=\/wp\/v2\/product\/8328","targetHints":{"allow":["GET"]}}],"collection":[{"href":"https:\/\/dadade.eu\/index.php?rest_route=\/wp\/v2\/product"}],"about":[{"href":"https:\/\/dadade.eu\/index.php?rest_route=\/wp\/v2\/types\/product"}],"wp:featuredmedia":[{"embeddable":true,"href":"https:\/\/dadade.eu\/index.php?rest_route=\/wp\/v2\/media\/8329"}],"wp:attachment":[{"href":"https:\/\/dadade.eu\/index.php?rest_route=%2Fwp%2Fv2%2Fmedia&parent=8328"}],"wp:term":[{"taxonomy":"product_brand","embeddable":true,"href":"https:\/\/dadade.eu\/index.php?rest_route=%2Fwp%2Fv2%2Fproduct_brand&post=8328"},{"taxonomy":"product_cat","embeddable":true,"href":"https:\/\/dadade.eu\/index.php?rest_route=%2Fwp%2Fv2%2Fproduct_cat&post=8328"},{"taxonomy":"product_tag","embeddable":true,"href":"https:\/\/dadade.eu\/index.php?rest_route=%2Fwp%2Fv2%2Fproduct_tag&post=8328"}],"curies":[{"name":"wp","href":"https:\/\/api.w.org\/{rel}","templated":true}]}}