{"id":8321,"date":"2020-12-09T19:10:46","date_gmt":"2020-12-09T18:10:46","guid":{"rendered":"https:\/\/dadade.eu\/?post_type=product&#038;p=8321"},"modified":"2023-07-26T13:41:40","modified_gmt":"2023-07-26T11:41:40","slug":"grosser-tannen-kranz-h002","status":"publish","type":"product","link":"https:\/\/dadade.eu\/?product=grosser-tannen-kranz-h002","title":{"rendered":"gro\u00dfer Tannen &#8211; Kranz (H002)"},"content":{"rendered":"<p><img decoding=\"async\" class=\"alignnone wp-image-8318\" src=\"https:\/\/dadade.eu\/wp-content\/uploads\/2023\/02\/xTuerkranz-Kraenze-2-300x225.jpg\" alt=\"\" width=\"227\" height=\"170\" srcset=\"https:\/\/dadade.eu\/wp-content\/uploads\/2023\/02\/xTuerkranz-Kraenze-2-300x225.jpg 300w, https:\/\/dadade.eu\/wp-content\/uploads\/2023\/02\/xTuerkranz-Kraenze-2-600x450.jpg 600w, https:\/\/dadade.eu\/wp-content\/uploads\/2023\/02\/xTuerkranz-Kraenze-2-64x48.jpg 64w, https:\/\/dadade.eu\/wp-content\/uploads\/2023\/02\/xTuerkranz-Kraenze-2-1024x768.jpg 1024w, https:\/\/dadade.eu\/wp-content\/uploads\/2023\/02\/xTuerkranz-Kraenze-2-768x576.jpg 768w, https:\/\/dadade.eu\/wp-content\/uploads\/2023\/02\/xTuerkranz-Kraenze-2.jpg 1400w\" sizes=\"(max-width: 227px) 100vw, 227px\" \/> den Kranz gibt es in gro\u00df (=44cm) und in klein (=37cm), <a href=\"https:\/\/dadade.eu\/?product=kleiner-tannen-kranz-h001\">den<strong> kleine Kranz<\/strong> findest du hier<\/a><\/p>\n<p>die verr\u00fcckte Idee ist, die Kr\u00e4nze mit den verschiedenen Tieren zu kombinieren.<\/p>\n<p>diese Tiere gibt es alle einzeln in meinem Shop, dort findest du auch noch viele tolle Deko-Ideen<\/p>\n<p><strong><a href=\"https:\/\/dadade.eu\/?product=advents-kranz-mit-maus-baer-rentier-pinguin-h094\"><img fetchpriority=\"high\" decoding=\"async\" class=\"alignnone size-medium wp-image-16675\" src=\"https:\/\/dadade.eu\/wp-content\/uploads\/2023\/07\/xAdventskranz-5-300x225.jpg\" alt=\"\" width=\"300\" height=\"225\" srcset=\"https:\/\/dadade.eu\/wp-content\/uploads\/2023\/07\/xAdventskranz-5-300x225.jpg 300w, https:\/\/dadade.eu\/wp-content\/uploads\/2023\/07\/xAdventskranz-5-600x450.jpg 600w, https:\/\/dadade.eu\/wp-content\/uploads\/2023\/07\/xAdventskranz-5-64x48.jpg 64w, https:\/\/dadade.eu\/wp-content\/uploads\/2023\/07\/xAdventskranz-5-1024x768.jpg 1024w, https:\/\/dadade.eu\/wp-content\/uploads\/2023\/07\/xAdventskranz-5-768x576.jpg 768w, https:\/\/dadade.eu\/wp-content\/uploads\/2023\/07\/xAdventskranz-5.jpg 1400w\" sizes=\"(max-width: 300px) 100vw, 300px\" \/>der gro\u00dfe Tannenkranz als Adventskranz mit den 4 kleinen Tieren, findet ihr hier<\/a><\/strong><\/p>\n<p><strong><a href=\"https:\/\/dadade.eu\/?product=advents-kranz-mit-maus-baer-rentier-pinguin-h094\"><img decoding=\"async\" class=\"alignnone size-medium wp-image-16704\" src=\"https:\/\/dadade.eu\/wp-content\/uploads\/2023\/07\/xgrosser-Kranz-Erdmaennchen-2-1-300x225.jpg\" alt=\"\" width=\"300\" height=\"225\" srcset=\"https:\/\/dadade.eu\/wp-content\/uploads\/2023\/07\/xgrosser-Kranz-Erdmaennchen-2-1-300x225.jpg 300w, https:\/\/dadade.eu\/wp-content\/uploads\/2023\/07\/xgrosser-Kranz-Erdmaennchen-2-1-600x450.jpg 600w, https:\/\/dadade.eu\/wp-content\/uploads\/2023\/07\/xgrosser-Kranz-Erdmaennchen-2-1-64x48.jpg 64w, https:\/\/dadade.eu\/wp-content\/uploads\/2023\/07\/xgrosser-Kranz-Erdmaennchen-2-1-1024x768.jpg 1024w, https:\/\/dadade.eu\/wp-content\/uploads\/2023\/07\/xgrosser-Kranz-Erdmaennchen-2-1-768x576.jpg 768w, https:\/\/dadade.eu\/wp-content\/uploads\/2023\/07\/xgrosser-Kranz-Erdmaennchen-2-1.jpg 1400w\" sizes=\"(max-width: 300px) 100vw, 300px\" \/><\/a><\/strong>oder mit den\u00a0<span style=\"color: #0000ee;\"><u>Erdm\u00e4nnchen<\/u><\/span><\/p>\n<p><strong><a href=\"https:\/\/dadade.eu\/?product=advents-kranz-mit-maus-baer-rentier-pinguin-h094\"><img loading=\"lazy\" decoding=\"async\" class=\"alignnone size-medium wp-image-16719\" src=\"https:\/\/dadade.eu\/wp-content\/uploads\/2023\/07\/xTuer-Kranz-Erdmaennchen-3-1-300x225.jpg\" alt=\"\" width=\"300\" height=\"225\" srcset=\"https:\/\/dadade.eu\/wp-content\/uploads\/2023\/07\/xTuer-Kranz-Erdmaennchen-3-1-300x225.jpg 300w, https:\/\/dadade.eu\/wp-content\/uploads\/2023\/07\/xTuer-Kranz-Erdmaennchen-3-1-600x450.jpg 600w, https:\/\/dadade.eu\/wp-content\/uploads\/2023\/07\/xTuer-Kranz-Erdmaennchen-3-1-64x48.jpg 64w, https:\/\/dadade.eu\/wp-content\/uploads\/2023\/07\/xTuer-Kranz-Erdmaennchen-3-1-1024x768.jpg 1024w, https:\/\/dadade.eu\/wp-content\/uploads\/2023\/07\/xTuer-Kranz-Erdmaennchen-3-1-768x576.jpg 768w, https:\/\/dadade.eu\/wp-content\/uploads\/2023\/07\/xTuer-Kranz-Erdmaennchen-3-1.jpg 1400w\" sizes=\"(max-width: 300px) 100vw, 300px\" \/>der kleine Tannenkranz\u00a0 mit den Erdm\u00e4nnchen, findet ihr hier<\/a><\/strong><\/p>\n<p>Die Anleitung ist jedoch ausf\u00fchrlich mit vielen Bildern hinterlegt<\/p>\n<p>und wird auf 6 Seiten Schritt-f\u00fcr-Schritt beschrieben!<\/p>\n<p>Sie ist dadurch auch schon f\u00fcr Anf\u00e4nger geeignet.<\/p>\n<p>&nbsp;<\/p>\n<p>viele Bilder und Ideen von flei\u00dfigen Helfer und H\u00e4nden findet ihr hier<\/p>\n<p><strong><a href=\"https:\/\/dadade.eu\/?p=6679\">KLICKE HIER<\/a><\/strong><\/p>\n<p>&nbsp;<\/p>\n<p>&nbsp;<\/p>\n<p>&nbsp;<\/p>\n","protected":false},"excerpt":{"rendered":"<div id=\"cc-m-13954443088\" class=\"j-module n j-text \">\n<p>Hier kauft man nur die H\u00e4kelanleitung f\u00fcr diesen tollen Tannen-Kranz in gro\u00df,<\/p>\n<p>Der Kranz bietet viele M\u00f6glichkeiten,<\/p>\n<p>der gro\u00dfe Kranz ist eher gedacht als Tischdeko, z.B. auch als Adventskranz<\/p>\n<ol>\n<li>aber auch als T\u00fcrkranz, sch\u00f6n geschm\u00fcckt, je nach Jahreszeit, hei\u00dft er jeden Gast herzlich willkommen.<\/li>\n<li>das Highlight auch als Tischdeko<\/li>\n<li>z.B. mit Namen f\u00fcr die Kinderzimmer-T\u00fcr<\/li>\n<li>der Kranz mit einem meiner vielen Kranztiere,<\/li>\n<\/ol>\n<p>Die Tiere dienen nur zu Dekorationszwecken, die Anleitungen f\u00fcr die verschiedenen Tiere kann man auch bei mir erwerben.<\/p>\n<p><strong><a href=\"https:\/\/dadade.eu\/?p=8021\">mehr Bilder findet ihr hier<\/a><\/strong>\u00a0mit noch vielen tolle Deko-Ideen<\/p>\n<p>Lass deiner Fantasie freien Lauf, und dekorier den Kranz nach Lust und Laune.<\/p>\n<p>Ich freue mich immer auf Bilder f\u00fcr meine Seite<\/p>\n<p>&nbsp;<\/p>\n<p>Mit Wolle der Nadelst\u00e4rke 4 ist der Kranz, ungef\u00e4hr von Spitze zu Spitze von 44cm<\/p>\n<\/div>\n","protected":false},"featured_media":8324,"template":"","meta":[],"product_brand":[],"product_cat":[56,740,48,382,70,384],"product_tag":[522,90,242,87,94,93,257,256,243,244,181,195,521,519,520,523,258,259,95,96],"class_list":{"0":"post-8321","1":"product","2":"type-product","3":"status-publish","4":"has-post-thumbnail","6":"product_cat-2einfach","7":"product_cat-blumen","8":"product_cat-haus-deko","9":"product_cat-kraenze","10":"product_cat-maxi","11":"product_cat-winter-weihnachten","12":"product_tag-adventskranz","13":"product_tag-amigurumi","14":"product_tag-dekoration-haekeln","15":"product_tag-geschenk","16":"product_tag-haekelanleitung","17":"product_tag-haekeln","18":"product_tag-kranz","19":"product_tag-kranz-haekeln","20":"product_tag-kuschelwolle","21":"product_tag-kuschelwolle-haekeln","22":"product_tag-lustig","23":"product_tag-praesent","24":"product_tag-tanne","25":"product_tag-tannenkranz","26":"product_tag-tannenkranz-haekeln","27":"product_tag-tischdeko","28":"product_tag-tuerkranz-haekeln","29":"product_tag-tuerkranz-ostern","30":"product_tag-wolle","31":"product_tag-wollreste","33":"first","34":"instock","35":"downloadable","36":"shipping-taxable","37":"purchasable","38":"product-type-simple"},"_links":{"self":[{"href":"https:\/\/dadade.eu\/index.php?rest_route=\/wp\/v2\/product\/8321","targetHints":{"allow":["GET"]}}],"collection":[{"href":"https:\/\/dadade.eu\/index.php?rest_route=\/wp\/v2\/product"}],"about":[{"href":"https:\/\/dadade.eu\/index.php?rest_route=\/wp\/v2\/types\/product"}],"wp:featuredmedia":[{"embeddable":true,"href":"https:\/\/dadade.eu\/index.php?rest_route=\/wp\/v2\/media\/8324"}],"wp:attachment":[{"href":"https:\/\/dadade.eu\/index.php?rest_route=%2Fwp%2Fv2%2Fmedia&parent=8321"}],"wp:term":[{"taxonomy":"product_brand","embeddable":true,"href":"https:\/\/dadade.eu\/index.php?rest_route=%2Fwp%2Fv2%2Fproduct_brand&post=8321"},{"taxonomy":"product_cat","embeddable":true,"href":"https:\/\/dadade.eu\/index.php?rest_route=%2Fwp%2Fv2%2Fproduct_cat&post=8321"},{"taxonomy":"product_tag","embeddable":true,"href":"https:\/\/dadade.eu\/index.php?rest_route=%2Fwp%2Fv2%2Fproduct_tag&post=8321"}],"curies":[{"name":"wp","href":"https:\/\/api.w.org\/{rel}","templated":true}]}}