{"id":8309,"date":"2021-03-09T18:31:56","date_gmt":"2021-03-09T17:31:56","guid":{"rendered":"https:\/\/dadade.eu\/?post_type=product&#038;p=8309"},"modified":"2023-07-26T13:45:22","modified_gmt":"2023-07-26T11:45:22","slug":"kleiner-tannen-kranz-h001","status":"publish","type":"product","link":"https:\/\/dadade.eu\/?product=kleiner-tannen-kranz-h001","title":{"rendered":"kleiner Tannen &#8211; Kranz (H001)"},"content":{"rendered":"<p><img decoding=\"async\" class=\"alignnone wp-image-8317\" src=\"https:\/\/dadade.eu\/wp-content\/uploads\/2023\/02\/xTuerkranz-Kraenze-1-300x225.jpg\" alt=\"\" width=\"251\" height=\"188\" srcset=\"https:\/\/dadade.eu\/wp-content\/uploads\/2023\/02\/xTuerkranz-Kraenze-1-300x225.jpg 300w, https:\/\/dadade.eu\/wp-content\/uploads\/2023\/02\/xTuerkranz-Kraenze-1-600x450.jpg 600w, https:\/\/dadade.eu\/wp-content\/uploads\/2023\/02\/xTuerkranz-Kraenze-1-64x48.jpg 64w, https:\/\/dadade.eu\/wp-content\/uploads\/2023\/02\/xTuerkranz-Kraenze-1-1024x768.jpg 1024w, https:\/\/dadade.eu\/wp-content\/uploads\/2023\/02\/xTuerkranz-Kraenze-1-768x576.jpg 768w, https:\/\/dadade.eu\/wp-content\/uploads\/2023\/02\/xTuerkranz-Kraenze-1.jpg 1400w\" sizes=\"(max-width: 251px) 100vw, 251px\" \/> den Kranz gibt es in klein und in gro\u00df, <a href=\"https:\/\/dadade.eu\/?product=grosser-tannen-kranz-h002\"><strong>der gro\u00dfe Kranz<\/strong> findest du hier<\/a><\/p>\n<p>die verr\u00fcckte Idee ist, die Kr\u00e4nze mit den verschiedenen Tieren zu kombinieren.<\/p>\n<p>diese Tiere gibt es alle einzeln in meinem Shop, dort findest du auch noch viele tolle Deko-Ideen<\/p>\n<p><strong><a href=\"https:\/\/dadade.eu\/?product=advents-kranz-mit-maus-baer-rentier-pinguin-h094\"><img fetchpriority=\"high\" decoding=\"async\" class=\"alignnone size-medium wp-image-16719\" src=\"https:\/\/dadade.eu\/wp-content\/uploads\/2023\/07\/xTuer-Kranz-Erdmaennchen-3-1-300x225.jpg\" alt=\"\" width=\"300\" height=\"225\" srcset=\"https:\/\/dadade.eu\/wp-content\/uploads\/2023\/07\/xTuer-Kranz-Erdmaennchen-3-1-300x225.jpg 300w, https:\/\/dadade.eu\/wp-content\/uploads\/2023\/07\/xTuer-Kranz-Erdmaennchen-3-1-600x450.jpg 600w, https:\/\/dadade.eu\/wp-content\/uploads\/2023\/07\/xTuer-Kranz-Erdmaennchen-3-1-64x48.jpg 64w, https:\/\/dadade.eu\/wp-content\/uploads\/2023\/07\/xTuer-Kranz-Erdmaennchen-3-1-1024x768.jpg 1024w, https:\/\/dadade.eu\/wp-content\/uploads\/2023\/07\/xTuer-Kranz-Erdmaennchen-3-1-768x576.jpg 768w, https:\/\/dadade.eu\/wp-content\/uploads\/2023\/07\/xTuer-Kranz-Erdmaennchen-3-1.jpg 1400w\" sizes=\"(max-width: 300px) 100vw, 300px\" \/>der kleine Tannenkranz\u00a0 mit den Erdm\u00e4nnchen, findet ihr hier<\/a><\/strong><\/p>\n<p><img decoding=\"async\" class=\"alignnone size-medium wp-image-16072\" src=\"https:\/\/dadade.eu\/wp-content\/uploads\/2023\/07\/xals-Tuerkranz-1b-300x225.jpg\" alt=\"\" width=\"300\" height=\"225\" srcset=\"https:\/\/dadade.eu\/wp-content\/uploads\/2023\/07\/xals-Tuerkranz-1b-300x225.jpg 300w, https:\/\/dadade.eu\/wp-content\/uploads\/2023\/07\/xals-Tuerkranz-1b-600x450.jpg 600w, https:\/\/dadade.eu\/wp-content\/uploads\/2023\/07\/xals-Tuerkranz-1b-64x48.jpg 64w, https:\/\/dadade.eu\/wp-content\/uploads\/2023\/07\/xals-Tuerkranz-1b-1024x768.jpg 1024w, https:\/\/dadade.eu\/wp-content\/uploads\/2023\/07\/xals-Tuerkranz-1b-768x576.jpg 768w, https:\/\/dadade.eu\/wp-content\/uploads\/2023\/07\/xals-Tuerkranz-1b.jpg 1400w\" sizes=\"(max-width: 300px) 100vw, 300px\" \/><strong><a href=\"https:\/\/dadade.eu\/?product=advents-kranz-mit-maus-baer-rentier-pinguin-h094\">oder mit den Tieren vom Adventskranz<\/a><\/strong><\/p>\n<p>Die Anleitung ist jedoch ausf\u00fchrlich mit vielen Bildern hinterlegt<\/p>\n<p>und wird auf 6 Seiten Schritt-f\u00fcr-Schritt beschrieben!<\/p>\n<p>Sie ist dadurch auch schon f\u00fcr Anf\u00e4nger geeignet.<\/p>\n<p>&nbsp;<\/p>\n<p>viele Bilder und Ideen von flei\u00dfigen Helfer und H\u00e4nden findet ihr hier<\/p>\n<p><strong><a href=\"https:\/\/dadade.eu\/?p=6679\">KLICKE HIER<\/a><\/strong><\/p>\n<p>&nbsp;<\/p>\n<p>&nbsp;<\/p>\n<p>&nbsp;<\/p>\n","protected":false},"excerpt":{"rendered":"<div id=\"cc-m-13954443088\" class=\"j-module n j-text \">\n<p>Hier kauft man nur die H\u00e4kelanleitung f\u00fcr diesen tollen Tannen-Kranz in klein,<\/p>\n<p>Der Kranz bietet viele M\u00f6glichkeiten,<\/p>\n<p>der kleine Kranz ist eher gedacht f\u00fcr einen T\u00fcrkranz<\/p>\n<ol>\n<li>als T\u00fcrkranz, sch\u00f6n geschm\u00fcckt, je nach Jahreszeit, hei\u00dft er jeden Gast herzlich willkommen.<\/li>\n<li>das Highlight auch als Tischdeko<\/li>\n<li>z.B. mit Namen f\u00fcr die Kinderzimmer-T\u00fcr<\/li>\n<li>der Kranz mit einem meiner vielen Kranztiere,<\/li>\n<\/ol>\n<p>Die Tiere dienen nur zu Dekorationszwecken, die Anleitungen f\u00fcr die verschiedenen Tiere kann man auch bei mir erwerben.<\/p>\n<p><strong><a href=\"https:\/\/dadade.eu\/?p=8021\">mehr Bilder findet ihr hier<\/a><\/strong>\u00a0mit noch vielen tolle Deko-Ideen<\/p>\n<p>Lass deiner Fantasie freien Lauf, und dekorier den Kranz nach Lust und Laune.<\/p>\n<p>Ich freue mich immer auf Bilder f\u00fcr meine Seite<\/p>\n<p>&nbsp;<\/p>\n<p>Mit Wolle der Nadelst\u00e4rke 4 ist der Kranz, ungef\u00e4hr von Spitze zu Spitze von 37cm<\/p>\n<\/div>\n","protected":false},"featured_media":8311,"template":"","meta":[],"product_brand":[],"product_cat":[56,740,48,382],"product_tag":[90,242,87,94,93,257,256,243,244,181,195,521,519,520,258,259,95,96],"class_list":{"0":"post-8309","1":"product","2":"type-product","3":"status-publish","4":"has-post-thumbnail","6":"product_cat-2einfach","7":"product_cat-blumen","8":"product_cat-haus-deko","9":"product_cat-kraenze","10":"product_tag-amigurumi","11":"product_tag-dekoration-haekeln","12":"product_tag-geschenk","13":"product_tag-haekelanleitung","14":"product_tag-haekeln","15":"product_tag-kranz","16":"product_tag-kranz-haekeln","17":"product_tag-kuschelwolle","18":"product_tag-kuschelwolle-haekeln","19":"product_tag-lustig","20":"product_tag-praesent","21":"product_tag-tanne","22":"product_tag-tannenkranz","23":"product_tag-tannenkranz-haekeln","24":"product_tag-tuerkranz-haekeln","25":"product_tag-tuerkranz-ostern","26":"product_tag-wolle","27":"product_tag-wollreste","29":"first","30":"instock","31":"downloadable","32":"shipping-taxable","33":"purchasable","34":"product-type-simple"},"_links":{"self":[{"href":"https:\/\/dadade.eu\/index.php?rest_route=\/wp\/v2\/product\/8309","targetHints":{"allow":["GET"]}}],"collection":[{"href":"https:\/\/dadade.eu\/index.php?rest_route=\/wp\/v2\/product"}],"about":[{"href":"https:\/\/dadade.eu\/index.php?rest_route=\/wp\/v2\/types\/product"}],"wp:featuredmedia":[{"embeddable":true,"href":"https:\/\/dadade.eu\/index.php?rest_route=\/wp\/v2\/media\/8311"}],"wp:attachment":[{"href":"https:\/\/dadade.eu\/index.php?rest_route=%2Fwp%2Fv2%2Fmedia&parent=8309"}],"wp:term":[{"taxonomy":"product_brand","embeddable":true,"href":"https:\/\/dadade.eu\/index.php?rest_route=%2Fwp%2Fv2%2Fproduct_brand&post=8309"},{"taxonomy":"product_cat","embeddable":true,"href":"https:\/\/dadade.eu\/index.php?rest_route=%2Fwp%2Fv2%2Fproduct_cat&post=8309"},{"taxonomy":"product_tag","embeddable":true,"href":"https:\/\/dadade.eu\/index.php?rest_route=%2Fwp%2Fv2%2Fproduct_tag&post=8309"}],"curies":[{"name":"wp","href":"https:\/\/api.w.org\/{rel}","templated":true}]}}