{"id":8232,"date":"2020-10-08T23:38:03","date_gmt":"2020-10-08T21:38:03","guid":{"rendered":"https:\/\/dadade.eu\/?post_type=product&#038;p=8232"},"modified":"2023-09-11T16:42:16","modified_gmt":"2023-09-11T14:42:16","slug":"herz-kissen-mit-einhoerner-das-herz-zum-kuscheln-h153","status":"publish","type":"product","link":"https:\/\/dadade.eu\/?product=herz-kissen-mit-einhoerner-das-herz-zum-kuscheln-h153","title":{"rendered":"Herz Kissen mit Einh\u00f6rner, das Herz zum Kuscheln (H153)"},"content":{"rendered":"<p>Die Anleitung\u00a0 ist ausf\u00fchrlich mit vielen Bildern hinterlegt<\/p>\n<p>und wird auf 11 Seiten Schritt-f\u00fcr-Schritt beschrieben!<\/p>\n<p>Sie ist dadurch auch schon f\u00fcr Anf\u00e4nger geeignet.<\/p>\n<p>viele Bilder und Ideen von flei\u00dfigen Helfer und H\u00e4nden findet ihr hier<\/p>\n<p><strong><a href=\"https:\/\/dadade.eu\/?p=13760\">KLICKE HIER<\/a><\/strong><\/p>\n<p>&nbsp;<\/p>\n<p>&nbsp;<\/p>\n<p>&nbsp;<\/p>\n","protected":false},"excerpt":{"rendered":"<div id=\"cc-m-13954443088\" class=\"j-module n j-text \">\n<p>Hier kauft man nur die H\u00e4kelanleitung f\u00fcr dieses weiche, tolle Herz-Kissen, mit oder ohne Einh\u00f6rner.<\/p>\n<div id=\"cc-m-13774420988\">\n<p>Das Herz-Kissen ist kuschelig weich und ist ein absolutes Muss f\u00fcr\u00a0alle die uns am Herzen liegen<\/p>\n<p>Das Herz-Kissen allein ist schon ein tolles Valentins-Geschenk, mit den beiden Einh\u00f6rner ist es auch ein sch\u00f6nes Geschenk zur Hochzeit.<\/p>\n<\/div>\n<div id=\"cc-m-13774421088\">\n<p>&nbsp;<\/p>\n<\/div>\n<div id=\"cc-m-13670582188\">\n<p>Mit diesem Geschenk wird man mit Sicherheit punkten.<\/p>\n<\/div>\n<p>Das Kissen\u00a0wird mit der Nadelst\u00e4rke 4;\u00a0ca\u00a030cm hoch und breit<\/p>\n<\/div>\n","protected":false},"featured_media":8240,"template":"","meta":[],"product_brand":[],"product_cat":[55,49,48,53,387,389],"product_tag":[90,242,251,252,516,87,94,93,279,517,518,194,92,246,245,180,243,244,181,195,95,96],"class_list":{"0":"post-8232","1":"product","2":"type-product","3":"status-publish","4":"has-post-thumbnail","6":"product_cat-1sehr-einfach","7":"product_cat-dekoration-mit-herz","8":"product_cat-haus-deko","9":"product_cat-kissen","10":"product_cat-muttertag","11":"product_cat-valentinstag","12":"product_tag-amigurumi","13":"product_tag-dekoration-haekeln","14":"product_tag-einhorn","15":"product_tag-einhorn-haekeln","16":"product_tag-einhorn-herz","17":"product_tag-geschenk","18":"product_tag-haekelanleitung","19":"product_tag-haekeln","20":"product_tag-herz","21":"product_tag-herz-kissen","22":"product_tag-herzkissen-haekeln","23":"product_tag-kind","24":"product_tag-kinder","25":"product_tag-kissen-haekeln","26":"product_tag-kuschelige-haekeltiere","27":"product_tag-kuscheltier","28":"product_tag-kuschelwolle","29":"product_tag-kuschelwolle-haekeln","30":"product_tag-lustig","31":"product_tag-praesent","32":"product_tag-wolle","33":"product_tag-wollreste","35":"first","36":"instock","37":"downloadable","38":"shipping-taxable","39":"purchasable","40":"product-type-simple"},"_links":{"self":[{"href":"https:\/\/dadade.eu\/index.php?rest_route=\/wp\/v2\/product\/8232","targetHints":{"allow":["GET"]}}],"collection":[{"href":"https:\/\/dadade.eu\/index.php?rest_route=\/wp\/v2\/product"}],"about":[{"href":"https:\/\/dadade.eu\/index.php?rest_route=\/wp\/v2\/types\/product"}],"wp:featuredmedia":[{"embeddable":true,"href":"https:\/\/dadade.eu\/index.php?rest_route=\/wp\/v2\/media\/8240"}],"wp:attachment":[{"href":"https:\/\/dadade.eu\/index.php?rest_route=%2Fwp%2Fv2%2Fmedia&parent=8232"}],"wp:term":[{"taxonomy":"product_brand","embeddable":true,"href":"https:\/\/dadade.eu\/index.php?rest_route=%2Fwp%2Fv2%2Fproduct_brand&post=8232"},{"taxonomy":"product_cat","embeddable":true,"href":"https:\/\/dadade.eu\/index.php?rest_route=%2Fwp%2Fv2%2Fproduct_cat&post=8232"},{"taxonomy":"product_tag","embeddable":true,"href":"https:\/\/dadade.eu\/index.php?rest_route=%2Fwp%2Fv2%2Fproduct_tag&post=8232"}],"curies":[{"name":"wp","href":"https:\/\/api.w.org\/{rel}","templated":true}]}}