{"id":8230,"date":"2020-04-08T23:08:48","date_gmt":"2020-04-08T21:08:48","guid":{"rendered":"https:\/\/dadade.eu\/?post_type=product&#038;p=8230"},"modified":"2023-09-11T16:43:02","modified_gmt":"2023-09-11T14:43:02","slug":"kissen-ente-gagag-das-kuschelkissen-h152-2","status":"publish","type":"product","link":"https:\/\/dadade.eu\/?product=kissen-ente-gagag-das-kuschelkissen-h152-2","title":{"rendered":"Kissen Ente GaGag, das Kuschelkissen (H152)"},"content":{"rendered":"<p>Die Anleitung\u00a0 ist ausf\u00fchrlich mit vielen Bildern hinterlegt<\/p>\n<p>und wird auf 12 Seiten Schritt-f\u00fcr-Schritt beschrieben!<\/p>\n<p>Sie ist dadurch auch schon f\u00fcr Anf\u00e4nger geeignet.<\/p>\n<p>&nbsp;<\/p>\n<p>&nbsp;<\/p>\n<p>viele Bilder und Ideen von flei\u00dfigen Helfer und H\u00e4nden findet ihr hier<\/p>\n<p><strong><a href=\"https:\/\/dadade.eu\/?p=13760\">KLICKE HIER<\/a><\/strong><\/p>\n<p>&nbsp;<\/p>\n<p>&nbsp;<\/p>\n<p>&nbsp;<\/p>\n","protected":false},"excerpt":{"rendered":"<div id=\"cc-m-13954443088\" class=\"j-module n j-text \">\n<p>Hier kauft man nur die H\u00e4kelanleitung f\u00fcr dieses weiche, kuschelige Enten-Kissen.<\/p>\n<p>Das Kissen Ente GaGag ist kuschelig weich und ist eine witzige Dekoration-Idee f\u00fcr jedes Sofa und ein absolutes Muss f\u00fcr jeden Kuschelfreund und nat\u00fcrlich f\u00fcr Kinder<\/p>\n<div id=\"cc-m-13670582088\">\n<p>Mit Augen und Mund aufgestickt. Mit oder ohne Schleifen und Wimpern, alle Varianten k\u00f6nnen sich sehn lassen.<\/p>\n<\/div>\n<div id=\"cc-m-13670582188\">\n<p>&nbsp;<\/p>\n<\/div>\n<p>Mit diesem Geschenk wird man mit Sicherheit punkten.<\/p>\n<p>Das Kissen\u00a0wird mit der Nadelst\u00e4rke 4;\u00a0ca\u00a033cm hoch<\/p>\n<\/div>\n","protected":false},"featured_media":6646,"template":"","meta":[],"product_brand":[],"product_cat":[56,51,48,53],"product_tag":[90,242,254,397,514,87,94,93,194,92,515,246,245,180,243,244,181,195,95,96],"class_list":{"0":"post-8230","1":"product","2":"type-product","3":"status-publish","4":"has-post-thumbnail","6":"product_cat-2einfach","7":"product_cat-fruehling-ostern","8":"product_cat-haus-deko","9":"product_cat-kissen","10":"product_tag-amigurumi","11":"product_tag-dekoration-haekeln","12":"product_tag-ente","13":"product_tag-ente-haekeln","14":"product_tag-ente-kissen","15":"product_tag-geschenk","16":"product_tag-haekelanleitung","17":"product_tag-haekeln","18":"product_tag-kind","19":"product_tag-kinder","20":"product_tag-kissen-ente","21":"product_tag-kissen-haekeln","22":"product_tag-kuschelige-haekeltiere","23":"product_tag-kuscheltier","24":"product_tag-kuschelwolle","25":"product_tag-kuschelwolle-haekeln","26":"product_tag-lustig","27":"product_tag-praesent","28":"product_tag-wolle","29":"product_tag-wollreste","31":"first","32":"instock","33":"downloadable","34":"shipping-taxable","35":"purchasable","36":"product-type-simple"},"_links":{"self":[{"href":"https:\/\/dadade.eu\/index.php?rest_route=\/wp\/v2\/product\/8230","targetHints":{"allow":["GET"]}}],"collection":[{"href":"https:\/\/dadade.eu\/index.php?rest_route=\/wp\/v2\/product"}],"about":[{"href":"https:\/\/dadade.eu\/index.php?rest_route=\/wp\/v2\/types\/product"}],"wp:featuredmedia":[{"embeddable":true,"href":"https:\/\/dadade.eu\/index.php?rest_route=\/wp\/v2\/media\/6646"}],"wp:attachment":[{"href":"https:\/\/dadade.eu\/index.php?rest_route=%2Fwp%2Fv2%2Fmedia&parent=8230"}],"wp:term":[{"taxonomy":"product_brand","embeddable":true,"href":"https:\/\/dadade.eu\/index.php?rest_route=%2Fwp%2Fv2%2Fproduct_brand&post=8230"},{"taxonomy":"product_cat","embeddable":true,"href":"https:\/\/dadade.eu\/index.php?rest_route=%2Fwp%2Fv2%2Fproduct_cat&post=8230"},{"taxonomy":"product_tag","embeddable":true,"href":"https:\/\/dadade.eu\/index.php?rest_route=%2Fwp%2Fv2%2Fproduct_tag&post=8230"}],"curies":[{"name":"wp","href":"https:\/\/api.w.org\/{rel}","templated":true}]}}