{"id":8058,"date":"2021-01-08T16:51:11","date_gmt":"2021-01-08T15:51:11","guid":{"rendered":"https:\/\/dadade.eu\/?post_type=product&#038;p=8058"},"modified":"2023-02-09T20:47:58","modified_gmt":"2023-02-09T19:47:58","slug":"kranz-deko-moni-moehrchen-h000","status":"publish","type":"product","link":"https:\/\/dadade.eu\/?product=kranz-deko-moni-moehrchen-h000","title":{"rendered":"Kranz &#038; Deko &#8211; Moni M\u00f6hrchen (H000)"},"content":{"rendered":"<p>hier siehst du eine verr\u00fcckte\u00a0Idee,<\/p>\n<p>diese Tiere gibt es alle einzeln in meinem Shop, dort findest du auch noch viele tolle Deko-Ideen<\/p>\n<p>&nbsp;<\/p>\n<p>Die Anleitung f\u00fcr Moni M\u00f6hrchen ist ausf\u00fchrlich mit vielen Bildern hinterlegt<\/p>\n<p>und wird auf 6 Seiten Schritt-f\u00fcr-Schritt beschrieben!<\/p>\n<p>Sie ist dadurch auch schon f\u00fcr Anf\u00e4nger geeignet.<\/p>\n<p>&nbsp;<\/p>\n<p>viele Bilder und Ideen von flei\u00dfigen Helfer und H\u00e4nden findet ihr hier<\/p>\n<p><strong><a href=\"https:\/\/dadade.eu\/?p=6679\">KLICKE HIER<\/a><\/strong><\/p>\n<p>&nbsp;<\/p>\n<p>&nbsp;<\/p>\n<p>&nbsp;<\/p>\n","protected":false},"excerpt":{"rendered":"<div id=\"cc-m-13954443088\" class=\"j-module n j-text \">\n<p>Hier kauft man nur die H\u00e4kelanleitung f\u00fcr diese tolle M\u00f6hre, ob als Kranz oder als Tischdeko<\/p>\n<p>diese M\u00f6hre bietet viele M\u00f6glichkeiten,<\/p>\n<ol>\n<li>als T\u00fcrkranz, nicht nur an Ostern hei\u00dft sie jeden Gast herzlich willkommen.<\/li>\n<li>oder mal als Tischdeko das sieht witzig aus.<\/li>\n<li>z.B. im Osternest &#8211; eine tolle Idee<\/li>\n<li>oder die M\u00f6hre mit einem meiner vielen Kranztiere,<\/li>\n<li>oder einfach nur zum Kuscheln<\/li>\n<\/ol>\n<p>Die Tiere dienen nur zu Dekorationszwecken, die Anleitungen f\u00fcr die verschiedenen Tiere kann man auch bei mir erwerben.<\/p>\n<p><strong><a href=\"https:\/\/dadade.eu\/?p=8021\">mehr Bilder findet ihr hier<\/a><\/strong>\u00a0mit noch vielen tolle Deko-Ideen<\/p>\n<p>Lass deiner Fantasie freien Lauf, und dekorier den Kranz nach Lust und Laune.<\/p>\n<p>Ich freue mich immer auf Bilder f\u00fcr meine Seite<\/p>\n<p>&nbsp;<\/p>\n<p>Mit Wolle der Nadelst\u00e4rke 4 wird die M\u00f6hre ungef\u00e4hr 40cm lang<\/p>\n<\/div>\n","protected":false},"featured_media":8069,"template":"","meta":[],"product_brand":[],"product_cat":[55,501,51,48,382],"product_tag":[90,242,260,87,94,93,511,512,257,256,243,244,181,510,513,114,195,258,259,95,96],"class_list":{"0":"post-8058","1":"product","2":"type-product","3":"status-publish","4":"has-post-thumbnail","6":"product_cat-1sehr-einfach","7":"product_cat-ostern-amigurumi","8":"product_cat-fruehling-ostern","9":"product_cat-haus-deko","10":"product_cat-kraenze","11":"product_tag-amigurumi","12":"product_tag-dekoration-haekeln","13":"product_tag-fruehling","14":"product_tag-geschenk","15":"product_tag-haekelanleitung","16":"product_tag-haekeln","17":"product_tag-karotte","18":"product_tag-karotte-haekeln","19":"product_tag-kranz","20":"product_tag-kranz-haekeln","21":"product_tag-kuschelwolle","22":"product_tag-kuschelwolle-haekeln","23":"product_tag-lustig","24":"product_tag-moehre","25":"product_tag-moehre-haekeln","26":"product_tag-ostern","27":"product_tag-praesent","28":"product_tag-tuerkranz-haekeln","29":"product_tag-tuerkranz-ostern","30":"product_tag-wolle","31":"product_tag-wollreste","33":"first","34":"instock","35":"downloadable","36":"shipping-taxable","37":"purchasable","38":"product-type-simple"},"_links":{"self":[{"href":"https:\/\/dadade.eu\/index.php?rest_route=\/wp\/v2\/product\/8058","targetHints":{"allow":["GET"]}}],"collection":[{"href":"https:\/\/dadade.eu\/index.php?rest_route=\/wp\/v2\/product"}],"about":[{"href":"https:\/\/dadade.eu\/index.php?rest_route=\/wp\/v2\/types\/product"}],"wp:featuredmedia":[{"embeddable":true,"href":"https:\/\/dadade.eu\/index.php?rest_route=\/wp\/v2\/media\/8069"}],"wp:attachment":[{"href":"https:\/\/dadade.eu\/index.php?rest_route=%2Fwp%2Fv2%2Fmedia&parent=8058"}],"wp:term":[{"taxonomy":"product_brand","embeddable":true,"href":"https:\/\/dadade.eu\/index.php?rest_route=%2Fwp%2Fv2%2Fproduct_brand&post=8058"},{"taxonomy":"product_cat","embeddable":true,"href":"https:\/\/dadade.eu\/index.php?rest_route=%2Fwp%2Fv2%2Fproduct_cat&post=8058"},{"taxonomy":"product_tag","embeddable":true,"href":"https:\/\/dadade.eu\/index.php?rest_route=%2Fwp%2Fv2%2Fproduct_tag&post=8058"}],"curies":[{"name":"wp","href":"https:\/\/api.w.org\/{rel}","templated":true}]}}