{"id":7905,"date":"2023-02-06T18:13:22","date_gmt":"2023-02-06T17:13:22","guid":{"rendered":"https:\/\/dadade.eu\/?post_type=product&#038;p=7905"},"modified":"2025-02-24T14:11:40","modified_gmt":"2025-02-24T13:11:40","slug":"hasen-anzug-fuer-puppen-groesse-43cm-p007","status":"publish","type":"product","link":"https:\/\/dadade.eu\/?product=hasen-anzug-fuer-puppen-groesse-43cm-p007","title":{"rendered":"Hasen-Anzug &#038; Kuschelhasen f\u00fcr Puppen-Gr\u00f6\u00dfe 43cm (P007)"},"content":{"rendered":"<p><img decoding=\"async\" class=\"alignnone wp-image-7924\" src=\"https:\/\/dadade.eu\/wp-content\/uploads\/2023\/02\/xEinhornHasi-Anzug-Fasching-1-1-300x225.jpg\" alt=\"\" width=\"221\" height=\"166\" srcset=\"https:\/\/dadade.eu\/wp-content\/uploads\/2023\/02\/xEinhornHasi-Anzug-Fasching-1-1-300x225.jpg 300w, https:\/\/dadade.eu\/wp-content\/uploads\/2023\/02\/xEinhornHasi-Anzug-Fasching-1-1-600x450.jpg 600w, https:\/\/dadade.eu\/wp-content\/uploads\/2023\/02\/xEinhornHasi-Anzug-Fasching-1-1-64x48.jpg 64w, https:\/\/dadade.eu\/wp-content\/uploads\/2023\/02\/xEinhornHasi-Anzug-Fasching-1-1-1024x768.jpg 1024w, https:\/\/dadade.eu\/wp-content\/uploads\/2023\/02\/xEinhornHasi-Anzug-Fasching-1-1-768x576.jpg 768w, https:\/\/dadade.eu\/wp-content\/uploads\/2023\/02\/xEinhornHasi-Anzug-Fasching-1-1.jpg 1400w\" sizes=\"(max-width: 221px) 100vw, 221px\" \/> zu dem Hasen-Anzug gibt es auch noch <strong><a href=\"https:\/\/dadade.eu\/?product=einhorn-anzug-fuer-puppen-groesse-43cm-p006\">den Einhorn-Anzug<\/a><\/strong><\/p>\n<p>Die Anleitung ist f\u00fcr Anf\u00e4nger geeignet.<\/p>\n<p>Die Anleitung ist ausf\u00fchrlich mit vielen Bildern hinterlegt und wird auf \u00fcber 19 Seiten (Anzug) und 9 Seiten (Hase) Schritt-f\u00fcr-Schritt beschrieben!<\/p>\n<p>Der kleine Hase, mit der Nadelst\u00e4rke 3 geh\u00e4kelt, ist im sitzen ca 9cm hoch<\/p>\n<p>&nbsp;<\/p>\n<p>Puppenkleider-Bilder von flei\u00dfigen Helfer und H\u00e4nden?<\/p>\n<p><strong><a href=\"https:\/\/dadade.eu\/?p=7714\">KLICKE HIER<\/a><\/strong><\/p>\n<p>&nbsp;<\/p>\n<p>&nbsp;<\/p>\n<p>&nbsp;<\/p>\n","protected":false},"excerpt":{"rendered":"<div id=\"cc-m-13954443088\" class=\"j-module n j-text \">\n<p>Hier kauft man die H\u00e4kelanleitung\u00a0 f\u00fcr diesen tollen Hasi-Anzug, mit Kapuze.<\/p>\n<p>Die Kapuze ist mit Ohren, der Schwanz ist eine Fellbommel.<\/p>\n<p>Der kleine Hase geh\u00f6rt auch dazu, schlie\u00dflich brauchen auch P\u00fcppis ein Kuscheltier.<\/p>\n<p>Die Geschenk-Idee f\u00fcr alle Puppenmuttis, f\u00fcr die Gro\u00dfen- als Deko, \u00a0ob f\u00fcr Fasching oder auch f\u00fcr das Osterfest.<\/p>\n<p>F\u00fcr die Kleinen -zum Spielen, so einen kuscheligen, warmen Anzug braucht jede Puppe.<\/p>\n<p>&nbsp;<\/p>\n<p>Mit der Nadelst\u00e4rke 5 geh\u00e4kelt passt der Anzug Puppen, Gr\u00f6\u00dfe 43cm,<\/p>\n<p>&nbsp;<\/p>\n<p>Mit dem Kauf erh\u00e4lt man eine leicht verst\u00e4ndliche H\u00e4kelanleitung im praktischen PDF-Format.<\/p>\n<p>Die Anleitung ist auch schon f\u00fcr Anf\u00e4nger geeignet.<\/p>\n<p>&nbsp;<\/p>\n<\/div>\n","protected":false},"featured_media":7909,"template":"","meta":[],"product_brand":[],"product_cat":[56,42,502,428,499],"product_tag":[433,89,242,251,252,334,87,335,94,93,333,113,110,92,181,195,436,494,495,497,498,430,429,437,496,330,95,96],"class_list":{"0":"post-7905","1":"product","2":"type-product","3":"status-publish","4":"has-post-thumbnail","6":"product_cat-2einfach","7":"product_cat-baby","8":"product_cat-fasching","9":"product_cat-fuer-puppenmuttis","10":"product_cat-ostern","11":"product_tag-applikation-haekeln","12":"product_tag-baby","13":"product_tag-dekoration-haekeln","14":"product_tag-einhorn","15":"product_tag-einhorn-haekeln","16":"product_tag-geburtstag","17":"product_tag-geschenk","18":"product_tag-geschenkidee-haekeln","19":"product_tag-haekelanleitung","20":"product_tag-haekeln","21":"product_tag-handarbeitszubehoer","22":"product_tag-hase","23":"product_tag-hase-haekeln","24":"product_tag-kinder","25":"product_tag-lustig","26":"product_tag-praesent","27":"product_tag-puppen-anzug","28":"product_tag-puppen-socken","29":"product_tag-puppen-anzug-haekeln","30":"product_tag-puppen-einhorn-anzug-haekeln","31":"product_tag-puppen-hasen-anzug-haekeln","32":"product_tag-puppenkleider","33":"product_tag-puppenkleider-haekeln","34":"product_tag-socken","35":"product_tag-socken-fuer-puppen","36":"product_tag-witziges-geschenk","37":"product_tag-wolle","38":"product_tag-wollreste","40":"first","41":"instock","42":"downloadable","43":"shipping-taxable","44":"purchasable","45":"product-type-simple"},"_links":{"self":[{"href":"https:\/\/dadade.eu\/index.php?rest_route=\/wp\/v2\/product\/7905","targetHints":{"allow":["GET"]}}],"collection":[{"href":"https:\/\/dadade.eu\/index.php?rest_route=\/wp\/v2\/product"}],"about":[{"href":"https:\/\/dadade.eu\/index.php?rest_route=\/wp\/v2\/types\/product"}],"wp:featuredmedia":[{"embeddable":true,"href":"https:\/\/dadade.eu\/index.php?rest_route=\/wp\/v2\/media\/7909"}],"wp:attachment":[{"href":"https:\/\/dadade.eu\/index.php?rest_route=%2Fwp%2Fv2%2Fmedia&parent=7905"}],"wp:term":[{"taxonomy":"product_brand","embeddable":true,"href":"https:\/\/dadade.eu\/index.php?rest_route=%2Fwp%2Fv2%2Fproduct_brand&post=7905"},{"taxonomy":"product_cat","embeddable":true,"href":"https:\/\/dadade.eu\/index.php?rest_route=%2Fwp%2Fv2%2Fproduct_cat&post=7905"},{"taxonomy":"product_tag","embeddable":true,"href":"https:\/\/dadade.eu\/index.php?rest_route=%2Fwp%2Fv2%2Fproduct_tag&post=7905"}],"curies":[{"name":"wp","href":"https:\/\/api.w.org\/{rel}","templated":true}]}}