{"id":7845,"date":"2023-01-22T21:10:32","date_gmt":"2023-01-22T20:10:32","guid":{"rendered":"https:\/\/dadade.eu\/?post_type=product&#038;p=7845"},"modified":"2023-08-21T00:00:33","modified_gmt":"2023-08-20T22:00:33","slug":"clown-kostuem-mit-kleid-fuer-puppen-groesse-43cm-p005","status":"publish","type":"product","link":"https:\/\/dadade.eu\/?product=clown-kostuem-mit-kleid-fuer-puppen-groesse-43cm-p005","title":{"rendered":"Clown-Kost\u00fcm mit Kleid f\u00fcr Puppen-Gr\u00f6\u00dfe 43cm (P005)"},"content":{"rendered":"<p><img decoding=\"async\" class=\"alignnone wp-image-7846\" src=\"https:\/\/dadade.eu\/wp-content\/uploads\/2023\/02\/x2Clowns-Kostuem-4-300x225.jpg\" alt=\"\" width=\"193\" height=\"145\" srcset=\"https:\/\/dadade.eu\/wp-content\/uploads\/2023\/02\/x2Clowns-Kostuem-4-300x225.jpg 300w, https:\/\/dadade.eu\/wp-content\/uploads\/2023\/02\/x2Clowns-Kostuem-4-600x450.jpg 600w, https:\/\/dadade.eu\/wp-content\/uploads\/2023\/02\/x2Clowns-Kostuem-4-64x48.jpg 64w, https:\/\/dadade.eu\/wp-content\/uploads\/2023\/02\/x2Clowns-Kostuem-4-1024x768.jpg 1024w, https:\/\/dadade.eu\/wp-content\/uploads\/2023\/02\/x2Clowns-Kostuem-4-768x576.jpg 768w, https:\/\/dadade.eu\/wp-content\/uploads\/2023\/02\/x2Clowns-Kostuem-4.jpg 1400w\" sizes=\"(max-width: 193px) 100vw, 193px\" \/>zu dem Clowns-Kleid gibt es auch noch <strong><a href=\"https:\/\/dadade.eu\/?product=clown-kostuem-mit-hose-fuer-puppen-groesse-43cm-p004\">die Clowns-Hose<\/a><\/strong><\/p>\n<p>Die Anleitung ist f\u00fcr Anf\u00e4nger geeignet.<\/p>\n<p>Die Anleitung ist ausf\u00fchrlich mit vielen Bildern hinterlegt und wird auf \u00fcber 30 Seiten Schritt-f\u00fcr-Schritt beschrieben!<\/p>\n<p>Es liegt auch eine kleine Extra-Anleitung dabei, f\u00fcr Str\u00fcmpfe, wenn man die riesigen Schuhe nicht will.<\/p>\n<p>&nbsp;<\/p>\n<p>Puppenkleider-Bilder von flei\u00dfigen Helfer und H\u00e4nden?<\/p>\n<p><strong><a href=\"https:\/\/dadade.eu\/?p=7714\">KLICKE HIER<\/a><\/strong><\/p>\n<p>&nbsp;<\/p>\n<p>&nbsp;<\/p>\n<p>&nbsp;<\/p>\n","protected":false},"excerpt":{"rendered":"<div id=\"cc-m-13954443088\" class=\"j-module n j-text \">\n<p>P\u00fcppi darf mit auf die Faschingsparty<\/p>\n<p>Hier kauft man die H\u00e4kelanleitung\u00a0 f\u00fcr dieses witzige Clowns-Set,<\/p>\n<p>mit Kleidchen, Hut und riesigen Clowns-Schuhen mit Strumpfhose.<\/p>\n<p>Die Geschenk-Idee f\u00fcr alle Puppenmuttis,<\/p>\n<p>f\u00fcr die Gro\u00dfen- als Deko z.B. f\u00fcr Fasching oder f\u00fcr die Kleinen &#8211; zum Spielen.<\/p>\n<p>Es liegt auch eine kleine Extra-Anleitung dabei, f\u00fcr eine Strumpfhose, wenn man die gro\u00dfen Schuhe nicht mag, oder das Kleidchen f\u00fcr jeden Tag haben m\u00f6chte.<\/p>\n<p>Den Hut kann man mit oder ohne Haare arbeiten.<\/p>\n<p>Mit der Nadelst\u00e4rke 4,5 geh\u00e4kelt passt der Anzug Puppen, Gr\u00f6\u00dfe 43cm<\/p>\n<p>&nbsp;<\/p>\n<p>Mit dem Kauf erh\u00e4lt man eine leicht verst\u00e4ndliche H\u00e4kelanleitung im praktischen PDF-Format.<\/p>\n<p>Die Anleitung ist auch schon f\u00fcr Anf\u00e4nger geeignet.<\/p>\n<p>&nbsp;<\/p>\n<\/div>\n","protected":false},"featured_media":7855,"template":"","meta":[],"product_brand":[],"product_cat":[56,42,50,428],"product_tag":[433,89,476,487,486,488,242,334,87,335,94,93,333,477,179,92,489,181,434,195,436,490,480,482,479,483,492,491,430,429,478,484,437,330,95,96],"class_list":{"0":"post-7845","1":"product","2":"type-product","3":"status-publish","4":"has-post-thumbnail","6":"product_cat-2einfach","7":"product_cat-baby","8":"product_cat-fasching-die-5-jahreszeit","9":"product_cat-fuer-puppenmuttis","10":"product_tag-applikation-haekeln","11":"product_tag-baby","12":"product_tag-clowns-hose","13":"product_tag-clowns-hose-haekeln","14":"product_tag-clowns-hut-haekeln","15":"product_tag-clowns-kleid","16":"product_tag-dekoration-haekeln","17":"product_tag-geburtstag","18":"product_tag-geschenk","19":"product_tag-geschenkidee-haekeln","20":"product_tag-haekelanleitung","21":"product_tag-haekeln","22":"product_tag-handarbeitszubehoer","23":"product_tag-hose","24":"product_tag-hut","25":"product_tag-kinder","26":"product_tag-kleid","27":"product_tag-lustig","28":"product_tag-muetze","29":"product_tag-praesent","30":"product_tag-puppen-anzug","31":"product_tag-puppen-clowns-kleid","32":"product_tag-puppen-clowns-schuhe","33":"product_tag-puppen-hose","34":"product_tag-puppen-hut","35":"product_tag-puppen-hut-haekeln","36":"product_tag-puppen-kleid-haekeln","37":"product_tag-puppen-strumpfhose","38":"product_tag-puppenkleider","39":"product_tag-puppenkleider-haekeln","40":"product_tag-schuhe","41":"product_tag-schuhe-fuer-puppen","42":"product_tag-socken","43":"product_tag-witziges-geschenk","44":"product_tag-wolle","45":"product_tag-wollreste","47":"first","48":"instock","49":"downloadable","50":"shipping-taxable","51":"purchasable","52":"product-type-simple"},"_links":{"self":[{"href":"https:\/\/dadade.eu\/index.php?rest_route=\/wp\/v2\/product\/7845","targetHints":{"allow":["GET"]}}],"collection":[{"href":"https:\/\/dadade.eu\/index.php?rest_route=\/wp\/v2\/product"}],"about":[{"href":"https:\/\/dadade.eu\/index.php?rest_route=\/wp\/v2\/types\/product"}],"wp:featuredmedia":[{"embeddable":true,"href":"https:\/\/dadade.eu\/index.php?rest_route=\/wp\/v2\/media\/7855"}],"wp:attachment":[{"href":"https:\/\/dadade.eu\/index.php?rest_route=%2Fwp%2Fv2%2Fmedia&parent=7845"}],"wp:term":[{"taxonomy":"product_brand","embeddable":true,"href":"https:\/\/dadade.eu\/index.php?rest_route=%2Fwp%2Fv2%2Fproduct_brand&post=7845"},{"taxonomy":"product_cat","embeddable":true,"href":"https:\/\/dadade.eu\/index.php?rest_route=%2Fwp%2Fv2%2Fproduct_cat&post=7845"},{"taxonomy":"product_tag","embeddable":true,"href":"https:\/\/dadade.eu\/index.php?rest_route=%2Fwp%2Fv2%2Fproduct_tag&post=7845"}],"curies":[{"name":"wp","href":"https:\/\/api.w.org\/{rel}","templated":true}]}}