{"id":7819,"date":"2023-02-05T20:02:17","date_gmt":"2023-02-05T19:02:17","guid":{"rendered":"https:\/\/dadade.eu\/?post_type=product&#038;p=7819"},"modified":"2024-01-13T22:50:29","modified_gmt":"2024-01-13T21:50:29","slug":"p001-09-puppenkleider-fuer-puppen-groesse-43cm","status":"publish","type":"product","link":"https:\/\/dadade.eu\/?product=p001-09-puppenkleider-fuer-puppen-groesse-43cm","title":{"rendered":"P001-10 Puppenkleider f\u00fcr Puppen-Gr\u00f6\u00dfe 43cm"},"content":{"rendered":"<p>mehr dazu findet ihr hier,<\/p>\n<p><strong><a href=\"https:\/\/dadade.eu\/?product_cat=fuer-puppenmuttis\" target=\"_blank\" rel=\"noopener\">Baby und Kind- f\u00fcr Puppenmuttis<\/a><\/strong><\/p>\n<p>&nbsp;<\/p>\n<p><a href=\"https:\/\/dadade.eu\/?product_cat=fuer-puppenmuttis\" target=\"_blank\" rel=\"noopener\"><strong><u>P001 P\u00fcppi-Rentier-Anzug<\/u><\/strong><\/a><\/p>\n<p><a href=\"https:\/\/dadade.eu\/?product_cat=fuer-puppenmuttis\" target=\"_blank\" rel=\"noopener\"><strong><u>P002 P\u00fcppi-Unterw\u00e4sche<\/u><\/strong><\/a><\/p>\n<p><a href=\"https:\/\/dadade.eu\/?product=winter-set-fuer-puppen-groesse-43cm-p003\" target=\"_blank\" rel=\"noopener\"><strong><u>P003 P\u00fcppi-Winter-Set<\/u><\/strong><\/a><\/p>\n<p><a href=\"https:\/\/dadade.eu\/?product=clown-kostuem-mit-hose-fuer-puppen-groesse-43cm-p004\" target=\"_blank\" rel=\"noopener\"><strong><u>P004 P\u00fcppi-Clowns-Hose<\/u><\/strong><\/a><\/p>\n<p><a href=\"https:\/\/dadade.eu\/?product=clown-kostuem-mit-kleid-fuer-puppen-groesse-43cm-p005\" target=\"_blank\" rel=\"noopener\"><strong><u>P005 P\u00fcppi-Clowns-Kleid<\/u><\/strong><\/a><\/p>\n<p><a href=\"https:\/\/dadade.eu\/?product=einhorn-anzug-fuer-puppen-groesse-43cm-p006\" target=\"_blank\" rel=\"noopener\"><strong><u>P006 P\u00fcppi-Einhorn-Anzug<\/u><\/strong><\/a><\/p>\n<p><a href=\"https:\/\/dadade.eu\/?product=hasen-anzug-fuer-puppen-groesse-43cm-p007\" target=\"_blank\" rel=\"noopener\"><strong><u>P007 P\u00fcppi-Hasi-Anzug<\/u><\/strong><\/a><\/p>\n<p><a href=\"https:\/\/dadade.eu\/?product=haus-anzug-wellness-fuer-puppen-groesse-43cm-p008\" target=\"_blank\" rel=\"noopener\"><strong><u>P008 P\u00fcppi-Wellness-Anzug<\/u><\/strong><\/a><\/p>\n<p><a href=\"https:\/\/dadade.eu\/?product=kleid-fruehlingserwachen-fuer-puppen-groesse-43cm-p009\" target=\"_blank\" rel=\"noopener\"><strong><u>P009 P\u00fcppi-Kleidchen-Fr\u00fchlingserwachen<\/u><\/strong><\/a><\/p>\n<p><a href=\"https:\/\/dadade.eu\/?product=hasen-anzug-fuer-puppen-groesse-43cm-p007\"><strong><u>P010 P\u00fcppi-HosenAnzug-<\/u><\/strong><\/a><strong><u><a href=\"https:\/\/dadade.eu\/?product=hosen-anzug-fruehlingserwachen-fuer-puppen-groesse-43cm-p010\" target=\"_blank\" rel=\"noopener\">Fr\u00fchlingserwachen<\/a><\/u><\/strong><\/p>\n<p>&nbsp;<\/p>\n<p>mehr Bilder von Puppenkleider, von flei\u00dfigen Helfer und H\u00e4nde<\/p>\n<p><strong><a href=\"https:\/\/dadade.eu\/?p=7714\">KLICKE HIER<\/a><\/strong><\/p>\n<p>&nbsp;<\/p>\n<p>&nbsp;<\/p>\n<p>&nbsp;<\/p>\n","protected":false},"excerpt":{"rendered":"<div id=\"cc-m-13954443088\" class=\"j-module n j-text \">\n<p>Hier findet man tolle H\u00e4kelanleitungen f\u00fcr s\u00fc\u00dfe Puppenkleider,<\/p>\n<p>mit der angegebenen Nadelst\u00e4rke und Wolle, sind die Kleider f\u00fcr Puppen, Gr\u00f6\u00dfe 43cm, (z.B. die Baby Born), entworfen worden.<\/p>\n<p>Die Geschenk-Idee f\u00fcr alle Puppenmuttis, ob f\u00fcr Gro\u00dfe- als Deko oder auch f\u00fcr Klein-zum Spielen.<\/p>\n<p>mehr dazu findet ihr hier,\u00a0 <strong><a href=\"https:\/\/dadade.eu\/?product_cat=fuer-puppenmuttis\">Baby und Kind-f\u00fcr Puppenmuttis<\/a><\/strong><\/p>\n<p>&nbsp;<\/p>\n<\/div>\n","protected":false},"featured_media":21645,"template":"","meta":[],"product_brand":[],"product_cat":[16,42],"product_tag":[433,89,242,251,984,341,334,87,335,94,93,333,979,978,113,986,92,181,968,985,434,195,436,976,435,983,438,980,977,440,430,429,431,432,982,437,981,441,439,330,95,96],"class_list":{"0":"post-7819","1":"product","2":"type-product","3":"status-publish","4":"has-post-thumbnail","6":"product_cat-alle","7":"product_cat-baby","8":"product_tag-applikation-haekeln","9":"product_tag-baby","10":"product_tag-dekoration-haekeln","11":"product_tag-einhorn","12":"product_tag-einhorn-anzug","13":"product_tag-fasching","14":"product_tag-geburtstag","15":"product_tag-geschenk","16":"product_tag-geschenkidee-haekeln","17":"product_tag-haekelanleitung","18":"product_tag-haekeln","19":"product_tag-handarbeitszubehoer","20":"product_tag-handschuh-haekeln","21":"product_tag-handschuh-puppe","22":"product_tag-hase","23":"product_tag-hasen-anzug","24":"product_tag-kinder","25":"product_tag-lustig","26":"product_tag-mini-einhorn","27":"product_tag-mini-hase","28":"product_tag-muetze","29":"product_tag-praesent","30":"product_tag-puppen-anzug","31":"product_tag-puppen-fasching-haekeln","32":"product_tag-puppen-muetze","33":"product_tag-puppen-schuhe","34":"product_tag-puppen-socken-haekeln","35":"product_tag-puppen-stiefel","36":"product_tag-puppen-unterwaesche-haekeln","37":"product_tag-puppenanzug-haekeln","38":"product_tag-puppenkleider","39":"product_tag-puppenkleider-haekeln","40":"product_tag-rentier","41":"product_tag-rentier-applikation","42":"product_tag-schuhe-haekeln","43":"product_tag-socken","44":"product_tag-stiefel-haekeln","45":"product_tag-unterwaesche","46":"product_tag-winterkleider-fuer-puppen","47":"product_tag-witziges-geschenk","48":"product_tag-wolle","49":"product_tag-wollreste","51":"first","52":"instock","53":"downloadable","54":"shipping-taxable","55":"product-type-simple"},"_links":{"self":[{"href":"https:\/\/dadade.eu\/index.php?rest_route=\/wp\/v2\/product\/7819","targetHints":{"allow":["GET"]}}],"collection":[{"href":"https:\/\/dadade.eu\/index.php?rest_route=\/wp\/v2\/product"}],"about":[{"href":"https:\/\/dadade.eu\/index.php?rest_route=\/wp\/v2\/types\/product"}],"wp:featuredmedia":[{"embeddable":true,"href":"https:\/\/dadade.eu\/index.php?rest_route=\/wp\/v2\/media\/21645"}],"wp:attachment":[{"href":"https:\/\/dadade.eu\/index.php?rest_route=%2Fwp%2Fv2%2Fmedia&parent=7819"}],"wp:term":[{"taxonomy":"product_brand","embeddable":true,"href":"https:\/\/dadade.eu\/index.php?rest_route=%2Fwp%2Fv2%2Fproduct_brand&post=7819"},{"taxonomy":"product_cat","embeddable":true,"href":"https:\/\/dadade.eu\/index.php?rest_route=%2Fwp%2Fv2%2Fproduct_cat&post=7819"},{"taxonomy":"product_tag","embeddable":true,"href":"https:\/\/dadade.eu\/index.php?rest_route=%2Fwp%2Fv2%2Fproduct_tag&post=7819"}],"curies":[{"name":"wp","href":"https:\/\/api.w.org\/{rel}","templated":true}]}}