{"id":7758,"date":"2022-11-26T12:53:46","date_gmt":"2022-11-26T11:53:46","guid":{"rendered":"https:\/\/dadade.eu\/?post_type=product&#038;p=7758"},"modified":"2024-12-01T00:00:16","modified_gmt":"2024-11-30T23:00:16","slug":"winter-set-fuer-puppen-groesse-43cm-p003","status":"publish","type":"product","link":"https:\/\/dadade.eu\/?product=winter-set-fuer-puppen-groesse-43cm-p003","title":{"rendered":"Winter-Set f\u00fcr Puppen-Gr\u00f6\u00dfe 43cm (P003)"},"content":{"rendered":"<p>&nbsp;<\/p>\n<p>Die Anleitung ist f\u00fcr Anf\u00e4nger geeignet.<\/p>\n<p>Die Anleitung ist ausf\u00fchrlich mit vielen Bildern hinterlegt und wird auf 19 Seiten Schritt-f\u00fcr-Schritt beschrieben!<\/p>\n<p>&nbsp;<\/p>\n<p>Puppenkleider-Bilder von flei\u00dfigen Helfer und H\u00e4nden?<\/p>\n<p><strong><a href=\"https:\/\/dadade.eu\/?p=7714\">KLICKE HIER<\/a><\/strong><\/p>\n<p>&nbsp;<\/p>\n<p>&nbsp;<\/p>\n<p>&nbsp;<\/p>\n","protected":false},"excerpt":{"rendered":"<div id=\"cc-m-13954443088\" class=\"j-module n j-text \">\n<p>4-teiliges P\u00fcppi-Winter-Set<\/p>\n<p>Hier kauft man die H\u00e4kelanleitung f\u00fcr dieses kuschelige, warme Winter-Set<\/p>\n<p>mit Mantel, M\u00fctze, Handschuh und Stiefelchen.<\/p>\n<p>Die Geschenk-Idee f\u00fcr alle Puppenmuttis, ob f\u00fcr Gro\u00dfe- als Deko oder auch f\u00fcr Klein &#8211; zum Spielen.<\/p>\n<p>Der Mantel ist so geh\u00e4kelt, dass man ihn auch, mit etwas Erfahrung, an andere Puppengr\u00f6\u00dfen anpassen kann.<\/p>\n<p>Mit der Nadelst\u00e4rke 3 geh\u00e4kelt passt der Anzug Puppen, Gr\u00f6\u00dfe 43cm<\/p>\n<p>Mit dem Kauf erh\u00e4lt man eine leicht verst\u00e4ndliche H\u00e4kelanleitung im praktischen PDF-Format.<\/p>\n<p>Die Anleitung ist auch schon f\u00fcr Anf\u00e4nger geeignet.<\/p>\n<p>&nbsp;<\/p>\n<\/div>\n","protected":false},"featured_media":7761,"template":"","meta":[],"product_brand":[],"product_cat":[56,42,428,503],"product_tag":[433,89,242,334,87,335,94,93,333,92,181,434,195,436,435,438,440,430,429,431,432,437,439,330,95,96],"class_list":{"0":"post-7758","1":"product","2":"type-product","3":"status-publish","4":"has-post-thumbnail","6":"product_cat-2einfach","7":"product_cat-baby","8":"product_cat-fuer-puppenmuttis","9":"product_cat-winter-weihnachten-fuer-puppenmuttis","10":"product_tag-applikation-haekeln","11":"product_tag-baby","12":"product_tag-dekoration-haekeln","13":"product_tag-geburtstag","14":"product_tag-geschenk","15":"product_tag-geschenkidee-haekeln","16":"product_tag-haekelanleitung","17":"product_tag-haekeln","18":"product_tag-handarbeitszubehoer","19":"product_tag-kinder","20":"product_tag-lustig","21":"product_tag-muetze","22":"product_tag-praesent","23":"product_tag-puppen-anzug","24":"product_tag-puppen-muetze","25":"product_tag-puppen-socken-haekeln","26":"product_tag-puppenanzug-haekeln","27":"product_tag-puppenkleider","28":"product_tag-puppenkleider-haekeln","29":"product_tag-rentier","30":"product_tag-rentier-applikation","31":"product_tag-socken","32":"product_tag-winterkleider-fuer-puppen","33":"product_tag-witziges-geschenk","34":"product_tag-wolle","35":"product_tag-wollreste","37":"first","38":"instock","39":"downloadable","40":"shipping-taxable","41":"purchasable","42":"product-type-simple"},"_links":{"self":[{"href":"https:\/\/dadade.eu\/index.php?rest_route=\/wp\/v2\/product\/7758","targetHints":{"allow":["GET"]}}],"collection":[{"href":"https:\/\/dadade.eu\/index.php?rest_route=\/wp\/v2\/product"}],"about":[{"href":"https:\/\/dadade.eu\/index.php?rest_route=\/wp\/v2\/types\/product"}],"wp:featuredmedia":[{"embeddable":true,"href":"https:\/\/dadade.eu\/index.php?rest_route=\/wp\/v2\/media\/7761"}],"wp:attachment":[{"href":"https:\/\/dadade.eu\/index.php?rest_route=%2Fwp%2Fv2%2Fmedia&parent=7758"}],"wp:term":[{"taxonomy":"product_brand","embeddable":true,"href":"https:\/\/dadade.eu\/index.php?rest_route=%2Fwp%2Fv2%2Fproduct_brand&post=7758"},{"taxonomy":"product_cat","embeddable":true,"href":"https:\/\/dadade.eu\/index.php?rest_route=%2Fwp%2Fv2%2Fproduct_cat&post=7758"},{"taxonomy":"product_tag","embeddable":true,"href":"https:\/\/dadade.eu\/index.php?rest_route=%2Fwp%2Fv2%2Fproduct_tag&post=7758"}],"curies":[{"name":"wp","href":"https:\/\/api.w.org\/{rel}","templated":true}]}}