{"id":7702,"date":"2022-11-22T21:41:45","date_gmt":"2022-11-22T20:41:45","guid":{"rendered":"https:\/\/dadade.eu\/?post_type=product&#038;p=7702"},"modified":"2023-08-21T00:00:34","modified_gmt":"2023-08-20T22:00:34","slug":"unterwaesche-fuer-puppen-groesse-43cm-p002","status":"publish","type":"product","link":"https:\/\/dadade.eu\/?product=unterwaesche-fuer-puppen-groesse-43cm-p002","title":{"rendered":"Unterw\u00e4sche oder Sommer-Set f\u00fcr Puppen-Gr\u00f6\u00dfe 43cm (P002)"},"content":{"rendered":"<p>Die Anleitung ist f\u00fcr Anf\u00e4nger geeignet.<\/p>\n<p>Die Anleitung ist ausf\u00fchrlich mit vielen Bildern hinterlegt und wird auf 11 Seiten Schritt-f\u00fcr-Schritt beschrieben!<\/p>\n<p>&nbsp;<\/p>\n<p>Puppenkleider-Bilder von flei\u00dfigen Helfer und H\u00e4nden?<\/p>\n<p><strong><a href=\"https:\/\/dadade.eu\/?p=7714\">KLICKE HIER<\/a><\/strong><\/p>\n<p>&nbsp;<\/p>\n<p>&nbsp;<\/p>\n<p>&nbsp;<\/p>\n","protected":false},"excerpt":{"rendered":"<div id=\"cc-m-13954443088\" class=\"j-module n j-text \">\n<p>Auch P\u00fcppis brauchen etwas f\u00fcr unten drunter.<\/p>\n<p>Hier kauft man die H\u00e4kelanleitung f\u00fcr dieses tolle Unterw\u00e4sche-Set,<\/p>\n<p>es besteht aus einem Unterhemd und Unterhose.<\/p>\n<p>Je nach Wolle und Farben gibt dieses Set auch eine tolle Sommerkombination, das Set ist er auch f\u00fcr Wollreste geeignet.<\/p>\n<p>Die Geschenk-Idee f\u00fcr kleine Puppenmuttis, ein Mitbringsel f\u00fcr das ganze Jahr.<\/p>\n<p>Schlie\u00dflich muss P\u00fcppi auch Unterw\u00e4sche haben.<\/p>\n<p>mit der Nadelst\u00e4rke 3 geh\u00e4kelt passt das Set f\u00fcr Puppen, Gr\u00f6\u00dfe 43cm<\/p>\n<p>Mit dem Kauf erh\u00e4lt man eine leicht verst\u00e4ndliche H\u00e4kelanleitung im praktischen PDF-Format.<\/p>\n<p>Die Anleitung ist auch schon f\u00fcr Anf\u00e4nger geeignet.<\/p>\n<\/div>\n","protected":false},"featured_media":7710,"template":"","meta":[],"product_brand":[],"product_cat":[56,42,428],"product_tag":[433,89,242,334,87,335,94,93,333,92,181,195,436,447,445,446,444,430,429,442,449,443,450,441,448,330,95,96],"class_list":{"0":"post-7702","1":"product","2":"type-product","3":"status-publish","4":"has-post-thumbnail","6":"product_cat-2einfach","7":"product_cat-baby","8":"product_cat-fuer-puppenmuttis","9":"product_tag-applikation-haekeln","10":"product_tag-baby","11":"product_tag-dekoration-haekeln","12":"product_tag-geburtstag","13":"product_tag-geschenk","14":"product_tag-geschenkidee-haekeln","15":"product_tag-haekelanleitung","16":"product_tag-haekeln","17":"product_tag-handarbeitszubehoer","18":"product_tag-kinder","19":"product_tag-lustig","20":"product_tag-praesent","21":"product_tag-puppen-anzug","22":"product_tag-puppen-sommer-set","23":"product_tag-puppen-unterhemd","24":"product_tag-puppen-unterhose","25":"product_tag-puppen-unterwaesche","26":"product_tag-puppenkleider","27":"product_tag-puppenkleider-haekeln","28":"product_tag-unterhemd","29":"product_tag-unterhemd-haekeln","30":"product_tag-unterhose","31":"product_tag-unterhose-haekeln","32":"product_tag-unterwaesche","33":"product_tag-unterwaesche-haekeln","34":"product_tag-witziges-geschenk","35":"product_tag-wolle","36":"product_tag-wollreste","38":"first","39":"instock","40":"downloadable","41":"shipping-taxable","42":"purchasable","43":"product-type-simple"},"_links":{"self":[{"href":"https:\/\/dadade.eu\/index.php?rest_route=\/wp\/v2\/product\/7702","targetHints":{"allow":["GET"]}}],"collection":[{"href":"https:\/\/dadade.eu\/index.php?rest_route=\/wp\/v2\/product"}],"about":[{"href":"https:\/\/dadade.eu\/index.php?rest_route=\/wp\/v2\/types\/product"}],"wp:featuredmedia":[{"embeddable":true,"href":"https:\/\/dadade.eu\/index.php?rest_route=\/wp\/v2\/media\/7710"}],"wp:attachment":[{"href":"https:\/\/dadade.eu\/index.php?rest_route=%2Fwp%2Fv2%2Fmedia&parent=7702"}],"wp:term":[{"taxonomy":"product_brand","embeddable":true,"href":"https:\/\/dadade.eu\/index.php?rest_route=%2Fwp%2Fv2%2Fproduct_brand&post=7702"},{"taxonomy":"product_cat","embeddable":true,"href":"https:\/\/dadade.eu\/index.php?rest_route=%2Fwp%2Fv2%2Fproduct_cat&post=7702"},{"taxonomy":"product_tag","embeddable":true,"href":"https:\/\/dadade.eu\/index.php?rest_route=%2Fwp%2Fv2%2Fproduct_tag&post=7702"}],"curies":[{"name":"wp","href":"https:\/\/api.w.org\/{rel}","templated":true}]}}