{"id":7655,"date":"2023-01-30T20:18:15","date_gmt":"2023-01-30T19:18:15","guid":{"rendered":"https:\/\/dadade.eu\/?post_type=product&#038;p=7655"},"modified":"2024-11-25T13:36:14","modified_gmt":"2024-11-25T12:36:14","slug":"a150-157-tierisches-landleben","status":"publish","type":"product","link":"https:\/\/dadade.eu\/?product=a150-157-tierisches-landleben","title":{"rendered":"A150 &#8211; 158 tierische Rasselbande, witzige Amigurumis"},"content":{"rendered":"<p>mehr dazu findet ihr hier;<\/p>\n<p><strong><a href=\"https:\/\/dadade.eu\/?product_cat=amigurumis-zum-kuscheln\">Amigurumi<\/a><a href=\"https:\/\/dadade.eu\/?product_cat=amigurumis-zum-kuscheln\"> &#8211; Amigurumis zum Kuscheln<\/a><\/strong><\/p>\n<p><strong>zu dieser Rasselbande geh\u00f6ren<\/strong><\/p>\n<p><a href=\"https:\/\/dadade.eu\/?product=schaf-schantal-das-schlummerschaefchen-a150\"><strong><u>A150 Schaf Schantal<\/u><\/strong><\/a><\/p>\n<p><a href=\"https:\/\/dadade.eu\/?product=schwein-scharlie-schlau-zum-kuscheln-a151\"><strong><u>A151 Schwein Scharlie Schlau<\/u><\/strong><\/a><\/p>\n<p><a title=\"A168 Gl\u00fccks-Vogel\" href=\"https:\/\/dadade.eu\/?product=hase-hanni-moehrchen-zum-kuscheln-a153\"><strong><u>A152 Einhorn Eilyn<\/u><\/strong><\/a><\/p>\n<p><a href=\"https:\/\/dadade.eu\/?product=hase-hanni-moehrchen-zum-kuscheln-a153-2\"><strong><u>A153 Hase Hanni M\u00f6hrchen<\/u><\/strong><\/a><\/p>\n<p><a href=\"https:\/\/dadade.eu\/?product=biene-opa-bruno-zum-kuscheln-a154\"><strong><u>A154 Bienen (Opa) Bruno<\/u><\/strong><\/a><\/p>\n<p><a href=\"https:\/\/dadade.eu\/?product=ziege-guenni-geisbert-zum-kuscheln-a155\"><strong><u>A155 Ziege G\u00fcnni<\/u><\/strong><\/a><\/p>\n<p><a href=\"https:\/\/dadade.eu\/?product=gerda-gans-zum-kuscheln-a156\"><strong><u>A156 Gerda Gans<\/u><\/strong><\/a><\/p>\n<p><a href=\"https:\/\/dadade.eu\/?product=erwin-und-elwira-erpel-die-wildenten-a157\"><strong><u>A157 Ente Erwin &amp; Elwira Erpel<\/u><\/strong><\/a><\/p>\n<p><strong>&amp;<\/strong><\/p>\n<p><a href=\"https:\/\/dadade.eu\/?product=maulwurf-mortimer-von-maul-wurf-zum-kuscheln-a158\"><strong><u>A158 MAULWURF Mortimer von Maul &amp; Wurf<\/u><\/strong><\/a><\/p>\n<p>der aber lieber im Untergrund bleibt<\/p>\n<p>&nbsp;<\/p>\n<p>mehr Bilder, der Rasselbande findet ihr hier<\/p>\n<p><strong><a href=\"https:\/\/dadade.eu\/?p=7268\">KLICKE HIER<\/a><\/strong><\/p>\n<p>mehr Bilder, von flei\u00dfigen Helfer und H\u00e4nde<\/p>\n<p><strong><a href=\"https:\/\/dadade.eu\/?p=7144\">KLICKE HIER<\/a><\/strong><\/p>\n<p>&nbsp;<\/p>\n<p>&nbsp;<\/p>\n","protected":false},"excerpt":{"rendered":"<p>Diese Gruppe von Tieren sind alle zum Spielen und Kuscheln und haben auch die richtige Gr\u00f6\u00dfe f\u00fcr das Osternest.<\/p>\n<p>Sie sind einfach gehalten und die Teile sind fast alle angeh\u00e4kelt, da sie von vielen kleinen Kinderh\u00e4nden bespielt werden.<\/p>\n<p>mehr dazu findet ihr hier; <strong><a href=\"https:\/\/dadade.eu\/?product_cat=amigurumis-zum-kuscheln\">Amigurumi<\/a><a href=\"https:\/\/dadade.eu\/?product_cat=amigurumis-zum-kuscheln\"> &#8211; Amigurumis zum Kuscheln<\/a><\/strong><\/p>\n<p>&nbsp;<\/p>\n<p>Diese Tiere gibt es auch alle als <em>Halbe Tiere<\/em>, sie kann man in einen Kranz setzten.<\/p>\n<p>mehr dazu findet ihr hier; <strong><a href=\"https:\/\/dadade.eu\/?product_cat=kraenze\">Haus und Deko &#8211; Kr\u00e4nze<\/a><\/strong><\/p>\n<p>&nbsp;<\/p>\n<p>&nbsp;<\/p>\n","protected":false},"featured_media":11935,"template":"","meta":[],"product_brand":[],"product_cat":[16],"product_tag":[90,89,254,397,399,87,493,94,93,92,88,114,91,426,424,427,425,398,95,96],"class_list":{"0":"post-7655","1":"product","2":"type-product","3":"status-publish","4":"has-post-thumbnail","6":"product_cat-alle","7":"product_tag-amigurumi","8":"product_tag-baby","9":"product_tag-ente","10":"product_tag-ente-haekeln","11":"product_tag-fruehlingsbote","12":"product_tag-geschenk","13":"product_tag-geschenk-kinder","14":"product_tag-haekelanleitung","15":"product_tag-haekeln","16":"product_tag-kinder","17":"product_tag-kuscheltier-haekeln","18":"product_tag-ostern","19":"product_tag-plueschtier","20":"product_tag-schaf","21":"product_tag-schaf-haekeln","22":"product_tag-schlummerle","23":"product_tag-schlummerschaf-haekeln","24":"product_tag-wildente-haekeln","25":"product_tag-wolle","26":"product_tag-wollreste","28":"first","29":"instock","30":"shipping-taxable","31":"product-type-simple"},"_links":{"self":[{"href":"https:\/\/dadade.eu\/index.php?rest_route=\/wp\/v2\/product\/7655","targetHints":{"allow":["GET"]}}],"collection":[{"href":"https:\/\/dadade.eu\/index.php?rest_route=\/wp\/v2\/product"}],"about":[{"href":"https:\/\/dadade.eu\/index.php?rest_route=\/wp\/v2\/types\/product"}],"wp:featuredmedia":[{"embeddable":true,"href":"https:\/\/dadade.eu\/index.php?rest_route=\/wp\/v2\/media\/11935"}],"wp:attachment":[{"href":"https:\/\/dadade.eu\/index.php?rest_route=%2Fwp%2Fv2%2Fmedia&parent=7655"}],"wp:term":[{"taxonomy":"product_brand","embeddable":true,"href":"https:\/\/dadade.eu\/index.php?rest_route=%2Fwp%2Fv2%2Fproduct_brand&post=7655"},{"taxonomy":"product_cat","embeddable":true,"href":"https:\/\/dadade.eu\/index.php?rest_route=%2Fwp%2Fv2%2Fproduct_cat&post=7655"},{"taxonomy":"product_tag","embeddable":true,"href":"https:\/\/dadade.eu\/index.php?rest_route=%2Fwp%2Fv2%2Fproduct_tag&post=7655"}],"curies":[{"name":"wp","href":"https:\/\/api.w.org\/{rel}","templated":true}]}}