{"id":7633,"date":"2021-12-30T19:57:07","date_gmt":"2021-12-30T18:57:07","guid":{"rendered":"https:\/\/dadade.eu\/?post_type=product&#038;p=7633"},"modified":"2023-02-07T18:30:32","modified_gmt":"2023-02-07T17:30:32","slug":"schaf-schantal-das-schlummerschaefchen-a150","status":"publish","type":"product","link":"https:\/\/dadade.eu\/?product=schaf-schantal-das-schlummerschaefchen-a150","title":{"rendered":"Schaf Schantal, das Schlummersch\u00e4fchen (A150)"},"content":{"rendered":"<p>Die Anleitung ist ausf\u00fchrlich mit vielen Bildern hinterlegt und wird auf 18 Seiten Schritt-f\u00fcr-Schritt beschrieben!<\/p>\n<p><img decoding=\"async\" class=\" wp-image-7634 alignleft\" src=\"https:\/\/dadade.eu\/wp-content\/uploads\/2023\/01\/02xgrosser-Kranz-Tischdeko-Schafe-2-300x225.jpg\" alt=\"\" width=\"207\" height=\"155\" srcset=\"https:\/\/dadade.eu\/wp-content\/uploads\/2023\/01\/02xgrosser-Kranz-Tischdeko-Schafe-2-300x225.jpg 300w, https:\/\/dadade.eu\/wp-content\/uploads\/2023\/01\/02xgrosser-Kranz-Tischdeko-Schafe-2-600x450.jpg 600w, https:\/\/dadade.eu\/wp-content\/uploads\/2023\/01\/02xgrosser-Kranz-Tischdeko-Schafe-2-64x48.jpg 64w, https:\/\/dadade.eu\/wp-content\/uploads\/2023\/01\/02xgrosser-Kranz-Tischdeko-Schafe-2-1024x768.jpg 1024w, https:\/\/dadade.eu\/wp-content\/uploads\/2023\/01\/02xgrosser-Kranz-Tischdeko-Schafe-2-768x576.jpg 768w, https:\/\/dadade.eu\/wp-content\/uploads\/2023\/01\/02xgrosser-Kranz-Tischdeko-Schafe-2.jpg 1400w\" sizes=\"(max-width: 207px) 100vw, 207px\" \/><\/p>\n<p>&nbsp;<\/p>\n<p>es gibt auch ein Schaf im Kranz,<\/p>\n<p>Kranz ist nur Deko- er ist nicht in der Anleitung enthalten<\/p>\n<p>z.B. mit dem <strong><a href=\"https:\/\/dadade.eu\/?product=kranz-regenbogen-h005\">Regenbogen-Kranz<\/a><\/strong>, oder dem <strong><a href=\"https:\/\/dadade.eu\/?product=kranz-blume-h004\">Blumenkranz<\/a><\/strong><\/p>\n<p><img decoding=\"async\" class=\"wp-image-7640 alignleft\" src=\"https:\/\/dadade.eu\/wp-content\/uploads\/2023\/01\/05xKranz-Regenbogen-Schaukel-Schantal-300x225.jpg\" alt=\"\" width=\"155\" height=\"116\" srcset=\"https:\/\/dadade.eu\/wp-content\/uploads\/2023\/01\/05xKranz-Regenbogen-Schaukel-Schantal-300x225.jpg 300w, https:\/\/dadade.eu\/wp-content\/uploads\/2023\/01\/05xKranz-Regenbogen-Schaukel-Schantal-600x450.jpg 600w, https:\/\/dadade.eu\/wp-content\/uploads\/2023\/01\/05xKranz-Regenbogen-Schaukel-Schantal-64x48.jpg 64w, https:\/\/dadade.eu\/wp-content\/uploads\/2023\/01\/05xKranz-Regenbogen-Schaukel-Schantal-1024x768.jpg 1024w, https:\/\/dadade.eu\/wp-content\/uploads\/2023\/01\/05xKranz-Regenbogen-Schaukel-Schantal-768x576.jpg 768w, https:\/\/dadade.eu\/wp-content\/uploads\/2023\/01\/05xKranz-Regenbogen-Schaukel-Schantal.jpg 1400w\" sizes=\"(max-width: 155px) 100vw, 155px\" \/> <img decoding=\"async\" class=\"wp-image-7639 alignleft\" src=\"https:\/\/dadade.eu\/wp-content\/uploads\/2023\/01\/04xTuerkranz-Blumen-Kranz-Schaf-1-300x225.jpg\" alt=\"\" width=\"155\" height=\"116\" srcset=\"https:\/\/dadade.eu\/wp-content\/uploads\/2023\/01\/04xTuerkranz-Blumen-Kranz-Schaf-1-300x225.jpg 300w, https:\/\/dadade.eu\/wp-content\/uploads\/2023\/01\/04xTuerkranz-Blumen-Kranz-Schaf-1-600x450.jpg 600w, https:\/\/dadade.eu\/wp-content\/uploads\/2023\/01\/04xTuerkranz-Blumen-Kranz-Schaf-1-64x48.jpg 64w, https:\/\/dadade.eu\/wp-content\/uploads\/2023\/01\/04xTuerkranz-Blumen-Kranz-Schaf-1-1024x768.jpg 1024w, https:\/\/dadade.eu\/wp-content\/uploads\/2023\/01\/04xTuerkranz-Blumen-Kranz-Schaf-1-768x576.jpg 768w, https:\/\/dadade.eu\/wp-content\/uploads\/2023\/01\/04xTuerkranz-Blumen-Kranz-Schaf-1.jpg 1400w\" sizes=\"(max-width: 155px) 100vw, 155px\" \/><\/p>\n<p>&nbsp;<\/p>\n<p>&nbsp;<\/p>\n<p>&nbsp;<\/p>\n<p>MEHR VARIANTEN UND IDEEN FINDET IHR HIER<\/p>\n<p><a href=\"https:\/\/dadade.eu\/?p=7144\"><strong>VIELE TOLLE BILDER<\/strong> von flei\u00dfigen Helfer und H\u00e4nden<\/a><\/p>\n<p><a href=\"https:\/\/dadade.eu\/?p=7268\"><img loading=\"lazy\" decoding=\"async\" class=\"alignnone wp-image-7315\" src=\"https:\/\/dadade.eu\/wp-content\/uploads\/2023\/01\/x6x-Ostern-1-300x225.jpg\" alt=\"\" width=\"193\" height=\"145\" srcset=\"https:\/\/dadade.eu\/wp-content\/uploads\/2023\/01\/x6x-Ostern-1-300x225.jpg 300w, https:\/\/dadade.eu\/wp-content\/uploads\/2023\/01\/x6x-Ostern-1-600x450.jpg 600w, https:\/\/dadade.eu\/wp-content\/uploads\/2023\/01\/x6x-Ostern-1-64x48.jpg 64w, https:\/\/dadade.eu\/wp-content\/uploads\/2023\/01\/x6x-Ostern-1-1024x768.jpg 1024w, https:\/\/dadade.eu\/wp-content\/uploads\/2023\/01\/x6x-Ostern-1-768x576.jpg 768w, https:\/\/dadade.eu\/wp-content\/uploads\/2023\/01\/x6x-Ostern-1.jpg 1400w\" sizes=\"(max-width: 193px) 100vw, 193px\" \/><strong>VIELE TOLLE BILDER<\/strong><\/a> von den Freunden<\/p>\n<p>&nbsp;<\/p>\n<p>&nbsp;<\/p>\n","protected":false},"excerpt":{"rendered":"<div id=\"cc-m-13954443088\">\n<p>Hier kauft man die H\u00e4kelanleitung f\u00fcr dieses s\u00fc\u00dfe Schaf, Schantal mit M\u00fctze und Schlafpuschen.<\/p>\n<p>Das Schaf, als Schlummerschaf mit geschlossenen Augen wird immer gerne mit ins Bett genommen.<\/p>\n<p>Oder ihr h\u00e4kelt das Schaf mit Sicherheitsaugen, und Brille, z.B als Deko<\/p>\n<p>Egal welche Variante, Schantal wird das ganze Jahr \u00fcber von den Kindern, und Eltern, geliebt.<\/p>\n<p>&nbsp;<\/p>\n<p>Mit dem Kauf erh\u00e4lt man eine leicht verst\u00e4ndliche H\u00e4kelanleitung im praktischen PDF-Format.<\/p>\n<p>Die Anleitung ist auch schon f\u00fcr Anf\u00e4nger geeignet.<\/p>\n<p>&nbsp;<\/p>\n<p>Mit Nadelst\u00e4rke 4 geh\u00e4kelt, wird Schantal ungef\u00e4hr; 30 cm<\/p>\n<p>Der Kranz dient nur zu Dekorationszwecken, <strong><a href=\"https:\/\/dadade.eu\/?product=h001-013kranz-viele-kraenze\">die Anleitung<\/a><\/strong> kann man auch bei mir erwerben.<\/p>\n<p>&nbsp;<\/p>\n<\/div>\n","protected":false},"featured_media":7635,"template":"","meta":[],"product_brand":[],"product_cat":[57,35,39,501,69],"product_tag":[90,89,242,399,87,94,93,92,245,180,88,243,244,114,91,392,426,424,427,425,95,96],"class_list":{"0":"post-7633","1":"product","2":"type-product","3":"status-publish","4":"has-post-thumbnail","6":"product_cat-3mittel","7":"product_cat-amigurumi","8":"product_cat-amigurumis-zum-kuscheln","9":"product_cat-ostern-amigurumi","10":"product_cat-mittel","11":"product_tag-amigurumi","12":"product_tag-baby","13":"product_tag-dekoration-haekeln","14":"product_tag-fruehlingsbote","15":"product_tag-geschenk","16":"product_tag-haekelanleitung","17":"product_tag-haekeln","18":"product_tag-kinder","19":"product_tag-kuschelige-haekeltiere","20":"product_tag-kuscheltier","21":"product_tag-kuscheltier-haekeln","22":"product_tag-kuschelwolle","23":"product_tag-kuschelwolle-haekeln","24":"product_tag-ostern","25":"product_tag-plueschtier","26":"product_tag-plueschtier-haekeln","27":"product_tag-schaf","28":"product_tag-schaf-haekeln","29":"product_tag-schlummerle","30":"product_tag-schlummerschaf-haekeln","31":"product_tag-wolle","32":"product_tag-wollreste","34":"first","35":"instock","36":"downloadable","37":"shipping-taxable","38":"purchasable","39":"product-type-simple"},"_links":{"self":[{"href":"https:\/\/dadade.eu\/index.php?rest_route=\/wp\/v2\/product\/7633","targetHints":{"allow":["GET"]}}],"collection":[{"href":"https:\/\/dadade.eu\/index.php?rest_route=\/wp\/v2\/product"}],"about":[{"href":"https:\/\/dadade.eu\/index.php?rest_route=\/wp\/v2\/types\/product"}],"wp:featuredmedia":[{"embeddable":true,"href":"https:\/\/dadade.eu\/index.php?rest_route=\/wp\/v2\/media\/7635"}],"wp:attachment":[{"href":"https:\/\/dadade.eu\/index.php?rest_route=%2Fwp%2Fv2%2Fmedia&parent=7633"}],"wp:term":[{"taxonomy":"product_brand","embeddable":true,"href":"https:\/\/dadade.eu\/index.php?rest_route=%2Fwp%2Fv2%2Fproduct_brand&post=7633"},{"taxonomy":"product_cat","embeddable":true,"href":"https:\/\/dadade.eu\/index.php?rest_route=%2Fwp%2Fv2%2Fproduct_cat&post=7633"},{"taxonomy":"product_tag","embeddable":true,"href":"https:\/\/dadade.eu\/index.php?rest_route=%2Fwp%2Fv2%2Fproduct_tag&post=7633"}],"curies":[{"name":"wp","href":"https:\/\/api.w.org\/{rel}","templated":true}]}}