{"id":7596,"date":"2022-12-25T19:28:07","date_gmt":"2022-12-25T18:28:07","guid":{"rendered":"https:\/\/dadade.eu\/?post_type=product&#038;p=7596"},"modified":"2025-02-24T14:33:26","modified_gmt":"2025-02-24T13:33:26","slug":"schwein-scharlie-schlau-zum-kuscheln-a151","status":"publish","type":"product","link":"https:\/\/dadade.eu\/?product=schwein-scharlie-schlau-zum-kuscheln-a151","title":{"rendered":"Schwein Scharlie Schlau, Gl\u00fccksschwein zum Kuscheln (A151)"},"content":{"rendered":"<p>Die Anleitung ist ausf\u00fchrlich mit vielen Bildern hinterlegt und wird auf 18 Seiten Schritt-f\u00fcr-Schritt beschrieben!<\/p>\n<p><img decoding=\"async\" class=\" wp-image-7599 alignleft\" src=\"https:\/\/dadade.eu\/wp-content\/uploads\/2023\/01\/03xkranz-kleeblatt-mit-Schwein-9-300x225.jpg\" alt=\"\" width=\"195\" height=\"146\" srcset=\"https:\/\/dadade.eu\/wp-content\/uploads\/2023\/01\/03xkranz-kleeblatt-mit-Schwein-9-300x225.jpg 300w, https:\/\/dadade.eu\/wp-content\/uploads\/2023\/01\/03xkranz-kleeblatt-mit-Schwein-9-600x450.jpg 600w, https:\/\/dadade.eu\/wp-content\/uploads\/2023\/01\/03xkranz-kleeblatt-mit-Schwein-9-64x48.jpg 64w, https:\/\/dadade.eu\/wp-content\/uploads\/2023\/01\/03xkranz-kleeblatt-mit-Schwein-9-1024x768.jpg 1024w, https:\/\/dadade.eu\/wp-content\/uploads\/2023\/01\/03xkranz-kleeblatt-mit-Schwein-9-768x576.jpg 768w, https:\/\/dadade.eu\/wp-content\/uploads\/2023\/01\/03xkranz-kleeblatt-mit-Schwein-9.jpg 1400w\" sizes=\"(max-width: 195px) 100vw, 195px\" \/> <img decoding=\"async\" class=\" wp-image-7597 alignleft\" src=\"https:\/\/dadade.eu\/wp-content\/uploads\/2023\/01\/02xgrosser-Kranz-Tischdeko-Schweine-1-300x225.jpg\" alt=\"\" width=\"193\" height=\"145\" srcset=\"https:\/\/dadade.eu\/wp-content\/uploads\/2023\/01\/02xgrosser-Kranz-Tischdeko-Schweine-1-300x225.jpg 300w, https:\/\/dadade.eu\/wp-content\/uploads\/2023\/01\/02xgrosser-Kranz-Tischdeko-Schweine-1-600x450.jpg 600w, https:\/\/dadade.eu\/wp-content\/uploads\/2023\/01\/02xgrosser-Kranz-Tischdeko-Schweine-1-64x48.jpg 64w, https:\/\/dadade.eu\/wp-content\/uploads\/2023\/01\/02xgrosser-Kranz-Tischdeko-Schweine-1-1024x768.jpg 1024w, https:\/\/dadade.eu\/wp-content\/uploads\/2023\/01\/02xgrosser-Kranz-Tischdeko-Schweine-1-768x576.jpg 768w, https:\/\/dadade.eu\/wp-content\/uploads\/2023\/01\/02xgrosser-Kranz-Tischdeko-Schweine-1.jpg 1400w\" sizes=\"(max-width: 193px) 100vw, 193px\" \/><\/p>\n<p>&nbsp;<\/p>\n<p>es gibt auch ein Schwein im Kranz<\/p>\n<p>z.B. hier <a href=\"https:\/\/dadade.eu\/?product=kranz-kleeblatt-h003\">der Kranz Kleeblatt<\/a> oder der gro\u00dfe Tannenkranz<\/p>\n<p>Kranz ist nur Deko- er ist nicht in der Anleitung enthalten<\/p>\n<p>&nbsp;<\/p>\n<p><img decoding=\"async\" class=\"wp-image-7622 alignleft\" src=\"https:\/\/dadade.eu\/wp-content\/uploads\/2023\/01\/xSchweinchen-Scharlie-Hut-14-300x225.jpg\" alt=\"\" width=\"179\" height=\"134\" srcset=\"https:\/\/dadade.eu\/wp-content\/uploads\/2023\/01\/xSchweinchen-Scharlie-Hut-14-300x225.jpg 300w, https:\/\/dadade.eu\/wp-content\/uploads\/2023\/01\/xSchweinchen-Scharlie-Hut-14-600x450.jpg 600w, https:\/\/dadade.eu\/wp-content\/uploads\/2023\/01\/xSchweinchen-Scharlie-Hut-14-64x48.jpg 64w, https:\/\/dadade.eu\/wp-content\/uploads\/2023\/01\/xSchweinchen-Scharlie-Hut-14-1024x768.jpg 1024w, https:\/\/dadade.eu\/wp-content\/uploads\/2023\/01\/xSchweinchen-Scharlie-Hut-14-768x576.jpg 768w, https:\/\/dadade.eu\/wp-content\/uploads\/2023\/01\/xSchweinchen-Scharlie-Hut-14.jpg 1400w\" sizes=\"(max-width: 179px) 100vw, 179px\" \/><\/p>\n<p>Mit Brille ist Schweinchen Schlau, auch f\u00fcr Schulkinder der Hit.<\/p>\n<p>&nbsp;<\/p>\n<p>MEHR VARIANTEN UND IDEEN FINDET IHR HIER<\/p>\n<p><a href=\"https:\/\/dadade.eu\/?p=7144\" target=\"_blank\" rel=\"noopener\"><strong>VIELE TOLLE BILDER<\/strong> von flei\u00dfigen Helfer und H\u00e4nden<\/a><\/p>\n<p><a href=\"https:\/\/dadade.eu\/?p=7268\"><strong>VIELE TOLLE BILDER<\/strong><\/a><a href=\"https:\/\/dadade.eu\/?p=7268\" target=\"_blank\" rel=\"noopener\"><img loading=\"lazy\" decoding=\"async\" class=\"alignnone wp-image-7315\" src=\"https:\/\/dadade.eu\/wp-content\/uploads\/2023\/01\/x6x-Ostern-1-300x225.jpg\" alt=\"\" width=\"193\" height=\"145\" srcset=\"https:\/\/dadade.eu\/wp-content\/uploads\/2023\/01\/x6x-Ostern-1-300x225.jpg 300w, https:\/\/dadade.eu\/wp-content\/uploads\/2023\/01\/x6x-Ostern-1-600x450.jpg 600w, https:\/\/dadade.eu\/wp-content\/uploads\/2023\/01\/x6x-Ostern-1-64x48.jpg 64w, https:\/\/dadade.eu\/wp-content\/uploads\/2023\/01\/x6x-Ostern-1-1024x768.jpg 1024w, https:\/\/dadade.eu\/wp-content\/uploads\/2023\/01\/x6x-Ostern-1-768x576.jpg 768w, https:\/\/dadade.eu\/wp-content\/uploads\/2023\/01\/x6x-Ostern-1.jpg 1400w\" sizes=\"(max-width: 193px) 100vw, 193px\" \/><\/a> von den Freunden<\/p>\n<p>&nbsp;<\/p>\n<p>&nbsp;<\/p>\n","protected":false},"excerpt":{"rendered":"<div id=\"cc-m-13954443088\">\n<p>Hier kauft man die H\u00e4kelanleitung f\u00fcr dieses s\u00fc\u00dfe Schweinchen, das Schweinchen-Baby wird es das ganze Jahr \u00fcber von den Kindern geliebt.<\/p>\n<p>Scharlie mit Zylinder und Pilz ist er die Dekoration f\u00fcr Silvester .<\/p>\n<p>Scharlie mit Fliege und Hose geh\u00f6rt auch zu den Gl\u00fccksknirpsen.<\/p>\n<p>Mit Brille ist Schweinchen Schlau, auch f\u00fcr Schulkinder der Hit.<\/p>\n<p>&nbsp;<\/p>\n<p>Mit dem Kauf erh\u00e4lt man eine leicht verst\u00e4ndliche H\u00e4kelanleitung im praktischen PDF-Format.<\/p>\n<p>Die Anleitung ist auch schon f\u00fcr Anf\u00e4nger geeignet.<\/p>\n<p>&nbsp;<\/p>\n<p>Mit Nadelst\u00e4rke 4 geh\u00e4kelt, wird Scharlie ungef\u00e4hr; 30 cm hoch im Stehen, 26cm im Sitzen.<\/p>\n<p>&nbsp;<\/p>\n<p>Der Kranz dient nur zu Dekorationszwecken, <strong><a href=\"https:\/\/dadade.eu\/?product=h001-013kranz-viele-kraenze\">die Anleitung<\/a><\/strong> kann man auch bei mir erwerben.<\/p>\n<p>&nbsp;<\/p>\n<\/div>\n<div id=\"cc-m-13954443188\" class=\"j-module n j-text \">\n<p>&nbsp;<\/p>\n<p>&nbsp;<\/p>\n<p>&nbsp;<\/p>\n<\/div>\n","protected":false},"featured_media":7598,"template":"","meta":[],"product_brand":[],"product_cat":[56,36,35,39,501,69,1630,386,504],"product_tag":[90,89,242,399,87,94,93,92,245,180,88,243,244,114,91,392,421,422,423,420,135,95,96],"class_list":{"0":"post-7596","1":"product","2":"type-product","3":"status-publish","4":"has-post-thumbnail","6":"product_cat-2einfach","7":"product_cat-a5-die-lustigen-knirpse","8":"product_cat-amigurumi","9":"product_cat-amigurumis-zum-kuscheln","10":"product_cat-ostern-amigurumi","11":"product_cat-mittel","12":"product_cat-silvester-amigurumi","13":"product_cat-silvester","14":"product_cat-winter-weihnachten-krippe","15":"product_tag-amigurumi","16":"product_tag-baby","17":"product_tag-dekoration-haekeln","18":"product_tag-fruehlingsbote","19":"product_tag-geschenk","20":"product_tag-haekelanleitung","21":"product_tag-haekeln","22":"product_tag-kinder","23":"product_tag-kuschelige-haekeltiere","24":"product_tag-kuscheltier","25":"product_tag-kuscheltier-haekeln","26":"product_tag-kuschelwolle","27":"product_tag-kuschelwolle-haekeln","28":"product_tag-ostern","29":"product_tag-plueschtier","30":"product_tag-plueschtier-haekeln","31":"product_tag-sau-haekeln","32":"product_tag-schwein","33":"product_tag-schweinchen","34":"product_tag-schweinchen-haekeln","35":"product_tag-silvester","36":"product_tag-wolle","37":"product_tag-wollreste","39":"first","40":"instock","41":"downloadable","42":"shipping-taxable","43":"purchasable","44":"product-type-simple"},"_links":{"self":[{"href":"https:\/\/dadade.eu\/index.php?rest_route=\/wp\/v2\/product\/7596","targetHints":{"allow":["GET"]}}],"collection":[{"href":"https:\/\/dadade.eu\/index.php?rest_route=\/wp\/v2\/product"}],"about":[{"href":"https:\/\/dadade.eu\/index.php?rest_route=\/wp\/v2\/types\/product"}],"wp:featuredmedia":[{"embeddable":true,"href":"https:\/\/dadade.eu\/index.php?rest_route=\/wp\/v2\/media\/7598"}],"wp:attachment":[{"href":"https:\/\/dadade.eu\/index.php?rest_route=%2Fwp%2Fv2%2Fmedia&parent=7596"}],"wp:term":[{"taxonomy":"product_brand","embeddable":true,"href":"https:\/\/dadade.eu\/index.php?rest_route=%2Fwp%2Fv2%2Fproduct_brand&post=7596"},{"taxonomy":"product_cat","embeddable":true,"href":"https:\/\/dadade.eu\/index.php?rest_route=%2Fwp%2Fv2%2Fproduct_cat&post=7596"},{"taxonomy":"product_tag","embeddable":true,"href":"https:\/\/dadade.eu\/index.php?rest_route=%2Fwp%2Fv2%2Fproduct_tag&post=7596"}],"curies":[{"name":"wp","href":"https:\/\/api.w.org\/{rel}","templated":true}]}}