{"id":7357,"date":"2020-12-29T23:33:28","date_gmt":"2020-12-29T22:33:28","guid":{"rendered":"https:\/\/dadade.eu\/?post_type=product&#038;p=7357"},"modified":"2023-02-07T18:12:52","modified_gmt":"2023-02-07T17:12:52","slug":"hase-hanni-moehrchen-zum-kuscheln-a153","status":"publish","type":"product","link":"https:\/\/dadade.eu\/?product=hase-hanni-moehrchen-zum-kuscheln-a153","title":{"rendered":"Einhorn Eilyn mit Sternchen, zum Kuscheln (A152)"},"content":{"rendered":"<p>Die Anleitung ist ausf\u00fchrlich mit vielen Bildern hinterlegt und wird auf 18 Seiten Schritt-f\u00fcr-Schritt beschrieben!<\/p>\n<p>die Anleitung f\u00fcr das Sternchen ist auch dabei.<\/p>\n<p><img decoding=\"async\" class=\" wp-image-7379 alignleft\" src=\"https:\/\/dadade.eu\/wp-content\/uploads\/2021\/01\/02xgrosser-Kranz-mit-2-Einhorn-2-300x225.jpg\" alt=\"\" width=\"221\" height=\"166\" srcset=\"https:\/\/dadade.eu\/wp-content\/uploads\/2021\/01\/02xgrosser-Kranz-mit-2-Einhorn-2-300x225.jpg 300w, https:\/\/dadade.eu\/wp-content\/uploads\/2021\/01\/02xgrosser-Kranz-mit-2-Einhorn-2-600x450.jpg 600w, https:\/\/dadade.eu\/wp-content\/uploads\/2021\/01\/02xgrosser-Kranz-mit-2-Einhorn-2-64x48.jpg 64w, https:\/\/dadade.eu\/wp-content\/uploads\/2021\/01\/02xgrosser-Kranz-mit-2-Einhorn-2-1024x768.jpg 1024w, https:\/\/dadade.eu\/wp-content\/uploads\/2021\/01\/02xgrosser-Kranz-mit-2-Einhorn-2-768x576.jpg 768w, https:\/\/dadade.eu\/wp-content\/uploads\/2021\/01\/02xgrosser-Kranz-mit-2-Einhorn-2.jpg 1400w\" sizes=\"(max-width: 221px) 100vw, 221px\" \/><\/p>\n<p>&nbsp;<\/p>\n<p>es gibt auch ein Einhorn f\u00fcr einen\u00a0 Kranz, z.B. hier der Tannenkranz<\/p>\n<p>Kranz ist nur Deko- er ist nicht in der Anleitung enthalten<\/p>\n<p>&nbsp;<\/p>\n<p>&nbsp;<\/p>\n<p><img decoding=\"async\" class=\" wp-image-7384 alignleft\" src=\"https:\/\/dadade.eu\/wp-content\/uploads\/2021\/01\/05xKranz-Regenbogen-Schaukel-Eilyn-4-300x225.jpg\" alt=\"\" width=\"216\" height=\"162\" srcset=\"https:\/\/dadade.eu\/wp-content\/uploads\/2021\/01\/05xKranz-Regenbogen-Schaukel-Eilyn-4-300x225.jpg 300w, https:\/\/dadade.eu\/wp-content\/uploads\/2021\/01\/05xKranz-Regenbogen-Schaukel-Eilyn-4-600x450.jpg 600w, https:\/\/dadade.eu\/wp-content\/uploads\/2021\/01\/05xKranz-Regenbogen-Schaukel-Eilyn-4-64x48.jpg 64w, https:\/\/dadade.eu\/wp-content\/uploads\/2021\/01\/05xKranz-Regenbogen-Schaukel-Eilyn-4-1024x768.jpg 1024w, https:\/\/dadade.eu\/wp-content\/uploads\/2021\/01\/05xKranz-Regenbogen-Schaukel-Eilyn-4-768x576.jpg 768w, https:\/\/dadade.eu\/wp-content\/uploads\/2021\/01\/05xKranz-Regenbogen-Schaukel-Eilyn-4.jpg 1400w\" sizes=\"(max-width: 216px) 100vw, 216px\" \/> <img decoding=\"async\" class=\"wp-image-7382 alignleft\" src=\"https:\/\/dadade.eu\/wp-content\/uploads\/2021\/01\/05xKranz-Regenbogen-mit-Einhorn-7-300x225.jpg\" alt=\"\" width=\"216\" height=\"162\" srcset=\"https:\/\/dadade.eu\/wp-content\/uploads\/2021\/01\/05xKranz-Regenbogen-mit-Einhorn-7-300x225.jpg 300w, https:\/\/dadade.eu\/wp-content\/uploads\/2021\/01\/05xKranz-Regenbogen-mit-Einhorn-7-600x450.jpg 600w, https:\/\/dadade.eu\/wp-content\/uploads\/2021\/01\/05xKranz-Regenbogen-mit-Einhorn-7-64x48.jpg 64w, https:\/\/dadade.eu\/wp-content\/uploads\/2021\/01\/05xKranz-Regenbogen-mit-Einhorn-7-1024x768.jpg 1024w, https:\/\/dadade.eu\/wp-content\/uploads\/2021\/01\/05xKranz-Regenbogen-mit-Einhorn-7-768x576.jpg 768w, https:\/\/dadade.eu\/wp-content\/uploads\/2021\/01\/05xKranz-Regenbogen-mit-Einhorn-7.jpg 1400w\" sizes=\"(max-width: 216px) 100vw, 216px\" \/>oder der<strong> <a href=\"https:\/\/dadade.eu\/?product=kranz-regenbogen-h005\">Kranz Regenbogen<\/a>,<\/strong> diesen gibt es auch mit Spieluhr<\/p>\n<p>Kranz ist nur Deko- er ist nicht in der Anleitung enthalten<\/p>\n<p>&nbsp;<\/p>\n<p>&nbsp;<\/p>\n<p>&nbsp;<\/p>\n<p>MEHR VARIANTEN UND IDEEN FINDET IHR HIER<\/p>\n<p><a href=\"https:\/\/dadade.eu\/?p=7144\"><strong>VIELE TOLLE BILDER<\/strong> von flei\u00dfigen Helfer und H\u00e4nden<\/a><\/p>\n<p><a href=\"https:\/\/dadade.eu\/?p=7268\"><img loading=\"lazy\" decoding=\"async\" class=\"alignnone wp-image-7315\" src=\"https:\/\/dadade.eu\/wp-content\/uploads\/2023\/01\/x6x-Ostern-1-300x225.jpg\" alt=\"\" width=\"193\" height=\"145\" srcset=\"https:\/\/dadade.eu\/wp-content\/uploads\/2023\/01\/x6x-Ostern-1-300x225.jpg 300w, https:\/\/dadade.eu\/wp-content\/uploads\/2023\/01\/x6x-Ostern-1-600x450.jpg 600w, https:\/\/dadade.eu\/wp-content\/uploads\/2023\/01\/x6x-Ostern-1-64x48.jpg 64w, https:\/\/dadade.eu\/wp-content\/uploads\/2023\/01\/x6x-Ostern-1-1024x768.jpg 1024w, https:\/\/dadade.eu\/wp-content\/uploads\/2023\/01\/x6x-Ostern-1-768x576.jpg 768w, https:\/\/dadade.eu\/wp-content\/uploads\/2023\/01\/x6x-Ostern-1.jpg 1400w\" sizes=\"(max-width: 193px) 100vw, 193px\" \/><strong>VIELE TOLLE BILDER<\/strong><\/a> von den Freunden<\/p>\n<p>&nbsp;<\/p>\n<p>&nbsp;<\/p>\n","protected":false},"excerpt":{"rendered":"<div id=\"cc-m-13954443088\">\n<p>Hier kauft man die H\u00e4kelanleitung f\u00fcr dieses herzige Schlummer-Einhorn Eilyn.<\/p>\n<p>Welches Kind m\u00f6chte kein Einhorn haben, Eilyn hat zum Schlafen immer ihr Sternchen mit dabei,<\/p>\n<p>Mit dem Kauf erh\u00e4lt man eine leicht verst\u00e4ndliche H\u00e4kelanleitung im praktischen PDF-Format.<\/p>\n<p>Die Anleitung ist auch schon f\u00fcr Anf\u00e4nger geeignet.<\/p>\n<p>&nbsp;<\/p>\n<p>Mit Nadelst\u00e4rke 4 geh\u00e4kelt, wird Eilyn ungef\u00e4hr;<\/p>\n<p>32 cm lang<\/p>\n<p>Der Kranz dient nur zu Dekorationszwecken, <strong><a href=\"https:\/\/dadade.eu\/?product=h001-013kranz-viele-kraenze\">die Anleitung<\/a><\/strong> kann man auch bei mir erwerben.<\/p>\n<p>&nbsp;<\/p>\n<\/div>\n<div id=\"cc-m-13954443188\" class=\"j-module n j-text \">\n<p>&nbsp;<\/p>\n<p>&nbsp;<\/p>\n<p>&nbsp;<\/p>\n<\/div>\n","protected":false},"featured_media":7380,"template":"","meta":[],"product_brand":[],"product_cat":[56,35,39,69],"product_tag":[90,89,242,251,252,399,87,94,93,92,245,180,88,243,244,114,167,91,392,161,157,162,158,95,96],"class_list":{"0":"post-7357","1":"product","2":"type-product","3":"status-publish","4":"has-post-thumbnail","6":"product_cat-2einfach","7":"product_cat-amigurumi","8":"product_cat-amigurumis-zum-kuscheln","9":"product_cat-mittel","10":"product_tag-amigurumi","11":"product_tag-baby","12":"product_tag-dekoration-haekeln","13":"product_tag-einhorn","14":"product_tag-einhorn-haekeln","15":"product_tag-fruehlingsbote","16":"product_tag-geschenk","17":"product_tag-haekelanleitung","18":"product_tag-haekeln","19":"product_tag-kinder","20":"product_tag-kuschelige-haekeltiere","21":"product_tag-kuscheltier","22":"product_tag-kuscheltier-haekeln","23":"product_tag-kuschelwolle","24":"product_tag-kuschelwolle-haekeln","25":"product_tag-ostern","26":"product_tag-pferd-haekeln","27":"product_tag-plueschtier","28":"product_tag-plueschtier-haekeln","29":"product_tag-stern","30":"product_tag-stern-haekeln","31":"product_tag-sternchen","32":"product_tag-sternchen-haekeln","33":"product_tag-wolle","34":"product_tag-wollreste","36":"first","37":"instock","38":"downloadable","39":"shipping-taxable","40":"purchasable","41":"product-type-simple"},"_links":{"self":[{"href":"https:\/\/dadade.eu\/index.php?rest_route=\/wp\/v2\/product\/7357","targetHints":{"allow":["GET"]}}],"collection":[{"href":"https:\/\/dadade.eu\/index.php?rest_route=\/wp\/v2\/product"}],"about":[{"href":"https:\/\/dadade.eu\/index.php?rest_route=\/wp\/v2\/types\/product"}],"wp:featuredmedia":[{"embeddable":true,"href":"https:\/\/dadade.eu\/index.php?rest_route=\/wp\/v2\/media\/7380"}],"wp:attachment":[{"href":"https:\/\/dadade.eu\/index.php?rest_route=%2Fwp%2Fv2%2Fmedia&parent=7357"}],"wp:term":[{"taxonomy":"product_brand","embeddable":true,"href":"https:\/\/dadade.eu\/index.php?rest_route=%2Fwp%2Fv2%2Fproduct_brand&post=7357"},{"taxonomy":"product_cat","embeddable":true,"href":"https:\/\/dadade.eu\/index.php?rest_route=%2Fwp%2Fv2%2Fproduct_cat&post=7357"},{"taxonomy":"product_tag","embeddable":true,"href":"https:\/\/dadade.eu\/index.php?rest_route=%2Fwp%2Fv2%2Fproduct_tag&post=7357"}],"curies":[{"name":"wp","href":"https:\/\/api.w.org\/{rel}","templated":true}]}}