{"id":7332,"date":"2021-02-10T23:16:58","date_gmt":"2021-02-10T22:16:58","guid":{"rendered":"https:\/\/dadade.eu\/?post_type=product&#038;p=7332"},"modified":"2023-02-07T18:13:19","modified_gmt":"2023-02-07T17:13:19","slug":"biene-opa-bruno-zum-kuscheln-a154","status":"publish","type":"product","link":"https:\/\/dadade.eu\/?product=biene-opa-bruno-zum-kuscheln-a154","title":{"rendered":"Biene (Opa) Bruno, zum Kuscheln (A154)"},"content":{"rendered":"<p>Die Anleitung ist ausf\u00fchrlich mit vielen Bildern hinterlegt und wird auf 18 Seiten Schritt-f\u00fcr-Schritt beschrieben!<\/p>\n<p>es gibt auch eine <img decoding=\"async\" class=\" wp-image-7334 alignleft\" src=\"https:\/\/dadade.eu\/wp-content\/uploads\/2023\/01\/06xKranz-Biene-Narzisse-1-300x225.jpg\" alt=\"\" width=\"197\" height=\"148\" srcset=\"https:\/\/dadade.eu\/wp-content\/uploads\/2023\/01\/06xKranz-Biene-Narzisse-1-300x225.jpg 300w, https:\/\/dadade.eu\/wp-content\/uploads\/2023\/01\/06xKranz-Biene-Narzisse-1-600x450.jpg 600w, https:\/\/dadade.eu\/wp-content\/uploads\/2023\/01\/06xKranz-Biene-Narzisse-1-64x48.jpg 64w, https:\/\/dadade.eu\/wp-content\/uploads\/2023\/01\/06xKranz-Biene-Narzisse-1-1024x768.jpg 1024w, https:\/\/dadade.eu\/wp-content\/uploads\/2023\/01\/06xKranz-Biene-Narzisse-1-768x576.jpg 768w, https:\/\/dadade.eu\/wp-content\/uploads\/2023\/01\/06xKranz-Biene-Narzisse-1.jpg 1400w\" sizes=\"(max-width: 197px) 100vw, 197px\" \/>Biene im Kranz<\/p>\n<p>der <strong><a href=\"https:\/\/dadade.eu\/?product=kranz-narzisse-h006\">Kranz Narzisse<\/a><\/strong> findet ihr hier<\/p>\n<p>Kranz ist nur Deko- er ist nicht in der Anleitung enthalten<\/p>\n<p>&nbsp;<\/p>\n<p>&nbsp;<\/p>\n<p>MEHR VARIANTEN UND IDEEN FINDET IHR HIER<\/p>\n<p><a href=\"https:\/\/dadade.eu\/?p=7144\"><strong>VIELE TOLLE BILDER<\/strong> von flei\u00dfigen Helfer und H\u00e4nden<\/a><\/p>\n<p><a href=\"https:\/\/dadade.eu\/?p=7268\"><img decoding=\"async\" class=\"alignnone wp-image-7315\" src=\"https:\/\/dadade.eu\/wp-content\/uploads\/2023\/01\/x6x-Ostern-1-300x225.jpg\" alt=\"\" width=\"193\" height=\"145\" srcset=\"https:\/\/dadade.eu\/wp-content\/uploads\/2023\/01\/x6x-Ostern-1-300x225.jpg 300w, https:\/\/dadade.eu\/wp-content\/uploads\/2023\/01\/x6x-Ostern-1-600x450.jpg 600w, https:\/\/dadade.eu\/wp-content\/uploads\/2023\/01\/x6x-Ostern-1-64x48.jpg 64w, https:\/\/dadade.eu\/wp-content\/uploads\/2023\/01\/x6x-Ostern-1-1024x768.jpg 1024w, https:\/\/dadade.eu\/wp-content\/uploads\/2023\/01\/x6x-Ostern-1-768x576.jpg 768w, https:\/\/dadade.eu\/wp-content\/uploads\/2023\/01\/x6x-Ostern-1.jpg 1400w\" sizes=\"(max-width: 193px) 100vw, 193px\" \/><strong>VIELE TOLLE BILDER<\/strong><\/a> von den Freunden<\/p>\n<p>&nbsp;<\/p>\n<p>&nbsp;<\/p>\n","protected":false},"excerpt":{"rendered":"<div id=\"cc-m-13954443088\">\n<p>Hier kauft man die H\u00e4kelanleitung f\u00fcr diese witzige Biene,<\/p>\n<p>mit seiner Pfeife sieht Bruno aus wie ein Opa oder Seeb\u00e4r, Bruno kann aber auch als Rosenkavalier punkten, oder an Ostern das Nest versch\u00f6nern.<\/p>\n<p>Mit dem Kauf erh\u00e4lt man eine leicht verst\u00e4ndliche H\u00e4kelanleitung im praktischen PDF-Format. Die Anleitung der Pfeife ist nat\u00fcrlich auch dabei.<\/p>\n<p>Die Anleitung ist auch schon f\u00fcr Anf\u00e4nger geeignet.<\/p>\n<p>&nbsp;<\/p>\n<p>Mit Nadelst\u00e4rke 4 geh\u00e4kelt, wird Bruno ungef\u00e4hr;<\/p>\n<p>38 cm gro\u00df<\/p>\n<p>Der Kranz dient nur zu Dekorationszwecken, <strong><a href=\"https:\/\/dadade.eu\/?product=h001-013kranz-viele-kraenze\">die Anleitung<\/a><\/strong> kann man auch bei mir erwerben.<\/p>\n<p>&nbsp;<\/p>\n<\/div>\n<div id=\"cc-m-13954443188\" class=\"j-module n j-text \">\n<p>&nbsp;<\/p>\n<p>&nbsp;<\/p>\n<p>&nbsp;<\/p>\n<\/div>\n","protected":false},"featured_media":7333,"template":"","meta":[],"product_brand":[],"product_cat":[56,35,39,501,69],"product_tag":[90,89,248,415,242,399,87,94,93,249,418,92,245,180,88,243,244,114,416,417,91,392,95,96],"class_list":{"0":"post-7332","1":"product","2":"type-product","3":"status-publish","4":"has-post-thumbnail","6":"product_cat-2einfach","7":"product_cat-amigurumi","8":"product_cat-amigurumis-zum-kuscheln","9":"product_cat-ostern-amigurumi","10":"product_cat-mittel","11":"product_tag-amigurumi","12":"product_tag-baby","13":"product_tag-biene","14":"product_tag-biene-haekeln","15":"product_tag-dekoration-haekeln","16":"product_tag-fruehlingsbote","17":"product_tag-geschenk","18":"product_tag-haekelanleitung","19":"product_tag-haekeln","20":"product_tag-hummel","21":"product_tag-hummel-haekeln","22":"product_tag-kinder","23":"product_tag-kuschelige-haekeltiere","24":"product_tag-kuscheltier","25":"product_tag-kuscheltier-haekeln","26":"product_tag-kuschelwolle","27":"product_tag-kuschelwolle-haekeln","28":"product_tag-ostern","29":"product_tag-pfeife","30":"product_tag-pfeife-haekeln","31":"product_tag-plueschtier","32":"product_tag-plueschtier-haekeln","33":"product_tag-wolle","34":"product_tag-wollreste","36":"first","37":"instock","38":"downloadable","39":"shipping-taxable","40":"purchasable","41":"product-type-simple"},"_links":{"self":[{"href":"https:\/\/dadade.eu\/index.php?rest_route=\/wp\/v2\/product\/7332","targetHints":{"allow":["GET"]}}],"collection":[{"href":"https:\/\/dadade.eu\/index.php?rest_route=\/wp\/v2\/product"}],"about":[{"href":"https:\/\/dadade.eu\/index.php?rest_route=\/wp\/v2\/types\/product"}],"wp:featuredmedia":[{"embeddable":true,"href":"https:\/\/dadade.eu\/index.php?rest_route=\/wp\/v2\/media\/7333"}],"wp:attachment":[{"href":"https:\/\/dadade.eu\/index.php?rest_route=%2Fwp%2Fv2%2Fmedia&parent=7332"}],"wp:term":[{"taxonomy":"product_brand","embeddable":true,"href":"https:\/\/dadade.eu\/index.php?rest_route=%2Fwp%2Fv2%2Fproduct_brand&post=7332"},{"taxonomy":"product_cat","embeddable":true,"href":"https:\/\/dadade.eu\/index.php?rest_route=%2Fwp%2Fv2%2Fproduct_cat&post=7332"},{"taxonomy":"product_tag","embeddable":true,"href":"https:\/\/dadade.eu\/index.php?rest_route=%2Fwp%2Fv2%2Fproduct_tag&post=7332"}],"curies":[{"name":"wp","href":"https:\/\/api.w.org\/{rel}","templated":true}]}}