{"id":7221,"date":"2021-02-20T18:23:57","date_gmt":"2021-02-20T17:23:57","guid":{"rendered":"https:\/\/dadade.eu\/?post_type=product&#038;p=7221"},"modified":"2023-02-07T18:33:18","modified_gmt":"2023-02-07T17:33:18","slug":"ziege-guenni-geisbert-zum-kuscheln-a155","status":"publish","type":"product","link":"https:\/\/dadade.eu\/?product=ziege-guenni-geisbert-zum-kuscheln-a155","title":{"rendered":"Ziege G\u00fcnni Geisbert, zum Kuscheln (A155)"},"content":{"rendered":"<p>Die Anleitung ist ausf\u00fchrlich mit vielen Bildern hinterlegt und wird auf 18 Seiten Schritt-f\u00fcr-Schritt beschrieben!<\/p>\n<p><img fetchpriority=\"high\" decoding=\"async\" class=\"alignnone size-medium wp-image-7222\" src=\"https:\/\/dadade.eu\/wp-content\/uploads\/2023\/01\/01xkleiner-Kranz-mit-Tieren-Ziege-1b-300x225.jpg\" alt=\"\" width=\"300\" height=\"225\" srcset=\"https:\/\/dadade.eu\/wp-content\/uploads\/2023\/01\/01xkleiner-Kranz-mit-Tieren-Ziege-1b-300x225.jpg 300w, https:\/\/dadade.eu\/wp-content\/uploads\/2023\/01\/01xkleiner-Kranz-mit-Tieren-Ziege-1b-600x450.jpg 600w, https:\/\/dadade.eu\/wp-content\/uploads\/2023\/01\/01xkleiner-Kranz-mit-Tieren-Ziege-1b-64x48.jpg 64w, https:\/\/dadade.eu\/wp-content\/uploads\/2023\/01\/01xkleiner-Kranz-mit-Tieren-Ziege-1b-1024x768.jpg 1024w, https:\/\/dadade.eu\/wp-content\/uploads\/2023\/01\/01xkleiner-Kranz-mit-Tieren-Ziege-1b-768x576.jpg 768w, https:\/\/dadade.eu\/wp-content\/uploads\/2023\/01\/01xkleiner-Kranz-mit-Tieren-Ziege-1b.jpg 1400w\" sizes=\"(max-width: 300px) 100vw, 300px\" \/>es gibt auch eine Ziege im Kranz<\/p>\n<p>z.B. hier der kleine Tannenkranz<\/p>\n<p>Kranz ist nur Deko- er ist nicht in der Anleitung enthalten<\/p>\n<p>&nbsp;<\/p>\n<p>MEHR VARIANTEN UND IDEEN FINDET IHR HIER<\/p>\n<p><a href=\"https:\/\/dadade.eu\/?p=7144\"><strong>VIELE TOLLE BILDER<\/strong> von flei\u00dfigen Helfer und H\u00e4nden<\/a><\/p>\n<p><a href=\"https:\/\/dadade.eu\/?p=7268\"><img decoding=\"async\" class=\"alignnone wp-image-7315\" src=\"https:\/\/dadade.eu\/wp-content\/uploads\/2023\/01\/x6x-Ostern-1-300x225.jpg\" alt=\"\" width=\"193\" height=\"145\" srcset=\"https:\/\/dadade.eu\/wp-content\/uploads\/2023\/01\/x6x-Ostern-1-300x225.jpg 300w, https:\/\/dadade.eu\/wp-content\/uploads\/2023\/01\/x6x-Ostern-1-600x450.jpg 600w, https:\/\/dadade.eu\/wp-content\/uploads\/2023\/01\/x6x-Ostern-1-64x48.jpg 64w, https:\/\/dadade.eu\/wp-content\/uploads\/2023\/01\/x6x-Ostern-1-1024x768.jpg 1024w, https:\/\/dadade.eu\/wp-content\/uploads\/2023\/01\/x6x-Ostern-1-768x576.jpg 768w, https:\/\/dadade.eu\/wp-content\/uploads\/2023\/01\/x6x-Ostern-1.jpg 1400w\" sizes=\"(max-width: 193px) 100vw, 193px\" \/><strong>VIELE TOLLE BILDER<\/strong><\/a> von den Freunden<\/p>\n<p>&nbsp;<\/p>\n<p>&nbsp;<\/p>\n","protected":false},"excerpt":{"rendered":"<div id=\"cc-m-13954443088\">\n<p>Hier kauft man die H\u00e4kelanleitung f\u00fcr diesen s\u00fc\u00dfen Gei\u00dfbock G\u00fcnni,<\/p>\n<p>Eine Ziege im Osternest, das w\u00e4re doch mal etwas anderes.<\/p>\n<p>G\u00fcnni hat auch noch ein Gl\u00f6ckchen um den Hals.<\/p>\n<p>Mit dem Kauf erh\u00e4lt man eine leicht verst\u00e4ndliche H\u00e4kelanleitung im praktischen PDF-Format.<\/p>\n<p>Die Anleitung ist auch schon f\u00fcr Anf\u00e4nger geeignet.<\/p>\n<p>Mit Nadelst\u00e4rke 4 geh\u00e4kelt, wird G\u00fcnni ungef\u00e4hr; 27 cm hoch, im Sitzen.<\/p>\n<p>Der Kranz dient nur zu Dekorationszwecken, <strong><a href=\"https:\/\/dadade.eu\/?product=h001-013kranz-viele-kraenze\">die Anleitung<\/a><\/strong> kann man auch bei mir erwerben.<\/p>\n<p>&nbsp;<\/p>\n<\/div>\n<div id=\"cc-m-13954443188\" class=\"j-module n j-text \">\n<p>&nbsp;<\/p>\n<p>&nbsp;<\/p>\n<p>&nbsp;<\/p>\n<\/div>\n","protected":false},"featured_media":7223,"template":"","meta":[],"product_brand":[],"product_cat":[56,35,39,501,69],"product_tag":[90,89,242,399,406,404,87,94,93,92,245,180,88,243,244,114,91,392,95,96,405,403],"class_list":{"0":"post-7221","1":"product","2":"type-product","3":"status-publish","4":"has-post-thumbnail","6":"product_cat-2einfach","7":"product_cat-amigurumi","8":"product_cat-amigurumis-zum-kuscheln","9":"product_cat-ostern-amigurumi","10":"product_cat-mittel","11":"product_tag-amigurumi","12":"product_tag-baby","13":"product_tag-dekoration-haekeln","14":"product_tag-fruehlingsbote","15":"product_tag-geissbock","16":"product_tag-geissbock-haekeln","17":"product_tag-geschenk","18":"product_tag-haekelanleitung","19":"product_tag-haekeln","20":"product_tag-kinder","21":"product_tag-kuschelige-haekeltiere","22":"product_tag-kuscheltier","23":"product_tag-kuscheltier-haekeln","24":"product_tag-kuschelwolle","25":"product_tag-kuschelwolle-haekeln","26":"product_tag-ostern","27":"product_tag-plueschtier","28":"product_tag-plueschtier-haekeln","29":"product_tag-wolle","30":"product_tag-wollreste","31":"product_tag-ziege","32":"product_tag-ziege-haekeln","34":"first","35":"instock","36":"downloadable","37":"purchasable","38":"product-type-simple"},"_links":{"self":[{"href":"https:\/\/dadade.eu\/index.php?rest_route=\/wp\/v2\/product\/7221","targetHints":{"allow":["GET"]}}],"collection":[{"href":"https:\/\/dadade.eu\/index.php?rest_route=\/wp\/v2\/product"}],"about":[{"href":"https:\/\/dadade.eu\/index.php?rest_route=\/wp\/v2\/types\/product"}],"wp:featuredmedia":[{"embeddable":true,"href":"https:\/\/dadade.eu\/index.php?rest_route=\/wp\/v2\/media\/7223"}],"wp:attachment":[{"href":"https:\/\/dadade.eu\/index.php?rest_route=%2Fwp%2Fv2%2Fmedia&parent=7221"}],"wp:term":[{"taxonomy":"product_brand","embeddable":true,"href":"https:\/\/dadade.eu\/index.php?rest_route=%2Fwp%2Fv2%2Fproduct_brand&post=7221"},{"taxonomy":"product_cat","embeddable":true,"href":"https:\/\/dadade.eu\/index.php?rest_route=%2Fwp%2Fv2%2Fproduct_cat&post=7221"},{"taxonomy":"product_tag","embeddable":true,"href":"https:\/\/dadade.eu\/index.php?rest_route=%2Fwp%2Fv2%2Fproduct_tag&post=7221"}],"curies":[{"name":"wp","href":"https:\/\/api.w.org\/{rel}","templated":true}]}}