{"id":7142,"date":"2021-03-29T17:10:35","date_gmt":"2021-03-29T15:10:35","guid":{"rendered":"https:\/\/dadade.eu\/?post_type=product&#038;p=7142"},"modified":"2023-03-04T11:26:43","modified_gmt":"2023-03-04T10:26:43","slug":"erwin-und-elwira-erpel-die-wildenten-a157","status":"publish","type":"product","link":"https:\/\/dadade.eu\/?product=erwin-und-elwira-erpel-die-wildenten-a157","title":{"rendered":"Erwin und Elwira Erpel, die Wildenten (A157)"},"content":{"rendered":"<p>Die Anleitung ist ausf\u00fchrlich mit vielen Bildern hinterlegt und wird auf \u00fcber 20 Seiten Schritt-f\u00fcr-Schritt beschrieben!<\/p>\n<p>es gibt auch eine E<img decoding=\"async\" class=\"wp-image-7198 alignleft\" src=\"https:\/\/dadade.eu\/wp-content\/uploads\/2023\/01\/02xgrosser-Kranz-ente-2-300x225.jpg\" alt=\"\" width=\"253\" height=\"190\" srcset=\"https:\/\/dadade.eu\/wp-content\/uploads\/2023\/01\/02xgrosser-Kranz-ente-2-300x225.jpg 300w, https:\/\/dadade.eu\/wp-content\/uploads\/2023\/01\/02xgrosser-Kranz-ente-2-600x450.jpg 600w, https:\/\/dadade.eu\/wp-content\/uploads\/2023\/01\/02xgrosser-Kranz-ente-2-64x48.jpg 64w, https:\/\/dadade.eu\/wp-content\/uploads\/2023\/01\/02xgrosser-Kranz-ente-2-1024x768.jpg 1024w, https:\/\/dadade.eu\/wp-content\/uploads\/2023\/01\/02xgrosser-Kranz-ente-2-768x576.jpg 768w, https:\/\/dadade.eu\/wp-content\/uploads\/2023\/01\/02xgrosser-Kranz-ente-2.jpg 1400w\" sizes=\"(max-width: 253px) 100vw, 253px\" \/>nte im Kranz,<\/p>\n<p>z.B. hier der Tannenkranz<\/p>\n<p>Kranz ist nur Deko- er ist nicht in der Anleitung enthalten<\/p>\n<p>&nbsp;<\/p>\n<p>&nbsp;<\/p>\n<p>&nbsp;<\/p>\n<p>mehr Bilder, der Rasselbande findet ihr hier<\/p>\n<p><strong><a href=\"https:\/\/dadade.eu\/?p=7268\">KLICKE HIER<\/a><\/strong><\/p>\n<p>MEHR Bilder von flei\u00dfigen Helfern und H\u00e4nden<\/p>\n<p><a href=\"https:\/\/dadade.eu\/?p=7144\"><strong>VIELE TOLLE BILDER<\/strong><\/a><\/p>\n<p>&nbsp;<\/p>\n<p>&nbsp;<\/p>\n<p>&nbsp;<\/p>\n","protected":false},"excerpt":{"rendered":"<div id=\"cc-m-13954443088\">\n<p>Hier kauft man die H\u00e4kelanleitung f\u00fcr den Wild-Enten-Papa Erwin und das K\u00fcken Elwira,<\/p>\n<p>Eine Ente zum Kuscheln, oder als Dekoration.<\/p>\n<p>Erwin und Elwira sind gemeinsam ein unschlagbares Team, die beiden geh\u00f6ren in jedes Osternest.<\/p>\n<p>Mit Nadelst\u00e4rke 4 geh\u00e4kelt, wird Papa Erwin ungef\u00e4hr; 30 cm hoch, im Sitzen.<\/p>\n<p>Das K\u00fcken Elwira, ca 20cm hoch<\/p>\n<p>Der Kranz dient nur zu Dekorationszwecken, <strong><a href=\"https:\/\/dadade.eu\/?product=h001-013kranz-viele-kraenze\">die Anleitung<\/a><\/strong> kann man auch bei mir erwerben.<\/p>\n<p>Mit dem Kauf erh\u00e4lt man eine leicht verst\u00e4ndliche H\u00e4kelanleitung im praktischen PDF-Format.<\/p>\n<p>Die Anleitung ist auch schon f\u00fcr Anf\u00e4nger geeignet.<\/p>\n<p>&nbsp;<\/p>\n<\/div>\n<div id=\"cc-m-13954443188\" class=\"j-module n j-text \">\n<p>&nbsp;<\/p>\n<p>&nbsp;<\/p>\n<p>&nbsp;<\/p>\n<\/div>\n","protected":false},"featured_media":7197,"template":"","meta":[],"product_brand":[],"product_cat":[56,35,39,501,69],"product_tag":[90,89,242,254,397,399,87,94,93,92,245,180,88,243,244,114,91,392,398,95,96],"class_list":{"0":"post-7142","1":"product","2":"type-product","3":"status-publish","4":"has-post-thumbnail","6":"product_cat-2einfach","7":"product_cat-amigurumi","8":"product_cat-amigurumis-zum-kuscheln","9":"product_cat-ostern-amigurumi","10":"product_cat-mittel","11":"product_tag-amigurumi","12":"product_tag-baby","13":"product_tag-dekoration-haekeln","14":"product_tag-ente","15":"product_tag-ente-haekeln","16":"product_tag-fruehlingsbote","17":"product_tag-geschenk","18":"product_tag-haekelanleitung","19":"product_tag-haekeln","20":"product_tag-kinder","21":"product_tag-kuschelige-haekeltiere","22":"product_tag-kuscheltier","23":"product_tag-kuscheltier-haekeln","24":"product_tag-kuschelwolle","25":"product_tag-kuschelwolle-haekeln","26":"product_tag-ostern","27":"product_tag-plueschtier","28":"product_tag-plueschtier-haekeln","29":"product_tag-wildente-haekeln","30":"product_tag-wolle","31":"product_tag-wollreste","33":"first","34":"instock","35":"downloadable","36":"shipping-taxable","37":"purchasable","38":"product-type-simple"},"_links":{"self":[{"href":"https:\/\/dadade.eu\/index.php?rest_route=\/wp\/v2\/product\/7142","targetHints":{"allow":["GET"]}}],"collection":[{"href":"https:\/\/dadade.eu\/index.php?rest_route=\/wp\/v2\/product"}],"about":[{"href":"https:\/\/dadade.eu\/index.php?rest_route=\/wp\/v2\/types\/product"}],"wp:featuredmedia":[{"embeddable":true,"href":"https:\/\/dadade.eu\/index.php?rest_route=\/wp\/v2\/media\/7197"}],"wp:attachment":[{"href":"https:\/\/dadade.eu\/index.php?rest_route=%2Fwp%2Fv2%2Fmedia&parent=7142"}],"wp:term":[{"taxonomy":"product_brand","embeddable":true,"href":"https:\/\/dadade.eu\/index.php?rest_route=%2Fwp%2Fv2%2Fproduct_brand&post=7142"},{"taxonomy":"product_cat","embeddable":true,"href":"https:\/\/dadade.eu\/index.php?rest_route=%2Fwp%2Fv2%2Fproduct_cat&post=7142"},{"taxonomy":"product_tag","embeddable":true,"href":"https:\/\/dadade.eu\/index.php?rest_route=%2Fwp%2Fv2%2Fproduct_tag&post=7142"}],"curies":[{"name":"wp","href":"https:\/\/api.w.org\/{rel}","templated":true}]}}