{"id":7109,"date":"2017-03-29T15:05:41","date_gmt":"2017-03-29T13:05:41","guid":{"rendered":"https:\/\/dadade.eu\/?post_type=product&#038;p=7109"},"modified":"2023-06-09T15:05:38","modified_gmt":"2023-06-09T13:05:38","slug":"trio-tisch-set-schmetterling-bestecktasche-eierwaermer-serviettenhalter-h204","status":"publish","type":"product","link":"https:\/\/dadade.eu\/?product=trio-tisch-set-schmetterling-bestecktasche-eierwaermer-serviettenhalter-h204","title":{"rendered":"Trio Tisch-Set Schmetterling, Bestecktasche, Eierw\u00e4rmer, Serviettenhalter, (H204)"},"content":{"rendered":"<p><strong><img decoding=\"async\" class=\"alignnone wp-image-7128\" src=\"https:\/\/dadade.eu\/wp-content\/uploads\/2023\/01\/Eierwaermer-Schmetterling-6-300x225.jpg\" alt=\"\" width=\"175\" height=\"131\" srcset=\"https:\/\/dadade.eu\/wp-content\/uploads\/2023\/01\/Eierwaermer-Schmetterling-6-300x225.jpg 300w, https:\/\/dadade.eu\/wp-content\/uploads\/2023\/01\/Eierwaermer-Schmetterling-6-600x450.jpg 600w, https:\/\/dadade.eu\/wp-content\/uploads\/2023\/01\/Eierwaermer-Schmetterling-6-64x48.jpg 64w, https:\/\/dadade.eu\/wp-content\/uploads\/2023\/01\/Eierwaermer-Schmetterling-6-1024x768.jpg 1024w, https:\/\/dadade.eu\/wp-content\/uploads\/2023\/01\/Eierwaermer-Schmetterling-6-768x576.jpg 768w, https:\/\/dadade.eu\/wp-content\/uploads\/2023\/01\/Eierwaermer-Schmetterling-6.jpg 1400w\" sizes=\"(max-width: 175px) 100vw, 175px\" \/>1.<\/strong> ein witziger <strong>Eierw\u00e4rmer<\/strong>, da wird jedes Fr\u00fchst\u00fccks-Ei zu einer Augenweide. Der Schmetterling kann auch noch den Eierl\u00f6ffel halten oder du steckst die Serviette vorne in die H\u00e4nde.<\/p>\n<p><strong><img decoding=\"async\" class=\"alignnone wp-image-7121\" src=\"https:\/\/dadade.eu\/wp-content\/uploads\/2023\/01\/Bestecktasche-Schmetterling-11-300x225.jpg\" alt=\"\" width=\"175\" height=\"131\" srcset=\"https:\/\/dadade.eu\/wp-content\/uploads\/2023\/01\/Bestecktasche-Schmetterling-11-300x225.jpg 300w, https:\/\/dadade.eu\/wp-content\/uploads\/2023\/01\/Bestecktasche-Schmetterling-11-600x450.jpg 600w, https:\/\/dadade.eu\/wp-content\/uploads\/2023\/01\/Bestecktasche-Schmetterling-11-64x48.jpg 64w, https:\/\/dadade.eu\/wp-content\/uploads\/2023\/01\/Bestecktasche-Schmetterling-11-1024x768.jpg 1024w, https:\/\/dadade.eu\/wp-content\/uploads\/2023\/01\/Bestecktasche-Schmetterling-11-768x576.jpg 768w, https:\/\/dadade.eu\/wp-content\/uploads\/2023\/01\/Bestecktasche-Schmetterling-11.jpg 1400w\" sizes=\"(max-width: 175px) 100vw, 175px\" \/>2.<\/strong> eine ganz besondere <strong>Bestecktasche, <\/strong>da wird jedes Osterfr\u00fchst\u00fcck zu einem bunten Spa\u00df. Der Schmetterling kann auch noch ein Geschenk festhalten oder du steckst die Serviette vorne in die H\u00e4nde.<\/p>\n<p><strong><img decoding=\"async\" class=\"alignnone wp-image-7134\" src=\"https:\/\/dadade.eu\/wp-content\/uploads\/2023\/01\/Serviettenhalter-Schmetterling-8-300x225.jpg\" alt=\"\" width=\"176\" height=\"132\" srcset=\"https:\/\/dadade.eu\/wp-content\/uploads\/2023\/01\/Serviettenhalter-Schmetterling-8-300x225.jpg 300w, https:\/\/dadade.eu\/wp-content\/uploads\/2023\/01\/Serviettenhalter-Schmetterling-8-600x450.jpg 600w, https:\/\/dadade.eu\/wp-content\/uploads\/2023\/01\/Serviettenhalter-Schmetterling-8-64x48.jpg 64w, https:\/\/dadade.eu\/wp-content\/uploads\/2023\/01\/Serviettenhalter-Schmetterling-8-1024x768.jpg 1024w, https:\/\/dadade.eu\/wp-content\/uploads\/2023\/01\/Serviettenhalter-Schmetterling-8-768x576.jpg 768w, https:\/\/dadade.eu\/wp-content\/uploads\/2023\/01\/Serviettenhalter-Schmetterling-8.jpg 1400w\" sizes=\"(max-width: 176px) 100vw, 176px\" \/>3. ein Serviettenhalter, <\/strong>da wird jedes Fr\u00fchst\u00fcck zu einem Riesenspa\u00df. Oder der Schmetterling in ein Osterk\u00f6rbchen setzten und als Tischdekoration in die Mitte stellen. Oder als Geschenkverpackung; der Schmetterling kann auch ein kleines Geschenk festhalten.<\/p>\n<p>Die Anleitung ist jedoch ausf\u00fchrlich mit vielen Bildern hinterlegt und wird auf je\u00a016-18 Seiten Schritt-f\u00fcr-Schritt beschrieben!<\/p>\n<p>&nbsp;<\/p>\n<p>mehr Bilder von Haus und Deko<\/p>\n<p><strong><a href=\"https:\/\/dadade.eu\/?p=6620\">KLICKE HIER<\/a><\/strong><\/p>\n<p>&nbsp;<\/p>\n<p>&nbsp;<\/p>\n<p>&nbsp;<\/p>\n","protected":false},"excerpt":{"rendered":"<div id=\"cc-m-13954443088\" class=\"j-module n j-text \">\n<p>Hier kauft man nur die H\u00e4kelanleitung f\u00fcr diese tolle Trio, ob einzeln oder das ganze Set &#8211; man hat die Wahl.<\/p>\n<p>Jedes Fr\u00fchst\u00fcck, nicht nur an Ostern, wird mit den Schmetterlingen bunt und lustig.<\/p>\n<p>Ob einzeln oder alle Drei zusammen, da wird das gemeinsame Essen zum richtigen Spa\u00df.<\/p>\n<p>Das Trio ist auch prima geeignet, um Wollreste zu verarbeiten!<\/p>\n<p>H\u00e4kelt die Schmetterlinge doch mal kunterbunt.<\/p>\n<p>Das Schmetterling -Set einfach zum Muttertag verschenken,<\/p>\n<p>Deiner Kreativit\u00e4t sind keine Grenzen gesetzt<\/p>\n<p>Der Schmetterling wird mit Nadelst\u00e4rke 2; ungef\u00e4hr 15-17cm hoch, mit F\u00fchler<\/p>\n<p>&nbsp;<\/p>\n<p>&nbsp;<\/p>\n<\/div>\n","protected":false},"featured_media":7140,"template":"","meta":[],"product_brand":[],"product_cat":[56,51,48,387,383],"product_tag":[90,295,300,233,242,304,260,87,299,298,94,93,301,194,92,245,181,100,294,280,303,114,195,390,391,291,297,293,296,292,183,95,96],"class_list":{"0":"post-7109","1":"product","2":"type-product","3":"status-publish","4":"has-post-thumbnail","6":"product_cat-2einfach","7":"product_cat-fruehling-ostern","8":"product_cat-haus-deko","9":"product_cat-muttertag","10":"product_cat-tisch-dekoration","11":"product_tag-amigurumi","12":"product_tag-anleitung","13":"product_tag-bestecktasche","14":"product_tag-dekoration","15":"product_tag-dekoration-haekeln","16":"product_tag-eierwaermer","17":"product_tag-fruehling","18":"product_tag-geschenk","19":"product_tag-geschenkidee","20":"product_tag-geschenkverpackung","21":"product_tag-haekelanleitung","22":"product_tag-haekeln","23":"product_tag-kaefer","24":"product_tag-kind","25":"product_tag-kinder","26":"product_tag-kuschelige-haekeltiere","27":"product_tag-lustig","28":"product_tag-marienkaefer","29":"product_tag-mitbringsel","30":"product_tag-muttertag","31":"product_tag-nest","32":"product_tag-ostern","33":"product_tag-praesent","34":"product_tag-schmetterling","35":"product_tag-schmetterling-haekeln","36":"product_tag-servietten","37":"product_tag-serviettenhalter","38":"product_tag-serviettenring","39":"product_tag-sommer","40":"product_tag-tischdekoration","41":"product_tag-witzig","42":"product_tag-wolle","43":"product_tag-wollreste","45":"first","46":"instock","47":"shipping-taxable","48":"purchasable","49":"product-type-variable"},"_links":{"self":[{"href":"https:\/\/dadade.eu\/index.php?rest_route=\/wp\/v2\/product\/7109","targetHints":{"allow":["GET"]}}],"collection":[{"href":"https:\/\/dadade.eu\/index.php?rest_route=\/wp\/v2\/product"}],"about":[{"href":"https:\/\/dadade.eu\/index.php?rest_route=\/wp\/v2\/types\/product"}],"wp:featuredmedia":[{"embeddable":true,"href":"https:\/\/dadade.eu\/index.php?rest_route=\/wp\/v2\/media\/7140"}],"wp:attachment":[{"href":"https:\/\/dadade.eu\/index.php?rest_route=%2Fwp%2Fv2%2Fmedia&parent=7109"}],"wp:term":[{"taxonomy":"product_brand","embeddable":true,"href":"https:\/\/dadade.eu\/index.php?rest_route=%2Fwp%2Fv2%2Fproduct_brand&post=7109"},{"taxonomy":"product_cat","embeddable":true,"href":"https:\/\/dadade.eu\/index.php?rest_route=%2Fwp%2Fv2%2Fproduct_cat&post=7109"},{"taxonomy":"product_tag","embeddable":true,"href":"https:\/\/dadade.eu\/index.php?rest_route=%2Fwp%2Fv2%2Fproduct_tag&post=7109"}],"curies":[{"name":"wp","href":"https:\/\/api.w.org\/{rel}","templated":true}]}}