{"id":7018,"date":"2016-02-21T17:32:39","date_gmt":"2016-02-21T16:32:39","guid":{"rendered":"https:\/\/dadade.eu\/?post_type=product&#038;p=7018"},"modified":"2024-01-07T12:17:24","modified_gmt":"2024-01-07T11:17:24","slug":"die-blaumeise-vielseitige-dekoration-geschenkidee-h318","status":"publish","type":"product","link":"https:\/\/dadade.eu\/?product=die-blaumeise-vielseitige-dekoration-geschenkidee-h318","title":{"rendered":"die gro\u00dfe Blaumeise, der Vogel als vielseitige Dekoration + Geschenkidee (H318)"},"content":{"rendered":"<p><img decoding=\"async\" class=\"alignleft wp-image-6997\" src=\"https:\/\/dadade.eu\/wp-content\/uploads\/2023\/01\/Fruehlingsdekoration-8-300x225.jpg\" alt=\"\" width=\"219\" height=\"164\" srcset=\"https:\/\/dadade.eu\/wp-content\/uploads\/2023\/01\/Fruehlingsdekoration-8-300x225.jpg 300w, https:\/\/dadade.eu\/wp-content\/uploads\/2023\/01\/Fruehlingsdekoration-8-600x450.jpg 600w, https:\/\/dadade.eu\/wp-content\/uploads\/2023\/01\/Fruehlingsdekoration-8-64x48.jpg 64w, https:\/\/dadade.eu\/wp-content\/uploads\/2023\/01\/Fruehlingsdekoration-8-1024x768.jpg 1024w, https:\/\/dadade.eu\/wp-content\/uploads\/2023\/01\/Fruehlingsdekoration-8-768x576.jpg 768w, https:\/\/dadade.eu\/wp-content\/uploads\/2023\/01\/Fruehlingsdekoration-8-1536x1152.jpg 1536w, https:\/\/dadade.eu\/wp-content\/uploads\/2023\/01\/Fruehlingsdekoration-8.jpg 1653w\" sizes=\"(max-width: 219px) 100vw, 219px\" \/><img decoding=\"async\" class=\"alignleft wp-image-6998\" src=\"https:\/\/dadade.eu\/wp-content\/uploads\/2023\/01\/xBlaumeise-5-300x225.jpg\" alt=\"\" width=\"227\" height=\"170\" srcset=\"https:\/\/dadade.eu\/wp-content\/uploads\/2023\/01\/xBlaumeise-5-300x225.jpg 300w, https:\/\/dadade.eu\/wp-content\/uploads\/2023\/01\/xBlaumeise-5-600x450.jpg 600w, https:\/\/dadade.eu\/wp-content\/uploads\/2023\/01\/xBlaumeise-5-64x48.jpg 64w, https:\/\/dadade.eu\/wp-content\/uploads\/2023\/01\/xBlaumeise-5-1024x768.jpg 1024w, https:\/\/dadade.eu\/wp-content\/uploads\/2023\/01\/xBlaumeise-5-768x576.jpg 768w, https:\/\/dadade.eu\/wp-content\/uploads\/2023\/01\/xBlaumeise-5.jpg 1400w\" sizes=\"(max-width: 227px) 100vw, 227px\" \/><\/p>\n<p><a href=\"https:\/\/dadade.eu\/?product=fruehling-dekoration-bluetenzweig-mit-vogel-und-nest-h317\"><strong>Die Blaumeise<\/strong><\/a> gibt es auch in kleiner,<\/p>\n<p>als Deko oder mit Chenille-Wolle hat man einen Vogel zum Kuscheln.<\/p>\n<p>&nbsp;<\/p>\n<p>&nbsp;<\/p>\n<p>&nbsp;<\/p>\n<p><img decoding=\"async\" class=\"alignleft wp-image-7008\" src=\"https:\/\/dadade.eu\/wp-content\/uploads\/2016\/01\/Vatertag-Meise-7-300x225.jpg\" alt=\"\" width=\"218\" height=\"164\" srcset=\"https:\/\/dadade.eu\/wp-content\/uploads\/2016\/01\/Vatertag-Meise-7-300x225.jpg 300w, https:\/\/dadade.eu\/wp-content\/uploads\/2016\/01\/Vatertag-Meise-7-600x450.jpg 600w, https:\/\/dadade.eu\/wp-content\/uploads\/2016\/01\/Vatertag-Meise-7-64x48.jpg 64w, https:\/\/dadade.eu\/wp-content\/uploads\/2016\/01\/Vatertag-Meise-7-1024x768.jpg 1024w, https:\/\/dadade.eu\/wp-content\/uploads\/2016\/01\/Vatertag-Meise-7-768x576.jpg 768w, https:\/\/dadade.eu\/wp-content\/uploads\/2016\/01\/Vatertag-Meise-7-1536x1152.jpg 1536w, https:\/\/dadade.eu\/wp-content\/uploads\/2016\/01\/Vatertag-Meise-7.jpg 1653w\" sizes=\"(max-width: 218px) 100vw, 218px\" \/><\/p>\n<p>&nbsp;<\/p>\n<p>Die Blaumeise f\u00fcr Vatertag, das etwas andere Geschenk<\/p>\n<p>die Anleitung f\u00fcr das Zubeh\u00f6r ist dabei<\/p>\n<p>&nbsp;<\/p>\n<p>&nbsp;<\/p>\n<p>Die Anleitung ist jedoch ausf\u00fchrlich mit vielen Bildern hinterlegt und wird 30 Seiten Schritt-f\u00fcr-Schritt beschrieben!<\/p>\n<p>Die kleinen Teile an den Federn und Krallen sind etwas aufwendig und kniffelig, und brauchen etwas \u00dcbung.<\/p>\n<p><a href=\"https:\/\/dadade.eu\/?p=15640\"><strong>VIELE TOLLE BILDER<\/strong> von flei\u00dfigen Helfer und H\u00e4nden<\/a><\/p>\n<p>&nbsp;<\/p>\n<p>&nbsp;<\/p>\n<p>&nbsp;<\/p>\n<p>&nbsp;<\/p>\n","protected":false},"excerpt":{"rendered":"<div id=\"cc-m-13954443088\" class=\"j-module n j-text \">\n<p>Hier kauft man nur die H\u00e4kelanleitung f\u00fcr die gro\u00dfe Blaumeise,<\/p>\n<p><strong>1 Vogel<\/strong>, z.B f\u00fcr Vatertag, die Anleitung f\u00fcr die Grillzange, sowie der Bierkrug sind mit dabei<\/p>\n<p><strong>2 V\u00f6gel<\/strong> f\u00fcr den Valentinstag,<\/p>\n<p>oder auch<\/p>\n<p><strong>3 V\u00f6gel<\/strong>, als Geschenkidee, z.B nicht sehen, nicht h\u00f6ren, nicht sprechen<\/p>\n<p>Einfach auf einen echten Ast oder auf eine Rinde setzen, ob als Tischdekoration, auf Zweigen in einer Vase, oder als Fensterdekoration;<\/p>\n<p>Egal ob 1, 2, 3 oder viele V\u00f6gel, deiner Kreativit\u00e4t sind keine Grenzen gesetzt,<\/p>\n<p>Die V\u00f6gel sind im Stehen ungef\u00e4hr 18cm hoch, und im Sitzen 12cm hoch.<\/p>\n<p>Sie wurden mit einer Nadelst\u00e4rke 2,5 geh\u00e4kelt<\/p>\n<p>Nicht nur als Dekoration, sondern auch als Geschenk f\u00fcr einen lieben Menschen geeignet, so es f\u00fcr Valentinstag, oder auch f\u00fcr Ostern, Muttertag und Vatertag.<\/p>\n<\/div>\n","protected":false},"featured_media":7019,"template":"","meta":[],"product_brand":[],"product_cat":[57,35,49,51,48,69,388],"product_tag":[90,295,374,364,282,366,368,372,233,242,260,87,375,94,93,194,92,365,180,344,181,367,294,280,303,114,195,370,358,296,276,373,363,105,183,95,96,369,371],"class_list":{"0":"post-7018","1":"product","2":"type-product","3":"status-publish","4":"has-post-thumbnail","6":"product_cat-3mittel","7":"product_cat-amigurumi","8":"product_cat-dekoration-mit-herz","9":"product_cat-fruehling-ostern","10":"product_cat-haus-deko","11":"product_cat-mittel","12":"product_cat-vatertag","13":"product_tag-amigurumi","14":"product_tag-anleitung","15":"product_tag-bier","16":"product_tag-blaumeise","17":"product_tag-blume","18":"product_tag-blumen","19":"product_tag-bluete","20":"product_tag-bluetenzweig","21":"product_tag-dekoration","22":"product_tag-dekoration-haekeln","23":"product_tag-fruehling","24":"product_tag-geschenk","25":"product_tag-grillzange","26":"product_tag-haekelanleitung","27":"product_tag-haekeln","28":"product_tag-kind","29":"product_tag-kinder","30":"product_tag-kueken","31":"product_tag-kuscheltier","32":"product_tag-lieb","33":"product_tag-lustig","34":"product_tag-mandelbluete","35":"product_tag-mitbringsel","36":"product_tag-muttertag","37":"product_tag-nest","38":"product_tag-ostern","39":"product_tag-praesent","40":"product_tag-raupe","41":"product_tag-schelm","42":"product_tag-sommer","43":"product_tag-valentin","44":"product_tag-vatertag","45":"product_tag-verliebt","46":"product_tag-vogel","47":"product_tag-witzig","48":"product_tag-wolle","49":"product_tag-wollreste","50":"product_tag-wurm","51":"product_tag-zweig","53":"first","54":"instock","55":"downloadable","56":"purchasable","57":"product-type-simple"},"_links":{"self":[{"href":"https:\/\/dadade.eu\/index.php?rest_route=\/wp\/v2\/product\/7018","targetHints":{"allow":["GET"]}}],"collection":[{"href":"https:\/\/dadade.eu\/index.php?rest_route=\/wp\/v2\/product"}],"about":[{"href":"https:\/\/dadade.eu\/index.php?rest_route=\/wp\/v2\/types\/product"}],"wp:featuredmedia":[{"embeddable":true,"href":"https:\/\/dadade.eu\/index.php?rest_route=\/wp\/v2\/media\/7019"}],"wp:attachment":[{"href":"https:\/\/dadade.eu\/index.php?rest_route=%2Fwp%2Fv2%2Fmedia&parent=7018"}],"wp:term":[{"taxonomy":"product_brand","embeddable":true,"href":"https:\/\/dadade.eu\/index.php?rest_route=%2Fwp%2Fv2%2Fproduct_brand&post=7018"},{"taxonomy":"product_cat","embeddable":true,"href":"https:\/\/dadade.eu\/index.php?rest_route=%2Fwp%2Fv2%2Fproduct_cat&post=7018"},{"taxonomy":"product_tag","embeddable":true,"href":"https:\/\/dadade.eu\/index.php?rest_route=%2Fwp%2Fv2%2Fproduct_tag&post=7018"}],"curies":[{"name":"wp","href":"https:\/\/api.w.org\/{rel}","templated":true}]}}