{"id":6991,"date":"2016-01-21T16:59:32","date_gmt":"2016-01-21T15:59:32","guid":{"rendered":"https:\/\/dadade.eu\/?post_type=product&#038;p=6991"},"modified":"2023-07-05T14:49:49","modified_gmt":"2023-07-05T12:49:49","slug":"fruehling-dekoration-bluetenzweig-mit-vogel-und-nest-h317","status":"publish","type":"product","link":"https:\/\/dadade.eu\/?product=fruehling-dekoration-bluetenzweig-mit-vogel-und-nest-h317","title":{"rendered":"Blaumeise, Fr\u00fchling-Dekoration (H317) und Kuscheltier Vogel Blanka  (A107)"},"content":{"rendered":"<p><img decoding=\"async\" class=\" wp-image-6998 alignleft\" src=\"https:\/\/dadade.eu\/wp-content\/uploads\/2023\/01\/xBlaumeise-5-300x225.jpg\" alt=\"\" width=\"249\" height=\"187\" srcset=\"https:\/\/dadade.eu\/wp-content\/uploads\/2023\/01\/xBlaumeise-5-300x225.jpg 300w, https:\/\/dadade.eu\/wp-content\/uploads\/2023\/01\/xBlaumeise-5-600x450.jpg 600w, https:\/\/dadade.eu\/wp-content\/uploads\/2023\/01\/xBlaumeise-5-64x48.jpg 64w, https:\/\/dadade.eu\/wp-content\/uploads\/2023\/01\/xBlaumeise-5-1024x768.jpg 1024w, https:\/\/dadade.eu\/wp-content\/uploads\/2023\/01\/xBlaumeise-5-768x576.jpg 768w, https:\/\/dadade.eu\/wp-content\/uploads\/2023\/01\/xBlaumeise-5.jpg 1400w\" sizes=\"(max-width: 249px) 100vw, 249px\" \/>Die Blaumeise Blanka mit Chenille-Wolle h\u00e4keln und schon hat man einen Vogel zum Kuscheln. Das Kuscheltier hat die Krallen geh\u00e4kelt<\/p>\n<p>Der Vogel aus der Dekoration hat Krallen aus Chenilledraht.<\/p>\n<p>&nbsp;<\/p>\n<p><strong><a href=\"https:\/\/dadade.eu\/?product=die-blaumeise-vielseitige-dekoration-geschenkidee-h318\"><img decoding=\"async\" class=\"alignnone wp-image-7000\" src=\"https:\/\/dadade.eu\/wp-content\/uploads\/2016\/01\/1-Blaumeisen-2-300x225.jpg\" alt=\"\" width=\"241\" height=\"181\" srcset=\"https:\/\/dadade.eu\/wp-content\/uploads\/2016\/01\/1-Blaumeisen-2-300x225.jpg 300w, https:\/\/dadade.eu\/wp-content\/uploads\/2016\/01\/1-Blaumeisen-2-600x450.jpg 600w, https:\/\/dadade.eu\/wp-content\/uploads\/2016\/01\/1-Blaumeisen-2-64x48.jpg 64w, https:\/\/dadade.eu\/wp-content\/uploads\/2016\/01\/1-Blaumeisen-2-1024x768.jpg 1024w, https:\/\/dadade.eu\/wp-content\/uploads\/2016\/01\/1-Blaumeisen-2-768x576.jpg 768w, https:\/\/dadade.eu\/wp-content\/uploads\/2016\/01\/1-Blaumeisen-2-1536x1152.jpg 1536w, https:\/\/dadade.eu\/wp-content\/uploads\/2016\/01\/1-Blaumeisen-2.jpg 1653w\" sizes=\"(max-width: 241px) 100vw, 241px\" \/>Die Blaumeise<\/a><\/strong> gibt es auch in gro\u00df.<\/p>\n<p>Jede Anleitung ist ausf\u00fchrlich und mit vielen Bildern hinterlegt und wird auf 22 (Blaumeise) und\u00a0 30 (Dekoration) Seiten Schritt-f\u00fcr-Schritt beschrieben!<\/p>\n<p>Sie ist dadurch auch schon f\u00fcr Anf\u00e4nger geeignet.<\/p>\n<p>&nbsp;<\/p>\n<p><a href=\"https:\/\/dadade.eu\/?p=15640\"><strong>VIELE TOLLE BILDER<\/strong> von flei\u00dfigen Helfer und H\u00e4nden<\/a><\/p>\n<p>&nbsp;<\/p>\n<p>&nbsp;<\/p>\n<p>&nbsp;<\/p>\n<p>&nbsp;<\/p>\n","protected":false},"excerpt":{"rendered":"<div id=\"cc-m-13954443088\" class=\"j-module n j-text \">\n<p>Hier kauft man nur die H\u00e4kelanleitung<\/p>\n<p>1. Das <strong>Kuscheltier<\/strong> Blaumeise Blanka, sie wird mit der Chenillewolle der Nadelst\u00e4rke 4, ca 24cm<\/p>\n<p>2. f\u00fcr die gesamte <strong>Dekoration<\/strong>, dazu geh\u00f6ren die Blaumeisen, das Nest mit den s\u00fc\u00dfen K\u00fcken, sowie den Mandelbl\u00fcten und Bl\u00e4tter!<\/p>\n<p>Die V\u00f6gel sind ungef\u00e4hr 9cm hoch, und wurden mit einer Nadelst\u00e4rke 2,5 geh\u00e4kelt<\/p>\n<p>Ich habe einen echten Ast gew\u00e4hlt, und mit den geh\u00e4kelten Accessoires dekoriert, da meine Kirschzweigen schon Knospen haben,<\/p>\n<p>in Wasser gestellt habe ich so schon bald doppelte Bl\u00fcten an den Zweigen.<\/p>\n<p>Ob als Tischdekoration, in einer Vase, oder als Fensterdekoration; Deiner Kreativit\u00e4t sind keine Grenzen gesetzt,<\/p>\n<p>Anzahl der Mandelbl\u00fcten, Bl\u00e4tter, sowie der V\u00f6gel ist flexibel.<\/p>\n<p>Nicht nur als Dekoration, sondern auch als Geschenk f\u00fcr einen lieben Menschen geeignet, ob f\u00fcr Ostern oder auch Muttertag, der Fr\u00fchlingsbote ist \u00fcberall gerne gesehen.<\/p>\n<\/div>\n","protected":false},"featured_media":9534,"template":"","meta":[],"product_brand":[],"product_cat":[57,35,39,740,51,48,69],"product_tag":[90,295,364,282,366,368,372,233,242,260,87,94,93,194,92,365,180,344,181,367,294,280,303,114,195,370,358,296,276,363,105,183,95,96,369,371],"class_list":{"0":"post-6991","1":"product","2":"type-product","3":"status-publish","4":"has-post-thumbnail","6":"product_cat-3mittel","7":"product_cat-amigurumi","8":"product_cat-amigurumis-zum-kuscheln","9":"product_cat-blumen","10":"product_cat-fruehling-ostern","11":"product_cat-haus-deko","12":"product_cat-mittel","13":"product_tag-amigurumi","14":"product_tag-anleitung","15":"product_tag-blaumeise","16":"product_tag-blume","17":"product_tag-blumen","18":"product_tag-bluete","19":"product_tag-bluetenzweig","20":"product_tag-dekoration","21":"product_tag-dekoration-haekeln","22":"product_tag-fruehling","23":"product_tag-geschenk","24":"product_tag-haekelanleitung","25":"product_tag-haekeln","26":"product_tag-kind","27":"product_tag-kinder","28":"product_tag-kueken","29":"product_tag-kuscheltier","30":"product_tag-lieb","31":"product_tag-lustig","32":"product_tag-mandelbluete","33":"product_tag-mitbringsel","34":"product_tag-muttertag","35":"product_tag-nest","36":"product_tag-ostern","37":"product_tag-praesent","38":"product_tag-raupe","39":"product_tag-schelm","40":"product_tag-sommer","41":"product_tag-valentin","42":"product_tag-verliebt","43":"product_tag-vogel","44":"product_tag-witzig","45":"product_tag-wolle","46":"product_tag-wollreste","47":"product_tag-wurm","48":"product_tag-zweig","50":"first","51":"instock","52":"purchasable","53":"product-type-variable"},"_links":{"self":[{"href":"https:\/\/dadade.eu\/index.php?rest_route=\/wp\/v2\/product\/6991","targetHints":{"allow":["GET"]}}],"collection":[{"href":"https:\/\/dadade.eu\/index.php?rest_route=\/wp\/v2\/product"}],"about":[{"href":"https:\/\/dadade.eu\/index.php?rest_route=\/wp\/v2\/types\/product"}],"wp:featuredmedia":[{"embeddable":true,"href":"https:\/\/dadade.eu\/index.php?rest_route=\/wp\/v2\/media\/9534"}],"wp:attachment":[{"href":"https:\/\/dadade.eu\/index.php?rest_route=%2Fwp%2Fv2%2Fmedia&parent=6991"}],"wp:term":[{"taxonomy":"product_brand","embeddable":true,"href":"https:\/\/dadade.eu\/index.php?rest_route=%2Fwp%2Fv2%2Fproduct_brand&post=6991"},{"taxonomy":"product_cat","embeddable":true,"href":"https:\/\/dadade.eu\/index.php?rest_route=%2Fwp%2Fv2%2Fproduct_cat&post=6991"},{"taxonomy":"product_tag","embeddable":true,"href":"https:\/\/dadade.eu\/index.php?rest_route=%2Fwp%2Fv2%2Fproduct_tag&post=6991"}],"curies":[{"name":"wp","href":"https:\/\/api.w.org\/{rel}","templated":true}]}}