{"id":6914,"date":"2019-05-20T18:32:05","date_gmt":"2019-05-20T16:32:05","guid":{"rendered":"https:\/\/dadade.eu\/?post_type=product&#038;p=6914"},"modified":"2023-02-19T14:32:31","modified_gmt":"2023-02-19T13:32:31","slug":"rollmassband-frosch-mit-nadelkissen-h634","status":"publish","type":"product","link":"https:\/\/dadade.eu\/?product=rollmassband-frosch-mit-nadelkissen-h634","title":{"rendered":"Rollma\u00dfband Frosch, mit Nadelkissen (H634)"},"content":{"rendered":"<p><img fetchpriority=\"high\" decoding=\"async\" class=\"alignnone size-medium wp-image-6922\" src=\"https:\/\/dadade.eu\/wp-content\/uploads\/2023\/01\/xMassband-Frosch-Kopie8-300x225.jpg\" alt=\"\" width=\"300\" height=\"225\" srcset=\"https:\/\/dadade.eu\/wp-content\/uploads\/2023\/01\/xMassband-Frosch-Kopie8-300x225.jpg 300w, https:\/\/dadade.eu\/wp-content\/uploads\/2023\/01\/xMassband-Frosch-Kopie8-600x450.jpg 600w, https:\/\/dadade.eu\/wp-content\/uploads\/2023\/01\/xMassband-Frosch-Kopie8-64x48.jpg 64w, https:\/\/dadade.eu\/wp-content\/uploads\/2023\/01\/xMassband-Frosch-Kopie8-1024x768.jpg 1024w, https:\/\/dadade.eu\/wp-content\/uploads\/2023\/01\/xMassband-Frosch-Kopie8-768x576.jpg 768w, https:\/\/dadade.eu\/wp-content\/uploads\/2023\/01\/xMassband-Frosch-Kopie8.jpg 1400w\" sizes=\"(max-width: 300px) 100vw, 300px\" \/>Die Geschenk-Idee f\u00fcr Muttertag<\/p>\n<p>Die Anleitung ist f\u00fcr Anf\u00e4nger geeignet.<\/p>\n<p>Die Anleitung ist ausf\u00fchrlich mit vielen Bildern hinterlegt<\/p>\n<p>und wird auf 12 Seiten Schritt-f\u00fcr-Schritt beschrieben!<\/p>\n<p>mehr Bilder von Haus und Deko<\/p>\n<p><a href=\"https:\/\/dadade.eu\/?p=6620\"><strong>KLICKE HIER<\/strong><\/a><\/p>\n<p>&nbsp;<\/p>\n<p>&nbsp;<\/p>\n<p>&nbsp;<\/p>\n","protected":false},"excerpt":{"rendered":"<div id=\"cc-m-13954443088\" class=\"j-module n j-text \">\n<p>Sie kaufen hier die H\u00e4kelanleitung f\u00fcr dieses lustige Nadelkissen,<\/p>\n<p>mit zus\u00e4tzlichem Ma\u00dfband.<\/p>\n<p>Dieses Geschenk ist ein absolutes Muss f\u00fcr alle Handarbeits-Freunde,<\/p>\n<p>ob zum N\u00e4hen, Stricken oder H\u00e4keln,<\/p>\n<p>ob f\u00fcr Muttertag, einen Geburtstag, oder einfach als Mitbringsel.<\/p>\n<p>So eine Kombination braucht jeder, der Spa\u00df an Handarbeiten hat.<\/p>\n<p>Der Frosch ist schnell geh\u00e4kelt und eignet sich hervorragend f\u00fcr Wollreste.<\/p>\n<p>Mit ca 20gr Baumwolle 100gr\/560m, und mit der Nadelst\u00e4rke 2 geh\u00e4kelt, wird der Frosch ungef\u00e4hr; 8 cm x 10 cm<\/p>\n<p>Beim Kauf ab 3 Praktischen Helfer, im Warenkorb einfach den Gutschein-Code <span style=\"color: #ff0000;\"><strong>Praktische Helfer <\/strong><span style=\"color: #000000;\">eingeben und schon bekommt ihr 20% Mengenrabatt auf die Praktischen Helfer.<\/span><\/span><\/p>\n<\/div>\n","protected":false},"featured_media":6915,"template":"","meta":[],"product_brand":[],"product_cat":[56,48,387,385],"product_tag":[90,242,337,338,334,87,335,94,93,333,181,328,631,280,332,331,195,327,326,330,95,96],"class_list":{"0":"post-6914","1":"product","2":"type-product","3":"status-publish","4":"has-post-thumbnail","6":"product_cat-2einfach","7":"product_cat-haus-deko","8":"product_cat-muttertag","9":"product_cat-praktische-helfer","10":"product_tag-amigurumi","11":"product_tag-dekoration-haekeln","12":"product_tag-frosch","13":"product_tag-frosch-haekeln","14":"product_tag-geburtstag","15":"product_tag-geschenk","16":"product_tag-geschenkidee-haekeln","17":"product_tag-haekelanleitung","18":"product_tag-haekeln","19":"product_tag-handarbeitszubehoer","20":"product_tag-lustig","21":"product_tag-massband","22":"product_tag-massband-haekeln","23":"product_tag-muttertag","24":"product_tag-naehen","25":"product_tag-naehzubehoer","26":"product_tag-praesent","27":"product_tag-rollmassband","28":"product_tag-schneidermassband","29":"product_tag-witziges-geschenk","30":"product_tag-wolle","31":"product_tag-wollreste","33":"first","34":"instock","35":"downloadable","36":"shipping-taxable","37":"purchasable","38":"product-type-simple"},"_links":{"self":[{"href":"https:\/\/dadade.eu\/index.php?rest_route=\/wp\/v2\/product\/6914","targetHints":{"allow":["GET"]}}],"collection":[{"href":"https:\/\/dadade.eu\/index.php?rest_route=\/wp\/v2\/product"}],"about":[{"href":"https:\/\/dadade.eu\/index.php?rest_route=\/wp\/v2\/types\/product"}],"wp:featuredmedia":[{"embeddable":true,"href":"https:\/\/dadade.eu\/index.php?rest_route=\/wp\/v2\/media\/6915"}],"wp:attachment":[{"href":"https:\/\/dadade.eu\/index.php?rest_route=%2Fwp%2Fv2%2Fmedia&parent=6914"}],"wp:term":[{"taxonomy":"product_brand","embeddable":true,"href":"https:\/\/dadade.eu\/index.php?rest_route=%2Fwp%2Fv2%2Fproduct_brand&post=6914"},{"taxonomy":"product_cat","embeddable":true,"href":"https:\/\/dadade.eu\/index.php?rest_route=%2Fwp%2Fv2%2Fproduct_cat&post=6914"},{"taxonomy":"product_tag","embeddable":true,"href":"https:\/\/dadade.eu\/index.php?rest_route=%2Fwp%2Fv2%2Fproduct_tag&post=6914"}],"curies":[{"name":"wp","href":"https:\/\/api.w.org\/{rel}","templated":true}]}}