{"id":6907,"date":"2019-04-20T18:24:31","date_gmt":"2019-04-20T16:24:31","guid":{"rendered":"https:\/\/dadade.eu\/?post_type=product&#038;p=6907"},"modified":"2023-07-20T18:26:25","modified_gmt":"2023-07-20T16:26:25","slug":"rollmassband-sonnenblume-h621","status":"publish","type":"product","link":"https:\/\/dadade.eu\/?product=rollmassband-sonnenblume-h621","title":{"rendered":"Rollma\u00dfband Sonnenblume (H621)"},"content":{"rendered":"<p><img fetchpriority=\"high\" decoding=\"async\" class=\"alignnone size-medium wp-image-6910\" src=\"https:\/\/dadade.eu\/wp-content\/uploads\/2023\/01\/xMassband-Sonnenblume-Kopie3-300x225.jpg\" alt=\"\" width=\"300\" height=\"225\" srcset=\"https:\/\/dadade.eu\/wp-content\/uploads\/2023\/01\/xMassband-Sonnenblume-Kopie3-300x225.jpg 300w, https:\/\/dadade.eu\/wp-content\/uploads\/2023\/01\/xMassband-Sonnenblume-Kopie3-600x450.jpg 600w, https:\/\/dadade.eu\/wp-content\/uploads\/2023\/01\/xMassband-Sonnenblume-Kopie3-64x48.jpg 64w, https:\/\/dadade.eu\/wp-content\/uploads\/2023\/01\/xMassband-Sonnenblume-Kopie3-1024x768.jpg 1024w, https:\/\/dadade.eu\/wp-content\/uploads\/2023\/01\/xMassband-Sonnenblume-Kopie3-768x576.jpg 768w, https:\/\/dadade.eu\/wp-content\/uploads\/2023\/01\/xMassband-Sonnenblume-Kopie3.jpg 1400w\" sizes=\"(max-width: 300px) 100vw, 300px\" \/>Die Anleitung ist f\u00fcr Anf\u00e4nger geeignet.<\/p>\n<p>Die Anleitung ist ausf\u00fchrlich mit vielen Bildern hinterlegt<\/p>\n<p>und wird auf 7 Seiten Schritt-f\u00fcr-Schritt beschrieben!<\/p>\n<p>mehr Bilder von Haus und Deko<\/p>\n<p><a href=\"https:\/\/dadade.eu\/?p=6620\">KLICKE HIER<\/a><\/p>\n<p>&nbsp;<\/p>\n<p>&nbsp;<\/p>\n<p>&nbsp;<\/p>\n","protected":false},"excerpt":{"rendered":"<div id=\"cc-m-13954443088\" class=\"j-module n j-text \">\n<p>Sie kaufen hier die H\u00e4kelanleitung f\u00fcr dieses freundlich-l\u00e4chelnde Ma\u00dfband,<\/p>\n<p>ein absolutes Muss f\u00fcr alle Bastel-Freunde, ob f\u00fcr Muttertag, einen Geburtstag, oder einfach als Mitbringsel.<\/p>\n<p>und man hat einen Meter, der dich so nett anl\u00e4chelt.<\/p>\n<p>Dieses Geschenk, das nicht nur Handarbeits-Herzen h\u00f6her schlagen l\u00e4sst, ist schnell geh\u00e4kelt und eignet sich hervorragend f\u00fcr Wollreste.<\/p>\n<p>Mit ca 6gr Baumwolle 100gr\/560m, und mit der Nadelst\u00e4rke 2 geh\u00e4kelt, hat die Sonnenblume ungef\u00e4hr einen Durchmesser von; 7 cm<\/p>\n<\/div>\n<p>Beim Kauf ab 3 Praktischen Helfer, im Warenkorb einfach den Gutschein-Code <span style=\"color: #ff0000;\"><strong>Praktische Helfer <\/strong><span style=\"color: #000000;\">eingeben und schon bekommt ihr 20% Mengenrabatt auf die Praktischen Helfer.<\/span><\/span><\/p>\n","protected":false},"featured_media":6911,"template":"","meta":[],"product_brand":[],"product_cat":[55,48,52,387,385],"product_tag":[282,283,242,322,334,87,335,94,93,333,181,328,280,332,331,195,327,326,336,330,95,96],"class_list":{"0":"post-6907","1":"product","2":"type-product","3":"status-publish","4":"has-post-thumbnail","6":"product_cat-1sehr-einfach","7":"product_cat-haus-deko","8":"product_cat-herbst-halloween","9":"product_cat-muttertag","10":"product_cat-praktische-helfer","11":"product_tag-blume","12":"product_tag-blume-haekeln","13":"product_tag-dekoration-haekeln","14":"product_tag-fingerklemmschutz","15":"product_tag-geburtstag","16":"product_tag-geschenk","17":"product_tag-geschenkidee-haekeln","18":"product_tag-haekelanleitung","19":"product_tag-haekeln","20":"product_tag-handarbeitszubehoer","21":"product_tag-lustig","22":"product_tag-massband","23":"product_tag-muttertag","24":"product_tag-naehen","25":"product_tag-naehzubehoer","26":"product_tag-praesent","27":"product_tag-rollmassband","28":"product_tag-schneidermassband","29":"product_tag-sonnenblume","30":"product_tag-witziges-geschenk","31":"product_tag-wolle","32":"product_tag-wollreste","34":"first","35":"instock","36":"downloadable","37":"shipping-taxable","38":"purchasable","39":"product-type-simple"},"_links":{"self":[{"href":"https:\/\/dadade.eu\/index.php?rest_route=\/wp\/v2\/product\/6907","targetHints":{"allow":["GET"]}}],"collection":[{"href":"https:\/\/dadade.eu\/index.php?rest_route=\/wp\/v2\/product"}],"about":[{"href":"https:\/\/dadade.eu\/index.php?rest_route=\/wp\/v2\/types\/product"}],"wp:featuredmedia":[{"embeddable":true,"href":"https:\/\/dadade.eu\/index.php?rest_route=\/wp\/v2\/media\/6911"}],"wp:attachment":[{"href":"https:\/\/dadade.eu\/index.php?rest_route=%2Fwp%2Fv2%2Fmedia&parent=6907"}],"wp:term":[{"taxonomy":"product_brand","embeddable":true,"href":"https:\/\/dadade.eu\/index.php?rest_route=%2Fwp%2Fv2%2Fproduct_brand&post=6907"},{"taxonomy":"product_cat","embeddable":true,"href":"https:\/\/dadade.eu\/index.php?rest_route=%2Fwp%2Fv2%2Fproduct_cat&post=6907"},{"taxonomy":"product_tag","embeddable":true,"href":"https:\/\/dadade.eu\/index.php?rest_route=%2Fwp%2Fv2%2Fproduct_tag&post=6907"}],"curies":[{"name":"wp","href":"https:\/\/api.w.org\/{rel}","templated":true}]}}